{"id":37103,"date":"2025-11-18T01:05:55","date_gmt":"2025-11-18T06:05:55","guid":{"rendered":"https:\/\/staging.systech.ssdev.ca\/?page_id=37103"},"modified":"2025-11-18T02:23:57","modified_gmt":"2025-11-18T07:23:57","slug":"protecting-your-brand-products-consumers-age-gating-supply-chain-security","status":"publish","type":"page","link":"https:\/\/staging.systech.ssdev.ca\/pt\/protecting-your-brand-products-consumers-age-gating-supply-chain-security\/","title":{"rendered":"Prote\u00e7\u00e3o da marca ENDS: Age-gating e seguran\u00e7a da cadeia de suprimentos"},"content":{"rendered":"<div data-elementor-type=\"wp-page\" data-elementor-id=\"37103\" class=\"elementor elementor-37103\" data-elementor-post-type=\"page\">\n\t\t\t\t<div data-dce-background-overlay-color=\"#22B8B0\" data-dce-background-image-url=\"https:\/\/staging.systech.ssdev.ca\/wp-content\/uploads\/2025\/11\/Systech-DSCSA-stabilization-webinar2-banner_11-2023.png\" class=\"elementor-element elementor-element-c45c5ee e-flex e-con-boxed e-con e-parent\" data-id=\"c45c5ee\" data-element_type=\"container\" data-settings=\"{&quot;background_background&quot;:&quot;classic&quot;}\">\n\t\t\t\t\t<div class=\"e-con-inner\">\n\t\t<div class=\"elementor-element elementor-element-6c89efd e-con-full e-flex e-con e-child\" data-id=\"6c89efd\" data-element_type=\"container\">\n\t\t\t\t<div class=\"elementor-element elementor-element-1f28def elementor-widget elementor-widget-heading\" data-id=\"1f28def\" data-element_type=\"widget\" data-widget_type=\"heading.default\">\n\t\t\t\t<div class=\"elementor-widget-container\">\n\t\t\t\t\t<h6 class=\"elementor-heading-title elementor-size-default\">WEBINAR SOB DEMANDA\n<\/h6>\t\t\t\t<\/div>\n\t\t\t\t<\/div>\n\t\t\t\t<div class=\"elementor-element elementor-element-253b241 elementor-widget elementor-widget-heading\" data-id=\"253b241\" data-element_type=\"widget\" data-widget_type=\"heading.default\">\n\t\t\t\t<div class=\"elementor-widget-container\">\n\t\t\t\t\t<h1 class=\"elementor-heading-title elementor-size-default\">Protegendo sua marca, seus produtos e seus consumidores: Age-gating e seguran\u00e7a da cadeia de suprimentos<\/h1>\t\t\t\t<\/div>\n\t\t\t\t<\/div>\n\t\t\t\t<\/div>\n\t\t\t\t\t<\/div>\n\t\t\t\t<\/div>\n\t\t<div class=\"elementor-element elementor-element-b3c4743 e-flex e-con-boxed e-con e-parent\" data-id=\"b3c4743\" data-element_type=\"container\">\n\t\t\t\t\t<div class=\"e-con-inner\">\n\t\t<div class=\"elementor-element elementor-element-bbded74 e-con-full e-flex e-con e-child\" data-id=\"bbded74\" data-element_type=\"container\">\n\t\t\t\t<div class=\"elementor-element elementor-element-0af81b2 elementor-widget elementor-widget-text-editor\" data-id=\"0af81b2\" data-element_type=\"widget\" data-widget_type=\"text-editor.default\">\n\t\t\t\t<div class=\"elementor-widget-container\">\n\t\t\t\t\t\t\t\t\t<p>O diretor da FDA, Brian King, mencionou recentemente na FDLI que acredita que a tecnologia pode ter um papel importante no acesso a produtos com restri\u00e7\u00e3o de idade. Esses produtos s\u00e3o decididamente exclusivos para adultos, e as empresas est\u00e3o buscando v\u00e1rias abordagens diferentes para impedir o acesso dos jovens a esses dispositivos.<br \/><br \/>O mercado de ENDS tem sido um dos segmentos de consumo que mais cresce. As marcas devem estar cientes de como os problemas do mercado cinza, como a falsifica\u00e7\u00e3o e o desvio da cadeia de suprimentos, afetam diretamente seus neg\u00f3cios. Quando um produto, como o ENDS, \u00e9 projetado especificamente para ser inalado e \u00e9 visto como uma op\u00e7\u00e3o ben\u00e9fica para a sa\u00fade em rela\u00e7\u00e3o ao tabagismo, produtos falsificados ou mal manuseados podem ser muito perigosos para o consumidor.<br \/><br \/>A prote\u00e7\u00e3o da marca no mercado de ENDS n\u00e3o \u00e9 um produto \u00fanico, mas camadas de tecnologia e processo. Nossa moderadora Jessica Zdinak conduzir\u00e1 o especialista do setor Eric Hawk e Dave DeJean, da Systech, em uma animada discuss\u00e3o sobre como enfrentar esses desafios do setor. Os participantes ouvir\u00e3o exemplos do mundo real de como as empresas come\u00e7aram a enfrentar esses problemas e como as solu\u00e7\u00f5es foram implementadas. Haver\u00e1 uma sess\u00e3o de perguntas e respostas ao vivo de 15 minutos no final do webinar. Voc\u00ea n\u00e3o vai querer perder!<br \/><br \/>Neste webinar de 60 minutos, voc\u00ea aprender\u00e1:<br \/>- Op\u00e7\u00f5es para a classifica\u00e7\u00e3o et\u00e1ria de seus produtos<br \/>- Como combater a falsifica\u00e7\u00e3o de produtos<br \/>- Quest\u00f5es importantes sobre com\u00e9rcio il\u00edcito e a melhor forma de abord\u00e1-las nesse setor<\/p>\t\t\t\t\t\t\t\t<\/div>\n\t\t\t\t<\/div>\n\t\t\t\t<\/div>\n\t\t<div class=\"elementor-element elementor-element-508bdab e-con-full e-flex e-con e-child\" data-id=\"508bdab\" data-element_type=\"container\">\n\t\t<div data-dce-background-color=\"#F2F2F4\" class=\"elementor-element elementor-element-b652c84 e-con-full e-flex e-con e-child\" data-id=\"b652c84\" data-element_type=\"container\" id=\"content-form\" data-settings=\"{&quot;background_background&quot;:&quot;classic&quot;}\">\n\t\t\t\t<div class=\"elementor-element elementor-element-b23d18f elementor-widget elementor-widget-heading\" data-id=\"b23d18f\" data-element_type=\"widget\" data-widget_type=\"heading.default\">\n\t\t\t\t<div class=\"elementor-widget-container\">\n\t\t\t\t\t<h4 class=\"elementor-heading-title elementor-size-default\">Acesse o webinar sob demanda\n\n<\/h4>\t\t\t\t<\/div>\n\t\t\t\t<\/div>\n\t\t\t\t<div class=\"elementor-element elementor-element-8cd3bd7 elementor-widget elementor-widget-html\" data-id=\"8cd3bd7\" data-element_type=\"widget\" data-widget_type=\"html.default\">\n\t\t\t\t<div class=\"elementor-widget-container\">\n\t\t\t\t\t<script src=\"\/\/info.systechone.com\/js\/forms2\/js\/forms2.min.js\"><\/script> <form id=\"mktoForm_1079\" action=\"\"><input type=\"hidden\" name=\"trp-form-language\" value=\"pt\"\/><\/form> <script>MktoForms2.loadForm(\"\/\/info.systechone.com\", \"304-PSB-492\", 1079);<\/script>\t\t\t\t<\/div>\n\t\t\t\t<\/div>\n\t\t\t\t<\/div>\n\t\t\t\t<\/div>\n\t\t\t\t\t<\/div>\n\t\t\t\t<\/div>\n\t\t\t\t<\/div>","protected":false},"excerpt":{"rendered":"<p>WEBINAR SOB DEMANDA Protegendo sua marca, seus produtos e seus consumidores: Controle de faixa et\u00e1ria e seguran\u00e7a da cadeia de suprimentos O diretor da FDA, Brian King, mencionou recentemente na FDLI que acredita que a tecnologia pode desempenhar um papel no controle de faixa et\u00e1ria do acesso aos produtos. Esses produtos s\u00e3o decididamente exclusivos para adultos, e as empresas est\u00e3o analisando v\u00e1rias abordagens diferentes para impedir o acesso dos jovens aos dispositivos. O [...]<\/p>","protected":false},"author":41,"featured_media":0,"parent":0,"menu_order":0,"comment_status":"closed","ping_status":"closed","template":"","meta":{"_acf_changed":false,"footnotes":""},"class_list":["post-37103","page","type-page","status-publish","hentry"],"acf":[],"yoast_head":"<!-- This site is optimized with the Yoast SEO plugin v25.1 - https:\/\/yoast.com\/wordpress\/plugins\/seo\/ -->\n<title>ENDS brand protection: Age-gating &amp; supply chain security - Systech<\/title>\n<meta name=\"description\" content=\"ON-DEMAND WEBINAR Protecting your brand, products &amp; Consumers: Age-gating &amp; supply chain security FDA director, Brian King has recently mentioned at FDLI\" \/>\n<meta name=\"robots\" content=\"index, follow, max-snippet:-1, max-image-preview:large, max-video-preview:-1\" \/>\n<link rel=\"canonical\" href=\"https:\/\/staging.systech.ssdev.ca\/pt\/protecting-your-brand-products-consumers-age-gating-supply-chain-security\/\" \/>\n<meta property=\"og:locale\" content=\"pt_BR\" \/>\n<meta property=\"og:type\" content=\"article\" \/>\n<meta property=\"og:title\" content=\"ENDS brand protection: Age-gating &amp; supply chain security - Systech\" \/>\n<meta property=\"og:description\" content=\"ON-DEMAND WEBINAR Protecting your brand, products &amp; Consumers: Age-gating &amp; supply chain security FDA director, Brian King has recently mentioned at FDLI\" \/>\n<meta property=\"og:url\" content=\"https:\/\/staging.systech.ssdev.ca\/pt\/protecting-your-brand-products-consumers-age-gating-supply-chain-security\/\" \/>\n<meta property=\"og:site_name\" content=\"Systech\" \/>\n<meta property=\"article:publisher\" content=\"https:\/\/www.facebook.com\/systechone\/\" \/>\n<meta property=\"article:modified_time\" content=\"2025-11-18T07:23:57+00:00\" \/>\n<meta name=\"twitter:card\" content=\"summary_large_image\" \/>\n<meta name=\"twitter:site\" content=\"@systechone\" \/>\n<meta name=\"twitter:label1\" content=\"Est. tempo de leitura\" \/>\n\t<meta name=\"twitter:data1\" content=\"2 minutos\" \/>\n<script type=\"application\/ld+json\" class=\"yoast-schema-graph\">{\"@context\":\"https:\/\/schema.org\",\"@graph\":[{\"@type\":\"WebPage\",\"@id\":\"https:\/\/staging.systech.ssdev.ca\/protecting-your-brand-products-consumers-age-gating-supply-chain-security\/\",\"url\":\"https:\/\/staging.systech.ssdev.ca\/protecting-your-brand-products-consumers-age-gating-supply-chain-security\/\",\"name\":\"ENDS brand protection: Age-gating &amp; supply chain security - Systech\",\"isPartOf\":{\"@id\":\"https:\/\/staging.systech.ssdev.ca\/#website\"},\"datePublished\":\"2025-11-18T06:05:55+00:00\",\"dateModified\":\"2025-11-18T07:23:57+00:00\",\"description\":\"ON-DEMAND WEBINAR Protecting your brand, products & Consumers: Age-gating & supply chain security FDA director, Brian King has recently mentioned at FDLI\",\"breadcrumb\":{\"@id\":\"https:\/\/staging.systech.ssdev.ca\/protecting-your-brand-products-consumers-age-gating-supply-chain-security\/#breadcrumb\"},\"inLanguage\":\"pt-BR\",\"potentialAction\":[{\"@type\":\"ReadAction\",\"target\":[\"https:\/\/staging.systech.ssdev.ca\/protecting-your-brand-products-consumers-age-gating-supply-chain-security\/\"]}]},{\"@type\":\"BreadcrumbList\",\"@id\":\"https:\/\/staging.systech.ssdev.ca\/protecting-your-brand-products-consumers-age-gating-supply-chain-security\/#breadcrumb\",\"itemListElement\":[{\"@type\":\"ListItem\",\"position\":1,\"name\":\"Home\",\"item\":\"https:\/\/staging.systech.ssdev.ca\/\"},{\"@type\":\"ListItem\",\"position\":2,\"name\":\"ENDS brand protection: Age-gating &amp; supply chain security\"}]},{\"@type\":\"WebSite\",\"@id\":\"https:\/\/staging.systech.ssdev.ca\/#website\",\"url\":\"https:\/\/staging.systech.ssdev.ca\/\",\"name\":\"Systech\",\"description\":\"a solutions division of Markem-Imaje\",\"publisher\":{\"@id\":\"https:\/\/staging.systech.ssdev.ca\/#organization\"},\"potentialAction\":[{\"@type\":\"SearchAction\",\"target\":{\"@type\":\"EntryPoint\",\"urlTemplate\":\"https:\/\/staging.systech.ssdev.ca\/?s={search_term_string}\"},\"query-input\":{\"@type\":\"PropertyValueSpecification\",\"valueRequired\":true,\"valueName\":\"search_term_string\"}}],\"inLanguage\":\"pt-BR\"},{\"@type\":\"Organization\",\"@id\":\"https:\/\/staging.systech.ssdev.ca\/#organization\",\"name\":\"Systech International\",\"url\":\"https:\/\/staging.systech.ssdev.ca\/\",\"logo\":{\"@type\":\"ImageObject\",\"inLanguage\":\"pt-BR\",\"@id\":\"https:\/\/staging.systech.ssdev.ca\/#\/schema\/logo\/image\/\",\"url\":\"https:\/\/staging.systech.ssdev.ca\/wp-content\/uploads\/2018\/04\/systech-logo.png\",\"contentUrl\":\"https:\/\/staging.systech.ssdev.ca\/wp-content\/uploads\/2018\/04\/systech-logo.png\",\"width\":551,\"height\":124,\"caption\":\"Systech International\"},\"image\":{\"@id\":\"https:\/\/staging.systech.ssdev.ca\/#\/schema\/logo\/image\/\"},\"sameAs\":[\"https:\/\/www.facebook.com\/systechone\/\",\"https:\/\/x.com\/systechone\",\"https:\/\/www.linkedin.com\/company\/systech-international\",\"https:\/\/www.youtube.com\/channel\/UC1fz6UKo5eMa1WxgVMGRhpA\/videos\"]}]}<\/script>\n<!-- \/ Yoast SEO plugin. -->","yoast_head_json":{"title":"ENDS brand protection: Age-gating &amp; supply chain security - Systech","description":"ON-DEMAND WEBINAR Protecting your brand, products & Consumers: Age-gating & supply chain security FDA director, Brian King has recently mentioned at FDLI","robots":{"index":"index","follow":"follow","max-snippet":"max-snippet:-1","max-image-preview":"max-image-preview:large","max-video-preview":"max-video-preview:-1"},"canonical":"https:\/\/staging.systech.ssdev.ca\/pt\/protecting-your-brand-products-consumers-age-gating-supply-chain-security\/","og_locale":"pt_BR","og_type":"article","og_title":"ENDS brand protection: Age-gating &amp; supply chain security - Systech","og_description":"ON-DEMAND WEBINAR Protecting your brand, products & Consumers: Age-gating & supply chain security FDA director, Brian King has recently mentioned at FDLI","og_url":"https:\/\/staging.systech.ssdev.ca\/pt\/protecting-your-brand-products-consumers-age-gating-supply-chain-security\/","og_site_name":"Systech","article_publisher":"https:\/\/www.facebook.com\/systechone\/","article_modified_time":"2025-11-18T07:23:57+00:00","twitter_card":"summary_large_image","twitter_site":"@systechone","twitter_misc":{"Est. tempo de leitura":"2 minutos"},"schema":{"@context":"https:\/\/schema.org","@graph":[{"@type":"WebPage","@id":"https:\/\/staging.systech.ssdev.ca\/protecting-your-brand-products-consumers-age-gating-supply-chain-security\/","url":"https:\/\/staging.systech.ssdev.ca\/protecting-your-brand-products-consumers-age-gating-supply-chain-security\/","name":"ENDS brand protection: Age-gating &amp; supply chain security - Systech","isPartOf":{"@id":"https:\/\/staging.systech.ssdev.ca\/#website"},"datePublished":"2025-11-18T06:05:55+00:00","dateModified":"2025-11-18T07:23:57+00:00","description":"ON-DEMAND WEBINAR Protecting your brand, products & Consumers: Age-gating & supply chain security FDA director, Brian King has recently mentioned at FDLI","breadcrumb":{"@id":"https:\/\/staging.systech.ssdev.ca\/protecting-your-brand-products-consumers-age-gating-supply-chain-security\/#breadcrumb"},"inLanguage":"pt-BR","potentialAction":[{"@type":"ReadAction","target":["https:\/\/staging.systech.ssdev.ca\/protecting-your-brand-products-consumers-age-gating-supply-chain-security\/"]}]},{"@type":"BreadcrumbList","@id":"https:\/\/staging.systech.ssdev.ca\/protecting-your-brand-products-consumers-age-gating-supply-chain-security\/#breadcrumb","itemListElement":[{"@type":"ListItem","position":1,"name":"Home","item":"https:\/\/staging.systech.ssdev.ca\/"},{"@type":"ListItem","position":2,"name":"ENDS brand protection: Age-gating &amp; supply chain security"}]},{"@type":"WebSite","@id":"https:\/\/staging.systech.ssdev.ca\/#website","url":"https:\/\/staging.systech.ssdev.ca\/","name":"Systech","description":"a solutions division of Markem-Imaje","publisher":{"@id":"https:\/\/staging.systech.ssdev.ca\/#organization"},"potentialAction":[{"@type":"SearchAction","target":{"@type":"EntryPoint","urlTemplate":"https:\/\/staging.systech.ssdev.ca\/?s={search_term_string}"},"query-input":{"@type":"PropertyValueSpecification","valueRequired":true,"valueName":"search_term_string"}}],"inLanguage":"pt-BR"},{"@type":"Organization","@id":"https:\/\/staging.systech.ssdev.ca\/#organization","name":"Systech International","url":"https:\/\/staging.systech.ssdev.ca\/","logo":{"@type":"ImageObject","inLanguage":"pt-BR","@id":"https:\/\/staging.systech.ssdev.ca\/#\/schema\/logo\/image\/","url":"https:\/\/staging.systech.ssdev.ca\/wp-content\/uploads\/2018\/04\/systech-logo.png","contentUrl":"https:\/\/staging.systech.ssdev.ca\/wp-content\/uploads\/2018\/04\/systech-logo.png","width":551,"height":124,"caption":"Systech International"},"image":{"@id":"https:\/\/staging.systech.ssdev.ca\/#\/schema\/logo\/image\/"},"sameAs":["https:\/\/www.facebook.com\/systechone\/","https:\/\/x.com\/systechone","https:\/\/www.linkedin.com\/company\/systech-international","https:\/\/www.youtube.com\/channel\/UC1fz6UKo5eMa1WxgVMGRhpA\/videos"]}]}},"_links":{"self":[{"href":"https:\/\/staging.systech.ssdev.ca\/pt\/wp-json\/wp\/v2\/pages\/37103","targetHints":{"allow":["GET"]}}],"collection":[{"href":"https:\/\/staging.systech.ssdev.ca\/pt\/wp-json\/wp\/v2\/pages"}],"about":[{"href":"https:\/\/staging.systech.ssdev.ca\/pt\/wp-json\/wp\/v2\/types\/page"}],"author":[{"embeddable":true,"href":"https:\/\/staging.systech.ssdev.ca\/pt\/wp-json\/wp\/v2\/users\/41"}],"replies":[{"embeddable":true,"href":"https:\/\/staging.systech.ssdev.ca\/pt\/wp-json\/wp\/v2\/comments?post=37103"}],"version-history":[{"count":8,"href":"https:\/\/staging.systech.ssdev.ca\/pt\/wp-json\/wp\/v2\/pages\/37103\/revisions"}],"predecessor-version":[{"id":37197,"href":"https:\/\/staging.systech.ssdev.ca\/pt\/wp-json\/wp\/v2\/pages\/37103\/revisions\/37197"}],"wp:attachment":[{"href":"https:\/\/staging.systech.ssdev.ca\/pt\/wp-json\/wp\/v2\/media?parent=37103"}],"curies":[{"name":"wp","href":"https:\/\/api.w.org\/{rel}","templated":true}]}}