{"id":37086,"date":"2025-11-18T00:56:43","date_gmt":"2025-11-18T05:56:43","guid":{"rendered":"https:\/\/staging.systech.ssdev.ca\/?page_id=37086"},"modified":"2025-11-18T01:33:36","modified_gmt":"2025-11-18T06:33:36","slug":"the-cost-of-counterfeiting","status":"publish","type":"page","link":"https:\/\/staging.systech.ssdev.ca\/pt\/the-cost-of-counterfeiting\/","title":{"rendered":"Webinar | O custo da falsifica\u00e7\u00e3o"},"content":{"rendered":"<div data-elementor-type=\"wp-page\" data-elementor-id=\"37086\" class=\"elementor elementor-37086\" data-elementor-post-type=\"page\">\n\t\t\t\t<div data-dce-background-overlay-color=\"#22B8B0\" data-dce-background-image-url=\"https:\/\/staging.systech.ssdev.ca\/wp-content\/uploads\/2025\/11\/Systech-FDA-DSCSA-webinar-banner_09-2023-1-1.jpg\" class=\"elementor-element elementor-element-c45c5ee e-flex e-con-boxed e-con e-parent\" data-id=\"c45c5ee\" data-element_type=\"container\" data-settings=\"{&quot;background_background&quot;:&quot;classic&quot;}\">\n\t\t\t\t\t<div class=\"e-con-inner\">\n\t\t<div class=\"elementor-element elementor-element-6c89efd e-con-full e-flex e-con e-child\" data-id=\"6c89efd\" data-element_type=\"container\">\n\t\t\t\t<div class=\"elementor-element elementor-element-1f28def elementor-widget elementor-widget-heading\" data-id=\"1f28def\" data-element_type=\"widget\" data-widget_type=\"heading.default\">\n\t\t\t\t<div class=\"elementor-widget-container\">\n\t\t\t\t\t<h6 class=\"elementor-heading-title elementor-size-default\">WEBINAR SOB DEMANDA\n<\/h6>\t\t\t\t<\/div>\n\t\t\t\t<\/div>\n\t\t\t\t<div class=\"elementor-element elementor-element-253b241 elementor-widget elementor-widget-heading\" data-id=\"253b241\" data-element_type=\"widget\" data-widget_type=\"heading.default\">\n\t\t\t\t<div class=\"elementor-widget-container\">\n\t\t\t\t\t<h1 class=\"elementor-heading-title elementor-size-default\">O custo da falsifica\u00e7\u00e3o - por que voc\u00ea precisa de um plano para proteger sua cadeia de suprimentos de dispositivos m\u00e9dicos<\/h1>\t\t\t\t<\/div>\n\t\t\t\t<\/div>\n\t\t\t\t<\/div>\n\t\t\t\t\t<\/div>\n\t\t\t\t<\/div>\n\t\t<div class=\"elementor-element elementor-element-b3c4743 e-flex e-con-boxed e-con e-parent\" data-id=\"b3c4743\" data-element_type=\"container\">\n\t\t\t\t\t<div class=\"e-con-inner\">\n\t\t<div class=\"elementor-element elementor-element-bbded74 e-con-full e-flex e-con e-child\" data-id=\"bbded74\" data-element_type=\"container\">\n\t\t\t\t<div class=\"elementor-element elementor-element-0af81b2 elementor-widget elementor-widget-text-editor\" data-id=\"0af81b2\" data-element_type=\"widget\" data-widget_type=\"text-editor.default\">\n\t\t\t\t<div class=\"elementor-widget-container\">\n\t\t\t\t\t\t\t\t\t<p>A serializa\u00e7\u00e3o e os identificadores exclusivos de dispositivos (UDI) proporcionam conformidade. Eles N\u00c3O s\u00e3o o \u00fanico mecanismo para fornecer prote\u00e7\u00e3o \u00e0 cadeia de suprimentos da \u00e1rea de sa\u00fade. MAS, o c\u00f3digo de barras padronizado e os dados associados podem se combinar para criar uma camada poderosa de prote\u00e7\u00e3o do produto.<br \/><br \/>Obter informa\u00e7\u00f5es serializadas e integr\u00e1-las de forma eficaz em toda a cadeia de distribui\u00e7\u00e3o - incluindo TODOS os n\u00edveis - \u00e9 fundamental para acabar com as falsifica\u00e7\u00f5es. Esse esfor\u00e7o pode ir muito al\u00e9m da troca de dados e dos relat\u00f3rios exigidos pelos regulamentos. O verdadeiro rastreamento de itens individuais em toda a cadeia de suprimentos \u00e9 necess\u00e1rio e pode envolver mais do que apenas o que \u00e9 necess\u00e1rio para a conformidade.<br \/><br \/>Por fim, podemos analisar os benef\u00edcios puramente digitais alavancados por esses c\u00f3digos de barras para garantir a autentica\u00e7\u00e3o do produto e as possibilidades de um envolvimento enriquecido do paciente.<br \/><br \/>Abordaremos o assunto:<\/p><ul><li>Por que a rastreabilidade da cadeia de suprimentos e os recursos de autentica\u00e7\u00e3o de produtos podem ser essenciais para proteger o dispositivo m\u00e9dico do setor de sa\u00fade.<\/li><li>Casos de uso de alto perfil e exemplos reais de problemas, bem como as medidas tomadas para solucion\u00e1-los. A inclus\u00e3o proativa dessas t\u00e9cnicas pode evitar que os problemas ocorram em primeiro lugar.<\/li><li>Como maximizar o valor dos c\u00f3digos de barras de conformidade e aproveit\u00e1-los como uma camada de autentica\u00e7\u00e3o forte.<\/li><\/ul>\t\t\t\t\t\t\t\t<\/div>\n\t\t\t\t<\/div>\n\t\t\t\t<\/div>\n\t\t<div class=\"elementor-element elementor-element-508bdab e-con-full e-flex e-con e-child\" data-id=\"508bdab\" data-element_type=\"container\">\n\t\t<div data-dce-background-color=\"#F2F2F4\" class=\"elementor-element elementor-element-b652c84 e-con-full e-flex e-con e-child\" data-id=\"b652c84\" data-element_type=\"container\" id=\"content-form\" data-settings=\"{&quot;background_background&quot;:&quot;classic&quot;}\">\n\t\t\t\t<div class=\"elementor-element elementor-element-b23d18f elementor-widget elementor-widget-heading\" data-id=\"b23d18f\" data-element_type=\"widget\" data-widget_type=\"heading.default\">\n\t\t\t\t<div class=\"elementor-widget-container\">\n\t\t\t\t\t<h4 class=\"elementor-heading-title elementor-size-default\">Acesse o webinar sob demanda\n\n<\/h4>\t\t\t\t<\/div>\n\t\t\t\t<\/div>\n\t\t\t\t<div class=\"elementor-element elementor-element-8cd3bd7 elementor-widget elementor-widget-html\" data-id=\"8cd3bd7\" data-element_type=\"widget\" data-widget_type=\"html.default\">\n\t\t\t\t<div class=\"elementor-widget-container\">\n\t\t\t\t\t<script src=\"\/\/info.systechone.com\/js\/forms2\/js\/forms2.min.js\"><\/script> <form id=\"mktoForm_1079\" action=\"\"><input type=\"hidden\" name=\"trp-form-language\" value=\"pt\"\/><\/form> <script>MktoForms2.loadForm(\"\/\/info.systechone.com\", \"304-PSB-492\", 1079);<\/script>\t\t\t\t<\/div>\n\t\t\t\t<\/div>\n\t\t\t\t<\/div>\n\t\t<div class=\"elementor-element elementor-element-3e7d4b6 e-con-full e-flex e-con e-child\" data-id=\"3e7d4b6\" data-element_type=\"container\">\n\t\t\t\t<div class=\"elementor-element elementor-element-ea7067e elementor-widget elementor-widget-heading\" data-id=\"ea7067e\" data-element_type=\"widget\" data-widget_type=\"heading.default\">\n\t\t\t\t<div class=\"elementor-widget-container\">\n\t\t\t\t\t<h4 class=\"elementor-heading-title elementor-size-default\">Conhe\u00e7a seus apresentadores<\/h4>\t\t\t\t<\/div>\n\t\t\t\t<\/div>\n\t\t<div class=\"elementor-element elementor-element-149e318 e-con-full e-flex e-con e-child\" data-id=\"149e318\" data-element_type=\"container\">\n\t\t<div class=\"elementor-element elementor-element-6389633 e-con-full e-flex e-con e-child\" data-id=\"6389633\" data-element_type=\"container\">\n\t\t<div class=\"elementor-element elementor-element-4ff9f27 e-con-full e-flex e-con e-child\" data-id=\"4ff9f27\" data-element_type=\"container\">\n\t\t\t\t<div class=\"elementor-element elementor-element-15b4f07 dce_masking-none elementor-widget elementor-widget-image\" data-id=\"15b4f07\" data-element_type=\"widget\" data-widget_type=\"image.default\">\n\t\t\t\t<div class=\"elementor-widget-container\">\n\t\t\t\t\t\t\t\t\t\t\t\t\t\t\t<img loading=\"lazy\" decoding=\"async\" width=\"150\" height=\"150\" src=\"https:\/\/staging.systech.ssdev.ca\/wp-content\/uploads\/2025\/11\/BillCarpenter.jpg\" class=\"attachment-medium size-medium wp-image-37139\" alt=\"\" srcset=\"https:\/\/staging.systech.ssdev.ca\/wp-content\/uploads\/2025\/11\/BillCarpenter.jpg 150w, https:\/\/staging.systech.ssdev.ca\/wp-content\/uploads\/2025\/11\/BillCarpenter-12x12.jpg 12w\" sizes=\"auto, (max-width: 150px) 100vw, 150px\" \/>\t\t\t\t\t\t\t\t\t\t\t\t\t\t\t<\/div>\n\t\t\t\t<\/div>\n\t\t\t\t<\/div>\n\t\t<div class=\"elementor-element elementor-element-dd6e150 e-con-full e-flex e-con e-child\" data-id=\"dd6e150\" data-element_type=\"container\">\n\t\t\t\t<div class=\"elementor-element elementor-element-6f02474 elementor-widget elementor-widget-heading\" data-id=\"6f02474\" data-element_type=\"widget\" data-widget_type=\"heading.default\">\n\t\t\t\t<div class=\"elementor-widget-container\">\n\t\t\t\t\t<h6 class=\"elementor-heading-title elementor-size-default\">Bill Carpenter\n<\/h6>\t\t\t\t<\/div>\n\t\t\t\t<\/div>\n\t\t\t\t<div class=\"elementor-element elementor-element-d51324c elementor-widget elementor-widget-text-editor\" data-id=\"d51324c\" data-element_type=\"widget\" data-widget_type=\"text-editor.default\">\n\t\t\t\t<div class=\"elementor-widget-container\">\n\t\t\t\t\t\t\t\t\t<article id=\"speaker3_bio\" class=\"mktoText speaker-bio\"><div>Gerente de contas globais, Systech<\/div><\/article><article id=\"speaker3_bio\" class=\"mktoText speaker-bio\"><\/article><article id=\"speaker3_bio\" class=\"mktoText speaker-bio\"><\/article>\t\t\t\t\t\t\t\t<\/div>\n\t\t\t\t<\/div>\n\t\t\t\t<\/div>\n\t\t\t\t<\/div>\n\t\t<div class=\"elementor-element elementor-element-df681cc e-con-full e-flex e-con e-child\" data-id=\"df681cc\" data-element_type=\"container\">\n\t\t<div class=\"elementor-element elementor-element-62b670d e-con-full e-flex e-con e-child\" data-id=\"62b670d\" data-element_type=\"container\">\n\t\t\t\t<div class=\"elementor-element elementor-element-89f5286 dce_masking-none elementor-widget elementor-widget-image\" data-id=\"89f5286\" data-element_type=\"widget\" data-widget_type=\"image.default\">\n\t\t\t\t<div class=\"elementor-widget-container\">\n\t\t\t\t\t\t\t\t\t\t\t\t\t\t\t<img loading=\"lazy\" decoding=\"async\" width=\"150\" height=\"150\" src=\"https:\/\/staging.systech.ssdev.ca\/wp-content\/uploads\/2025\/11\/Steve-T-round-1.jpg\" class=\"attachment-medium size-medium wp-image-37137\" alt=\"\" srcset=\"https:\/\/staging.systech.ssdev.ca\/wp-content\/uploads\/2025\/11\/Steve-T-round-1.jpg 150w, https:\/\/staging.systech.ssdev.ca\/wp-content\/uploads\/2025\/11\/Steve-T-round-1-12x12.jpg 12w\" sizes=\"auto, (max-width: 150px) 100vw, 150px\" \/>\t\t\t\t\t\t\t\t\t\t\t\t\t\t\t<\/div>\n\t\t\t\t<\/div>\n\t\t\t\t<\/div>\n\t\t<div class=\"elementor-element elementor-element-1996d1e e-con-full e-flex e-con e-child\" data-id=\"1996d1e\" data-element_type=\"container\">\n\t\t\t\t<div class=\"elementor-element elementor-element-368ea34 elementor-widget elementor-widget-heading\" data-id=\"368ea34\" data-element_type=\"widget\" data-widget_type=\"heading.default\">\n\t\t\t\t<div class=\"elementor-widget-container\">\n\t\t\t\t\t<h6 class=\"elementor-heading-title elementor-size-default\">Steve Tallant\n<\/h6>\t\t\t\t<\/div>\n\t\t\t\t<\/div>\n\t\t\t\t<div class=\"elementor-element elementor-element-a722951 elementor-widget elementor-widget-text-editor\" data-id=\"a722951\" data-element_type=\"widget\" data-widget_type=\"text-editor.default\">\n\t\t\t\t<div class=\"elementor-widget-container\">\n\t\t\t\t\t\t\t\t\t<div>Diretor s\u00eanior de desenvolvimento de mercado, Systech<\/div>\t\t\t\t\t\t\t\t<\/div>\n\t\t\t\t<\/div>\n\t\t\t\t<\/div>\n\t\t\t\t<\/div>\n\t\t\t\t<\/div>\n\t\t\t\t<\/div>\n\t\t\t\t<\/div>\n\t\t\t\t\t<\/div>\n\t\t\t\t<\/div>\n\t\t\t\t<\/div>","protected":false},"excerpt":{"rendered":"<p>WEBINAR SOB DEMANDA O custo da falsifica\u00e7\u00e3o - por que voc\u00ea precisa de um plano para proteger sua cadeia de suprimentos de dispositivos m\u00e9dicos A serializa\u00e7\u00e3o e os identificadores exclusivos de dispositivos (UDI) proporcionam conformidade. Eles N\u00c3O s\u00e3o o \u00fanico mecanismo para fornecer prote\u00e7\u00e3o \u00e0 cadeia de suprimentos do setor de sa\u00fade. MAS, o c\u00f3digo de barras padronizado e os dados associados podem se combinar para criar uma poderosa camada de prote\u00e7\u00e3o do produto. Tomando [...]<\/p>","protected":false},"author":41,"featured_media":0,"parent":0,"menu_order":0,"comment_status":"closed","ping_status":"closed","template":"","meta":{"_acf_changed":false,"footnotes":""},"class_list":["post-37086","page","type-page","status-publish","hentry"],"acf":[],"yoast_head":"<!-- This site is optimized with the Yoast SEO plugin v25.1 - https:\/\/yoast.com\/wordpress\/plugins\/seo\/ -->\n<title>Webinar | The cost of counterfeiting - Systech<\/title>\n<meta name=\"description\" content=\"ON-DEMAND WEBINAR The cost of counterfeiting\u2014why you need a plan to secure your medical device supply chain Serialization and unique device identifiers\" \/>\n<meta name=\"robots\" content=\"index, follow, max-snippet:-1, max-image-preview:large, max-video-preview:-1\" \/>\n<link rel=\"canonical\" href=\"https:\/\/staging.systech.ssdev.ca\/pt\/the-cost-of-counterfeiting\/\" \/>\n<meta property=\"og:locale\" content=\"pt_BR\" \/>\n<meta property=\"og:type\" content=\"article\" \/>\n<meta property=\"og:title\" content=\"Webinar | The cost of counterfeiting - Systech\" \/>\n<meta property=\"og:description\" content=\"ON-DEMAND WEBINAR The cost of counterfeiting\u2014why you need a plan to secure your medical device supply chain Serialization and unique device identifiers\" \/>\n<meta property=\"og:url\" content=\"https:\/\/staging.systech.ssdev.ca\/pt\/the-cost-of-counterfeiting\/\" \/>\n<meta property=\"og:site_name\" content=\"Systech\" \/>\n<meta property=\"article:publisher\" content=\"https:\/\/www.facebook.com\/systechone\/\" \/>\n<meta property=\"article:modified_time\" content=\"2025-11-18T06:33:36+00:00\" \/>\n<meta property=\"og:image\" content=\"https:\/\/staging.systech.ssdev.ca\/wp-content\/uploads\/2025\/11\/BillCarpenter.jpg\" \/>\n\t<meta property=\"og:image:width\" content=\"150\" \/>\n\t<meta property=\"og:image:height\" content=\"150\" \/>\n\t<meta property=\"og:image:type\" content=\"image\/jpeg\" \/>\n<meta name=\"twitter:card\" content=\"summary_large_image\" \/>\n<meta name=\"twitter:site\" content=\"@systechone\" \/>\n<meta name=\"twitter:label1\" content=\"Est. tempo de leitura\" \/>\n\t<meta name=\"twitter:data1\" content=\"2 minutos\" \/>\n<script type=\"application\/ld+json\" class=\"yoast-schema-graph\">{\"@context\":\"https:\/\/schema.org\",\"@graph\":[{\"@type\":\"WebPage\",\"@id\":\"https:\/\/staging.systech.ssdev.ca\/the-cost-of-counterfeiting\/\",\"url\":\"https:\/\/staging.systech.ssdev.ca\/the-cost-of-counterfeiting\/\",\"name\":\"Webinar | The cost of counterfeiting - Systech\",\"isPartOf\":{\"@id\":\"https:\/\/staging.systech.ssdev.ca\/#website\"},\"primaryImageOfPage\":{\"@id\":\"https:\/\/staging.systech.ssdev.ca\/the-cost-of-counterfeiting\/#primaryimage\"},\"image\":{\"@id\":\"https:\/\/staging.systech.ssdev.ca\/the-cost-of-counterfeiting\/#primaryimage\"},\"thumbnailUrl\":\"https:\/\/staging.systech.ssdev.ca\/wp-content\/uploads\/2025\/11\/BillCarpenter.jpg\",\"datePublished\":\"2025-11-18T05:56:43+00:00\",\"dateModified\":\"2025-11-18T06:33:36+00:00\",\"description\":\"ON-DEMAND WEBINAR The cost of counterfeiting\u2014why you need a plan to secure your medical device supply chain Serialization and unique device identifiers\",\"breadcrumb\":{\"@id\":\"https:\/\/staging.systech.ssdev.ca\/the-cost-of-counterfeiting\/#breadcrumb\"},\"inLanguage\":\"pt-BR\",\"potentialAction\":[{\"@type\":\"ReadAction\",\"target\":[\"https:\/\/staging.systech.ssdev.ca\/the-cost-of-counterfeiting\/\"]}]},{\"@type\":\"ImageObject\",\"inLanguage\":\"pt-BR\",\"@id\":\"https:\/\/staging.systech.ssdev.ca\/the-cost-of-counterfeiting\/#primaryimage\",\"url\":\"https:\/\/staging.systech.ssdev.ca\/wp-content\/uploads\/2025\/11\/BillCarpenter.jpg\",\"contentUrl\":\"https:\/\/staging.systech.ssdev.ca\/wp-content\/uploads\/2025\/11\/BillCarpenter.jpg\"},{\"@type\":\"BreadcrumbList\",\"@id\":\"https:\/\/staging.systech.ssdev.ca\/the-cost-of-counterfeiting\/#breadcrumb\",\"itemListElement\":[{\"@type\":\"ListItem\",\"position\":1,\"name\":\"Home\",\"item\":\"https:\/\/staging.systech.ssdev.ca\/\"},{\"@type\":\"ListItem\",\"position\":2,\"name\":\"Webinar | The cost of counterfeiting\"}]},{\"@type\":\"WebSite\",\"@id\":\"https:\/\/staging.systech.ssdev.ca\/#website\",\"url\":\"https:\/\/staging.systech.ssdev.ca\/\",\"name\":\"Systech\",\"description\":\"a solutions division of Markem-Imaje\",\"publisher\":{\"@id\":\"https:\/\/staging.systech.ssdev.ca\/#organization\"},\"potentialAction\":[{\"@type\":\"SearchAction\",\"target\":{\"@type\":\"EntryPoint\",\"urlTemplate\":\"https:\/\/staging.systech.ssdev.ca\/?s={search_term_string}\"},\"query-input\":{\"@type\":\"PropertyValueSpecification\",\"valueRequired\":true,\"valueName\":\"search_term_string\"}}],\"inLanguage\":\"pt-BR\"},{\"@type\":\"Organization\",\"@id\":\"https:\/\/staging.systech.ssdev.ca\/#organization\",\"name\":\"Systech International\",\"url\":\"https:\/\/staging.systech.ssdev.ca\/\",\"logo\":{\"@type\":\"ImageObject\",\"inLanguage\":\"pt-BR\",\"@id\":\"https:\/\/staging.systech.ssdev.ca\/#\/schema\/logo\/image\/\",\"url\":\"https:\/\/staging.systech.ssdev.ca\/wp-content\/uploads\/2018\/04\/systech-logo.png\",\"contentUrl\":\"https:\/\/staging.systech.ssdev.ca\/wp-content\/uploads\/2018\/04\/systech-logo.png\",\"width\":551,\"height\":124,\"caption\":\"Systech International\"},\"image\":{\"@id\":\"https:\/\/staging.systech.ssdev.ca\/#\/schema\/logo\/image\/\"},\"sameAs\":[\"https:\/\/www.facebook.com\/systechone\/\",\"https:\/\/x.com\/systechone\",\"https:\/\/www.linkedin.com\/company\/systech-international\",\"https:\/\/www.youtube.com\/channel\/UC1fz6UKo5eMa1WxgVMGRhpA\/videos\"]}]}<\/script>\n<!-- \/ Yoast SEO plugin. -->","yoast_head_json":{"title":"Webinar | The cost of counterfeiting - Systech","description":"ON-DEMAND WEBINAR The cost of counterfeiting\u2014why you need a plan to secure your medical device supply chain Serialization and unique device identifiers","robots":{"index":"index","follow":"follow","max-snippet":"max-snippet:-1","max-image-preview":"max-image-preview:large","max-video-preview":"max-video-preview:-1"},"canonical":"https:\/\/staging.systech.ssdev.ca\/pt\/the-cost-of-counterfeiting\/","og_locale":"pt_BR","og_type":"article","og_title":"Webinar | The cost of counterfeiting - Systech","og_description":"ON-DEMAND WEBINAR The cost of counterfeiting\u2014why you need a plan to secure your medical device supply chain Serialization and unique device identifiers","og_url":"https:\/\/staging.systech.ssdev.ca\/pt\/the-cost-of-counterfeiting\/","og_site_name":"Systech","article_publisher":"https:\/\/www.facebook.com\/systechone\/","article_modified_time":"2025-11-18T06:33:36+00:00","og_image":[{"width":150,"height":150,"url":"https:\/\/staging.systech.ssdev.ca\/wp-content\/uploads\/2025\/11\/BillCarpenter.jpg","type":"image\/jpeg"}],"twitter_card":"summary_large_image","twitter_site":"@systechone","twitter_misc":{"Est. tempo de leitura":"2 minutos"},"schema":{"@context":"https:\/\/schema.org","@graph":[{"@type":"WebPage","@id":"https:\/\/staging.systech.ssdev.ca\/the-cost-of-counterfeiting\/","url":"https:\/\/staging.systech.ssdev.ca\/the-cost-of-counterfeiting\/","name":"Webinar | The cost of counterfeiting - Systech","isPartOf":{"@id":"https:\/\/staging.systech.ssdev.ca\/#website"},"primaryImageOfPage":{"@id":"https:\/\/staging.systech.ssdev.ca\/the-cost-of-counterfeiting\/#primaryimage"},"image":{"@id":"https:\/\/staging.systech.ssdev.ca\/the-cost-of-counterfeiting\/#primaryimage"},"thumbnailUrl":"https:\/\/staging.systech.ssdev.ca\/wp-content\/uploads\/2025\/11\/BillCarpenter.jpg","datePublished":"2025-11-18T05:56:43+00:00","dateModified":"2025-11-18T06:33:36+00:00","description":"ON-DEMAND WEBINAR The cost of counterfeiting\u2014why you need a plan to secure your medical device supply chain Serialization and unique device identifiers","breadcrumb":{"@id":"https:\/\/staging.systech.ssdev.ca\/the-cost-of-counterfeiting\/#breadcrumb"},"inLanguage":"pt-BR","potentialAction":[{"@type":"ReadAction","target":["https:\/\/staging.systech.ssdev.ca\/the-cost-of-counterfeiting\/"]}]},{"@type":"ImageObject","inLanguage":"pt-BR","@id":"https:\/\/staging.systech.ssdev.ca\/the-cost-of-counterfeiting\/#primaryimage","url":"https:\/\/staging.systech.ssdev.ca\/wp-content\/uploads\/2025\/11\/BillCarpenter.jpg","contentUrl":"https:\/\/staging.systech.ssdev.ca\/wp-content\/uploads\/2025\/11\/BillCarpenter.jpg"},{"@type":"BreadcrumbList","@id":"https:\/\/staging.systech.ssdev.ca\/the-cost-of-counterfeiting\/#breadcrumb","itemListElement":[{"@type":"ListItem","position":1,"name":"Home","item":"https:\/\/staging.systech.ssdev.ca\/"},{"@type":"ListItem","position":2,"name":"Webinar | The cost of counterfeiting"}]},{"@type":"WebSite","@id":"https:\/\/staging.systech.ssdev.ca\/#website","url":"https:\/\/staging.systech.ssdev.ca\/","name":"Systech","description":"a solutions division of Markem-Imaje","publisher":{"@id":"https:\/\/staging.systech.ssdev.ca\/#organization"},"potentialAction":[{"@type":"SearchAction","target":{"@type":"EntryPoint","urlTemplate":"https:\/\/staging.systech.ssdev.ca\/?s={search_term_string}"},"query-input":{"@type":"PropertyValueSpecification","valueRequired":true,"valueName":"search_term_string"}}],"inLanguage":"pt-BR"},{"@type":"Organization","@id":"https:\/\/staging.systech.ssdev.ca\/#organization","name":"Systech International","url":"https:\/\/staging.systech.ssdev.ca\/","logo":{"@type":"ImageObject","inLanguage":"pt-BR","@id":"https:\/\/staging.systech.ssdev.ca\/#\/schema\/logo\/image\/","url":"https:\/\/staging.systech.ssdev.ca\/wp-content\/uploads\/2018\/04\/systech-logo.png","contentUrl":"https:\/\/staging.systech.ssdev.ca\/wp-content\/uploads\/2018\/04\/systech-logo.png","width":551,"height":124,"caption":"Systech International"},"image":{"@id":"https:\/\/staging.systech.ssdev.ca\/#\/schema\/logo\/image\/"},"sameAs":["https:\/\/www.facebook.com\/systechone\/","https:\/\/x.com\/systechone","https:\/\/www.linkedin.com\/company\/systech-international","https:\/\/www.youtube.com\/channel\/UC1fz6UKo5eMa1WxgVMGRhpA\/videos"]}]}},"_links":{"self":[{"href":"https:\/\/staging.systech.ssdev.ca\/pt\/wp-json\/wp\/v2\/pages\/37086","targetHints":{"allow":["GET"]}}],"collection":[{"href":"https:\/\/staging.systech.ssdev.ca\/pt\/wp-json\/wp\/v2\/pages"}],"about":[{"href":"https:\/\/staging.systech.ssdev.ca\/pt\/wp-json\/wp\/v2\/types\/page"}],"author":[{"embeddable":true,"href":"https:\/\/staging.systech.ssdev.ca\/pt\/wp-json\/wp\/v2\/users\/41"}],"replies":[{"embeddable":true,"href":"https:\/\/staging.systech.ssdev.ca\/pt\/wp-json\/wp\/v2\/comments?post=37086"}],"version-history":[{"count":8,"href":"https:\/\/staging.systech.ssdev.ca\/pt\/wp-json\/wp\/v2\/pages\/37086\/revisions"}],"predecessor-version":[{"id":37146,"href":"https:\/\/staging.systech.ssdev.ca\/pt\/wp-json\/wp\/v2\/pages\/37086\/revisions\/37146"}],"wp:attachment":[{"href":"https:\/\/staging.systech.ssdev.ca\/pt\/wp-json\/wp\/v2\/media?parent=37086"}],"curies":[{"name":"wp","href":"https:\/\/api.w.org\/{rel}","templated":true}]}}