{"id":361,"date":"2018-03-27T16:43:43","date_gmt":"2018-03-27T16:43:43","guid":{"rendered":"https:\/\/www.systechone.com\/?page_id=361"},"modified":"2025-08-21T14:48:34","modified_gmt":"2025-08-21T18:48:34","slug":"global-services","status":"publish","type":"page","link":"https:\/\/staging.systech.ssdev.ca\/pt\/about\/centers-of-excellence\/global-services\/","title":{"rendered":"Servi\u00e7os Globais"},"content":{"rendered":"<div data-elementor-type=\"wp-page\" data-elementor-id=\"361\" class=\"elementor elementor-361\" data-elementor-post-type=\"page\">\n\t\t\t\t<div data-dce-background-color=\"#54585926\" class=\"elementor-element elementor-element-cf5c978 e-flex e-con-boxed e-con e-parent\" data-id=\"cf5c978\" data-element_type=\"container\" data-settings=\"{&quot;background_background&quot;:&quot;classic&quot;}\">\n\t\t\t\t\t<div class=\"e-con-inner\">\n\t\t<div class=\"elementor-element elementor-element-128be29 e-con-full e-flex e-con e-parent\" data-id=\"128be29\" data-element_type=\"container\" data-settings=\"{&quot;background_background&quot;:&quot;classic&quot;}\">\n\t\t\t\t<div class=\"elementor-element elementor-element-19dd038 elementor-absolute elementor-hidden-mobile elementor-hidden-desktop elementor-hidden-tablet elementor-widget elementor-widget-global elementor-global-19140 elementor-widget-breadcrumbs\" data-id=\"19dd038\" data-element_type=\"widget\" data-settings=\"{&quot;_position&quot;:&quot;absolute&quot;}\" data-widget_type=\"breadcrumbs.default\">\n\t\t\t\t<div class=\"elementor-widget-container\">\n\t\t\t\t\t<p id=\"breadcrumbs\"><span><span><a href=\"https:\/\/staging.systech.ssdev.ca\/pt\/\">Casa<\/a><\/span><\/span><\/p>\t\t\t\t<\/div>\n\t\t\t\t<\/div>\n\t\t\t\t<div class=\"elementor-element elementor-element-95183d3 elementor-widget elementor-widget-heading\" data-id=\"95183d3\" data-element_type=\"widget\" data-widget_type=\"heading.default\">\n\t\t\t\t<div class=\"elementor-widget-container\">\n\t\t\t\t\t<h1 class=\"elementor-heading-title elementor-size-default\">Servi\u00e7os profissionais<\/h1>\t\t\t\t<\/div>\n\t\t\t\t<\/div>\n\t\t\t\t<div class=\"elementor-element elementor-element-b20fc27 elementor-widget elementor-widget-text-editor\" data-id=\"b20fc27\" data-element_type=\"widget\" data-widget_type=\"text-editor.default\">\n\t\t\t\t<div class=\"elementor-widget-container\">\n\t\t\t\t\t\t\t\t\t<p>Com recursos localizados em regi\u00f5es de todo o mundo, as equipes da Systech d\u00e3o suporte a implementa\u00e7\u00f5es locais e profissionais de nossas solu\u00e7\u00f5es comprovadas de vis\u00e3o, serializa\u00e7\u00e3o, rastreamento, antifalsifica\u00e7\u00e3o e autentica\u00e7\u00e3o.<\/p>\t\t\t\t\t\t\t\t<\/div>\n\t\t\t\t<\/div>\n\t\t\t\t<\/div>\n\t\t<div data-dce-background-image-url=\"https:\/\/staging.systech.ssdev.ca\/wp-content\/uploads\/2023\/09\/line-element.svg\" class=\"elementor-element elementor-element-3f0e8e3 e-con-full elementor-hidden-tablet elementor-hidden-mobile e-flex e-con e-parent\" data-id=\"3f0e8e3\" data-element_type=\"container\" data-settings=\"{&quot;background_background&quot;:&quot;classic&quot;,&quot;position&quot;:&quot;absolute&quot;}\">\n\t\t\t\t<\/div>\n\t\t\t\t\t<\/div>\n\t\t\t\t<\/div>\n\t\t<div class=\"elementor-element elementor-element-282b9f5 e-flex e-con-boxed e-con e-parent\" data-id=\"282b9f5\" data-element_type=\"container\">\n\t\t\t\t\t<div class=\"e-con-inner\">\n\t\t<div class=\"elementor-element elementor-element-b905c71 e-con-full e-flex e-con e-parent\" data-id=\"b905c71\" data-element_type=\"container\">\n\t\t\t\t<div class=\"elementor-element elementor-element-0ef2053 elementor-widget elementor-widget-heading\" data-id=\"0ef2053\" data-element_type=\"widget\" data-widget_type=\"heading.default\">\n\t\t\t\t<div class=\"elementor-widget-container\">\n\t\t\t\t\t<h3 class=\"elementor-heading-title elementor-size-default\">Experi\u00eancia no assunto<\/h3>\t\t\t\t<\/div>\n\t\t\t\t<\/div>\n\t\t\t\t<div class=\"elementor-element elementor-element-3553f30 elementor-widget elementor-widget-text-editor\" data-id=\"3553f30\" data-element_type=\"widget\" data-widget_type=\"text-editor.default\">\n\t\t\t\t<div class=\"elementor-widget-container\">\n\t\t\t\t\t\t\t\t\t<p>Com mais de 35 anos de experi\u00eancia e tecnologia patenteada, desenvolvemos uma biblioteca abrangente de m\u00f3dulos e documenta\u00e7\u00e3o de implementa\u00e7\u00e3o padronizados e pr\u00e9-embalados.<\/p><p>Nossos profissionais certificados implementam solu\u00e7\u00f5es de n\u00edvel 1 a 5 em conformidade com as normas e oferecem uma implementa\u00e7\u00e3o r\u00e1pida e consistente que atende aos requisitos exclusivos de serializa\u00e7\u00e3o e embalagem de cada projeto.\u00a0<\/p>\t\t\t\t\t\t\t\t<\/div>\n\t\t\t\t<\/div>\n\t\t\t\t<\/div>\n\t\t<div class=\"elementor-element elementor-element-9e2d134 e-con-full e-flex e-con e-parent\" data-id=\"9e2d134\" data-element_type=\"container\">\n\t\t\t\t<div class=\"elementor-element elementor-element-9b2e306 elementor-widget elementor-widget-heading\" data-id=\"9b2e306\" data-element_type=\"widget\" data-widget_type=\"heading.default\">\n\t\t\t\t<div class=\"elementor-widget-container\">\n\t\t\t\t\t<h3 class=\"elementor-heading-title elementor-size-default\">Teste sua solu\u00e7\u00e3o<\/h3>\t\t\t\t<\/div>\n\t\t\t\t<\/div>\n\t\t\t\t<div class=\"elementor-element elementor-element-d43a39a elementor-widget elementor-widget-text-editor\" data-id=\"d43a39a\" data-element_type=\"widget\" data-widget_type=\"text-editor.default\">\n\t\t\t\t<div class=\"elementor-widget-container\">\n\t\t\t\t\t\t\t\t\t<p>Usando os laborat\u00f3rios de teste em nossas instala\u00e7\u00f5es, nossos clientes podem simular e testar suas configura\u00e7\u00f5es de linha de serializa\u00e7\u00e3o e casos de uso de embalagens mais comuns.<\/p><p>Durante esse processo de simula\u00e7\u00e3o, os usu\u00e1rios podem resolver problemas operacionais e verificar se a configura\u00e7\u00e3o desejada atende, de fato, aos seus requisitos antes de qualquer implementa\u00e7\u00e3o programada.<\/p>\t\t\t\t\t\t\t\t<\/div>\n\t\t\t\t<\/div>\n\t\t\t\t<\/div>\n\t\t\t\t\t<\/div>\n\t\t\t\t<\/div>\n\t\t<div class=\"elementor-element elementor-element-3bd59ae e-flex e-con-boxed e-con e-parent\" data-id=\"3bd59ae\" data-element_type=\"container\">\n\t\t\t\t\t<div class=\"e-con-inner\">\n\t\t<div class=\"elementor-element elementor-element-94158a6 e-con-full e-flex e-con e-parent\" data-id=\"94158a6\" data-element_type=\"container\">\n\t\t\t\t<div class=\"elementor-element elementor-element-0b04234 elementor-widget elementor-widget-heading\" data-id=\"0b04234\" data-element_type=\"widget\" data-widget_type=\"heading.default\">\n\t\t\t\t<div class=\"elementor-widget-container\">\n\t\t\t\t\t<h3 class=\"elementor-heading-title elementor-size-default\">Servi\u00e7os de valida\u00e7\u00e3o profissional<\/h3>\t\t\t\t<\/div>\n\t\t\t\t<\/div>\n\t\t\t\t<div class=\"elementor-element elementor-element-199d470 elementor-widget elementor-widget-text-editor\" data-id=\"199d470\" data-element_type=\"widget\" data-widget_type=\"text-editor.default\">\n\t\t\t\t<div class=\"elementor-widget-container\">\n\t\t\t\t\t\t\t\t\t<p>Nossa equipe \u00e9 especializada na elabora\u00e7\u00e3o de documenta\u00e7\u00e3o de valida\u00e7\u00e3o para integrar os scripts de teste da Systech aos modelos de valida\u00e7\u00e3o exclusivos da sua instala\u00e7\u00e3o, incluindo:<\/p><ul><li>Plano mestre de valida\u00e7\u00e3o (VMP)<\/li><li>Avalia\u00e7\u00e3o de risco funcional (FRA)<\/li><li>Qualifica\u00e7\u00e3o de instala\u00e7\u00e3o (IQ)<\/li><li>Qualifica\u00e7\u00e3o operacional (OQ)<\/li><li>Qualifica\u00e7\u00e3o de desempenho (PQ)<\/li><li>Documento da Matriz de rastreabilidade de requisitos (RTM)<\/li><\/ul>\t\t\t\t\t\t\t\t<\/div>\n\t\t\t\t<\/div>\n\t\t\t\t<\/div>\n\t\t<div class=\"elementor-element elementor-element-fd5503d e-con-full e-flex e-con e-parent\" data-id=\"fd5503d\" data-element_type=\"container\">\n\t\t\t\t<div class=\"elementor-element elementor-element-1a87fbf elementor-widget elementor-widget-heading\" data-id=\"1a87fbf\" data-element_type=\"widget\" data-widget_type=\"heading.default\">\n\t\t\t\t<div class=\"elementor-widget-container\">\n\t\t\t\t\t<h3 class=\"elementor-heading-title elementor-size-default\">Programas de upgrade flex\u00edveis<\/h3>\t\t\t\t<\/div>\n\t\t\t\t<\/div>\n\t\t\t\t<div class=\"elementor-element elementor-element-f045642 elementor-widget elementor-widget-text-editor\" data-id=\"f045642\" data-element_type=\"widget\" data-widget_type=\"text-editor.default\">\n\t\t\t\t<div class=\"elementor-widget-container\">\n\t\t\t\t\t\t\t\t\t<p>Embora a atualiza\u00e7\u00e3o da tecnologia da linha de produ\u00e7\u00e3o possa ser desafiadora, ela \u00e9 necess\u00e1ria para manter a funcionalidade avan\u00e7ada e garantir o desempenho ideal.\u00a0<\/p><p>Simplificamos esse processo minimizando o n\u00famero de altera\u00e7\u00f5es que introduzimos e oferecendo maneiras flex\u00edveis de reduzir o custo, o risco e o tempo de inatividade ao atualizar o hardware e o software existentes.<\/p>\t\t\t\t\t\t\t\t<\/div>\n\t\t\t\t<\/div>\n\t\t\t\t<\/div>\n\t\t\t\t\t<\/div>\n\t\t\t\t<\/div>\n\t\t\t\t<\/div>","protected":false},"excerpt":{"rendered":"<p>Servi\u00e7os profissionais Com recursos localizados em regi\u00f5es de todo o mundo, as equipes da Systech d\u00e3o suporte a implementa\u00e7\u00f5es locais e profissionais de nossas solu\u00e7\u00f5es comprovadas de vis\u00e3o, serializa\u00e7\u00e3o, rastreamento, antifalsifica\u00e7\u00e3o e autentica\u00e7\u00e3o. Experi\u00eancia no assunto Com mais de 35 anos de experi\u00eancia e tecnologia patenteada, desenvolvemos uma biblioteca abrangente de m\u00f3dulos e documenta\u00e7\u00e3o de implementa\u00e7\u00e3o padronizados e pr\u00e9-embalados. Nossos profissionais certificados implementam [...]<\/p>","protected":false},"author":9,"featured_media":0,"parent":4841,"menu_order":0,"comment_status":"closed","ping_status":"closed","template":"","meta":{"_acf_changed":false,"footnotes":""},"class_list":["post-361","page","type-page","status-publish","hentry"],"acf":[],"yoast_head":"<!-- This site is optimized with the Yoast SEO plugin v25.1 - https:\/\/yoast.com\/wordpress\/plugins\/seo\/ -->\n<title>Authentication Solutions | Global Services<\/title>\n<meta name=\"description\" content=\"Our authentication solutions support 250 serialization workflows\" \/>\n<meta name=\"robots\" content=\"index, follow, max-snippet:-1, max-image-preview:large, max-video-preview:-1\" \/>\n<link rel=\"canonical\" href=\"https:\/\/staging.systech.ssdev.ca\/pt\/about\/centers-of-excellence\/global-services\/\" \/>\n<meta property=\"og:locale\" content=\"pt_BR\" \/>\n<meta property=\"og:type\" content=\"article\" \/>\n<meta property=\"og:title\" content=\"Authentication Solutions | Global Services\" \/>\n<meta property=\"og:description\" content=\"Our authentication solutions support 250 serialization workflows\" \/>\n<meta property=\"og:url\" content=\"https:\/\/staging.systech.ssdev.ca\/pt\/about\/centers-of-excellence\/global-services\/\" \/>\n<meta property=\"og:site_name\" content=\"Systech\" \/>\n<meta property=\"article:publisher\" content=\"https:\/\/www.facebook.com\/systechone\/\" \/>\n<meta property=\"article:modified_time\" content=\"2025-08-21T18:48:34+00:00\" \/>\n<meta name=\"twitter:card\" content=\"summary_large_image\" \/>\n<meta name=\"twitter:site\" content=\"@systechone\" \/>\n<meta name=\"twitter:label1\" content=\"Est. tempo de leitura\" \/>\n\t<meta name=\"twitter:data1\" content=\"1 minuto\" \/>\n<script type=\"application\/ld+json\" class=\"yoast-schema-graph\">{\"@context\":\"https:\/\/schema.org\",\"@graph\":[{\"@type\":\"WebPage\",\"@id\":\"https:\/\/staging.systech.ssdev.ca\/about\/centers-of-excellence\/global-services\/\",\"url\":\"https:\/\/staging.systech.ssdev.ca\/about\/centers-of-excellence\/global-services\/\",\"name\":\"Authentication Solutions | Global Services\",\"isPartOf\":{\"@id\":\"https:\/\/staging.systech.ssdev.ca\/#website\"},\"datePublished\":\"2018-03-27T16:43:43+00:00\",\"dateModified\":\"2025-08-21T18:48:34+00:00\",\"description\":\"Our authentication solutions support 250 serialization workflows\",\"breadcrumb\":{\"@id\":\"https:\/\/staging.systech.ssdev.ca\/about\/centers-of-excellence\/global-services\/#breadcrumb\"},\"inLanguage\":\"pt-BR\",\"potentialAction\":[{\"@type\":\"ReadAction\",\"target\":[\"https:\/\/staging.systech.ssdev.ca\/about\/centers-of-excellence\/global-services\/\"]}]},{\"@type\":\"BreadcrumbList\",\"@id\":\"https:\/\/staging.systech.ssdev.ca\/about\/centers-of-excellence\/global-services\/#breadcrumb\",\"itemListElement\":[{\"@type\":\"ListItem\",\"position\":1,\"name\":\"Home\",\"item\":\"https:\/\/staging.systech.ssdev.ca\/\"},{\"@type\":\"ListItem\",\"position\":2,\"name\":\"About\",\"item\":\"https:\/\/staging.systech.ssdev.ca\/about\/\"},{\"@type\":\"ListItem\",\"position\":3,\"name\":\"Centers of Excellence\",\"item\":\"https:\/\/staging.systech.ssdev.ca\/about\/centers-of-excellence\/\"},{\"@type\":\"ListItem\",\"position\":4,\"name\":\"Global Services\"}]},{\"@type\":\"WebSite\",\"@id\":\"https:\/\/staging.systech.ssdev.ca\/#website\",\"url\":\"https:\/\/staging.systech.ssdev.ca\/\",\"name\":\"Systech\",\"description\":\"a solutions division of Markem-Imaje\",\"publisher\":{\"@id\":\"https:\/\/staging.systech.ssdev.ca\/#organization\"},\"potentialAction\":[{\"@type\":\"SearchAction\",\"target\":{\"@type\":\"EntryPoint\",\"urlTemplate\":\"https:\/\/staging.systech.ssdev.ca\/?s={search_term_string}\"},\"query-input\":{\"@type\":\"PropertyValueSpecification\",\"valueRequired\":true,\"valueName\":\"search_term_string\"}}],\"inLanguage\":\"pt-BR\"},{\"@type\":\"Organization\",\"@id\":\"https:\/\/staging.systech.ssdev.ca\/#organization\",\"name\":\"Systech International\",\"url\":\"https:\/\/staging.systech.ssdev.ca\/\",\"logo\":{\"@type\":\"ImageObject\",\"inLanguage\":\"pt-BR\",\"@id\":\"https:\/\/staging.systech.ssdev.ca\/#\/schema\/logo\/image\/\",\"url\":\"https:\/\/staging.systech.ssdev.ca\/wp-content\/uploads\/2018\/04\/systech-logo.png\",\"contentUrl\":\"https:\/\/staging.systech.ssdev.ca\/wp-content\/uploads\/2018\/04\/systech-logo.png\",\"width\":551,\"height\":124,\"caption\":\"Systech International\"},\"image\":{\"@id\":\"https:\/\/staging.systech.ssdev.ca\/#\/schema\/logo\/image\/\"},\"sameAs\":[\"https:\/\/www.facebook.com\/systechone\/\",\"https:\/\/x.com\/systechone\",\"https:\/\/www.linkedin.com\/company\/systech-international\",\"https:\/\/www.youtube.com\/channel\/UC1fz6UKo5eMa1WxgVMGRhpA\/videos\"]}]}<\/script>\n<!-- \/ Yoast SEO plugin. -->","yoast_head_json":{"title":"Authentication Solutions | Global Services","description":"Our authentication solutions support 250 serialization workflows","robots":{"index":"index","follow":"follow","max-snippet":"max-snippet:-1","max-image-preview":"max-image-preview:large","max-video-preview":"max-video-preview:-1"},"canonical":"https:\/\/staging.systech.ssdev.ca\/pt\/about\/centers-of-excellence\/global-services\/","og_locale":"pt_BR","og_type":"article","og_title":"Authentication Solutions | Global Services","og_description":"Our authentication solutions support 250 serialization workflows","og_url":"https:\/\/staging.systech.ssdev.ca\/pt\/about\/centers-of-excellence\/global-services\/","og_site_name":"Systech","article_publisher":"https:\/\/www.facebook.com\/systechone\/","article_modified_time":"2025-08-21T18:48:34+00:00","twitter_card":"summary_large_image","twitter_site":"@systechone","twitter_misc":{"Est. tempo de leitura":"1 minuto"},"schema":{"@context":"https:\/\/schema.org","@graph":[{"@type":"WebPage","@id":"https:\/\/staging.systech.ssdev.ca\/about\/centers-of-excellence\/global-services\/","url":"https:\/\/staging.systech.ssdev.ca\/about\/centers-of-excellence\/global-services\/","name":"Authentication Solutions | Global Services","isPartOf":{"@id":"https:\/\/staging.systech.ssdev.ca\/#website"},"datePublished":"2018-03-27T16:43:43+00:00","dateModified":"2025-08-21T18:48:34+00:00","description":"Our authentication solutions support 250 serialization workflows","breadcrumb":{"@id":"https:\/\/staging.systech.ssdev.ca\/about\/centers-of-excellence\/global-services\/#breadcrumb"},"inLanguage":"pt-BR","potentialAction":[{"@type":"ReadAction","target":["https:\/\/staging.systech.ssdev.ca\/about\/centers-of-excellence\/global-services\/"]}]},{"@type":"BreadcrumbList","@id":"https:\/\/staging.systech.ssdev.ca\/about\/centers-of-excellence\/global-services\/#breadcrumb","itemListElement":[{"@type":"ListItem","position":1,"name":"Home","item":"https:\/\/staging.systech.ssdev.ca\/"},{"@type":"ListItem","position":2,"name":"About","item":"https:\/\/staging.systech.ssdev.ca\/about\/"},{"@type":"ListItem","position":3,"name":"Centers of Excellence","item":"https:\/\/staging.systech.ssdev.ca\/about\/centers-of-excellence\/"},{"@type":"ListItem","position":4,"name":"Global Services"}]},{"@type":"WebSite","@id":"https:\/\/staging.systech.ssdev.ca\/#website","url":"https:\/\/staging.systech.ssdev.ca\/","name":"Systech","description":"a solutions division of Markem-Imaje","publisher":{"@id":"https:\/\/staging.systech.ssdev.ca\/#organization"},"potentialAction":[{"@type":"SearchAction","target":{"@type":"EntryPoint","urlTemplate":"https:\/\/staging.systech.ssdev.ca\/?s={search_term_string}"},"query-input":{"@type":"PropertyValueSpecification","valueRequired":true,"valueName":"search_term_string"}}],"inLanguage":"pt-BR"},{"@type":"Organization","@id":"https:\/\/staging.systech.ssdev.ca\/#organization","name":"Systech International","url":"https:\/\/staging.systech.ssdev.ca\/","logo":{"@type":"ImageObject","inLanguage":"pt-BR","@id":"https:\/\/staging.systech.ssdev.ca\/#\/schema\/logo\/image\/","url":"https:\/\/staging.systech.ssdev.ca\/wp-content\/uploads\/2018\/04\/systech-logo.png","contentUrl":"https:\/\/staging.systech.ssdev.ca\/wp-content\/uploads\/2018\/04\/systech-logo.png","width":551,"height":124,"caption":"Systech International"},"image":{"@id":"https:\/\/staging.systech.ssdev.ca\/#\/schema\/logo\/image\/"},"sameAs":["https:\/\/www.facebook.com\/systechone\/","https:\/\/x.com\/systechone","https:\/\/www.linkedin.com\/company\/systech-international","https:\/\/www.youtube.com\/channel\/UC1fz6UKo5eMa1WxgVMGRhpA\/videos"]}]}},"_links":{"self":[{"href":"https:\/\/staging.systech.ssdev.ca\/pt\/wp-json\/wp\/v2\/pages\/361","targetHints":{"allow":["GET"]}}],"collection":[{"href":"https:\/\/staging.systech.ssdev.ca\/pt\/wp-json\/wp\/v2\/pages"}],"about":[{"href":"https:\/\/staging.systech.ssdev.ca\/pt\/wp-json\/wp\/v2\/types\/page"}],"author":[{"embeddable":true,"href":"https:\/\/staging.systech.ssdev.ca\/pt\/wp-json\/wp\/v2\/users\/9"}],"replies":[{"embeddable":true,"href":"https:\/\/staging.systech.ssdev.ca\/pt\/wp-json\/wp\/v2\/comments?post=361"}],"version-history":[{"count":1,"href":"https:\/\/staging.systech.ssdev.ca\/pt\/wp-json\/wp\/v2\/pages\/361\/revisions"}],"predecessor-version":[{"id":35215,"href":"https:\/\/staging.systech.ssdev.ca\/pt\/wp-json\/wp\/v2\/pages\/361\/revisions\/35215"}],"up":[{"embeddable":true,"href":"https:\/\/staging.systech.ssdev.ca\/pt\/wp-json\/wp\/v2\/pages\/4841"}],"wp:attachment":[{"href":"https:\/\/staging.systech.ssdev.ca\/pt\/wp-json\/wp\/v2\/media?parent=361"}],"curies":[{"name":"wp","href":"https:\/\/api.w.org\/{rel}","templated":true}]}}