{"id":32465,"date":"2025-04-30T10:39:48","date_gmt":"2025-04-30T14:39:48","guid":{"rendered":"https:\/\/staging.systech.ssdev.ca\/?page_id=32465"},"modified":"2025-06-25T16:07:28","modified_gmt":"2025-06-25T20:07:28","slug":"serialization-inspection-aggregation-oem-kits","status":"publish","type":"page","link":"https:\/\/staging.systech.ssdev.ca\/pt\/products\/serialization-inspection-aggregation-oem-kits\/","title":{"rendered":"Kits OEM de agrega\u00e7\u00e3o de inspe\u00e7\u00e3o de serializa\u00e7\u00e3o"},"content":{"rendered":"<div data-elementor-type=\"wp-page\" data-elementor-id=\"32465\" class=\"elementor elementor-32465\" data-elementor-post-type=\"page\">\n\t\t\t\t<div data-dce-background-color=\"#54585926\" class=\"elementor-element elementor-element-65ba6ab e-flex e-con-boxed e-con e-parent\" data-id=\"65ba6ab\" data-element_type=\"container\" data-settings=\"{&quot;background_background&quot;:&quot;classic&quot;}\">\n\t\t\t\t\t<div class=\"e-con-inner\">\n\t\t<div class=\"elementor-element elementor-element-09d87cc e-con-full e-flex e-con e-child\" data-id=\"09d87cc\" data-element_type=\"container\" data-settings=\"{&quot;background_background&quot;:&quot;classic&quot;}\">\n\t\t\t\t<div class=\"elementor-element elementor-element-b71bc5b elementor-absolute elementor-hidden-mobile elementor-hidden-desktop elementor-hidden-tablet elementor-widget elementor-widget-global elementor-global-19140 elementor-widget-breadcrumbs\" data-id=\"b71bc5b\" data-element_type=\"widget\" data-settings=\"{&quot;_position&quot;:&quot;absolute&quot;}\" data-widget_type=\"breadcrumbs.default\">\n\t\t\t\t<div class=\"elementor-widget-container\">\n\t\t\t\t\t<p id=\"breadcrumbs\"><span><span><a href=\"https:\/\/staging.systech.ssdev.ca\/pt\/\">Casa<\/a><\/span><\/span><\/p>\t\t\t\t<\/div>\n\t\t\t\t<\/div>\n\t\t\t\t<div class=\"elementor-element elementor-element-a6b8523 elementor-widget elementor-widget-heading\" data-id=\"a6b8523\" data-element_type=\"widget\" data-widget_type=\"heading.default\">\n\t\t\t\t<div class=\"elementor-widget-container\">\n\t\t\t\t\t<h1 class=\"elementor-heading-title elementor-size-default\">Kits OEM da Systech<\/h1>\t\t\t\t<\/div>\n\t\t\t\t<\/div>\n\t\t\t\t<div class=\"elementor-element elementor-element-bd9c5b5 elementor-widget elementor-widget-text-editor\" data-id=\"bd9c5b5\" data-element_type=\"widget\" data-widget_type=\"text-editor.default\">\n\t\t\t\t<div class=\"elementor-widget-container\">\n\t\t\t\t\t\t\t\t\t<p><span class=\"NormalTextRun SCXW94303710 BCX0\">N\u00e3o fa\u00e7a isso<\/span> <span class=\"NormalTextRun SCXW94303710 BCX0\">comprar novas m\u00e1quinas<\/span><span class=\"NormalTextRun SCXW94303710 BCX0\">. <\/span><span class=\"NormalTextRun SCXW94303710 BCX0\">Fazer <\/span><span class=\"NormalTextRun SCXW94303710 BCX0\">seus atuais mais inteligentes<\/span><span class=\"NormalTextRun SCXW94303710 BCX0\">.<\/span><\/p>\t\t\t\t\t\t\t\t<\/div>\n\t\t\t\t<\/div>\n\t\t\t\t<div class=\"elementor-element elementor-element-68d88ae elementor-widget elementor-widget-button\" data-id=\"68d88ae\" data-element_type=\"widget\" data-widget_type=\"button.default\">\n\t\t\t\t<div class=\"elementor-widget-container\">\n\t\t\t\t\t\t\t\t\t<div class=\"elementor-button-wrapper\">\n\t\t\t\t\t<a class=\"elementor-button elementor-button-link elementor-size-sm\" href=\"#elementor-action%3Aaction%3Dpopup%3Aopen%26settings%3DeyJpZCI6IjMyMzk4IiwidG9nZ2xlIjpmYWxzZX0%3D\">\n\t\t\t\t\t\t<span class=\"elementor-button-content-wrapper\">\n\t\t\t\t\t\t\t\t\t<span class=\"elementor-button-text\">OBTER PRE\u00c7OS<\/span>\n\t\t\t\t\t<\/span>\n\t\t\t\t\t<\/a>\n\t\t\t\t<\/div>\n\t\t\t\t\t\t\t\t<\/div>\n\t\t\t\t<\/div>\n\t\t\t\t<\/div>\n\t\t<div data-dce-background-image-url=\"https:\/\/staging.systech.ssdev.ca\/wp-content\/uploads\/2023\/09\/line-element.svg\" class=\"elementor-element elementor-element-0f6c21b e-con-full elementor-hidden-tablet elementor-hidden-mobile e-flex e-con e-child\" data-id=\"0f6c21b\" data-element_type=\"container\" data-settings=\"{&quot;background_background&quot;:&quot;classic&quot;,&quot;position&quot;:&quot;absolute&quot;}\">\n\t\t\t\t<\/div>\n\t\t\t\t\t<\/div>\n\t\t\t\t<\/div>\n\t\t<div class=\"elementor-element elementor-element-26f83f50 e-flex e-con-boxed e-con e-parent\" data-id=\"26f83f50\" data-element_type=\"container\">\n\t\t\t\t\t<div class=\"e-con-inner\">\n\t\t<div class=\"elementor-element elementor-element-5908eb2d e-con-full e-flex e-con e-child\" data-id=\"5908eb2d\" data-element_type=\"container\">\n\t\t\t\t<div class=\"elementor-element elementor-element-6dbfe009 elementor-widget elementor-widget-text-editor\" data-id=\"6dbfe009\" data-element_type=\"widget\" data-widget_type=\"text-editor.default\">\n\t\t\t\t<div class=\"elementor-widget-container\">\n\t\t\t\t\t\t\t\t\t<p>Os kits OEM da Systech s\u00e3o pacotes modulares e plug-and-play que trazem recursos de serializa\u00e7\u00e3o, inspe\u00e7\u00e3o e agrega\u00e7\u00e3o para as linhas de embalagem existentes sem exigir um grande investimento de capital. Projetados para integra\u00e7\u00e3o OEM ou uso retroativo, esses kits permitem atualiza\u00e7\u00f5es r\u00e1pidas para qualquer m\u00e1quina de fabricante com o software UniSeries\u00ae da Systech.<\/p><p>Os fabricantes de produtos farmac\u00eauticos podem adicionar marca\u00e7\u00e3o e verifica\u00e7\u00e3o, serializa\u00e7\u00e3o ou agrega\u00e7\u00e3o serializada em configura\u00e7\u00f5es de embalagem de terceiros ou adaptar o maquin\u00e1rio existente - sem a necessidade de comprar sistemas aut\u00f4nomos.<\/p>\t\t\t\t\t\t\t\t<\/div>\n\t\t\t\t<\/div>\n\t\t\t\t<\/div>\n\t\t\t\t\t<\/div>\n\t\t\t\t<\/div>\n\t\t<div class=\"elementor-element elementor-element-bc21931 e-flex e-con-boxed e-con e-parent\" data-id=\"bc21931\" data-element_type=\"container\">\n\t\t\t\t\t<div class=\"e-con-inner\">\n\t\t<div class=\"elementor-element elementor-element-1afac73 e-con-full e-flex e-con e-child\" data-id=\"1afac73\" data-element_type=\"container\">\n\t\t\t\t<div class=\"elementor-element elementor-element-d3bce07 elementor-widget elementor-widget-text-editor\" data-id=\"d3bce07\" data-element_type=\"widget\" data-widget_type=\"text-editor.default\">\n\t\t\t\t<div class=\"elementor-widget-container\">\n\t\t\t\t\t\t\t\t\t<p>Cada kit \u00e9 adaptado \u00e0s suas necessidades para oferecer o n\u00edvel certo de desempenho e, normalmente, inclui:<\/p><ul><li>C\u00e2meras industriais para captura de dados<\/li><li>Interface homem-m\u00e1quina (HMI) para intera\u00e7\u00e3o com o operador<\/li><li>Software Systech UniSeries<\/li><li>Unidades de controle para l\u00f3gica do sistema e gerenciamento de dados<\/li><li>Hardware de montagem, cabos e documenta\u00e7\u00e3o de integra\u00e7\u00e3o<\/li><\/ul>\t\t\t\t\t\t\t\t<\/div>\n\t\t\t\t<\/div>\n\t\t\t\t<\/div>\n\t\t<div class=\"elementor-element elementor-element-493a9ed e-con-full e-flex e-con e-child\" data-id=\"493a9ed\" data-element_type=\"container\">\n\t\t\t\t<div class=\"elementor-element elementor-element-f7eb60d dce_masking-none elementor-widget elementor-widget-image\" data-id=\"f7eb60d\" data-element_type=\"widget\" data-widget_type=\"image.default\">\n\t\t\t\t<div class=\"elementor-widget-container\">\n\t\t\t\t\t\t\t\t\t\t\t\t\t\t\t<img loading=\"lazy\" decoding=\"async\" width=\"768\" height=\"768\" src=\"https:\/\/staging.systech.ssdev.ca\/wp-content\/uploads\/2025\/04\/systech-oem-kits-768x768.jpg\" class=\"attachment-medium size-medium wp-image-32468\" alt=\"\" srcset=\"https:\/\/staging.systech.ssdev.ca\/wp-content\/uploads\/2025\/04\/systech-oem-kits-768x768.jpg 768w, https:\/\/staging.systech.ssdev.ca\/wp-content\/uploads\/2025\/04\/systech-oem-kits-150x150.jpg 150w, https:\/\/staging.systech.ssdev.ca\/wp-content\/uploads\/2025\/04\/systech-oem-kits-12x12.jpg 12w, https:\/\/staging.systech.ssdev.ca\/wp-content\/uploads\/2025\/04\/systech-oem-kits-700x700.jpg 700w, https:\/\/staging.systech.ssdev.ca\/wp-content\/uploads\/2025\/04\/systech-oem-kits.jpg 800w\" sizes=\"auto, (max-width: 768px) 100vw, 768px\" \/>\t\t\t\t\t\t\t\t\t\t\t\t\t\t\t<\/div>\n\t\t\t\t<\/div>\n\t\t\t\t<\/div>\n\t\t\t\t\t<\/div>\n\t\t\t\t<\/div>\n\t\t<div class=\"elementor-element elementor-element-a75e95d e-flex e-con-boxed e-con e-parent\" data-id=\"a75e95d\" data-element_type=\"container\">\n\t\t\t\t\t<div class=\"e-con-inner\">\n\t\t<div class=\"elementor-element elementor-element-9eef324 e-con-full e-flex e-con e-child\" data-id=\"9eef324\" data-element_type=\"container\">\n\t\t\t\t<div class=\"elementor-element elementor-element-75346a9 elementor-widget elementor-widget-heading\" data-id=\"75346a9\" data-element_type=\"widget\" data-widget_type=\"heading.default\">\n\t\t\t\t<div class=\"elementor-widget-container\">\n\t\t\t\t\t<h3 class=\"elementor-heading-title elementor-size-default\">Pronto para tornar seu equipamento atual mais inteligente?<\/h3>\t\t\t\t<\/div>\n\t\t\t\t<\/div>\n\t\t\t\t<div class=\"elementor-element elementor-element-7c8d892 elementor-widget__width-initial elementor-widget elementor-widget-text-editor\" data-id=\"7c8d892\" data-element_type=\"widget\" data-widget_type=\"text-editor.default\">\n\t\t\t\t<div class=\"elementor-widget-container\">\n\t\t\t\t\t\t\t\t\t<p><span class=\"NormalTextRun SCXW107966401 BCX0\">A<\/span><span class=\"NormalTextRun SCXW107966401 BCX0\">dd marcar e verificar<\/span><span class=\"NormalTextRun SCXW107966401 BCX0\">,<\/span><span class=\"NormalTextRun SCXW107966401 BCX0\"> serializa\u00e7\u00e3o ou agrega\u00e7\u00e3o serializada<\/span><span class=\"NormalTextRun SCXW107966401 BCX0\"> em seu <\/span><span class=\"NormalTextRun SCXW107966401 BCX0\">configura\u00e7\u00f5es de embalagem com <\/span><span class=\"NormalTextRun SCXW107966401 BCX0\">Systech<\/span><span class=\"NormalTextRun SCXW107966401 BCX0\">.<\/span><\/p>\t\t\t\t\t\t\t\t<\/div>\n\t\t\t\t<\/div>\n\t\t\t\t<\/div>\n\t\t<div class=\"elementor-element elementor-element-547f3eb e-con-full e-flex e-con e-child\" data-id=\"547f3eb\" data-element_type=\"container\">\n\t\t\t\t<div class=\"elementor-element elementor-element-f5c947b elementor-widget elementor-widget-button\" data-id=\"f5c947b\" data-element_type=\"widget\" data-widget_type=\"button.default\">\n\t\t\t\t<div class=\"elementor-widget-container\">\n\t\t\t\t\t\t\t\t\t<div class=\"elementor-button-wrapper\">\n\t\t\t\t\t<a class=\"elementor-button elementor-button-link elementor-size-sm\" href=\"#elementor-action%3Aaction%3Dpopup%3Aopen%26settings%3DeyJpZCI6IjMyMzk4IiwidG9nZ2xlIjpmYWxzZX0%3D\">\n\t\t\t\t\t\t<span class=\"elementor-button-content-wrapper\">\n\t\t\t\t\t\t\t\t\t<span class=\"elementor-button-text\">OBTER PRE\u00c7OS <\/span>\n\t\t\t\t\t<\/span>\n\t\t\t\t\t<\/a>\n\t\t\t\t<\/div>\n\t\t\t\t\t\t\t\t<\/div>\n\t\t\t\t<\/div>\n\t\t\t\t<\/div>\n\t\t\t\t\t<\/div>\n\t\t\t\t<\/div>\n\t\t\t\t<\/div>","protected":false},"excerpt":{"rendered":"<p>Kits OEM Systech N\u00e3o compre m\u00e1quinas novas. Torne suas m\u00e1quinas atuais mais inteligentes. OBTENHA PRE\u00c7OS Os kits OEM da Systech s\u00e3o pacotes modulares e plug-and-play que trazem recursos de serializa\u00e7\u00e3o, inspe\u00e7\u00e3o e agrega\u00e7\u00e3o para as linhas de embalagem existentes sem exigir um grande investimento de capital. Projetados para integra\u00e7\u00e3o OEM ou uso retroativo, esses kits permitem atualiza\u00e7\u00f5es r\u00e1pidas para qualquer m\u00e1quina de fabricante com [...]<\/p>","protected":false},"author":20,"featured_media":0,"parent":16984,"menu_order":0,"comment_status":"closed","ping_status":"closed","template":"","meta":{"_acf_changed":false,"footnotes":""},"class_list":["post-32465","page","type-page","status-publish","hentry"],"acf":[],"yoast_head":"<!-- This site is optimized with the Yoast SEO plugin v25.1 - https:\/\/yoast.com\/wordpress\/plugins\/seo\/ -->\n<title>Serialization Aggregation OEM Kits | Serialization &amp; Inspection<\/title>\n<meta name=\"description\" content=\"Explore Systech\u2019s serialization aggregation OEM kits, engineered to streamline track &amp; trace, combine serialized items into master cartons, and meet compliance standards efficiently.\" \/>\n<meta name=\"robots\" content=\"index, follow, max-snippet:-1, max-image-preview:large, max-video-preview:-1\" \/>\n<link rel=\"canonical\" href=\"https:\/\/staging.systech.ssdev.ca\/pt\/products\/serialization-inspection-aggregation-oem-kits\/\" \/>\n<meta property=\"og:locale\" content=\"pt_BR\" \/>\n<meta property=\"og:type\" content=\"article\" \/>\n<meta property=\"og:title\" content=\"Serialization Aggregation OEM Kits | Serialization &amp; Inspection\" \/>\n<meta property=\"og:description\" content=\"Explore Systech\u2019s serialization aggregation OEM kits, engineered to streamline track &amp; trace, combine serialized items into master cartons, and meet compliance standards efficiently.\" \/>\n<meta property=\"og:url\" content=\"https:\/\/staging.systech.ssdev.ca\/pt\/products\/serialization-inspection-aggregation-oem-kits\/\" \/>\n<meta property=\"og:site_name\" content=\"Systech\" \/>\n<meta property=\"article:publisher\" content=\"https:\/\/www.facebook.com\/systechone\/\" \/>\n<meta property=\"article:modified_time\" content=\"2025-06-25T20:07:28+00:00\" \/>\n<meta property=\"og:image\" content=\"https:\/\/staging.systech.ssdev.ca\/wp-content\/uploads\/2025\/04\/systech-oem-kits.jpg\" \/>\n\t<meta property=\"og:image:width\" content=\"800\" \/>\n\t<meta property=\"og:image:height\" content=\"800\" \/>\n\t<meta property=\"og:image:type\" content=\"image\/jpeg\" \/>\n<meta name=\"twitter:card\" content=\"summary_large_image\" \/>\n<meta name=\"twitter:site\" content=\"@systechone\" \/>\n<meta name=\"twitter:label1\" content=\"Est. tempo de leitura\" \/>\n\t<meta name=\"twitter:data1\" content=\"1 minuto\" \/>\n<script type=\"application\/ld+json\" class=\"yoast-schema-graph\">{\"@context\":\"https:\/\/schema.org\",\"@graph\":[{\"@type\":\"WebPage\",\"@id\":\"https:\/\/staging.systech.ssdev.ca\/products\/serialization-inspection-aggregation-oem-kits\/\",\"url\":\"https:\/\/staging.systech.ssdev.ca\/products\/serialization-inspection-aggregation-oem-kits\/\",\"name\":\"Serialization Aggregation OEM Kits | Serialization & Inspection\",\"isPartOf\":{\"@id\":\"https:\/\/staging.systech.ssdev.ca\/#website\"},\"primaryImageOfPage\":{\"@id\":\"https:\/\/staging.systech.ssdev.ca\/products\/serialization-inspection-aggregation-oem-kits\/#primaryimage\"},\"image\":{\"@id\":\"https:\/\/staging.systech.ssdev.ca\/products\/serialization-inspection-aggregation-oem-kits\/#primaryimage\"},\"thumbnailUrl\":\"https:\/\/staging.systech.ssdev.ca\/wp-content\/uploads\/2025\/04\/systech-oem-kits-768x768.jpg\",\"datePublished\":\"2025-04-30T14:39:48+00:00\",\"dateModified\":\"2025-06-25T20:07:28+00:00\",\"description\":\"Explore Systech\u2019s serialization aggregation OEM kits, engineered to streamline track & trace, combine serialized items into master cartons, and meet compliance standards efficiently.\",\"breadcrumb\":{\"@id\":\"https:\/\/staging.systech.ssdev.ca\/products\/serialization-inspection-aggregation-oem-kits\/#breadcrumb\"},\"inLanguage\":\"pt-BR\",\"potentialAction\":[{\"@type\":\"ReadAction\",\"target\":[\"https:\/\/staging.systech.ssdev.ca\/products\/serialization-inspection-aggregation-oem-kits\/\"]}]},{\"@type\":\"ImageObject\",\"inLanguage\":\"pt-BR\",\"@id\":\"https:\/\/staging.systech.ssdev.ca\/products\/serialization-inspection-aggregation-oem-kits\/#primaryimage\",\"url\":\"https:\/\/staging.systech.ssdev.ca\/wp-content\/uploads\/2025\/04\/systech-oem-kits-768x768.jpg\",\"contentUrl\":\"https:\/\/staging.systech.ssdev.ca\/wp-content\/uploads\/2025\/04\/systech-oem-kits-768x768.jpg\"},{\"@type\":\"BreadcrumbList\",\"@id\":\"https:\/\/staging.systech.ssdev.ca\/products\/serialization-inspection-aggregation-oem-kits\/#breadcrumb\",\"itemListElement\":[{\"@type\":\"ListItem\",\"position\":1,\"name\":\"Home\",\"item\":\"https:\/\/staging.systech.ssdev.ca\/\"},{\"@type\":\"ListItem\",\"position\":2,\"name\":\"Products\",\"item\":\"https:\/\/staging.systech.ssdev.ca\/fr\/products\/\"},{\"@type\":\"ListItem\",\"position\":3,\"name\":\"Serialization Inspection Aggregation OEM Kits\"}]},{\"@type\":\"WebSite\",\"@id\":\"https:\/\/staging.systech.ssdev.ca\/#website\",\"url\":\"https:\/\/staging.systech.ssdev.ca\/\",\"name\":\"Systech\",\"description\":\"a solutions division of Markem-Imaje\",\"publisher\":{\"@id\":\"https:\/\/staging.systech.ssdev.ca\/#organization\"},\"potentialAction\":[{\"@type\":\"SearchAction\",\"target\":{\"@type\":\"EntryPoint\",\"urlTemplate\":\"https:\/\/staging.systech.ssdev.ca\/?s={search_term_string}\"},\"query-input\":{\"@type\":\"PropertyValueSpecification\",\"valueRequired\":true,\"valueName\":\"search_term_string\"}}],\"inLanguage\":\"pt-BR\"},{\"@type\":\"Organization\",\"@id\":\"https:\/\/staging.systech.ssdev.ca\/#organization\",\"name\":\"Systech International\",\"url\":\"https:\/\/staging.systech.ssdev.ca\/\",\"logo\":{\"@type\":\"ImageObject\",\"inLanguage\":\"pt-BR\",\"@id\":\"https:\/\/staging.systech.ssdev.ca\/#\/schema\/logo\/image\/\",\"url\":\"https:\/\/staging.systech.ssdev.ca\/wp-content\/uploads\/2018\/04\/systech-logo.png\",\"contentUrl\":\"https:\/\/staging.systech.ssdev.ca\/wp-content\/uploads\/2018\/04\/systech-logo.png\",\"width\":551,\"height\":124,\"caption\":\"Systech International\"},\"image\":{\"@id\":\"https:\/\/staging.systech.ssdev.ca\/#\/schema\/logo\/image\/\"},\"sameAs\":[\"https:\/\/www.facebook.com\/systechone\/\",\"https:\/\/x.com\/systechone\",\"https:\/\/www.linkedin.com\/company\/systech-international\",\"https:\/\/www.youtube.com\/channel\/UC1fz6UKo5eMa1WxgVMGRhpA\/videos\"]}]}<\/script>\n<!-- \/ Yoast SEO plugin. -->","yoast_head_json":{"title":"Serialization Aggregation OEM Kits | Serialization & Inspection","description":"Explore Systech\u2019s serialization aggregation OEM kits, engineered to streamline track & trace, combine serialized items into master cartons, and meet compliance standards efficiently.","robots":{"index":"index","follow":"follow","max-snippet":"max-snippet:-1","max-image-preview":"max-image-preview:large","max-video-preview":"max-video-preview:-1"},"canonical":"https:\/\/staging.systech.ssdev.ca\/pt\/products\/serialization-inspection-aggregation-oem-kits\/","og_locale":"pt_BR","og_type":"article","og_title":"Serialization Aggregation OEM Kits | Serialization & Inspection","og_description":"Explore Systech\u2019s serialization aggregation OEM kits, engineered to streamline track & trace, combine serialized items into master cartons, and meet compliance standards efficiently.","og_url":"https:\/\/staging.systech.ssdev.ca\/pt\/products\/serialization-inspection-aggregation-oem-kits\/","og_site_name":"Systech","article_publisher":"https:\/\/www.facebook.com\/systechone\/","article_modified_time":"2025-06-25T20:07:28+00:00","og_image":[{"width":800,"height":800,"url":"https:\/\/staging.systech.ssdev.ca\/wp-content\/uploads\/2025\/04\/systech-oem-kits.jpg","type":"image\/jpeg"}],"twitter_card":"summary_large_image","twitter_site":"@systechone","twitter_misc":{"Est. tempo de leitura":"1 minuto"},"schema":{"@context":"https:\/\/schema.org","@graph":[{"@type":"WebPage","@id":"https:\/\/staging.systech.ssdev.ca\/products\/serialization-inspection-aggregation-oem-kits\/","url":"https:\/\/staging.systech.ssdev.ca\/products\/serialization-inspection-aggregation-oem-kits\/","name":"Serialization Aggregation OEM Kits | Serialization & Inspection","isPartOf":{"@id":"https:\/\/staging.systech.ssdev.ca\/#website"},"primaryImageOfPage":{"@id":"https:\/\/staging.systech.ssdev.ca\/products\/serialization-inspection-aggregation-oem-kits\/#primaryimage"},"image":{"@id":"https:\/\/staging.systech.ssdev.ca\/products\/serialization-inspection-aggregation-oem-kits\/#primaryimage"},"thumbnailUrl":"https:\/\/staging.systech.ssdev.ca\/wp-content\/uploads\/2025\/04\/systech-oem-kits-768x768.jpg","datePublished":"2025-04-30T14:39:48+00:00","dateModified":"2025-06-25T20:07:28+00:00","description":"Explore Systech\u2019s serialization aggregation OEM kits, engineered to streamline track & trace, combine serialized items into master cartons, and meet compliance standards efficiently.","breadcrumb":{"@id":"https:\/\/staging.systech.ssdev.ca\/products\/serialization-inspection-aggregation-oem-kits\/#breadcrumb"},"inLanguage":"pt-BR","potentialAction":[{"@type":"ReadAction","target":["https:\/\/staging.systech.ssdev.ca\/products\/serialization-inspection-aggregation-oem-kits\/"]}]},{"@type":"ImageObject","inLanguage":"pt-BR","@id":"https:\/\/staging.systech.ssdev.ca\/products\/serialization-inspection-aggregation-oem-kits\/#primaryimage","url":"https:\/\/staging.systech.ssdev.ca\/wp-content\/uploads\/2025\/04\/systech-oem-kits-768x768.jpg","contentUrl":"https:\/\/staging.systech.ssdev.ca\/wp-content\/uploads\/2025\/04\/systech-oem-kits-768x768.jpg"},{"@type":"BreadcrumbList","@id":"https:\/\/staging.systech.ssdev.ca\/products\/serialization-inspection-aggregation-oem-kits\/#breadcrumb","itemListElement":[{"@type":"ListItem","position":1,"name":"Home","item":"https:\/\/staging.systech.ssdev.ca\/"},{"@type":"ListItem","position":2,"name":"Products","item":"https:\/\/staging.systech.ssdev.ca\/fr\/products\/"},{"@type":"ListItem","position":3,"name":"Serialization Inspection Aggregation OEM Kits"}]},{"@type":"WebSite","@id":"https:\/\/staging.systech.ssdev.ca\/#website","url":"https:\/\/staging.systech.ssdev.ca\/","name":"Systech","description":"a solutions division of Markem-Imaje","publisher":{"@id":"https:\/\/staging.systech.ssdev.ca\/#organization"},"potentialAction":[{"@type":"SearchAction","target":{"@type":"EntryPoint","urlTemplate":"https:\/\/staging.systech.ssdev.ca\/?s={search_term_string}"},"query-input":{"@type":"PropertyValueSpecification","valueRequired":true,"valueName":"search_term_string"}}],"inLanguage":"pt-BR"},{"@type":"Organization","@id":"https:\/\/staging.systech.ssdev.ca\/#organization","name":"Systech International","url":"https:\/\/staging.systech.ssdev.ca\/","logo":{"@type":"ImageObject","inLanguage":"pt-BR","@id":"https:\/\/staging.systech.ssdev.ca\/#\/schema\/logo\/image\/","url":"https:\/\/staging.systech.ssdev.ca\/wp-content\/uploads\/2018\/04\/systech-logo.png","contentUrl":"https:\/\/staging.systech.ssdev.ca\/wp-content\/uploads\/2018\/04\/systech-logo.png","width":551,"height":124,"caption":"Systech International"},"image":{"@id":"https:\/\/staging.systech.ssdev.ca\/#\/schema\/logo\/image\/"},"sameAs":["https:\/\/www.facebook.com\/systechone\/","https:\/\/x.com\/systechone","https:\/\/www.linkedin.com\/company\/systech-international","https:\/\/www.youtube.com\/channel\/UC1fz6UKo5eMa1WxgVMGRhpA\/videos"]}]}},"_links":{"self":[{"href":"https:\/\/staging.systech.ssdev.ca\/pt\/wp-json\/wp\/v2\/pages\/32465","targetHints":{"allow":["GET"]}}],"collection":[{"href":"https:\/\/staging.systech.ssdev.ca\/pt\/wp-json\/wp\/v2\/pages"}],"about":[{"href":"https:\/\/staging.systech.ssdev.ca\/pt\/wp-json\/wp\/v2\/types\/page"}],"author":[{"embeddable":true,"href":"https:\/\/staging.systech.ssdev.ca\/pt\/wp-json\/wp\/v2\/users\/20"}],"replies":[{"embeddable":true,"href":"https:\/\/staging.systech.ssdev.ca\/pt\/wp-json\/wp\/v2\/comments?post=32465"}],"version-history":[{"count":14,"href":"https:\/\/staging.systech.ssdev.ca\/pt\/wp-json\/wp\/v2\/pages\/32465\/revisions"}],"predecessor-version":[{"id":34228,"href":"https:\/\/staging.systech.ssdev.ca\/pt\/wp-json\/wp\/v2\/pages\/32465\/revisions\/34228"}],"up":[{"embeddable":true,"href":"https:\/\/staging.systech.ssdev.ca\/pt\/wp-json\/wp\/v2\/pages\/16984"}],"wp:attachment":[{"href":"https:\/\/staging.systech.ssdev.ca\/pt\/wp-json\/wp\/v2\/media?parent=32465"}],"curies":[{"name":"wp","href":"https:\/\/api.w.org\/{rel}","templated":true}]}}