{"id":30553,"date":"2024-12-06T13:38:09","date_gmt":"2024-12-06T18:38:09","guid":{"rendered":"https:\/\/staging.systech.ssdev.ca\/cookie-policy-2\/"},"modified":"2025-06-18T12:26:07","modified_gmt":"2025-06-18T16:26:07","slug":"impressum","status":"publish","type":"page","link":"https:\/\/staging.systech.ssdev.ca\/pt\/impressum\/","title":{"rendered":"Impressionante"},"content":{"rendered":"<div data-elementor-type=\"wp-page\" data-elementor-id=\"30553\" class=\"elementor elementor-30553\" data-elementor-post-type=\"page\">\n\t\t\t\t<div class=\"elementor-element elementor-element-566169b e-flex e-con-boxed e-con e-parent\" data-id=\"566169b\" data-element_type=\"container\">\n\t\t\t\t\t<div class=\"e-con-inner\">\n\t\t<div class=\"elementor-element elementor-element-aa219d8 e-con-full e-flex e-con e-child\" data-id=\"aa219d8\" data-element_type=\"container\">\n\t\t\t\t<div class=\"elementor-element elementor-element-e97e382 elementor-widget elementor-widget-heading\" data-id=\"e97e382\" data-element_type=\"widget\" data-widget_type=\"heading.default\">\n\t\t\t\t<div class=\"elementor-widget-container\">\n\t\t\t\t\t<h1 class=\"elementor-heading-title elementor-size-default\">Impressionante<\/h1>\t\t\t\t<\/div>\n\t\t\t\t<\/div>\n\t\t\t\t<div class=\"elementor-element elementor-element-9383aba elementor-widget elementor-widget-text-editor\" data-id=\"9383aba\" data-element_type=\"widget\" data-widget_type=\"text-editor.default\">\n\t\t\t\t<div class=\"elementor-widget-container\">\n\t\t\t\t\t\t\t\t\t<p>Angaben gem\u00e4\u00df \u00a7 5 DDG:<br \/>\u00a0<br \/><strong>Nome dos entrevistadores:<\/strong><br \/>Pharmacontrol Electronic GmbH<br \/>\u00a0<br \/><strong>Anschrift:<\/strong><br \/>Harzstr. 1, 64646 Heppenheim, Alemanha<br \/>\u00a0<br \/><strong>Contato:<\/strong><br \/>Telefonar: +49 6252 6736 0<br \/>Fax: +49 6252 6736 111<br \/>E-mail: pce-info@systechone.com<br \/>\u00a0<br \/><strong>Registro de entrada:<\/strong><br \/>Registro de informa\u00e7\u00f5es no Handelsregister.<br \/>Registro de Im\u00f3veis: Tribunal de Justi\u00e7a de Darmstadt<br \/>N\u00famero de registro: HRB 25849<br \/>\u00a0<br \/>Umsatzsteuer-Identifikationsnummer gem\u00e4\u00df \u00a7 27a Umsatzsteuergesetz:<br \/>DE 113 577 345<br \/>\u00a0<br \/><strong>Vertreten durch:<\/strong><br \/>Sreedhar Patnala (Gerente)<br \/>\u00a0<br \/><strong>Angaben gem\u00e4\u00df \u00a7 18 Abs. 2 MStV:<\/strong><br \/>\u00a0<br \/><strong>Verantwortlich f\u00fcr den Inhalt nach \u00a7 18 Abs. 2 MStV:<\/strong><br \/>Endere\u00e7o: Systech International (Diretor de Prote\u00e7\u00e3o de Dados), 214 Carnegie Center, Suite 101, Princeton, NJ 0854, EUA<\/p><p>E-mail: privacy@markem-imaje.com<br \/>\u00a0<br \/><strong>Informa\u00e7\u00f5es sobre a legisla\u00e7\u00e3o da UE:<\/strong><br \/>\u00a0<br \/>A Comiss\u00e3o Europeia est\u00e1 lan\u00e7ando uma plataforma para a coleta de dados on-line (OS):<br \/>\u00a0<a href=\"https:\/\/ec.europa.eu\/consumers\/odr\">https:\/\/ec.europa.eu\/consumers\/odr<\/a>.<br \/>\u00a0<br \/><strong>Haftungsausschluss (Isen\u00e7\u00e3o de responsabilidade):<\/strong><br \/><strong>\u00a0<\/strong><br \/><strong>Garantia para inala\u00e7\u00e3o:<\/strong><br \/>Como Diensteanbieter sind wir gem\u00e4\u00df \u00a7 7 Abs.1 DDG f\u00fcr eigene Inhalte auf diesen Seiten nach den allgemeinen Gesetzen verantwortlich. De acordo com os \u00a7\u00a7 8 a 10 da DDG, n\u00f3s, como Diensteanbieter, n\u00e3o estamos obrigados a fornecer informa\u00e7\u00f5es livres, n\u00e3o autorizadas ou n\u00e3o solicitadas, que estejam relacionadas a um contexto de direitos autorais. As restri\u00e7\u00f5es para o fornecimento ou a manuten\u00e7\u00e3o de informa\u00e7\u00f5es de acordo com as diretrizes gerais n\u00e3o s\u00e3o permitidas. Uma indeniza\u00e7\u00e3o desse tipo \u00e9, no entanto, apenas no momento em que se toma conhecimento de uma viola\u00e7\u00e3o de direito. Se formos informados de que existem solu\u00e7\u00f5es de direitos autorais anteriores, n\u00f3s nos limitaremos a fornecer estas informa\u00e7\u00f5es.<br \/>\u00a0<br \/><strong>Haftung f\u00fcr Links:<\/strong><br \/>Nosso cat\u00e1logo cont\u00e9m links para sites externos, sobre os quais n\u00e3o temos qualquer influ\u00eancia. Portanto, para esses conte\u00fados gratuitos, tamb\u00e9m n\u00e3o podemos fornecer nenhum tipo de remunera\u00e7\u00e3o. Para as informa\u00e7\u00f5es contidas nas p\u00e1ginas com links, o respons\u00e1vel pelo conte\u00fado \u00e9 o pr\u00f3prio usu\u00e1rio ou o propriet\u00e1rio das p\u00e1ginas. As p\u00e1ginas vinculadas foram exclu\u00eddas do processo de vincula\u00e7\u00e3o por raz\u00f5es de direito leg\u00edtimo. As informa\u00e7\u00f5es sobre direitos humanos n\u00e3o foram mencionadas at\u00e9 o momento da verifica\u00e7\u00e3o. Um controle interno permanente das se\u00e7\u00f5es vinculadas n\u00e3o \u00e9, no entanto, uma op\u00e7\u00e3o sem consequ\u00eancias graves para a prote\u00e7\u00e3o de direitos. Se voc\u00ea tiver conhecimento de alguma viola\u00e7\u00e3o de direitos autorais, n\u00f3s lhe forneceremos links espec\u00edficos.<br \/>\u00a0<br \/><strong>Urheberrecht:<\/strong><br \/>Os textos e trabalhos escritos por este site s\u00e3o abrangidos pela lei alem\u00e3 Urheberrecht. A verifica\u00e7\u00e3o, a revis\u00e3o, a revis\u00e3o e qualquer outra forma de verifica\u00e7\u00e3o, al\u00e9m das regras do Urheberrecht, devem ser feitas de acordo com a legisla\u00e7\u00e3o dos respectivos autores e revendedores. Os downloads e as c\u00f3pias desta p\u00e1gina s\u00e3o destinados apenas para uso privado e n\u00e3o comercial. Se as informa\u00e7\u00f5es contidas nesta p\u00e1gina n\u00e3o forem fornecidas pelo usu\u00e1rio, elas ser\u00e3o consideradas como parte dos direitos autorais do usu\u00e1rio. Al\u00e9m disso, as informa\u00e7\u00f5es do terceiro s\u00e3o identificadas como \u00fanicas. Se voc\u00ea n\u00e3o estiver ciente de que a verifica\u00e7\u00e3o de urina \u00e9 importante, daremos uma dica importante. Em caso de reclama\u00e7\u00f5es sobre les\u00f5es de direitos autorais, n\u00f3s lhe daremos informa\u00e7\u00f5es adicionais.<br \/>\u00a0<br \/>Classifica\u00e7\u00e3o de dados:<br \/>As informa\u00e7\u00f5es sobre prote\u00e7\u00e3o de dados podem ser encontradas em nosso Cat\u00e1logo de Prote\u00e7\u00e3o de Dados: <a href=\"https:\/\/www.systechone.com\/privacy-policy\">https:\/\/www.systechone.com\/privacy-policy<\/a><\/p><p>\u00a0<\/p><p>Cr\u00e9dito<\/p><p>As fotos s\u00e3o do Adobe Stock, Getty Images etc.<br \/>\u00a0<br \/>Quellen:<br \/>\u00a0- Impressumspflicht: rechtssichere Pflichtangaben | eRecht24 (<a href=\"https:\/\/www.e-recht24.de\/artikel\/datenschutz\/209.html\">https:\/\/www.e-recht24.de\/artikel\/datenschutz\/209.html<\/a>)<br \/>\u00a0- Informa\u00e7\u00f5es sobre a Internet - O impacto da impress\u00e3o - IHK Chemnitz (<a href=\"https:\/\/www.ihk.de\/chemnitz\/recht-und-steuern\/rechtsinformationen\/internetrecht\/pflichtangaben-im-internet-die-impressumspflicht-4401580\">https:\/\/www.ihk.de\/chemnitz\/recht-und-steuern\/rechtsinformationen\/internetrecht\/pflichtangaben-im-internet-die-impressumspflicht-4401580<\/a>)<br \/>\u00a0- Impressumspflicht bei Internetseiten | Anwalt.org (<a href=\"https:\/\/www.anwalt.org\/impressumspflicht\/\">https:\/\/www.anwalt.org\/impressumspflicht\/<\/a>)<br \/>\u00a0<br \/><br \/><\/p><p>\u00a0<\/p>\t\t\t\t\t\t\t\t<\/div>\n\t\t\t\t<\/div>\n\t\t\t\t<\/div>\n\t\t\t\t\t<\/div>\n\t\t\t\t<\/div>\n\t\t\t\t<\/div>","protected":false},"excerpt":{"rendered":"<p>Impressum Angaben gem\u00e4\u00df \u00a7 5 DDG: Name des Anbieters:Pharmacontrol Electronic GmbH Anschrift:Harzstr. 1, 64646 Heppenheim, Germany Kontakt:Telefon: +49 6252 6736 0Fax: +49 6252 6736 111Email: pce-info@systechone.com Registereintrag:Eintragung im Handelsregister.Registergericht: Amtsgericht DarmstadtRegisternummer: HRB 25849 Umsatzsteuer-Identifikationsnummer gem\u00e4\u00df \u00a7 27a Umsatzsteuergesetz:DE 113 577 345 Vertreten durch:Sreedhar Patnala (Gesch\u00e4ftsf\u00fchrer) Angaben gem\u00e4\u00df \u00a7 18 Abs. 2 MStV: Verantwortlich f\u00fcr den Inhalt nach \u00a7 18 Abs. 2 MStV:Adresse: Systech [...]<\/p>","protected":false},"author":26,"featured_media":0,"parent":0,"menu_order":0,"comment_status":"closed","ping_status":"closed","template":"","meta":{"_acf_changed":false,"footnotes":""},"class_list":["post-30553","page","type-page","status-publish","hentry"],"acf":[],"yoast_head":"<!-- This site is optimized with the Yoast SEO plugin v25.1 - https:\/\/yoast.com\/wordpress\/plugins\/seo\/ -->\n<title>Systech Impressum | Legal Information &amp; Company Details<\/title>\n<meta name=\"description\" content=\"Visit the Systech Impressum page for complete legal disclosures, company registration details, and contact information\u2014ensuring transparency and compliance.\" \/>\n<meta name=\"robots\" content=\"index, follow, max-snippet:-1, max-image-preview:large, max-video-preview:-1\" \/>\n<link rel=\"canonical\" href=\"https:\/\/staging.systech.ssdev.ca\/pt\/impressum\/\" \/>\n<meta property=\"og:locale\" content=\"pt_BR\" \/>\n<meta property=\"og:type\" content=\"article\" \/>\n<meta property=\"og:title\" content=\"Systech Impressum | Legal Information &amp; Company Details\" \/>\n<meta property=\"og:description\" content=\"Visit the Systech Impressum page for complete legal disclosures, company registration details, and contact information\u2014ensuring transparency and compliance.\" \/>\n<meta property=\"og:url\" content=\"https:\/\/staging.systech.ssdev.ca\/pt\/impressum\/\" \/>\n<meta property=\"og:site_name\" content=\"Systech\" \/>\n<meta property=\"article:publisher\" content=\"https:\/\/www.facebook.com\/systechone\/\" \/>\n<meta property=\"article:modified_time\" content=\"2025-06-18T16:26:07+00:00\" \/>\n<meta name=\"twitter:card\" content=\"summary_large_image\" \/>\n<meta name=\"twitter:site\" content=\"@systechone\" \/>\n<meta name=\"twitter:label1\" content=\"Est. tempo de leitura\" \/>\n\t<meta name=\"twitter:data1\" content=\"2 minutos\" \/>\n<script type=\"application\/ld+json\" class=\"yoast-schema-graph\">{\"@context\":\"https:\/\/schema.org\",\"@graph\":[{\"@type\":\"WebPage\",\"@id\":\"https:\/\/staging.systech.ssdev.ca\/impressum\/\",\"url\":\"https:\/\/staging.systech.ssdev.ca\/impressum\/\",\"name\":\"Systech Impressum | Legal Information & Company Details\",\"isPartOf\":{\"@id\":\"https:\/\/staging.systech.ssdev.ca\/#website\"},\"datePublished\":\"2024-12-06T18:38:09+00:00\",\"dateModified\":\"2025-06-18T16:26:07+00:00\",\"description\":\"Visit the Systech Impressum page for complete legal disclosures, company registration details, and contact information\u2014ensuring transparency and compliance.\",\"breadcrumb\":{\"@id\":\"https:\/\/staging.systech.ssdev.ca\/impressum\/#breadcrumb\"},\"inLanguage\":\"pt-BR\",\"potentialAction\":[{\"@type\":\"ReadAction\",\"target\":[\"https:\/\/staging.systech.ssdev.ca\/impressum\/\"]}]},{\"@type\":\"BreadcrumbList\",\"@id\":\"https:\/\/staging.systech.ssdev.ca\/impressum\/#breadcrumb\",\"itemListElement\":[{\"@type\":\"ListItem\",\"position\":1,\"name\":\"Home\",\"item\":\"https:\/\/staging.systech.ssdev.ca\/\"},{\"@type\":\"ListItem\",\"position\":2,\"name\":\"Impressum\"}]},{\"@type\":\"WebSite\",\"@id\":\"https:\/\/staging.systech.ssdev.ca\/#website\",\"url\":\"https:\/\/staging.systech.ssdev.ca\/\",\"name\":\"Systech\",\"description\":\"a solutions division of Markem-Imaje\",\"publisher\":{\"@id\":\"https:\/\/staging.systech.ssdev.ca\/#organization\"},\"potentialAction\":[{\"@type\":\"SearchAction\",\"target\":{\"@type\":\"EntryPoint\",\"urlTemplate\":\"https:\/\/staging.systech.ssdev.ca\/?s={search_term_string}\"},\"query-input\":{\"@type\":\"PropertyValueSpecification\",\"valueRequired\":true,\"valueName\":\"search_term_string\"}}],\"inLanguage\":\"pt-BR\"},{\"@type\":\"Organization\",\"@id\":\"https:\/\/staging.systech.ssdev.ca\/#organization\",\"name\":\"Systech International\",\"url\":\"https:\/\/staging.systech.ssdev.ca\/\",\"logo\":{\"@type\":\"ImageObject\",\"inLanguage\":\"pt-BR\",\"@id\":\"https:\/\/staging.systech.ssdev.ca\/#\/schema\/logo\/image\/\",\"url\":\"https:\/\/staging.systech.ssdev.ca\/wp-content\/uploads\/2018\/04\/systech-logo.png\",\"contentUrl\":\"https:\/\/staging.systech.ssdev.ca\/wp-content\/uploads\/2018\/04\/systech-logo.png\",\"width\":551,\"height\":124,\"caption\":\"Systech International\"},\"image\":{\"@id\":\"https:\/\/staging.systech.ssdev.ca\/#\/schema\/logo\/image\/\"},\"sameAs\":[\"https:\/\/www.facebook.com\/systechone\/\",\"https:\/\/x.com\/systechone\",\"https:\/\/www.linkedin.com\/company\/systech-international\",\"https:\/\/www.youtube.com\/channel\/UC1fz6UKo5eMa1WxgVMGRhpA\/videos\"]}]}<\/script>\n<!-- \/ Yoast SEO plugin. -->","yoast_head_json":{"title":"Systech Impressum | Legal Information & Company Details","description":"Visit the Systech Impressum page for complete legal disclosures, company registration details, and contact information\u2014ensuring transparency and compliance.","robots":{"index":"index","follow":"follow","max-snippet":"max-snippet:-1","max-image-preview":"max-image-preview:large","max-video-preview":"max-video-preview:-1"},"canonical":"https:\/\/staging.systech.ssdev.ca\/pt\/impressum\/","og_locale":"pt_BR","og_type":"article","og_title":"Systech Impressum | Legal Information & Company Details","og_description":"Visit the Systech Impressum page for complete legal disclosures, company registration details, and contact information\u2014ensuring transparency and compliance.","og_url":"https:\/\/staging.systech.ssdev.ca\/pt\/impressum\/","og_site_name":"Systech","article_publisher":"https:\/\/www.facebook.com\/systechone\/","article_modified_time":"2025-06-18T16:26:07+00:00","twitter_card":"summary_large_image","twitter_site":"@systechone","twitter_misc":{"Est. tempo de leitura":"2 minutos"},"schema":{"@context":"https:\/\/schema.org","@graph":[{"@type":"WebPage","@id":"https:\/\/staging.systech.ssdev.ca\/impressum\/","url":"https:\/\/staging.systech.ssdev.ca\/impressum\/","name":"Systech Impressum | Legal Information & Company Details","isPartOf":{"@id":"https:\/\/staging.systech.ssdev.ca\/#website"},"datePublished":"2024-12-06T18:38:09+00:00","dateModified":"2025-06-18T16:26:07+00:00","description":"Visit the Systech Impressum page for complete legal disclosures, company registration details, and contact information\u2014ensuring transparency and compliance.","breadcrumb":{"@id":"https:\/\/staging.systech.ssdev.ca\/impressum\/#breadcrumb"},"inLanguage":"pt-BR","potentialAction":[{"@type":"ReadAction","target":["https:\/\/staging.systech.ssdev.ca\/impressum\/"]}]},{"@type":"BreadcrumbList","@id":"https:\/\/staging.systech.ssdev.ca\/impressum\/#breadcrumb","itemListElement":[{"@type":"ListItem","position":1,"name":"Home","item":"https:\/\/staging.systech.ssdev.ca\/"},{"@type":"ListItem","position":2,"name":"Impressum"}]},{"@type":"WebSite","@id":"https:\/\/staging.systech.ssdev.ca\/#website","url":"https:\/\/staging.systech.ssdev.ca\/","name":"Systech","description":"a solutions division of Markem-Imaje","publisher":{"@id":"https:\/\/staging.systech.ssdev.ca\/#organization"},"potentialAction":[{"@type":"SearchAction","target":{"@type":"EntryPoint","urlTemplate":"https:\/\/staging.systech.ssdev.ca\/?s={search_term_string}"},"query-input":{"@type":"PropertyValueSpecification","valueRequired":true,"valueName":"search_term_string"}}],"inLanguage":"pt-BR"},{"@type":"Organization","@id":"https:\/\/staging.systech.ssdev.ca\/#organization","name":"Systech International","url":"https:\/\/staging.systech.ssdev.ca\/","logo":{"@type":"ImageObject","inLanguage":"pt-BR","@id":"https:\/\/staging.systech.ssdev.ca\/#\/schema\/logo\/image\/","url":"https:\/\/staging.systech.ssdev.ca\/wp-content\/uploads\/2018\/04\/systech-logo.png","contentUrl":"https:\/\/staging.systech.ssdev.ca\/wp-content\/uploads\/2018\/04\/systech-logo.png","width":551,"height":124,"caption":"Systech International"},"image":{"@id":"https:\/\/staging.systech.ssdev.ca\/#\/schema\/logo\/image\/"},"sameAs":["https:\/\/www.facebook.com\/systechone\/","https:\/\/x.com\/systechone","https:\/\/www.linkedin.com\/company\/systech-international","https:\/\/www.youtube.com\/channel\/UC1fz6UKo5eMa1WxgVMGRhpA\/videos"]}]}},"_links":{"self":[{"href":"https:\/\/staging.systech.ssdev.ca\/pt\/wp-json\/wp\/v2\/pages\/30553","targetHints":{"allow":["GET"]}}],"collection":[{"href":"https:\/\/staging.systech.ssdev.ca\/pt\/wp-json\/wp\/v2\/pages"}],"about":[{"href":"https:\/\/staging.systech.ssdev.ca\/pt\/wp-json\/wp\/v2\/types\/page"}],"author":[{"embeddable":true,"href":"https:\/\/staging.systech.ssdev.ca\/pt\/wp-json\/wp\/v2\/users\/26"}],"replies":[{"embeddable":true,"href":"https:\/\/staging.systech.ssdev.ca\/pt\/wp-json\/wp\/v2\/comments?post=30553"}],"version-history":[{"count":8,"href":"https:\/\/staging.systech.ssdev.ca\/pt\/wp-json\/wp\/v2\/pages\/30553\/revisions"}],"predecessor-version":[{"id":30562,"href":"https:\/\/staging.systech.ssdev.ca\/pt\/wp-json\/wp\/v2\/pages\/30553\/revisions\/30562"}],"wp:attachment":[{"href":"https:\/\/staging.systech.ssdev.ca\/pt\/wp-json\/wp\/v2\/media?parent=30553"}],"curies":[{"name":"wp","href":"https:\/\/api.w.org\/{rel}","templated":true}]}}