{"id":23775,"date":"2024-03-11T12:12:25","date_gmt":"2024-03-11T16:12:25","guid":{"rendered":"https:\/\/www.systechone.com\/?page_id=23775"},"modified":"2025-06-25T16:01:09","modified_gmt":"2025-06-25T20:01:09","slug":"acquisition","status":"publish","type":"page","link":"https:\/\/staging.systech.ssdev.ca\/pt\/acquisition\/","title":{"rendered":"PCE agora faz parte da Systech!"},"content":{"rendered":"<div data-elementor-type=\"wp-page\" data-elementor-id=\"23775\" class=\"elementor elementor-23775\" data-elementor-post-type=\"page\">\n\t\t\t\t<div data-dce-background-color=\"#54585926\" class=\"elementor-element elementor-element-e85bc7b e-flex e-con-boxed e-con e-parent\" data-id=\"e85bc7b\" data-element_type=\"container\" data-settings=\"{&quot;background_background&quot;:&quot;classic&quot;}\">\n\t\t\t\t\t<div class=\"e-con-inner\">\n\t\t<div class=\"elementor-element elementor-element-6e66251 e-con-full e-flex e-con e-child\" data-id=\"6e66251\" data-element_type=\"container\" data-settings=\"{&quot;background_background&quot;:&quot;classic&quot;}\">\n\t\t\t\t<div class=\"elementor-element elementor-element-5b4c3fb elementor-absolute elementor-hidden-mobile elementor-hidden-desktop elementor-hidden-tablet elementor-widget elementor-widget-global elementor-global-19140 elementor-widget-breadcrumbs\" data-id=\"5b4c3fb\" data-element_type=\"widget\" data-settings=\"{&quot;_position&quot;:&quot;absolute&quot;}\" data-widget_type=\"breadcrumbs.default\">\n\t\t\t\t<div class=\"elementor-widget-container\">\n\t\t\t\t\t<p id=\"breadcrumbs\"><span><span><a href=\"https:\/\/staging.systech.ssdev.ca\/pt\/\">Casa<\/a><\/span><\/span><\/p>\t\t\t\t<\/div>\n\t\t\t\t<\/div>\n\t\t\t\t<div class=\"elementor-element elementor-element-4cb10cf elementor-widget elementor-widget-heading\" data-id=\"4cb10cf\" data-element_type=\"widget\" data-widget_type=\"heading.default\">\n\t\t\t\t<div class=\"elementor-widget-container\">\n\t\t\t\t\t<h1 class=\"elementor-heading-title elementor-size-default\">PCE agora faz parte da Systech!<\/h1>\t\t\t\t<\/div>\n\t\t\t\t<\/div>\n\t\t\t\t<div class=\"elementor-element elementor-element-66b2e2e elementor-widget elementor-widget-heading\" data-id=\"66b2e2e\" data-element_type=\"widget\" data-widget_type=\"heading.default\">\n\t\t\t\t<div class=\"elementor-widget-container\">\n\t\t\t\t\t<h3 class=\"elementor-heading-title elementor-size-default\">Estamos entusiasmados com esta tremenda oportunidade de integrar a linha de produtos da PCE ao portf\u00f3lio de produtos da Systech para uma oferta mais abrangente.<\/h3>\t\t\t\t<\/div>\n\t\t\t\t<\/div>\n\t\t\t\t<\/div>\n\t\t<div data-dce-background-image-url=\"https:\/\/staging.systech.ssdev.ca\/wp-content\/uploads\/2024\/03\/line-element.svg\" class=\"elementor-element elementor-element-f33bf3b e-con-full elementor-hidden-tablet elementor-hidden-mobile e-flex e-con e-child\" data-id=\"f33bf3b\" data-element_type=\"container\" data-settings=\"{&quot;background_background&quot;:&quot;classic&quot;,&quot;position&quot;:&quot;absolute&quot;}\">\n\t\t\t\t<\/div>\n\t\t\t\t\t<\/div>\n\t\t\t\t<\/div>\n\t\t<div class=\"elementor-element elementor-element-5ffa97a e-flex e-con-boxed e-con e-parent\" data-id=\"5ffa97a\" data-element_type=\"container\">\n\t\t\t\t\t<div class=\"e-con-inner\">\n\t\t<div class=\"elementor-element elementor-element-bd762fb e-con-full e-flex e-con e-child\" data-id=\"bd762fb\" data-element_type=\"container\">\n\t\t\t\t<div class=\"elementor-element elementor-element-0e96837 elementor-widget elementor-widget-text-editor\" data-id=\"0e96837\" data-element_type=\"widget\" data-widget_type=\"text-editor.default\">\n\t\t\t\t<div class=\"elementor-widget-container\">\n\t\t\t\t\t\t\t\t\t<p>A Pharmacontrol Electronic GmbH (\u201cPCE\u201d), localizada na Alemanha, \u00e9 um player proeminente no mercado farmac\u00eautico de rastreabilidade. Os produtos da PCE s\u00e3o utilizados em centenas de linhas de embalagens farmac\u00eauticas e tem forte presen\u00e7a na Europa e no Oriente M\u00e9dio. Fundada em 1989, a PCE tornou-se um player significativo na ind\u00fastria de embalagens farmac\u00eauticas com solu\u00e7\u00f5es completas para abordar inspe\u00e7\u00e3o visual, serializa\u00e7\u00e3o e agrega\u00e7\u00e3o, incluindo m\u00e1quinas e c\u00e2meras manuais e automatizadas.<\/p><p>A combina\u00e7\u00e3o das ofertas de hardware da PCE e das solu\u00e7\u00f5es de software full-stack da Systech nos permite oferecer as melhores solu\u00e7\u00f5es para a ind\u00fastria.<\/p><p><strong>Comunicado \u00e0 imprensa<\/strong> <a href=\"https:\/\/staging.systech.ssdev.ca\/pt\/systech-expands-product-portfolio-and-global-footprint-through-pce-acquisition\/\">Systech expande portf\u00f3lio de produtos e presen\u00e7a global por meio da aquisi\u00e7\u00e3o da PCE<\/a><\/p><p><strong>Explore os produtos PCE: <\/strong><a href=\"https:\/\/staging.systech.ssdev.ca\/pt\/products\/pce-track-and-trace\/\">solu\u00e7\u00f5es de rastreamento e rastreamento PCE<\/a><\/p><p>Para informa\u00e7\u00f5es adicionais, entre em contato com a equipe Systech aqui: <a href=\"https:\/\/staging.systech.ssdev.ca\/pt\/contact\/\">FALE CONOSCO<\/a><\/p>\t\t\t\t\t\t\t\t<\/div>\n\t\t\t\t<\/div>\n\t\t\t\t<\/div>\n\t\t\t\t\t<\/div>\n\t\t\t\t<\/div>\n\t\t<div class=\"elementor-element elementor-element-b8e2b41 e-flex e-con-boxed e-con e-parent\" data-id=\"b8e2b41\" data-element_type=\"container\">\n\t\t\t\t\t<div class=\"e-con-inner\">\n\t\t<div class=\"elementor-element elementor-element-6b18ba7 e-con-full e-flex e-con e-child\" data-id=\"6b18ba7\" data-element_type=\"container\">\n\t\t\t\t<div class=\"elementor-element elementor-element-56cfcd0 elementor-widget elementor-widget-heading\" data-id=\"56cfcd0\" data-element_type=\"widget\" data-widget_type=\"heading.default\">\n\t\t\t\t<div class=\"elementor-widget-container\">\n\t\t\t\t\t<h3 class=\"elementor-heading-title elementor-size-default\">ASSINE AS NOT\u00cdCIAS DA SYSTECH<\/h3>\t\t\t\t<\/div>\n\t\t\t\t<\/div>\n\t\t\t\t<div class=\"elementor-element elementor-element-6c55eea elementor-widget__width-initial elementor-widget elementor-widget-text-editor\" data-id=\"6c55eea\" data-element_type=\"widget\" data-widget_type=\"text-editor.default\">\n\t\t\t\t<div class=\"elementor-widget-container\">\n\t\t\t\t\t\t\t\t\t<p><span style=\"font-weight: 400;\">Interessado em receber mais not\u00edcias e conte\u00fado da Systech? Inscreva-se para receber informa\u00e7\u00f5es exclusivas e recursos valiosos para ajud\u00e1-lo a aumentar a efici\u00eancia, obter conformidade e proteger sua marca.<\/span><\/p>\t\t\t\t\t\t\t\t<\/div>\n\t\t\t\t<\/div>\n\t\t\t\t<\/div>\n\t\t<div class=\"elementor-element elementor-element-96af515 e-con-full e-flex e-con e-child\" data-id=\"96af515\" data-element_type=\"container\">\n\t\t\t\t<div class=\"elementor-element elementor-element-8ec428e elementor-widget elementor-widget-button\" data-id=\"8ec428e\" data-element_type=\"widget\" data-widget_type=\"button.default\">\n\t\t\t\t<div class=\"elementor-widget-container\">\n\t\t\t\t\t\t\t\t\t<div class=\"elementor-button-wrapper\">\n\t\t\t\t\t<a class=\"elementor-button elementor-button-link elementor-size-sm\" href=\"https:\/\/staging.systech.ssdev.ca\/pt\/newsletter-signup\/\">\n\t\t\t\t\t\t<span class=\"elementor-button-content-wrapper\">\n\t\t\t\t\t\t\t\t\t<span class=\"elementor-button-text\">Registre-se agora<\/span>\n\t\t\t\t\t<\/span>\n\t\t\t\t\t<\/a>\n\t\t\t\t<\/div>\n\t\t\t\t\t\t\t\t<\/div>\n\t\t\t\t<\/div>\n\t\t\t\t<\/div>\n\t\t\t\t\t<\/div>\n\t\t\t\t<\/div>\n\t\t\t\t<\/div>","protected":false},"excerpt":{"rendered":"<p>A PCE agora faz parte da Systech! Estamos entusiasmados com essa tremenda oportunidade de integrar a linha de produtos da PCE ao portf\u00f3lio de produtos da Systech para uma oferta mais abrangente. A Pharmacontrol Electronic GmbH (\"PCE\"), localizada na Alemanha, \u00e9 uma empresa de destaque no mercado de rastreamento de produtos farmac\u00eauticos. Os produtos da PCE s\u00e3o usados em centenas de linhas de embalagem farmac\u00eautica e [...]<\/p>","protected":false},"author":20,"featured_media":0,"parent":0,"menu_order":0,"comment_status":"closed","ping_status":"closed","template":"","meta":{"_acf_changed":false,"footnotes":""},"class_list":["post-23775","page","type-page","status-publish","hentry"],"acf":[],"yoast_head":"<!-- This site is optimized with the Yoast SEO plugin v25.1 - https:\/\/yoast.com\/wordpress\/plugins\/seo\/ -->\n<title>Pharmacontrol Electronic GmbH \u2013 Acquisition by Systech<\/title>\n<meta name=\"description\" content=\"Learn about the acquisition of Pharmacontrol Electronic GmbH by Systech. Understand the strategic benefits, expanded capabilities, and enhanced solutions now available.\" \/>\n<meta name=\"robots\" content=\"index, follow, max-snippet:-1, max-image-preview:large, max-video-preview:-1\" \/>\n<link rel=\"canonical\" href=\"https:\/\/staging.systech.ssdev.ca\/pt\/acquisition\/\" \/>\n<meta property=\"og:locale\" content=\"pt_BR\" \/>\n<meta property=\"og:type\" content=\"article\" \/>\n<meta property=\"og:title\" content=\"Pharmacontrol Electronic GmbH \u2013 Acquisition by Systech\" \/>\n<meta property=\"og:description\" content=\"Learn about the acquisition of Pharmacontrol Electronic GmbH by Systech. Understand the strategic benefits, expanded capabilities, and enhanced solutions now available.\" \/>\n<meta property=\"og:url\" content=\"https:\/\/staging.systech.ssdev.ca\/pt\/acquisition\/\" \/>\n<meta property=\"og:site_name\" content=\"Systech\" \/>\n<meta property=\"article:publisher\" content=\"https:\/\/www.facebook.com\/systechone\/\" \/>\n<meta property=\"article:modified_time\" content=\"2025-06-25T20:01:09+00:00\" \/>\n<meta name=\"twitter:card\" content=\"summary_large_image\" \/>\n<meta name=\"twitter:site\" content=\"@systechone\" \/>\n<meta name=\"twitter:label1\" content=\"Est. tempo de leitura\" \/>\n\t<meta name=\"twitter:data1\" content=\"1 minuto\" \/>\n<script type=\"application\/ld+json\" class=\"yoast-schema-graph\">{\"@context\":\"https:\/\/schema.org\",\"@graph\":[{\"@type\":\"WebPage\",\"@id\":\"https:\/\/staging.systech.ssdev.ca\/acquisition\/\",\"url\":\"https:\/\/staging.systech.ssdev.ca\/acquisition\/\",\"name\":\"Pharmacontrol Electronic GmbH \u2013 Acquisition by Systech\",\"isPartOf\":{\"@id\":\"https:\/\/staging.systech.ssdev.ca\/#website\"},\"datePublished\":\"2024-03-11T16:12:25+00:00\",\"dateModified\":\"2025-06-25T20:01:09+00:00\",\"description\":\"Learn about the acquisition of Pharmacontrol Electronic GmbH by Systech. Understand the strategic benefits, expanded capabilities, and enhanced solutions now available.\",\"breadcrumb\":{\"@id\":\"https:\/\/staging.systech.ssdev.ca\/acquisition\/#breadcrumb\"},\"inLanguage\":\"pt-BR\",\"potentialAction\":[{\"@type\":\"ReadAction\",\"target\":[\"https:\/\/staging.systech.ssdev.ca\/acquisition\/\"]}]},{\"@type\":\"BreadcrumbList\",\"@id\":\"https:\/\/staging.systech.ssdev.ca\/acquisition\/#breadcrumb\",\"itemListElement\":[{\"@type\":\"ListItem\",\"position\":1,\"name\":\"Home\",\"item\":\"https:\/\/staging.systech.ssdev.ca\/\"},{\"@type\":\"ListItem\",\"position\":2,\"name\":\"PCE is now part of Systech!\"}]},{\"@type\":\"WebSite\",\"@id\":\"https:\/\/staging.systech.ssdev.ca\/#website\",\"url\":\"https:\/\/staging.systech.ssdev.ca\/\",\"name\":\"Systech\",\"description\":\"a solutions division of Markem-Imaje\",\"publisher\":{\"@id\":\"https:\/\/staging.systech.ssdev.ca\/#organization\"},\"potentialAction\":[{\"@type\":\"SearchAction\",\"target\":{\"@type\":\"EntryPoint\",\"urlTemplate\":\"https:\/\/staging.systech.ssdev.ca\/?s={search_term_string}\"},\"query-input\":{\"@type\":\"PropertyValueSpecification\",\"valueRequired\":true,\"valueName\":\"search_term_string\"}}],\"inLanguage\":\"pt-BR\"},{\"@type\":\"Organization\",\"@id\":\"https:\/\/staging.systech.ssdev.ca\/#organization\",\"name\":\"Systech International\",\"url\":\"https:\/\/staging.systech.ssdev.ca\/\",\"logo\":{\"@type\":\"ImageObject\",\"inLanguage\":\"pt-BR\",\"@id\":\"https:\/\/staging.systech.ssdev.ca\/#\/schema\/logo\/image\/\",\"url\":\"https:\/\/staging.systech.ssdev.ca\/wp-content\/uploads\/2018\/04\/systech-logo.png\",\"contentUrl\":\"https:\/\/staging.systech.ssdev.ca\/wp-content\/uploads\/2018\/04\/systech-logo.png\",\"width\":551,\"height\":124,\"caption\":\"Systech International\"},\"image\":{\"@id\":\"https:\/\/staging.systech.ssdev.ca\/#\/schema\/logo\/image\/\"},\"sameAs\":[\"https:\/\/www.facebook.com\/systechone\/\",\"https:\/\/x.com\/systechone\",\"https:\/\/www.linkedin.com\/company\/systech-international\",\"https:\/\/www.youtube.com\/channel\/UC1fz6UKo5eMa1WxgVMGRhpA\/videos\"]}]}<\/script>\n<!-- \/ Yoast SEO plugin. -->","yoast_head_json":{"title":"Pharmacontrol Electronic GmbH \u2013 Acquisition by Systech","description":"Learn about the acquisition of Pharmacontrol Electronic GmbH by Systech. Understand the strategic benefits, expanded capabilities, and enhanced solutions now available.","robots":{"index":"index","follow":"follow","max-snippet":"max-snippet:-1","max-image-preview":"max-image-preview:large","max-video-preview":"max-video-preview:-1"},"canonical":"https:\/\/staging.systech.ssdev.ca\/pt\/acquisition\/","og_locale":"pt_BR","og_type":"article","og_title":"Pharmacontrol Electronic GmbH \u2013 Acquisition by Systech","og_description":"Learn about the acquisition of Pharmacontrol Electronic GmbH by Systech. Understand the strategic benefits, expanded capabilities, and enhanced solutions now available.","og_url":"https:\/\/staging.systech.ssdev.ca\/pt\/acquisition\/","og_site_name":"Systech","article_publisher":"https:\/\/www.facebook.com\/systechone\/","article_modified_time":"2025-06-25T20:01:09+00:00","twitter_card":"summary_large_image","twitter_site":"@systechone","twitter_misc":{"Est. tempo de leitura":"1 minuto"},"schema":{"@context":"https:\/\/schema.org","@graph":[{"@type":"WebPage","@id":"https:\/\/staging.systech.ssdev.ca\/acquisition\/","url":"https:\/\/staging.systech.ssdev.ca\/acquisition\/","name":"Pharmacontrol Electronic GmbH \u2013 Acquisition by Systech","isPartOf":{"@id":"https:\/\/staging.systech.ssdev.ca\/#website"},"datePublished":"2024-03-11T16:12:25+00:00","dateModified":"2025-06-25T20:01:09+00:00","description":"Learn about the acquisition of Pharmacontrol Electronic GmbH by Systech. Understand the strategic benefits, expanded capabilities, and enhanced solutions now available.","breadcrumb":{"@id":"https:\/\/staging.systech.ssdev.ca\/acquisition\/#breadcrumb"},"inLanguage":"pt-BR","potentialAction":[{"@type":"ReadAction","target":["https:\/\/staging.systech.ssdev.ca\/acquisition\/"]}]},{"@type":"BreadcrumbList","@id":"https:\/\/staging.systech.ssdev.ca\/acquisition\/#breadcrumb","itemListElement":[{"@type":"ListItem","position":1,"name":"Home","item":"https:\/\/staging.systech.ssdev.ca\/"},{"@type":"ListItem","position":2,"name":"PCE is now part of Systech!"}]},{"@type":"WebSite","@id":"https:\/\/staging.systech.ssdev.ca\/#website","url":"https:\/\/staging.systech.ssdev.ca\/","name":"Systech","description":"a solutions division of Markem-Imaje","publisher":{"@id":"https:\/\/staging.systech.ssdev.ca\/#organization"},"potentialAction":[{"@type":"SearchAction","target":{"@type":"EntryPoint","urlTemplate":"https:\/\/staging.systech.ssdev.ca\/?s={search_term_string}"},"query-input":{"@type":"PropertyValueSpecification","valueRequired":true,"valueName":"search_term_string"}}],"inLanguage":"pt-BR"},{"@type":"Organization","@id":"https:\/\/staging.systech.ssdev.ca\/#organization","name":"Systech International","url":"https:\/\/staging.systech.ssdev.ca\/","logo":{"@type":"ImageObject","inLanguage":"pt-BR","@id":"https:\/\/staging.systech.ssdev.ca\/#\/schema\/logo\/image\/","url":"https:\/\/staging.systech.ssdev.ca\/wp-content\/uploads\/2018\/04\/systech-logo.png","contentUrl":"https:\/\/staging.systech.ssdev.ca\/wp-content\/uploads\/2018\/04\/systech-logo.png","width":551,"height":124,"caption":"Systech International"},"image":{"@id":"https:\/\/staging.systech.ssdev.ca\/#\/schema\/logo\/image\/"},"sameAs":["https:\/\/www.facebook.com\/systechone\/","https:\/\/x.com\/systechone","https:\/\/www.linkedin.com\/company\/systech-international","https:\/\/www.youtube.com\/channel\/UC1fz6UKo5eMa1WxgVMGRhpA\/videos"]}]}},"_links":{"self":[{"href":"https:\/\/staging.systech.ssdev.ca\/pt\/wp-json\/wp\/v2\/pages\/23775","targetHints":{"allow":["GET"]}}],"collection":[{"href":"https:\/\/staging.systech.ssdev.ca\/pt\/wp-json\/wp\/v2\/pages"}],"about":[{"href":"https:\/\/staging.systech.ssdev.ca\/pt\/wp-json\/wp\/v2\/types\/page"}],"author":[{"embeddable":true,"href":"https:\/\/staging.systech.ssdev.ca\/pt\/wp-json\/wp\/v2\/users\/20"}],"replies":[{"embeddable":true,"href":"https:\/\/staging.systech.ssdev.ca\/pt\/wp-json\/wp\/v2\/comments?post=23775"}],"version-history":[{"count":4,"href":"https:\/\/staging.systech.ssdev.ca\/pt\/wp-json\/wp\/v2\/pages\/23775\/revisions"}],"predecessor-version":[{"id":34214,"href":"https:\/\/staging.systech.ssdev.ca\/pt\/wp-json\/wp\/v2\/pages\/23775\/revisions\/34214"}],"wp:attachment":[{"href":"https:\/\/staging.systech.ssdev.ca\/pt\/wp-json\/wp\/v2\/media?parent=23775"}],"curies":[{"name":"wp","href":"https:\/\/api.w.org\/{rel}","templated":true}]}}