{"id":191,"date":"2018-03-19T22:00:42","date_gmt":"2018-03-19T22:00:42","guid":{"rendered":"https:\/\/www.systechone.com\/?page_id=191"},"modified":"2025-05-27T16:11:34","modified_gmt":"2025-05-27T20:11:34","slug":"careers","status":"publish","type":"page","link":"https:\/\/staging.systech.ssdev.ca\/pt\/about\/centers-of-excellence\/careers\/","title":{"rendered":"Carreiras"},"content":{"rendered":"<div data-elementor-type=\"wp-page\" data-elementor-id=\"191\" class=\"elementor elementor-191\" data-elementor-post-type=\"page\">\n\t\t\t\t<div data-dce-background-color=\"#54585926\" class=\"elementor-element elementor-element-603d09a e-flex e-con-boxed e-con e-parent\" data-id=\"603d09a\" data-element_type=\"container\" data-settings=\"{&quot;background_background&quot;:&quot;classic&quot;}\">\n\t\t\t\t\t<div class=\"e-con-inner\">\n\t\t<div class=\"elementor-element elementor-element-6a30467 e-con-full e-flex e-con e-child\" data-id=\"6a30467\" data-element_type=\"container\" data-settings=\"{&quot;background_background&quot;:&quot;classic&quot;}\">\n\t\t\t\t<div class=\"elementor-element elementor-element-4ed32a8 elementor-absolute elementor-hidden-mobile elementor-hidden-desktop elementor-hidden-tablet elementor-widget elementor-widget-global elementor-global-19140 elementor-widget-breadcrumbs\" data-id=\"4ed32a8\" data-element_type=\"widget\" data-settings=\"{&quot;_position&quot;:&quot;absolute&quot;}\" data-widget_type=\"breadcrumbs.default\">\n\t\t\t\t<div class=\"elementor-widget-container\">\n\t\t\t\t\t<p id=\"breadcrumbs\"><span><span><a href=\"https:\/\/staging.systech.ssdev.ca\/pt\/\">Casa<\/a><\/span><\/span><\/p>\t\t\t\t<\/div>\n\t\t\t\t<\/div>\n\t\t\t\t<div class=\"elementor-element elementor-element-daf113f elementor-widget elementor-widget-heading\" data-id=\"daf113f\" data-element_type=\"widget\" data-widget_type=\"heading.default\">\n\t\t\t\t<div class=\"elementor-widget-container\">\n\t\t\t\t\t<h1 class=\"elementor-heading-title elementor-size-default\">Carreiras<\/h1>\t\t\t\t<\/div>\n\t\t\t\t<\/div>\n\t\t\t\t<div class=\"elementor-element elementor-element-d296088 elementor-widget elementor-widget-text-editor\" data-id=\"d296088\" data-element_type=\"widget\" data-widget_type=\"text-editor.default\">\n\t\t\t\t<div class=\"elementor-widget-container\">\n\t\t\t\t\t\t\t\t\t<p>Fundada em 1985, a Systech \u00e9 l\u00edder no fornecimento de solu\u00e7\u00f5es de identifica\u00e7\u00e3o digital e rastreabilidade. Somos uma organiza\u00e7\u00e3o inovadora que pode oferecer um ambiente desafiador que promove a satisfa\u00e7\u00e3o profissional e v\u00e1rias oportunidades de sucesso na carreira.<\/p>\t\t\t\t\t\t\t\t<\/div>\n\t\t\t\t<\/div>\n\t\t\t\t<\/div>\n\t\t<div data-dce-background-image-url=\"https:\/\/staging.systech.ssdev.ca\/wp-content\/uploads\/2023\/09\/line-element.svg\" class=\"elementor-element elementor-element-ae36954 e-con-full elementor-hidden-tablet elementor-hidden-mobile e-flex e-con e-child\" data-id=\"ae36954\" data-element_type=\"container\" data-settings=\"{&quot;background_background&quot;:&quot;classic&quot;,&quot;position&quot;:&quot;absolute&quot;}\">\n\t\t\t\t<\/div>\n\t\t\t\t\t<\/div>\n\t\t\t\t<\/div>\n\t\t<div class=\"elementor-element elementor-element-4f1a763 e-flex e-con-boxed e-con e-parent\" data-id=\"4f1a763\" data-element_type=\"container\">\n\t\t\t\t\t<div class=\"e-con-inner\">\n\t\t<div class=\"elementor-element elementor-element-787c253 e-con-full e-flex e-con e-child\" data-id=\"787c253\" data-element_type=\"container\">\n\t\t\t\t<div class=\"elementor-element elementor-element-281edc1 elementor-widget elementor-widget-button\" data-id=\"281edc1\" data-element_type=\"widget\" data-widget_type=\"button.default\">\n\t\t\t\t<div class=\"elementor-widget-container\">\n\t\t\t\t\t\t\t\t\t<div class=\"elementor-button-wrapper\">\n\t\t\t\t\t<a class=\"elementor-button elementor-button-link elementor-size-xl\" href=\"https:\/\/careers.dovercorporation.com\/search\/?createNewAlert=false&#038;q=systech&#038;locationsearch=&#038;optionsFacetsDD_department=&#038;optionsFacetsDD_facility=\">\n\t\t\t\t\t\t<span class=\"elementor-button-content-wrapper\">\n\t\t\t\t\t\t\t\t\t<span class=\"elementor-button-text\">Oportunidades atuais de carreira<\/span>\n\t\t\t\t\t<\/span>\n\t\t\t\t\t<\/a>\n\t\t\t\t<\/div>\n\t\t\t\t\t\t\t\t<\/div>\n\t\t\t\t<\/div>\n\t\t\t\t<\/div>\n\t\t\t\t\t<\/div>\n\t\t\t\t<\/div>\n\t\t<div class=\"elementor-element elementor-element-bcdcccb e-flex e-con-boxed e-con e-parent\" data-id=\"bcdcccb\" data-element_type=\"container\">\n\t\t\t\t\t<div class=\"e-con-inner\">\n\t\t<div class=\"elementor-element elementor-element-5a42065 e-con-full e-flex e-con e-child\" data-id=\"5a42065\" data-element_type=\"container\">\n\t\t\t\t<div class=\"elementor-element elementor-element-eeb2461 elementor-widget elementor-widget-heading\" data-id=\"eeb2461\" data-element_type=\"widget\" data-widget_type=\"heading.default\">\n\t\t\t\t<div class=\"elementor-widget-container\">\n\t\t\t\t\t<h3 class=\"elementor-heading-title elementor-size-default\">O que oferecemos <\/h3>\t\t\t\t<\/div>\n\t\t\t\t<\/div>\n\t\t\t\t<div class=\"elementor-element elementor-element-319e590 elementor-widget elementor-widget-text-editor\" data-id=\"319e590\" data-element_type=\"widget\" data-widget_type=\"text-editor.default\">\n\t\t\t\t<div class=\"elementor-widget-container\">\n\t\t\t\t\t\t\t\t\tA Systech oferece um pacote de benef\u00edcios abrangente que atende \u00e0s suas necessidades m\u00e9dicas e de estilo de vida. (Os benef\u00edcios nos EUA est\u00e3o indicados abaixo; as ofertas de benef\u00edcios variam internacionalmente).\t\t\t\t\t\t\t\t<\/div>\n\t\t\t\t<\/div>\n\t\t\t\t<\/div>\n\t\t\t\t\t<\/div>\n\t\t\t\t<\/div>\n\t\t<div class=\"elementor-element elementor-element-65ad2a2 e-flex e-con-boxed e-con e-parent\" data-id=\"65ad2a2\" data-element_type=\"container\">\n\t\t\t\t\t<div class=\"e-con-inner\">\n\t\t<div class=\"elementor-element elementor-element-c22a29c e-con-full e-flex e-con e-child\" data-id=\"c22a29c\" data-element_type=\"container\">\n\t\t\t\t<div class=\"elementor-element elementor-element-d06c4ae elementor-widget elementor-widget-heading\" data-id=\"d06c4ae\" data-element_type=\"widget\" data-widget_type=\"heading.default\">\n\t\t\t\t<div class=\"elementor-widget-container\">\n\t\t\t\t\t<h4 class=\"elementor-heading-title elementor-size-default\">Benef\u00edcios para a sa\u00fade<\/h4>\t\t\t\t<\/div>\n\t\t\t\t<\/div>\n\t\t\t\t<div class=\"elementor-element elementor-element-2f2e027 elementor-widget elementor-widget-text-editor\" data-id=\"2f2e027\" data-element_type=\"widget\" data-widget_type=\"text-editor.default\">\n\t\t\t\t<div class=\"elementor-widget-container\">\n\t\t\t\t\t\t\t\t\t<ul><li>M\u00e9dico<\/li><li>Prescri\u00e7\u00e3o<\/li><li>Odontol\u00f3gico\/Revis\u00e3o<\/li><li>Conta de poupan\u00e7a flex\u00edvel e de sa\u00fade (HSA)\/(FSA)<\/li><\/ul>\t\t\t\t\t\t\t\t<\/div>\n\t\t\t\t<\/div>\n\t\t\t\t<\/div>\n\t\t<div class=\"elementor-element elementor-element-e4748a3 e-con-full e-flex e-con e-child\" data-id=\"e4748a3\" data-element_type=\"container\">\n\t\t\t\t<div class=\"elementor-element elementor-element-3e27dfe elementor-widget elementor-widget-heading\" data-id=\"3e27dfe\" data-element_type=\"widget\" data-widget_type=\"heading.default\">\n\t\t\t\t<div class=\"elementor-widget-container\">\n\t\t\t\t\t<h4 class=\"elementor-heading-title elementor-size-default\">Benef\u00edcios financeiros<\/h4>\t\t\t\t<\/div>\n\t\t\t\t<\/div>\n\t\t\t\t<div class=\"elementor-element elementor-element-9424b29 elementor-widget elementor-widget-text-editor\" data-id=\"9424b29\" data-element_type=\"widget\" data-widget_type=\"text-editor.default\">\n\t\t\t\t<div class=\"elementor-widget-container\">\n\t\t\t\t\t\t\t\t\t<ul><li>Plano de poupan\u00e7a da Systech - 401(k)<\/li><li>Seguro de vida<\/li><li>Incapacidade de curto\/longo prazo<\/li><\/ul>\t\t\t\t\t\t\t\t<\/div>\n\t\t\t\t<\/div>\n\t\t\t\t<\/div>\n\t\t\t\t\t<\/div>\n\t\t\t\t<\/div>\n\t\t<div class=\"elementor-element elementor-element-c5f3550 e-flex e-con-boxed e-con e-parent\" data-id=\"c5f3550\" data-element_type=\"container\">\n\t\t\t\t\t<div class=\"e-con-inner\">\n\t\t<div class=\"elementor-element elementor-element-f8c391d e-con-full e-flex e-con e-child\" data-id=\"f8c391d\" data-element_type=\"container\">\n\t\t\t\t<div class=\"elementor-element elementor-element-398ffc0 elementor-widget elementor-widget-heading\" data-id=\"398ffc0\" data-element_type=\"widget\" data-widget_type=\"heading.default\">\n\t\t\t\t<div class=\"elementor-widget-container\">\n\t\t\t\t\t<h4 class=\"elementor-heading-title elementor-size-default\">Tempo livre remunerado<\/h4>\t\t\t\t<\/div>\n\t\t\t\t<\/div>\n\t\t\t\t<div class=\"elementor-element elementor-element-9acf86b elementor-widget elementor-widget-text-editor\" data-id=\"9acf86b\" data-element_type=\"widget\" data-widget_type=\"text-editor.default\">\n\t\t\t\t<div class=\"elementor-widget-container\">\n\t\t\t\t\t\t\t\t\t<ul><li>Folga remunerada<\/li><li>F\u00e9rias<\/li><li>F\u00e9rias<\/li><li>Doente\/Pessoal<\/li><li>Luto<\/li><li>Dever do J\u00fari<\/li><\/ul>\t\t\t\t\t\t\t\t<\/div>\n\t\t\t\t<\/div>\n\t\t\t\t<\/div>\n\t\t<div class=\"elementor-element elementor-element-9250b86 e-con-full e-flex e-con e-child\" data-id=\"9250b86\" data-element_type=\"container\">\n\t\t\t\t<div class=\"elementor-element elementor-element-5fa0daa elementor-widget elementor-widget-heading\" data-id=\"5fa0daa\" data-element_type=\"widget\" data-widget_type=\"heading.default\">\n\t\t\t\t<div class=\"elementor-widget-container\">\n\t\t\t\t\t<h4 class=\"elementor-heading-title elementor-size-default\">Benef\u00edcios adicionais<\/h4>\t\t\t\t<\/div>\n\t\t\t\t<\/div>\n\t\t\t\t<div class=\"elementor-element elementor-element-a502e4d elementor-widget elementor-widget-text-editor\" data-id=\"a502e4d\" data-element_type=\"widget\" data-widget_type=\"text-editor.default\">\n\t\t\t\t<div class=\"elementor-widget-container\">\n\t\t\t\t\t\t\t\t\t<ul><li>Reembolso de mensalidades<\/li><li>Oportunidades de aprendizado e desenvolvimento<\/li><li>Assist\u00eancia ao funcion\u00e1rio<\/li><li>Pr\u00eamios por indica\u00e7\u00e3o de funcion\u00e1rios<\/li><li>Pol\u00edtica de teletrabalho<\/li><\/ul>\t\t\t\t\t\t\t\t<\/div>\n\t\t\t\t<\/div>\n\t\t\t\t<\/div>\n\t\t\t\t\t<\/div>\n\t\t\t\t<\/div>\n\t\t<div class=\"elementor-element elementor-element-0f94083 e-flex e-con-boxed e-con e-parent\" data-id=\"0f94083\" data-element_type=\"container\">\n\t\t\t\t\t<div class=\"e-con-inner\">\n\t\t<div class=\"elementor-element elementor-element-d41829c e-con-full e-flex e-con e-child\" data-id=\"d41829c\" data-element_type=\"container\">\n\t\t\t\t<div class=\"elementor-element elementor-element-e53cce7 elementor-widget elementor-widget-heading\" data-id=\"e53cce7\" data-element_type=\"widget\" data-widget_type=\"heading.default\">\n\t\t\t\t<div class=\"elementor-widget-container\">\n\t\t\t\t\t<h3 class=\"elementor-heading-title elementor-size-default\">Vida na Systech<\/h3>\t\t\t\t<\/div>\n\t\t\t\t<\/div>\n\t\t\t\t<div class=\"elementor-element elementor-element-44a664e elementor-widget elementor-widget-text-editor\" data-id=\"44a664e\" data-element_type=\"widget\" data-widget_type=\"text-editor.default\">\n\t\t\t\t<div class=\"elementor-widget-container\">\n\t\t\t\t\t\t\t\t\t<p><span style=\"color: var( --e-global-color-text ); font-family: var( --e-global-typography-text-font-family ), Sans-serif; font-size: var( --e-global-typography-text-font-size ); font-weight: var( --e-global-typography-text-font-weight ); text-align: var(--text-align); letter-spacing: var( --e-global-typography-85b08bc-letter-spacing ); word-spacing: var( --e-global-typography-85b08bc-word-spacing );\">Somos uma organiza\u00e7\u00e3o inovadora que oferece um ambiente desafiador que promove a satisfa\u00e7\u00e3o profissional e v\u00e1rias oportunidades de sucesso na carreira.<\/span><\/p><p>Estamos comprometidos com a lideran\u00e7a do setor como pioneiros em <a href=\"https:\/\/staging.systech.ssdev.ca\/pt\/products\/serialization-regulatory-compliance-uniseries\/\">serializa\u00e7\u00e3o<\/a> e nos novos avan\u00e7os da tecnologia global <a href=\"https:\/\/staging.systech.ssdev.ca\/pt\/solutions\/brand-protection\/\">prote\u00e7\u00e3o da marca<\/a>. Para atingir esse objetivo, buscamos funcion\u00e1rios ambiciosos, dedicados e comprometidos com nossos objetivos. <a href=\"https:\/\/staging.systech.ssdev.ca\/pt\/about\/mission-values\/\">miss\u00e3o, vis\u00e3o e valores<\/a>.<\/p><p>Atrair boas pessoas e mant\u00ea-las \u00e9 essencial para a estrat\u00e9gia de uma empresa bem-sucedida. Nossa vitalidade depende da qualidade de nossa equipe. Nosso objetivo \u00e9 atrair profissionais talentosos e qualificados e oferecer a eles oportunidades de progresso em todos os aspectos de sua vida profissional.<\/p><p><a href=\"https:\/\/careers.dovercorporation.com\/search\/?createNewAlert=false&amp;q=systech&amp;locationsearch=&amp;optionsFacetsDD_department=&amp;optionsFacetsDD_facility=\" target=\"_blank\" rel=\"noopener\">Junte-se a n\u00f3s<\/a> se voc\u00ea quiser fazer a diferen\u00e7a.<\/p>\t\t\t\t\t\t\t\t<\/div>\n\t\t\t\t<\/div>\n\t\t\t\t<\/div>\n\t\t\t\t\t<\/div>\n\t\t\t\t<\/div>\n\t\t\t\t<\/div>","protected":false},"excerpt":{"rendered":"<p>Carreiras Fundada em 1985, a Systech \u00e9 l\u00edder no fornecimento de solu\u00e7\u00f5es de identifica\u00e7\u00e3o digital e rastreabilidade. Somos uma organiza\u00e7\u00e3o inovadora que pode oferecer um ambiente desafiador que promove a satisfa\u00e7\u00e3o profissional e v\u00e1rias oportunidades de sucesso na carreira. Oportunidades atuais de carreira O que oferecemos A Systech oferece um pacote de benef\u00edcios abrangente que atende \u00e0s suas necessidades m\u00e9dicas e de estilo de vida. [...]<\/p>","protected":false},"author":9,"featured_media":0,"parent":4841,"menu_order":0,"comment_status":"closed","ping_status":"closed","template":"","meta":{"_acf_changed":false,"footnotes":""},"class_list":["post-191","page","type-page","status-publish","hentry"],"acf":[],"yoast_head":"<!-- This site is optimized with the Yoast SEO plugin v25.1 - https:\/\/yoast.com\/wordpress\/plugins\/seo\/ -->\n<title>Systech Careers | Discover Your New Career | Systech<\/title>\n<meta name=\"description\" content=\"Find your next career with Systech. We look for employees who are ambitious, dedicated and committed to our mission, vision and values.\" \/>\n<meta name=\"robots\" content=\"index, follow, max-snippet:-1, max-image-preview:large, max-video-preview:-1\" \/>\n<link rel=\"canonical\" href=\"https:\/\/staging.systech.ssdev.ca\/pt\/about\/centers-of-excellence\/careers\/\" \/>\n<meta property=\"og:locale\" content=\"pt_BR\" \/>\n<meta property=\"og:type\" content=\"article\" \/>\n<meta property=\"og:title\" content=\"Systech Careers | Discover Your New Career | Systech\" \/>\n<meta property=\"og:description\" content=\"Find your next career with Systech. We look for employees who are ambitious, dedicated and committed to our mission, vision and values.\" \/>\n<meta property=\"og:url\" content=\"https:\/\/staging.systech.ssdev.ca\/pt\/about\/centers-of-excellence\/careers\/\" \/>\n<meta property=\"og:site_name\" content=\"Systech\" \/>\n<meta property=\"article:publisher\" content=\"https:\/\/www.facebook.com\/systechone\/\" \/>\n<meta property=\"article:modified_time\" content=\"2025-05-27T20:11:34+00:00\" \/>\n<meta name=\"twitter:card\" content=\"summary_large_image\" \/>\n<meta name=\"twitter:site\" content=\"@systechone\" \/>\n<meta name=\"twitter:label1\" content=\"Est. tempo de leitura\" \/>\n\t<meta name=\"twitter:data1\" content=\"1 minuto\" \/>\n<script type=\"application\/ld+json\" class=\"yoast-schema-graph\">{\"@context\":\"https:\/\/schema.org\",\"@graph\":[{\"@type\":\"WebPage\",\"@id\":\"https:\/\/staging.systech.ssdev.ca\/about\/centers-of-excellence\/careers\/\",\"url\":\"https:\/\/staging.systech.ssdev.ca\/about\/centers-of-excellence\/careers\/\",\"name\":\"Systech Careers | Discover Your New Career | Systech\",\"isPartOf\":{\"@id\":\"https:\/\/staging.systech.ssdev.ca\/#website\"},\"datePublished\":\"2018-03-19T22:00:42+00:00\",\"dateModified\":\"2025-05-27T20:11:34+00:00\",\"description\":\"Find your next career with Systech. We look for employees who are ambitious, dedicated and committed to our mission, vision and values.\",\"breadcrumb\":{\"@id\":\"https:\/\/staging.systech.ssdev.ca\/about\/centers-of-excellence\/careers\/#breadcrumb\"},\"inLanguage\":\"pt-BR\",\"potentialAction\":[{\"@type\":\"ReadAction\",\"target\":[\"https:\/\/staging.systech.ssdev.ca\/about\/centers-of-excellence\/careers\/\"]}]},{\"@type\":\"BreadcrumbList\",\"@id\":\"https:\/\/staging.systech.ssdev.ca\/about\/centers-of-excellence\/careers\/#breadcrumb\",\"itemListElement\":[{\"@type\":\"ListItem\",\"position\":1,\"name\":\"Home\",\"item\":\"https:\/\/staging.systech.ssdev.ca\/\"},{\"@type\":\"ListItem\",\"position\":2,\"name\":\"About\",\"item\":\"https:\/\/staging.systech.ssdev.ca\/about\/\"},{\"@type\":\"ListItem\",\"position\":3,\"name\":\"Centers of Excellence\",\"item\":\"https:\/\/staging.systech.ssdev.ca\/about\/centers-of-excellence\/\"},{\"@type\":\"ListItem\",\"position\":4,\"name\":\"Careers\"}]},{\"@type\":\"WebSite\",\"@id\":\"https:\/\/staging.systech.ssdev.ca\/#website\",\"url\":\"https:\/\/staging.systech.ssdev.ca\/\",\"name\":\"Systech\",\"description\":\"a solutions division of Markem-Imaje\",\"publisher\":{\"@id\":\"https:\/\/staging.systech.ssdev.ca\/#organization\"},\"potentialAction\":[{\"@type\":\"SearchAction\",\"target\":{\"@type\":\"EntryPoint\",\"urlTemplate\":\"https:\/\/staging.systech.ssdev.ca\/?s={search_term_string}\"},\"query-input\":{\"@type\":\"PropertyValueSpecification\",\"valueRequired\":true,\"valueName\":\"search_term_string\"}}],\"inLanguage\":\"pt-BR\"},{\"@type\":\"Organization\",\"@id\":\"https:\/\/staging.systech.ssdev.ca\/#organization\",\"name\":\"Systech International\",\"url\":\"https:\/\/staging.systech.ssdev.ca\/\",\"logo\":{\"@type\":\"ImageObject\",\"inLanguage\":\"pt-BR\",\"@id\":\"https:\/\/staging.systech.ssdev.ca\/#\/schema\/logo\/image\/\",\"url\":\"https:\/\/staging.systech.ssdev.ca\/wp-content\/uploads\/2018\/04\/systech-logo.png\",\"contentUrl\":\"https:\/\/staging.systech.ssdev.ca\/wp-content\/uploads\/2018\/04\/systech-logo.png\",\"width\":551,\"height\":124,\"caption\":\"Systech International\"},\"image\":{\"@id\":\"https:\/\/staging.systech.ssdev.ca\/#\/schema\/logo\/image\/\"},\"sameAs\":[\"https:\/\/www.facebook.com\/systechone\/\",\"https:\/\/x.com\/systechone\",\"https:\/\/www.linkedin.com\/company\/systech-international\",\"https:\/\/www.youtube.com\/channel\/UC1fz6UKo5eMa1WxgVMGRhpA\/videos\"]}]}<\/script>\n<!-- \/ Yoast SEO plugin. -->","yoast_head_json":{"title":"Systech Careers | Discover Your New Career | Systech","description":"Find your next career with Systech. We look for employees who are ambitious, dedicated and committed to our mission, vision and values.","robots":{"index":"index","follow":"follow","max-snippet":"max-snippet:-1","max-image-preview":"max-image-preview:large","max-video-preview":"max-video-preview:-1"},"canonical":"https:\/\/staging.systech.ssdev.ca\/pt\/about\/centers-of-excellence\/careers\/","og_locale":"pt_BR","og_type":"article","og_title":"Systech Careers | Discover Your New Career | Systech","og_description":"Find your next career with Systech. We look for employees who are ambitious, dedicated and committed to our mission, vision and values.","og_url":"https:\/\/staging.systech.ssdev.ca\/pt\/about\/centers-of-excellence\/careers\/","og_site_name":"Systech","article_publisher":"https:\/\/www.facebook.com\/systechone\/","article_modified_time":"2025-05-27T20:11:34+00:00","twitter_card":"summary_large_image","twitter_site":"@systechone","twitter_misc":{"Est. tempo de leitura":"1 minuto"},"schema":{"@context":"https:\/\/schema.org","@graph":[{"@type":"WebPage","@id":"https:\/\/staging.systech.ssdev.ca\/about\/centers-of-excellence\/careers\/","url":"https:\/\/staging.systech.ssdev.ca\/about\/centers-of-excellence\/careers\/","name":"Systech Careers | Discover Your New Career | Systech","isPartOf":{"@id":"https:\/\/staging.systech.ssdev.ca\/#website"},"datePublished":"2018-03-19T22:00:42+00:00","dateModified":"2025-05-27T20:11:34+00:00","description":"Find your next career with Systech. We look for employees who are ambitious, dedicated and committed to our mission, vision and values.","breadcrumb":{"@id":"https:\/\/staging.systech.ssdev.ca\/about\/centers-of-excellence\/careers\/#breadcrumb"},"inLanguage":"pt-BR","potentialAction":[{"@type":"ReadAction","target":["https:\/\/staging.systech.ssdev.ca\/about\/centers-of-excellence\/careers\/"]}]},{"@type":"BreadcrumbList","@id":"https:\/\/staging.systech.ssdev.ca\/about\/centers-of-excellence\/careers\/#breadcrumb","itemListElement":[{"@type":"ListItem","position":1,"name":"Home","item":"https:\/\/staging.systech.ssdev.ca\/"},{"@type":"ListItem","position":2,"name":"About","item":"https:\/\/staging.systech.ssdev.ca\/about\/"},{"@type":"ListItem","position":3,"name":"Centers of Excellence","item":"https:\/\/staging.systech.ssdev.ca\/about\/centers-of-excellence\/"},{"@type":"ListItem","position":4,"name":"Careers"}]},{"@type":"WebSite","@id":"https:\/\/staging.systech.ssdev.ca\/#website","url":"https:\/\/staging.systech.ssdev.ca\/","name":"Systech","description":"a solutions division of Markem-Imaje","publisher":{"@id":"https:\/\/staging.systech.ssdev.ca\/#organization"},"potentialAction":[{"@type":"SearchAction","target":{"@type":"EntryPoint","urlTemplate":"https:\/\/staging.systech.ssdev.ca\/?s={search_term_string}"},"query-input":{"@type":"PropertyValueSpecification","valueRequired":true,"valueName":"search_term_string"}}],"inLanguage":"pt-BR"},{"@type":"Organization","@id":"https:\/\/staging.systech.ssdev.ca\/#organization","name":"Systech International","url":"https:\/\/staging.systech.ssdev.ca\/","logo":{"@type":"ImageObject","inLanguage":"pt-BR","@id":"https:\/\/staging.systech.ssdev.ca\/#\/schema\/logo\/image\/","url":"https:\/\/staging.systech.ssdev.ca\/wp-content\/uploads\/2018\/04\/systech-logo.png","contentUrl":"https:\/\/staging.systech.ssdev.ca\/wp-content\/uploads\/2018\/04\/systech-logo.png","width":551,"height":124,"caption":"Systech International"},"image":{"@id":"https:\/\/staging.systech.ssdev.ca\/#\/schema\/logo\/image\/"},"sameAs":["https:\/\/www.facebook.com\/systechone\/","https:\/\/x.com\/systechone","https:\/\/www.linkedin.com\/company\/systech-international","https:\/\/www.youtube.com\/channel\/UC1fz6UKo5eMa1WxgVMGRhpA\/videos"]}]}},"_links":{"self":[{"href":"https:\/\/staging.systech.ssdev.ca\/pt\/wp-json\/wp\/v2\/pages\/191","targetHints":{"allow":["GET"]}}],"collection":[{"href":"https:\/\/staging.systech.ssdev.ca\/pt\/wp-json\/wp\/v2\/pages"}],"about":[{"href":"https:\/\/staging.systech.ssdev.ca\/pt\/wp-json\/wp\/v2\/types\/page"}],"author":[{"embeddable":true,"href":"https:\/\/staging.systech.ssdev.ca\/pt\/wp-json\/wp\/v2\/users\/9"}],"replies":[{"embeddable":true,"href":"https:\/\/staging.systech.ssdev.ca\/pt\/wp-json\/wp\/v2\/comments?post=191"}],"version-history":[{"count":6,"href":"https:\/\/staging.systech.ssdev.ca\/pt\/wp-json\/wp\/v2\/pages\/191\/revisions"}],"predecessor-version":[{"id":33524,"href":"https:\/\/staging.systech.ssdev.ca\/pt\/wp-json\/wp\/v2\/pages\/191\/revisions\/33524"}],"up":[{"embeddable":true,"href":"https:\/\/staging.systech.ssdev.ca\/pt\/wp-json\/wp\/v2\/pages\/4841"}],"wp:attachment":[{"href":"https:\/\/staging.systech.ssdev.ca\/pt\/wp-json\/wp\/v2\/media?parent=191"}],"curies":[{"name":"wp","href":"https:\/\/api.w.org\/{rel}","templated":true}]}}