{"id":15432,"date":"2023-03-30T11:16:19","date_gmt":"2023-03-30T15:16:19","guid":{"rendered":"https:\/\/www.systechone.com\/glossary\/what-is-dscsa-compliance-2\/"},"modified":"2025-06-17T10:12:17","modified_gmt":"2025-06-17T14:12:17","slug":"what-is-brand-protection-for-a-company","status":"publish","type":"page","link":"https:\/\/staging.systech.ssdev.ca\/pt\/glossary\/what-is-brand-protection-for-a-company\/","title":{"rendered":"O que \u00e9 prote\u00e7\u00e3o de marca para uma empresa?"},"content":{"rendered":"<div data-elementor-type=\"wp-page\" data-elementor-id=\"15432\" class=\"elementor elementor-15432\" data-elementor-post-type=\"page\">\n\t\t\t\t\t\t<section class=\"elementor-section elementor-top-section elementor-element elementor-element-26237834 elementor-section-boxed elementor-section-height-default elementor-section-height-default\" data-id=\"26237834\" data-element_type=\"section\">\n\t\t\t\t\t\t<div class=\"elementor-container elementor-column-gap-default\">\n\t\t\t\t\t<div class=\"elementor-column elementor-col-100 elementor-top-column elementor-element elementor-element-7e6fc166\" data-id=\"7e6fc166\" data-element_type=\"column\">\n\t\t\t<div class=\"elementor-widget-wrap elementor-element-populated\">\n\t\t\t\t\t\t<div class=\"elementor-element elementor-element-79c82be elementor-widget elementor-widget-heading\" data-id=\"79c82be\" data-element_type=\"widget\" data-widget_type=\"heading.default\">\n\t\t\t\t<div class=\"elementor-widget-container\">\n\t\t\t\t\t<h1 class=\"elementor-heading-title elementor-size-default\">O que \u00e9 prote\u00e7\u00e3o de marca para uma empresa?<\/h1>\t\t\t\t<\/div>\n\t\t\t\t<\/div>\n\t\t\t\t<div class=\"elementor-element elementor-element-763dd55 elementor-widget elementor-widget-text-editor\" data-id=\"763dd55\" data-element_type=\"widget\" data-widget_type=\"text-editor.default\">\n\t\t\t\t<div class=\"elementor-widget-container\">\n\t\t\t\t\t\t\t\t\tUm programa corporativo que protege a reputa\u00e7\u00e3o da marca e a confian\u00e7a do consumidor por meio da prote\u00e7\u00e3o da propriedade intelectual, da detec\u00e7\u00e3o de falsifica\u00e7\u00f5es e desvios e de solu\u00e7\u00f5es de detec\u00e7\u00e3o de fraudes on-line \t\t\t\t\t\t\t\t<\/div>\n\t\t\t\t<\/div>\n\t\t\t\t\t<\/div>\n\t\t<\/div>\n\t\t\t\t\t<\/div>\n\t\t<\/section>\n\t\t\t\t<\/div>","protected":false},"excerpt":{"rendered":"<p>Um programa corporativo que protege a reputa\u00e7\u00e3o da marca e a confian\u00e7a do consumidor por meio da prote\u00e7\u00e3o da propriedade intelectual, da detec\u00e7\u00e3o de falsifica\u00e7\u00f5es e desvios e de solu\u00e7\u00f5es de detec\u00e7\u00e3o de fraudes on-line<\/p>","protected":false},"author":28,"featured_media":0,"parent":14537,"menu_order":0,"comment_status":"closed","ping_status":"closed","template":"elementor_header_footer","meta":{"_acf_changed":false,"footnotes":""},"class_list":["post-15432","page","type-page","status-publish","hentry"],"acf":[],"yoast_head":"<!-- This site is optimized with the Yoast SEO plugin v25.1 - https:\/\/yoast.com\/wordpress\/plugins\/seo\/ -->\n<title>What is brand protection for a company? - Systech<\/title>\n<meta name=\"description\" content=\"A corporate program that safeguards brand reputation and consumer trust through IP protection through anti-counterfeit and diversion detection plus online\" \/>\n<meta name=\"robots\" content=\"index, follow, max-snippet:-1, max-image-preview:large, max-video-preview:-1\" \/>\n<link rel=\"canonical\" href=\"https:\/\/staging.systech.ssdev.ca\/pt\/glossary\/what-is-brand-protection-for-a-company\/\" \/>\n<meta property=\"og:locale\" content=\"pt_BR\" \/>\n<meta property=\"og:type\" content=\"article\" \/>\n<meta property=\"og:title\" content=\"What is brand protection for a company? - Systech\" \/>\n<meta property=\"og:description\" content=\"A corporate program that safeguards brand reputation and consumer trust through IP protection through anti-counterfeit and diversion detection plus online\" \/>\n<meta property=\"og:url\" content=\"https:\/\/staging.systech.ssdev.ca\/pt\/glossary\/what-is-brand-protection-for-a-company\/\" \/>\n<meta property=\"og:site_name\" content=\"Systech\" \/>\n<meta property=\"article:publisher\" content=\"https:\/\/www.facebook.com\/systechone\/\" \/>\n<meta property=\"article:modified_time\" content=\"2025-06-17T14:12:17+00:00\" \/>\n<meta name=\"twitter:card\" content=\"summary_large_image\" \/>\n<meta name=\"twitter:site\" content=\"@systechone\" \/>\n<meta name=\"twitter:label1\" content=\"Est. tempo de leitura\" \/>\n\t<meta name=\"twitter:data1\" content=\"1 minuto\" \/>\n<script type=\"application\/ld+json\" class=\"yoast-schema-graph\">{\"@context\":\"https:\/\/schema.org\",\"@graph\":[{\"@type\":\"WebPage\",\"@id\":\"https:\/\/staging.systech.ssdev.ca\/glossary\/what-is-brand-protection-for-a-company\/\",\"url\":\"https:\/\/staging.systech.ssdev.ca\/glossary\/what-is-brand-protection-for-a-company\/\",\"name\":\"What is brand protection for a company? - Systech\",\"isPartOf\":{\"@id\":\"https:\/\/staging.systech.ssdev.ca\/#website\"},\"datePublished\":\"2023-03-30T15:16:19+00:00\",\"dateModified\":\"2025-06-17T14:12:17+00:00\",\"description\":\"A corporate program that safeguards brand reputation and consumer trust through IP protection through anti-counterfeit and diversion detection plus online\",\"breadcrumb\":{\"@id\":\"https:\/\/staging.systech.ssdev.ca\/glossary\/what-is-brand-protection-for-a-company\/#breadcrumb\"},\"inLanguage\":\"pt-BR\",\"potentialAction\":[{\"@type\":\"ReadAction\",\"target\":[\"https:\/\/staging.systech.ssdev.ca\/glossary\/what-is-brand-protection-for-a-company\/\"]}]},{\"@type\":\"BreadcrumbList\",\"@id\":\"https:\/\/staging.systech.ssdev.ca\/glossary\/what-is-brand-protection-for-a-company\/#breadcrumb\",\"itemListElement\":[{\"@type\":\"ListItem\",\"position\":1,\"name\":\"Home\",\"item\":\"https:\/\/staging.systech.ssdev.ca\/\"},{\"@type\":\"ListItem\",\"position\":2,\"name\":\"Glossary\",\"item\":\"https:\/\/staging.systech.ssdev.ca\/?page_id=14537\"},{\"@type\":\"ListItem\",\"position\":3,\"name\":\"What is brand protection for a company?\"}]},{\"@type\":\"WebSite\",\"@id\":\"https:\/\/staging.systech.ssdev.ca\/#website\",\"url\":\"https:\/\/staging.systech.ssdev.ca\/\",\"name\":\"Systech\",\"description\":\"a solutions division of Markem-Imaje\",\"publisher\":{\"@id\":\"https:\/\/staging.systech.ssdev.ca\/#organization\"},\"potentialAction\":[{\"@type\":\"SearchAction\",\"target\":{\"@type\":\"EntryPoint\",\"urlTemplate\":\"https:\/\/staging.systech.ssdev.ca\/?s={search_term_string}\"},\"query-input\":{\"@type\":\"PropertyValueSpecification\",\"valueRequired\":true,\"valueName\":\"search_term_string\"}}],\"inLanguage\":\"pt-BR\"},{\"@type\":\"Organization\",\"@id\":\"https:\/\/staging.systech.ssdev.ca\/#organization\",\"name\":\"Systech International\",\"url\":\"https:\/\/staging.systech.ssdev.ca\/\",\"logo\":{\"@type\":\"ImageObject\",\"inLanguage\":\"pt-BR\",\"@id\":\"https:\/\/staging.systech.ssdev.ca\/#\/schema\/logo\/image\/\",\"url\":\"https:\/\/staging.systech.ssdev.ca\/wp-content\/uploads\/2018\/04\/systech-logo.png\",\"contentUrl\":\"https:\/\/staging.systech.ssdev.ca\/wp-content\/uploads\/2018\/04\/systech-logo.png\",\"width\":551,\"height\":124,\"caption\":\"Systech International\"},\"image\":{\"@id\":\"https:\/\/staging.systech.ssdev.ca\/#\/schema\/logo\/image\/\"},\"sameAs\":[\"https:\/\/www.facebook.com\/systechone\/\",\"https:\/\/x.com\/systechone\",\"https:\/\/www.linkedin.com\/company\/systech-international\",\"https:\/\/www.youtube.com\/channel\/UC1fz6UKo5eMa1WxgVMGRhpA\/videos\"]}]}<\/script>\n<!-- \/ Yoast SEO plugin. -->","yoast_head_json":{"title":"What is brand protection for a company? - Systech","description":"A corporate program that safeguards brand reputation and consumer trust through IP protection through anti-counterfeit and diversion detection plus online","robots":{"index":"index","follow":"follow","max-snippet":"max-snippet:-1","max-image-preview":"max-image-preview:large","max-video-preview":"max-video-preview:-1"},"canonical":"https:\/\/staging.systech.ssdev.ca\/pt\/glossary\/what-is-brand-protection-for-a-company\/","og_locale":"pt_BR","og_type":"article","og_title":"What is brand protection for a company? - Systech","og_description":"A corporate program that safeguards brand reputation and consumer trust through IP protection through anti-counterfeit and diversion detection plus online","og_url":"https:\/\/staging.systech.ssdev.ca\/pt\/glossary\/what-is-brand-protection-for-a-company\/","og_site_name":"Systech","article_publisher":"https:\/\/www.facebook.com\/systechone\/","article_modified_time":"2025-06-17T14:12:17+00:00","twitter_card":"summary_large_image","twitter_site":"@systechone","twitter_misc":{"Est. tempo de leitura":"1 minuto"},"schema":{"@context":"https:\/\/schema.org","@graph":[{"@type":"WebPage","@id":"https:\/\/staging.systech.ssdev.ca\/glossary\/what-is-brand-protection-for-a-company\/","url":"https:\/\/staging.systech.ssdev.ca\/glossary\/what-is-brand-protection-for-a-company\/","name":"What is brand protection for a company? - Systech","isPartOf":{"@id":"https:\/\/staging.systech.ssdev.ca\/#website"},"datePublished":"2023-03-30T15:16:19+00:00","dateModified":"2025-06-17T14:12:17+00:00","description":"A corporate program that safeguards brand reputation and consumer trust through IP protection through anti-counterfeit and diversion detection plus online","breadcrumb":{"@id":"https:\/\/staging.systech.ssdev.ca\/glossary\/what-is-brand-protection-for-a-company\/#breadcrumb"},"inLanguage":"pt-BR","potentialAction":[{"@type":"ReadAction","target":["https:\/\/staging.systech.ssdev.ca\/glossary\/what-is-brand-protection-for-a-company\/"]}]},{"@type":"BreadcrumbList","@id":"https:\/\/staging.systech.ssdev.ca\/glossary\/what-is-brand-protection-for-a-company\/#breadcrumb","itemListElement":[{"@type":"ListItem","position":1,"name":"Home","item":"https:\/\/staging.systech.ssdev.ca\/"},{"@type":"ListItem","position":2,"name":"Glossary","item":"https:\/\/staging.systech.ssdev.ca\/?page_id=14537"},{"@type":"ListItem","position":3,"name":"What is brand protection for a company?"}]},{"@type":"WebSite","@id":"https:\/\/staging.systech.ssdev.ca\/#website","url":"https:\/\/staging.systech.ssdev.ca\/","name":"Systech","description":"a solutions division of Markem-Imaje","publisher":{"@id":"https:\/\/staging.systech.ssdev.ca\/#organization"},"potentialAction":[{"@type":"SearchAction","target":{"@type":"EntryPoint","urlTemplate":"https:\/\/staging.systech.ssdev.ca\/?s={search_term_string}"},"query-input":{"@type":"PropertyValueSpecification","valueRequired":true,"valueName":"search_term_string"}}],"inLanguage":"pt-BR"},{"@type":"Organization","@id":"https:\/\/staging.systech.ssdev.ca\/#organization","name":"Systech International","url":"https:\/\/staging.systech.ssdev.ca\/","logo":{"@type":"ImageObject","inLanguage":"pt-BR","@id":"https:\/\/staging.systech.ssdev.ca\/#\/schema\/logo\/image\/","url":"https:\/\/staging.systech.ssdev.ca\/wp-content\/uploads\/2018\/04\/systech-logo.png","contentUrl":"https:\/\/staging.systech.ssdev.ca\/wp-content\/uploads\/2018\/04\/systech-logo.png","width":551,"height":124,"caption":"Systech International"},"image":{"@id":"https:\/\/staging.systech.ssdev.ca\/#\/schema\/logo\/image\/"},"sameAs":["https:\/\/www.facebook.com\/systechone\/","https:\/\/x.com\/systechone","https:\/\/www.linkedin.com\/company\/systech-international","https:\/\/www.youtube.com\/channel\/UC1fz6UKo5eMa1WxgVMGRhpA\/videos"]}]}},"_links":{"self":[{"href":"https:\/\/staging.systech.ssdev.ca\/pt\/wp-json\/wp\/v2\/pages\/15432","targetHints":{"allow":["GET"]}}],"collection":[{"href":"https:\/\/staging.systech.ssdev.ca\/pt\/wp-json\/wp\/v2\/pages"}],"about":[{"href":"https:\/\/staging.systech.ssdev.ca\/pt\/wp-json\/wp\/v2\/types\/page"}],"author":[{"embeddable":true,"href":"https:\/\/staging.systech.ssdev.ca\/pt\/wp-json\/wp\/v2\/users\/28"}],"replies":[{"embeddable":true,"href":"https:\/\/staging.systech.ssdev.ca\/pt\/wp-json\/wp\/v2\/comments?post=15432"}],"version-history":[{"count":3,"href":"https:\/\/staging.systech.ssdev.ca\/pt\/wp-json\/wp\/v2\/pages\/15432\/revisions"}],"predecessor-version":[{"id":34020,"href":"https:\/\/staging.systech.ssdev.ca\/pt\/wp-json\/wp\/v2\/pages\/15432\/revisions\/34020"}],"up":[{"embeddable":true,"href":"https:\/\/staging.systech.ssdev.ca\/pt\/wp-json\/wp\/v2\/pages\/14537"}],"wp:attachment":[{"href":"https:\/\/staging.systech.ssdev.ca\/pt\/wp-json\/wp\/v2\/media?parent=15432"}],"curies":[{"name":"wp","href":"https:\/\/api.w.org\/{rel}","templated":true}]}}