{"id":15398,"date":"2023-03-30T11:06:53","date_gmt":"2023-03-30T15:06:53","guid":{"rendered":"https:\/\/www.systechone.com\/glossary\/what-is-product-diversion\/"},"modified":"2025-06-17T10:10:32","modified_gmt":"2025-06-17T14:10:32","slug":"what-is-aggregation","status":"publish","type":"page","link":"https:\/\/staging.systech.ssdev.ca\/pt\/glossary\/what-is-aggregation\/","title":{"rendered":"O que \u00e9 agrega\u00e7\u00e3o?"},"content":{"rendered":"<div data-elementor-type=\"wp-page\" data-elementor-id=\"15398\" class=\"elementor elementor-15398\" data-elementor-post-type=\"page\">\n\t\t\t\t\t\t<section class=\"elementor-section elementor-top-section elementor-element elementor-element-26237834 elementor-section-boxed elementor-section-height-default elementor-section-height-default\" data-id=\"26237834\" data-element_type=\"section\">\n\t\t\t\t\t\t<div class=\"elementor-container elementor-column-gap-default\">\n\t\t\t\t\t<div class=\"elementor-column elementor-col-100 elementor-top-column elementor-element elementor-element-7e6fc166\" data-id=\"7e6fc166\" data-element_type=\"column\">\n\t\t\t<div class=\"elementor-widget-wrap elementor-element-populated\">\n\t\t\t\t\t\t<div class=\"elementor-element elementor-element-79c82be elementor-widget elementor-widget-heading\" data-id=\"79c82be\" data-element_type=\"widget\" data-widget_type=\"heading.default\">\n\t\t\t\t<div class=\"elementor-widget-container\">\n\t\t\t\t\t<h1 class=\"elementor-heading-title elementor-size-default\">O que \u00e9 agrega\u00e7\u00e3o?<\/h1>\t\t\t\t<\/div>\n\t\t\t\t<\/div>\n\t\t\t\t<div class=\"elementor-element elementor-element-763dd55 elementor-widget elementor-widget-text-editor\" data-id=\"763dd55\" data-element_type=\"widget\" data-widget_type=\"text-editor.default\">\n\t\t\t\t<div class=\"elementor-widget-container\">\n\t\t\t\t\t\t\t\t\t<p>A agrega\u00e7\u00e3o \u00e9 uma t\u00e9cnica usada em conjunto com a serializa\u00e7\u00e3o que estabelece e registra a rela\u00e7\u00e3o entre um objeto serializado e seu cont\u00eainer, que tamb\u00e9m \u00e9 serializado. A agrega\u00e7\u00e3o \u00e9 usada com mais frequ\u00eancia na cadeia de suprimentos para colocar unidades de embalagem menores dentro de unidades maiores, como caixas de papel\u00e3o embaladas em caixas e caixas em paletes. A rela\u00e7\u00e3o de agrega\u00e7\u00e3o reflete diretamente a embalagem f\u00edsica dos objetos em seu cont\u00eainer.<\/p><p>A agrega\u00e7\u00e3o n\u00e3o \u00e9 um requisito da serializa\u00e7\u00e3o, seja do ponto de vista processual ou legal. Por exemplo, v\u00e1rias regulamenta\u00e7\u00f5es do setor farmac\u00eautico em todo o mundo que exigem a serializa\u00e7\u00e3o tamb\u00e9m n\u00e3o exigem a agrega\u00e7\u00e3o. No entanto, embora a capacidade de agrega\u00e7\u00e3o exija algum investimento e esfor\u00e7o para ser implementada, ela pode trazer benef\u00edcios para o implementador e seus parceiros comerciais, al\u00e9m da mera conformidade regulamentar.<\/p>\t\t\t\t\t\t\t\t<\/div>\n\t\t\t\t<\/div>\n\t\t\t\t<div class=\"elementor-element elementor-element-2540102 dce_masking-none elementor-widget elementor-widget-video\" data-id=\"2540102\" data-element_type=\"widget\" data-settings=\"{&quot;youtube_url&quot;:&quot;https:\\\/\\\/www.youtube.com\\\/watch?v=iolzTsG0TrM&quot;,&quot;video_type&quot;:&quot;youtube&quot;,&quot;controls&quot;:&quot;yes&quot;}\" data-widget_type=\"video.default\">\n\t\t\t\t<div class=\"elementor-widget-container\">\n\t\t\t\t\t\t\t<div class=\"elementor-wrapper elementor-open-inline\">\n\t\t\t<div class=\"elementor-video\"><\/div>\t\t<\/div>\n\t\t\t\t\t\t<\/div>\n\t\t\t\t<\/div>\n\t\t\t\t<div class=\"elementor-element elementor-element-469cd23 elementor-widget elementor-widget-text-editor\" data-id=\"469cd23\" data-element_type=\"widget\" data-widget_type=\"text-editor.default\">\n\t\t\t\t<div class=\"elementor-widget-container\">\n\t\t\t\t\t\t\t\t\t<h2>Terminologia<\/h2><p>Como a agrega\u00e7\u00e3o geralmente caracteriza um cont\u00eainer e seu conte\u00fado (uma rela\u00e7\u00e3o de um para muitos), e como os cont\u00eaineres geralmente s\u00e3o vistos como superiores aos itens que cont\u00eam, os termos familiares geralmente s\u00e3o usados para descrever diferentes n\u00edveis. Um item que \u00e9 acondicionado em um cont\u00eainer \u00e9 chamado de filho, enquanto o cont\u00eainer no qual ele \u00e9 acondicionado \u00e9 o pai. Em um cen\u00e1rio de v\u00e1rios n\u00edveis, como unidade\/caixa\/palete, o cont\u00eainer do cont\u00eainer (o palete) pode ser chamado de av\u00f4. Um item que n\u00e3o foi embalado e, portanto, n\u00e3o tem pai ou m\u00e3e, \u00e9 chamado de \u00f3rf\u00e3o.<\/p><h2>Benef\u00edcios<\/h2><p>Para o fabricante de um produto, \u00e9 uma regra razo\u00e1vel que apenas o produto que est\u00e1 totalmente embalado para envio seja considerado v\u00e1lido. Como a agrega\u00e7\u00e3o permite que os sistemas de automa\u00e7\u00e3o estejam cientes do estado de embalagem dos objetos, \u00e9 poss\u00edvel programar esses sistemas para desativar automaticamente (invalidar) os n\u00fameros de s\u00e9rie associados aos \u00f3rf\u00e3os. Ao adotar essa medida, mesmo que o produto f\u00edsico seja enviado acidentalmente, uma verifica\u00e7\u00e3o do n\u00famero de s\u00e9rie confirmar\u00e1 que ele \u00e9 inv\u00e1lido e poder\u00e1 ser tomada uma a\u00e7\u00e3o corretiva, proporcionando uma prote\u00e7\u00e3o importante na cadeia de suprimentos.<\/p><p>Para os parceiros comerciais, um dos maiores desafios associados a produtos serializados \u00e9 a verifica\u00e7\u00e3o dos n\u00fameros de s\u00e9rie associados a uma remessa. Se o suporte de dados para n\u00fameros de s\u00e9rie for um c\u00f3digo de barras ou um s\u00edmbolo 2D, a \u00fanica maneira de verificar fisicamente os n\u00fameros dos objetos embalados \u00e9 remov\u00ea-los de seus cont\u00eaineres. Isso representaria uma grande interrup\u00e7\u00e3o nos processos dos parceiros de downstream de um fabricante. No entanto, se os dados de remessa inclu\u00edrem informa\u00e7\u00f5es completas de agrega\u00e7\u00e3o e houver confian\u00e7a suficiente nos processos de embalagem do fabricante, o parceiro poder\u00e1 inferir a presen\u00e7a de n\u00fameros de s\u00e9rie de n\u00edvel inferior verificando os n\u00fameros de s\u00e9rie dos pais.<\/p><p>A agrega\u00e7\u00e3o pode proporcionar uma verifica\u00e7\u00e3o adicional de intrus\u00f5es na cadeia de suprimentos, como falsifica\u00e7\u00e3o ou comercializa\u00e7\u00e3o ilegal. As rela\u00e7\u00f5es de agrega\u00e7\u00e3o entre pais e filhos podem ser comparadas com os dados registrados durante a embalagem original do produto. Se essas rela\u00e7\u00f5es forem diferentes, isso \u00e9 um alerta de que a remessa foi adulterada, e uma a\u00e7\u00e3o corretiva deve ser iniciada.<\/p>\t\t\t\t\t\t\t\t<\/div>\n\t\t\t\t<\/div>\n\t\t\t\t\t<\/div>\n\t\t<\/div>\n\t\t\t\t\t<\/div>\n\t\t<\/section>\n\t\t\t\t<\/div>","protected":false},"excerpt":{"rendered":"<p>A agrega\u00e7\u00e3o \u00e9 uma t\u00e9cnica usada em conjunto com a serializa\u00e7\u00e3o que estabelece e registra a rela\u00e7\u00e3o entre um objeto serializado e seu cont\u00eainer, que tamb\u00e9m \u00e9 serializado. A agrega\u00e7\u00e3o \u00e9 usada com mais frequ\u00eancia na cadeia de suprimentos para colocar unidades de embalagem menores dentro de outras maiores, como caixas de papel\u00e3o embaladas em caixas e caixas em paletes. O [...]<\/p>","protected":false},"author":28,"featured_media":0,"parent":14537,"menu_order":0,"comment_status":"closed","ping_status":"closed","template":"elementor_header_footer","meta":{"_acf_changed":false,"footnotes":""},"class_list":["post-15398","page","type-page","status-publish","hentry"],"acf":[],"yoast_head":"<!-- This site is optimized with the Yoast SEO plugin v25.1 - https:\/\/yoast.com\/wordpress\/plugins\/seo\/ -->\n<title>What is aggregation? - Systech<\/title>\n<meta name=\"description\" content=\"Aggregation is a technique used in conjunction with serialization that establishes and records the relationship between a serialized object and its\" \/>\n<meta name=\"robots\" content=\"index, follow, max-snippet:-1, max-image-preview:large, max-video-preview:-1\" \/>\n<link rel=\"canonical\" href=\"https:\/\/staging.systech.ssdev.ca\/pt\/glossary\/what-is-aggregation\/\" \/>\n<meta property=\"og:locale\" content=\"pt_BR\" \/>\n<meta property=\"og:type\" content=\"article\" \/>\n<meta property=\"og:title\" content=\"What is aggregation? - Systech\" \/>\n<meta property=\"og:description\" content=\"Aggregation is a technique used in conjunction with serialization that establishes and records the relationship between a serialized object and its\" \/>\n<meta property=\"og:url\" content=\"https:\/\/staging.systech.ssdev.ca\/pt\/glossary\/what-is-aggregation\/\" \/>\n<meta property=\"og:site_name\" content=\"Systech\" \/>\n<meta property=\"article:publisher\" content=\"https:\/\/www.facebook.com\/systechone\/\" \/>\n<meta property=\"article:modified_time\" content=\"2025-06-17T14:10:32+00:00\" \/>\n<meta name=\"twitter:card\" content=\"summary_large_image\" \/>\n<meta name=\"twitter:site\" content=\"@systechone\" \/>\n<script type=\"application\/ld+json\" class=\"yoast-schema-graph\">{\"@context\":\"https:\/\/schema.org\",\"@graph\":[{\"@type\":\"WebPage\",\"@id\":\"https:\/\/staging.systech.ssdev.ca\/glossary\/what-is-aggregation\/\",\"url\":\"https:\/\/staging.systech.ssdev.ca\/glossary\/what-is-aggregation\/\",\"name\":\"What is aggregation? - Systech\",\"isPartOf\":{\"@id\":\"https:\/\/staging.systech.ssdev.ca\/#website\"},\"datePublished\":\"2023-03-30T15:06:53+00:00\",\"dateModified\":\"2025-06-17T14:10:32+00:00\",\"description\":\"Aggregation is a technique used in conjunction with serialization that establishes and records the relationship between a serialized object and its\",\"breadcrumb\":{\"@id\":\"https:\/\/staging.systech.ssdev.ca\/glossary\/what-is-aggregation\/#breadcrumb\"},\"inLanguage\":\"pt-BR\",\"potentialAction\":[{\"@type\":\"ReadAction\",\"target\":[\"https:\/\/staging.systech.ssdev.ca\/glossary\/what-is-aggregation\/\"]}]},{\"@type\":\"BreadcrumbList\",\"@id\":\"https:\/\/staging.systech.ssdev.ca\/glossary\/what-is-aggregation\/#breadcrumb\",\"itemListElement\":[{\"@type\":\"ListItem\",\"position\":1,\"name\":\"Home\",\"item\":\"https:\/\/staging.systech.ssdev.ca\/\"},{\"@type\":\"ListItem\",\"position\":2,\"name\":\"Glossary\",\"item\":\"https:\/\/staging.systech.ssdev.ca\/?page_id=14537\"},{\"@type\":\"ListItem\",\"position\":3,\"name\":\"What is aggregation?\"}]},{\"@type\":\"WebSite\",\"@id\":\"https:\/\/staging.systech.ssdev.ca\/#website\",\"url\":\"https:\/\/staging.systech.ssdev.ca\/\",\"name\":\"Systech\",\"description\":\"a solutions division of Markem-Imaje\",\"publisher\":{\"@id\":\"https:\/\/staging.systech.ssdev.ca\/#organization\"},\"potentialAction\":[{\"@type\":\"SearchAction\",\"target\":{\"@type\":\"EntryPoint\",\"urlTemplate\":\"https:\/\/staging.systech.ssdev.ca\/?s={search_term_string}\"},\"query-input\":{\"@type\":\"PropertyValueSpecification\",\"valueRequired\":true,\"valueName\":\"search_term_string\"}}],\"inLanguage\":\"pt-BR\"},{\"@type\":\"Organization\",\"@id\":\"https:\/\/staging.systech.ssdev.ca\/#organization\",\"name\":\"Systech International\",\"url\":\"https:\/\/staging.systech.ssdev.ca\/\",\"logo\":{\"@type\":\"ImageObject\",\"inLanguage\":\"pt-BR\",\"@id\":\"https:\/\/staging.systech.ssdev.ca\/#\/schema\/logo\/image\/\",\"url\":\"https:\/\/staging.systech.ssdev.ca\/wp-content\/uploads\/2018\/04\/systech-logo.png\",\"contentUrl\":\"https:\/\/staging.systech.ssdev.ca\/wp-content\/uploads\/2018\/04\/systech-logo.png\",\"width\":551,\"height\":124,\"caption\":\"Systech International\"},\"image\":{\"@id\":\"https:\/\/staging.systech.ssdev.ca\/#\/schema\/logo\/image\/\"},\"sameAs\":[\"https:\/\/www.facebook.com\/systechone\/\",\"https:\/\/x.com\/systechone\",\"https:\/\/www.linkedin.com\/company\/systech-international\",\"https:\/\/www.youtube.com\/channel\/UC1fz6UKo5eMa1WxgVMGRhpA\/videos\"]}]}<\/script>\n<!-- \/ Yoast SEO plugin. -->","yoast_head_json":{"title":"What is aggregation? - Systech","description":"Aggregation is a technique used in conjunction with serialization that establishes and records the relationship between a serialized object and its","robots":{"index":"index","follow":"follow","max-snippet":"max-snippet:-1","max-image-preview":"max-image-preview:large","max-video-preview":"max-video-preview:-1"},"canonical":"https:\/\/staging.systech.ssdev.ca\/pt\/glossary\/what-is-aggregation\/","og_locale":"pt_BR","og_type":"article","og_title":"What is aggregation? - Systech","og_description":"Aggregation is a technique used in conjunction with serialization that establishes and records the relationship between a serialized object and its","og_url":"https:\/\/staging.systech.ssdev.ca\/pt\/glossary\/what-is-aggregation\/","og_site_name":"Systech","article_publisher":"https:\/\/www.facebook.com\/systechone\/","article_modified_time":"2025-06-17T14:10:32+00:00","twitter_card":"summary_large_image","twitter_site":"@systechone","schema":{"@context":"https:\/\/schema.org","@graph":[{"@type":"WebPage","@id":"https:\/\/staging.systech.ssdev.ca\/glossary\/what-is-aggregation\/","url":"https:\/\/staging.systech.ssdev.ca\/glossary\/what-is-aggregation\/","name":"What is aggregation? - Systech","isPartOf":{"@id":"https:\/\/staging.systech.ssdev.ca\/#website"},"datePublished":"2023-03-30T15:06:53+00:00","dateModified":"2025-06-17T14:10:32+00:00","description":"Aggregation is a technique used in conjunction with serialization that establishes and records the relationship between a serialized object and its","breadcrumb":{"@id":"https:\/\/staging.systech.ssdev.ca\/glossary\/what-is-aggregation\/#breadcrumb"},"inLanguage":"pt-BR","potentialAction":[{"@type":"ReadAction","target":["https:\/\/staging.systech.ssdev.ca\/glossary\/what-is-aggregation\/"]}]},{"@type":"BreadcrumbList","@id":"https:\/\/staging.systech.ssdev.ca\/glossary\/what-is-aggregation\/#breadcrumb","itemListElement":[{"@type":"ListItem","position":1,"name":"Home","item":"https:\/\/staging.systech.ssdev.ca\/"},{"@type":"ListItem","position":2,"name":"Glossary","item":"https:\/\/staging.systech.ssdev.ca\/?page_id=14537"},{"@type":"ListItem","position":3,"name":"What is aggregation?"}]},{"@type":"WebSite","@id":"https:\/\/staging.systech.ssdev.ca\/#website","url":"https:\/\/staging.systech.ssdev.ca\/","name":"Systech","description":"a solutions division of Markem-Imaje","publisher":{"@id":"https:\/\/staging.systech.ssdev.ca\/#organization"},"potentialAction":[{"@type":"SearchAction","target":{"@type":"EntryPoint","urlTemplate":"https:\/\/staging.systech.ssdev.ca\/?s={search_term_string}"},"query-input":{"@type":"PropertyValueSpecification","valueRequired":true,"valueName":"search_term_string"}}],"inLanguage":"pt-BR"},{"@type":"Organization","@id":"https:\/\/staging.systech.ssdev.ca\/#organization","name":"Systech International","url":"https:\/\/staging.systech.ssdev.ca\/","logo":{"@type":"ImageObject","inLanguage":"pt-BR","@id":"https:\/\/staging.systech.ssdev.ca\/#\/schema\/logo\/image\/","url":"https:\/\/staging.systech.ssdev.ca\/wp-content\/uploads\/2018\/04\/systech-logo.png","contentUrl":"https:\/\/staging.systech.ssdev.ca\/wp-content\/uploads\/2018\/04\/systech-logo.png","width":551,"height":124,"caption":"Systech International"},"image":{"@id":"https:\/\/staging.systech.ssdev.ca\/#\/schema\/logo\/image\/"},"sameAs":["https:\/\/www.facebook.com\/systechone\/","https:\/\/x.com\/systechone","https:\/\/www.linkedin.com\/company\/systech-international","https:\/\/www.youtube.com\/channel\/UC1fz6UKo5eMa1WxgVMGRhpA\/videos"]}]}},"_links":{"self":[{"href":"https:\/\/staging.systech.ssdev.ca\/pt\/wp-json\/wp\/v2\/pages\/15398","targetHints":{"allow":["GET"]}}],"collection":[{"href":"https:\/\/staging.systech.ssdev.ca\/pt\/wp-json\/wp\/v2\/pages"}],"about":[{"href":"https:\/\/staging.systech.ssdev.ca\/pt\/wp-json\/wp\/v2\/types\/page"}],"author":[{"embeddable":true,"href":"https:\/\/staging.systech.ssdev.ca\/pt\/wp-json\/wp\/v2\/users\/28"}],"replies":[{"embeddable":true,"href":"https:\/\/staging.systech.ssdev.ca\/pt\/wp-json\/wp\/v2\/comments?post=15398"}],"version-history":[{"count":3,"href":"https:\/\/staging.systech.ssdev.ca\/pt\/wp-json\/wp\/v2\/pages\/15398\/revisions"}],"predecessor-version":[{"id":34002,"href":"https:\/\/staging.systech.ssdev.ca\/pt\/wp-json\/wp\/v2\/pages\/15398\/revisions\/34002"}],"up":[{"embeddable":true,"href":"https:\/\/staging.systech.ssdev.ca\/pt\/wp-json\/wp\/v2\/pages\/14537"}],"wp:attachment":[{"href":"https:\/\/staging.systech.ssdev.ca\/pt\/wp-json\/wp\/v2\/media?parent=15398"}],"curies":[{"name":"wp","href":"https:\/\/api.w.org\/{rel}","templated":true}]}}