{"id":37108,"date":"2025-11-18T01:07:30","date_gmt":"2025-11-18T06:07:30","guid":{"rendered":"https:\/\/staging.systech.ssdev.ca\/?page_id=37108"},"modified":"2025-11-18T23:04:31","modified_gmt":"2025-11-19T04:04:31","slug":"optimizing-your-data-for-the-reimagined-drug-supply-chain","status":"publish","type":"page","link":"https:\/\/staging.systech.ssdev.ca\/fr\/optimizing-your-data-for-the-reimagined-drug-supply-chain\/","title":{"rendered":"Webinaire : Optimiser vos donn\u00e9es pour une cha\u00eene d'approvisionnement en m\u00e9dicaments repens\u00e9e"},"content":{"rendered":"<div data-elementor-type=\"wp-page\" data-elementor-id=\"37108\" class=\"elementor elementor-37108\" data-elementor-post-type=\"page\">\n\t\t\t\t<div data-dce-background-overlay-color=\"#22B8B0\" data-dce-background-image-url=\"https:\/\/staging.systech.ssdev.ca\/wp-content\/uploads\/2025\/11\/Systech-DSCSA-stabilization-webinar2-banner_11-2023.png\" class=\"elementor-element elementor-element-c45c5ee e-flex e-con-boxed e-con e-parent\" data-id=\"c45c5ee\" data-element_type=\"container\" data-settings=\"{&quot;background_background&quot;:&quot;classic&quot;}\">\n\t\t\t\t\t<div class=\"e-con-inner\">\n\t\t<div class=\"elementor-element elementor-element-6c89efd e-con-full e-flex e-con e-child\" data-id=\"6c89efd\" data-element_type=\"container\">\n\t\t\t\t<div class=\"elementor-element elementor-element-1f28def elementor-widget elementor-widget-heading\" data-id=\"1f28def\" data-element_type=\"widget\" data-widget_type=\"heading.default\">\n\t\t\t\t<div class=\"elementor-widget-container\">\n\t\t\t\t\t<h6 class=\"elementor-heading-title elementor-size-default\">WEBINAIRE \u00c0 LA DEMANDE\n<\/h6>\t\t\t\t<\/div>\n\t\t\t\t<\/div>\n\t\t\t\t<div class=\"elementor-element elementor-element-253b241 elementor-widget elementor-widget-heading\" data-id=\"253b241\" data-element_type=\"widget\" data-widget_type=\"heading.default\">\n\t\t\t\t<div class=\"elementor-widget-container\">\n\t\t\t\t\t<h1 class=\"elementor-heading-title elementor-size-default\">Optimiser vos donn\u00e9es pour une cha\u00eene d'approvisionnement en m\u00e9dicaments repens\u00e9e<\/h1>\t\t\t\t<\/div>\n\t\t\t\t<\/div>\n\t\t\t\t<\/div>\n\t\t\t\t\t<\/div>\n\t\t\t\t<\/div>\n\t\t<div class=\"elementor-element elementor-element-b3c4743 e-flex e-con-boxed e-con e-parent\" data-id=\"b3c4743\" data-element_type=\"container\">\n\t\t\t\t\t<div class=\"e-con-inner\">\n\t\t<div class=\"elementor-element elementor-element-bbded74 e-con-full e-flex e-con e-child\" data-id=\"bbded74\" data-element_type=\"container\">\n\t\t\t\t<div class=\"elementor-element elementor-element-0af81b2 elementor-widget elementor-widget-text-editor\" data-id=\"0af81b2\" data-element_type=\"widget\" data-widget_type=\"text-editor.default\">\n\t\t\t\t<div class=\"elementor-widget-container\">\n\t\t\t\t\t\t\t\t\t<p>Lorsque la DSCSA a \u00e9t\u00e9 cr\u00e9\u00e9e en 2013, l'industrie pharmaceutique s'est engag\u00e9e dans la voie de la cr\u00e9ation d'une cha\u00eene d'approvisionnement fond\u00e9e sur les donn\u00e9es. Les fabricants de m\u00e9dicaments ont entrepris ce voyage de plusieurs ann\u00e9es, mettant en \u0153uvre des produits s\u00e9rialis\u00e9s, \u00e9tablissant la capacit\u00e9 de v\u00e9rifier les retours vendables, et aboutissant maintenant en 2023 \u00e0 une cha\u00eene d'approvisionnement interop\u00e9rable pour suivre et tracer tous les m\u00e9dicaments d\u00e9livr\u00e9s sur ordonnance aux \u00c9tats-Unis.<br \/><br \/>Les donn\u00e9es en arri\u00e8re-plan doivent correspondre et refl\u00e9ter les biens physiques qui circulent dans la cha\u00eene d'approvisionnement. Si ce n'est pas le cas, les fabricants risquent de voir leurs produits bloqu\u00e9s et de provoquer des retards de livraison de m\u00e9dicaments jusqu'\u00e0 ce que les donn\u00e9es et les produits soient r\u00e9concili\u00e9s. Dans ce webinaire, nous discuterons des quatre principaux \u00e9l\u00e9ments de la conformit\u00e9 et de la mani\u00e8re dont les donn\u00e9es doivent \u00eatre correctes pour que les produits puissent circuler :<\/p><p>\u00c9change de donn\u00e9es (EPCIS et agr\u00e9gation)<br \/>Exigences en mati\u00e8re de v\u00e9rification des articles<br \/>Accr\u00e9ditation<br \/>Tra\u00e7age<\/p>\t\t\t\t\t\t\t\t<\/div>\n\t\t\t\t<\/div>\n\t\t\t\t<\/div>\n\t\t<div class=\"elementor-element elementor-element-508bdab e-con-full e-flex e-con e-child\" data-id=\"508bdab\" data-element_type=\"container\">\n\t\t<div data-dce-background-color=\"#F2F2F4\" class=\"elementor-element elementor-element-b652c84 e-con-full e-flex e-con e-child\" data-id=\"b652c84\" data-element_type=\"container\" id=\"content-form\" data-settings=\"{&quot;background_background&quot;:&quot;classic&quot;}\">\n\t\t\t\t<div class=\"elementor-element elementor-element-b23d18f elementor-widget elementor-widget-heading\" data-id=\"b23d18f\" data-element_type=\"widget\" data-widget_type=\"heading.default\">\n\t\t\t\t<div class=\"elementor-widget-container\">\n\t\t\t\t\t<h4 class=\"elementor-heading-title elementor-size-default\">Acc\u00e9der au webinaire \u00e0 la demande\n\n<\/h4>\t\t\t\t<\/div>\n\t\t\t\t<\/div>\n\t\t\t\t<div class=\"elementor-element elementor-element-8cd3bd7 elementor-widget elementor-widget-html\" data-id=\"8cd3bd7\" data-element_type=\"widget\" data-widget_type=\"html.default\">\n\t\t\t\t<div class=\"elementor-widget-container\">\n\t\t\t\t\t<script src=\"\/\/info.systechone.com\/js\/forms2\/js\/forms2.min.js\"><\/script> <form id=\"mktoForm_1079\" action=\"\"><input type=\"hidden\" name=\"trp-form-language\" value=\"fr\"\/><\/form> <script>MktoForms2.loadForm(\"\/\/info.systechone.com\", \"304-PSB-492\", 1079);<\/script>\t\t\t\t<\/div>\n\t\t\t\t<\/div>\n\t\t\t\t<\/div>\n\t\t\t\t<\/div>\n\t\t\t\t\t<\/div>\n\t\t\t\t<\/div>\n\t\t<div class=\"elementor-element elementor-element-0cbc36c e-flex e-con-boxed e-con e-parent\" data-id=\"0cbc36c\" data-element_type=\"container\">\n\t\t\t\t\t<div class=\"e-con-inner\">\n\t\t\t\t<div class=\"elementor-element elementor-element-605121e elementor-widget elementor-widget-heading\" data-id=\"605121e\" data-element_type=\"widget\" data-widget_type=\"heading.default\">\n\t\t\t\t<div class=\"elementor-widget-container\">\n\t\t\t\t\t<h3 class=\"elementor-heading-title elementor-size-default\">Intervenants\n<\/h3>\t\t\t\t<\/div>\n\t\t\t\t<\/div>\n\t\t<div class=\"elementor-element elementor-element-fa7f39c e-grid e-con-full e-con e-child\" data-id=\"fa7f39c\" data-element_type=\"container\">\n\t\t<div class=\"elementor-element elementor-element-40b4e4c e-con-full e-flex e-con e-child\" data-id=\"40b4e4c\" data-element_type=\"container\">\n\t\t<div class=\"elementor-element elementor-element-31ddbbd e-con-full e-flex e-con e-child\" data-id=\"31ddbbd\" data-element_type=\"container\">\n\t\t<div class=\"elementor-element elementor-element-38852a9 e-con-full e-flex e-con e-child\" data-id=\"38852a9\" data-element_type=\"container\">\n\t\t\t\t<div class=\"elementor-element elementor-element-51ab190 dce_masking-none elementor-widget elementor-widget-image\" data-id=\"51ab190\" data-element_type=\"widget\" data-widget_type=\"image.default\">\n\t\t\t\t<div class=\"elementor-widget-container\">\n\t\t\t\t\t\t\t\t\t\t\t\t\t\t\t<img loading=\"lazy\" decoding=\"async\" width=\"100\" height=\"100\" src=\"https:\/\/staging.systech.ssdev.ca\/wp-content\/uploads\/2025\/11\/unnamed.png\" class=\"attachment-medium size-medium wp-image-37202\" alt=\"\" srcset=\"https:\/\/staging.systech.ssdev.ca\/wp-content\/uploads\/2025\/11\/unnamed.png 100w, https:\/\/staging.systech.ssdev.ca\/wp-content\/uploads\/2025\/11\/unnamed-12x12.png 12w\" sizes=\"auto, (max-width: 100px) 100vw, 100px\" \/>\t\t\t\t\t\t\t\t\t\t\t\t\t\t\t<\/div>\n\t\t\t\t<\/div>\n\t\t\t\t<\/div>\n\t\t<div class=\"elementor-element elementor-element-fc3cade e-con-full e-flex e-con e-child\" data-id=\"fc3cade\" data-element_type=\"container\">\n\t\t\t\t<div class=\"elementor-element elementor-element-818bcba elementor-widget elementor-widget-heading\" data-id=\"818bcba\" data-element_type=\"widget\" data-widget_type=\"heading.default\">\n\t\t\t\t<div class=\"elementor-widget-container\">\n\t\t\t\t\t<h6 class=\"elementor-heading-title elementor-size-default\">Kunal Gupta\n<\/h6>\t\t\t\t<\/div>\n\t\t\t\t<\/div>\n\t\t\t\t<div class=\"elementor-element elementor-element-c05bde8 elementor-widget elementor-widget-text-editor\" data-id=\"c05bde8\" data-element_type=\"widget\" data-widget_type=\"text-editor.default\">\n\t\t\t\t<div class=\"elementor-widget-container\">\n\t\t\t\t\t\t\t\t\t<p><strong>PDG<br \/>Emballages Nutra-Med<\/strong><\/p>\t\t\t\t\t\t\t\t<\/div>\n\t\t\t\t<\/div>\n\t\t\t\t<\/div>\n\t\t\t\t<\/div>\n\t\t<div class=\"elementor-element elementor-element-09dd6c4 e-con-full e-flex e-con e-child\" data-id=\"09dd6c4\" data-element_type=\"container\">\n\t\t\t\t<div class=\"elementor-element elementor-element-3e52eb1 elementor-widget elementor-widget-text-editor\" data-id=\"3e52eb1\" data-element_type=\"widget\" data-widget_type=\"text-editor.default\">\n\t\t\t\t<div class=\"elementor-widget-container\">\n\t\t\t\t\t\t\t\t\t<p>Form\u00e9 par son p\u00e8re, le fondateur de l'entreprise, Kunal a travaill\u00e9 depuis le d\u00e9but chez Nutra-Med, depuis son premier emploi en tant qu'inspecteur de l'assurance qualit\u00e9, en passant par la ligne de production, le d\u00e9placement de palettes, la gestion de projets et le d\u00e9veloppement commercial, jusqu'\u00e0 l'ensemble des op\u00e9rations et de la strat\u00e9gie. Kunal croit en une commande minimale de 1 et en un d\u00e9lai d'ex\u00e9cution d'un jour, et il a mis en place une \u00e9quipe de direction qui s'efforce de concr\u00e9tiser cette vision. Aujourd'hui, Nutra-Med est un conditionneur \u00e0 fa\u00e7on de produits pharmaceutiques tr\u00e8s respect\u00e9 et leader de l'industrie, avec un engagement inflexible en mati\u00e8re de service et de qualit\u00e9.<\/p><p><br \/>Kunal a obtenu son MBA avec mention \u00e0 la Wharton School de l'universit\u00e9 de Pennsylvanie et a \u00e9t\u00e9 dipl\u00f4m\u00e9 du Jerome Fisher Program in Management and Technology de l'universit\u00e9 de Pennsylvanie, avec une licence en ing\u00e9nierie de la School of Engineering and Applied Science et une licence en \u00e9conomie de la Wharton School.<\/p>\t\t\t\t\t\t\t\t<\/div>\n\t\t\t\t<\/div>\n\t\t\t\t<\/div>\n\t\t\t\t<\/div>\n\t\t<div class=\"elementor-element elementor-element-f607bc2 e-con-full e-flex e-con e-child\" data-id=\"f607bc2\" data-element_type=\"container\">\n\t\t<div class=\"elementor-element elementor-element-4c6bb12 e-con-full e-flex e-con e-child\" data-id=\"4c6bb12\" data-element_type=\"container\">\n\t\t<div class=\"elementor-element elementor-element-e10c8eb e-con-full e-flex e-con e-child\" data-id=\"e10c8eb\" data-element_type=\"container\">\n\t\t\t\t<div class=\"elementor-element elementor-element-3dd04f2 dce_masking-none elementor-widget elementor-widget-image\" data-id=\"3dd04f2\" data-element_type=\"widget\" data-widget_type=\"image.default\">\n\t\t\t\t<div class=\"elementor-widget-container\">\n\t\t\t\t\t\t\t\t\t\t\t\t\t\t\t<img loading=\"lazy\" decoding=\"async\" width=\"248\" height=\"248\" src=\"https:\/\/staging.systech.ssdev.ca\/wp-content\/uploads\/2025\/11\/steve-t.jpg\" class=\"attachment-medium size-medium wp-image-37721\" alt=\"\" srcset=\"https:\/\/staging.systech.ssdev.ca\/wp-content\/uploads\/2025\/11\/steve-t.jpg 248w, https:\/\/staging.systech.ssdev.ca\/wp-content\/uploads\/2025\/11\/steve-t-150x150.jpg 150w, https:\/\/staging.systech.ssdev.ca\/wp-content\/uploads\/2025\/11\/steve-t-12x12.jpg 12w\" sizes=\"auto, (max-width: 248px) 100vw, 248px\" \/>\t\t\t\t\t\t\t\t\t\t\t\t\t\t\t<\/div>\n\t\t\t\t<\/div>\n\t\t\t\t<\/div>\n\t\t<div class=\"elementor-element elementor-element-54faa31 e-con-full e-flex e-con e-child\" data-id=\"54faa31\" data-element_type=\"container\">\n\t\t\t\t<div class=\"elementor-element elementor-element-44b60a5 elementor-widget elementor-widget-heading\" data-id=\"44b60a5\" data-element_type=\"widget\" data-widget_type=\"heading.default\">\n\t\t\t\t<div class=\"elementor-widget-container\">\n\t\t\t\t\t<h6 class=\"elementor-heading-title elementor-size-default\">Steve Tallant\n<\/h6>\t\t\t\t<\/div>\n\t\t\t\t<\/div>\n\t\t\t\t<div class=\"elementor-element elementor-element-8cafe13 elementor-widget elementor-widget-text-editor\" data-id=\"8cafe13\" data-element_type=\"widget\" data-widget_type=\"text-editor.default\">\n\t\t\t\t<div class=\"elementor-widget-container\">\n\t\t\t\t\t\t\t\t\t<article id=\"speaker3_bio\" class=\"mktoText speaker-bio\"><div><article id=\"speaker3_bio\" class=\"mktoText speaker-bio\"><div><article id=\"speaker3_bio\" class=\"mktoText speaker-bio\"><div><p><strong>Systech<br \/>Directeur, D\u00e9veloppement du march\u00e9<\/strong><\/p><\/div><\/article><\/div><\/article><\/div><\/article>\t\t\t\t\t\t\t\t<\/div>\n\t\t\t\t<\/div>\n\t\t\t\t<\/div>\n\t\t\t\t<\/div>\n\t\t<div class=\"elementor-element elementor-element-88a0b28 e-con-full e-flex e-con e-child\" data-id=\"88a0b28\" data-element_type=\"container\">\n\t\t\t\t<div class=\"elementor-element elementor-element-80d6dd0 elementor-widget elementor-widget-text-editor\" data-id=\"80d6dd0\" data-element_type=\"widget\" data-widget_type=\"text-editor.default\">\n\t\t\t\t<div class=\"elementor-widget-container\">\n\t\t\t\t\t\t\t\t\t<p>Steve Tallant est charg\u00e9 de fournir un contenu marketing strat\u00e9gique tout en soutenant l'identification et le d\u00e9veloppement du march\u00e9 chez Systech. \u00c0 ce titre, il a publi\u00e9 de nombreux articles dans des revues sp\u00e9cialis\u00e9es, des livres blancs et des blogs. M. Tallant a \u00e9galement \u00e9t\u00e9 le porte-parole des solutions Systech aupr\u00e8s des m\u00e9dias, s'occupant de segments \u00e0 la radio et \u00e0 la t\u00e9l\u00e9vision sur la protection des marques et la tra\u00e7abilit\u00e9, ainsi que de plusieurs interviews dans la presse \u00e9crite. Il a \u00e9galement travaill\u00e9 au sein de l'\u00e9quipe de gestion des produits de Systech, ce qui lui a permis d'acqu\u00e9rir une connaissance approfondie des technologies logicielles de pointe de l'entreprise.<\/p><p><br \/>M. Tallant est titulaire d'une licence et d'une ma\u00eetrise de l'universit\u00e9 Villanova en Pennsylvanie. Il est \u00e9galement souvent invit\u00e9 \u00e0 donner des conf\u00e9rences et \u00e0 participer \u00e0 des tables rondes pour le d\u00e9partement des technologies de l'information de la Villanova School of Business.<\/p>\t\t\t\t\t\t\t\t<\/div>\n\t\t\t\t<\/div>\n\t\t\t\t<\/div>\n\t\t\t\t<\/div>\n\t\t\t\t<\/div>\n\t\t\t\t\t<\/div>\n\t\t\t\t<\/div>\n\t\t\t\t<\/div>","protected":false},"excerpt":{"rendered":"<p>WEBINAR ON-DEMAND Optimiser vos donn\u00e9es pour la cha\u00eene d'approvisionnement en m\u00e9dicaments r\u00e9imagin\u00e9e Lorsque la DSCSA a \u00e9t\u00e9 cr\u00e9\u00e9e en 2013, l'industrie pharmaceutique s'est engag\u00e9e dans la voie de la cr\u00e9ation d'une cha\u00eene d'approvisionnement ax\u00e9e sur les donn\u00e9es. Les fabricants de m\u00e9dicaments ont entrepris ce voyage de plusieurs ann\u00e9es, mettant en \u0153uvre des produits s\u00e9rialis\u00e9s, \u00e9tablissant la capacit\u00e9 de v\u00e9rifier les retours vendables, et maintenant culminant en 2023 avec un [...]<\/p>","protected":false},"author":41,"featured_media":0,"parent":0,"menu_order":0,"comment_status":"closed","ping_status":"closed","template":"","meta":{"_acf_changed":false,"footnotes":""},"class_list":["post-37108","page","type-page","status-publish","hentry"],"acf":[],"yoast_head":"<!-- This site is optimized with the Yoast SEO plugin v25.1 - https:\/\/yoast.com\/wordpress\/plugins\/seo\/ -->\n<title>Webinar: Optimizing your data for the reimagined drug supply chain - Systech<\/title>\n<meta name=\"description\" content=\"ON-DEMAND WEBINAR Optimizing your data for the reimagined drug supply chain When the DSCSA was established in 2013, the pharmaceutical industry set a\" \/>\n<meta name=\"robots\" content=\"index, follow, max-snippet:-1, max-image-preview:large, max-video-preview:-1\" \/>\n<link rel=\"canonical\" href=\"https:\/\/staging.systech.ssdev.ca\/fr\/optimizing-your-data-for-the-reimagined-drug-supply-chain\/\" \/>\n<meta property=\"og:locale\" content=\"fr_FR\" \/>\n<meta property=\"og:type\" content=\"article\" \/>\n<meta property=\"og:title\" content=\"Webinar: Optimizing your data for the reimagined drug supply chain - Systech\" \/>\n<meta property=\"og:description\" content=\"ON-DEMAND WEBINAR Optimizing your data for the reimagined drug supply chain When the DSCSA was established in 2013, the pharmaceutical industry set a\" \/>\n<meta property=\"og:url\" content=\"https:\/\/staging.systech.ssdev.ca\/fr\/optimizing-your-data-for-the-reimagined-drug-supply-chain\/\" \/>\n<meta property=\"og:site_name\" content=\"Systech\" \/>\n<meta property=\"article:publisher\" content=\"https:\/\/www.facebook.com\/systechone\/\" \/>\n<meta property=\"article:modified_time\" content=\"2025-11-19T04:04:31+00:00\" \/>\n<meta property=\"og:image\" content=\"https:\/\/staging.systech.ssdev.ca\/wp-content\/uploads\/2025\/11\/unnamed.png\" \/>\n\t<meta property=\"og:image:width\" content=\"100\" \/>\n\t<meta property=\"og:image:height\" content=\"100\" \/>\n\t<meta property=\"og:image:type\" content=\"image\/png\" \/>\n<meta name=\"twitter:card\" content=\"summary_large_image\" \/>\n<meta name=\"twitter:site\" content=\"@systechone\" \/>\n<meta name=\"twitter:label1\" content=\"Dur\u00e9e de lecture estim\u00e9e\" \/>\n\t<meta name=\"twitter:data1\" content=\"3 minutes\" \/>\n<script type=\"application\/ld+json\" class=\"yoast-schema-graph\">{\"@context\":\"https:\/\/schema.org\",\"@graph\":[{\"@type\":\"WebPage\",\"@id\":\"https:\/\/staging.systech.ssdev.ca\/optimizing-your-data-for-the-reimagined-drug-supply-chain\/\",\"url\":\"https:\/\/staging.systech.ssdev.ca\/optimizing-your-data-for-the-reimagined-drug-supply-chain\/\",\"name\":\"Webinar: Optimizing your data for the reimagined drug supply chain - Systech\",\"isPartOf\":{\"@id\":\"https:\/\/staging.systech.ssdev.ca\/#website\"},\"primaryImageOfPage\":{\"@id\":\"https:\/\/staging.systech.ssdev.ca\/optimizing-your-data-for-the-reimagined-drug-supply-chain\/#primaryimage\"},\"image\":{\"@id\":\"https:\/\/staging.systech.ssdev.ca\/optimizing-your-data-for-the-reimagined-drug-supply-chain\/#primaryimage\"},\"thumbnailUrl\":\"https:\/\/staging.systech.ssdev.ca\/wp-content\/uploads\/2025\/11\/unnamed.png\",\"datePublished\":\"2025-11-18T06:07:30+00:00\",\"dateModified\":\"2025-11-19T04:04:31+00:00\",\"description\":\"ON-DEMAND WEBINAR Optimizing your data for the reimagined drug supply chain When the DSCSA was established in 2013, the pharmaceutical industry set a\",\"breadcrumb\":{\"@id\":\"https:\/\/staging.systech.ssdev.ca\/optimizing-your-data-for-the-reimagined-drug-supply-chain\/#breadcrumb\"},\"inLanguage\":\"fr-FR\",\"potentialAction\":[{\"@type\":\"ReadAction\",\"target\":[\"https:\/\/staging.systech.ssdev.ca\/optimizing-your-data-for-the-reimagined-drug-supply-chain\/\"]}]},{\"@type\":\"ImageObject\",\"inLanguage\":\"fr-FR\",\"@id\":\"https:\/\/staging.systech.ssdev.ca\/optimizing-your-data-for-the-reimagined-drug-supply-chain\/#primaryimage\",\"url\":\"https:\/\/staging.systech.ssdev.ca\/wp-content\/uploads\/2025\/11\/unnamed.png\",\"contentUrl\":\"https:\/\/staging.systech.ssdev.ca\/wp-content\/uploads\/2025\/11\/unnamed.png\"},{\"@type\":\"BreadcrumbList\",\"@id\":\"https:\/\/staging.systech.ssdev.ca\/optimizing-your-data-for-the-reimagined-drug-supply-chain\/#breadcrumb\",\"itemListElement\":[{\"@type\":\"ListItem\",\"position\":1,\"name\":\"Home\",\"item\":\"https:\/\/staging.systech.ssdev.ca\/\"},{\"@type\":\"ListItem\",\"position\":2,\"name\":\"Webinar: Optimizing your data for the reimagined drug supply chain\"}]},{\"@type\":\"WebSite\",\"@id\":\"https:\/\/staging.systech.ssdev.ca\/#website\",\"url\":\"https:\/\/staging.systech.ssdev.ca\/\",\"name\":\"Systech\",\"description\":\"a solutions division of Markem-Imaje\",\"publisher\":{\"@id\":\"https:\/\/staging.systech.ssdev.ca\/#organization\"},\"potentialAction\":[{\"@type\":\"SearchAction\",\"target\":{\"@type\":\"EntryPoint\",\"urlTemplate\":\"https:\/\/staging.systech.ssdev.ca\/?s={search_term_string}\"},\"query-input\":{\"@type\":\"PropertyValueSpecification\",\"valueRequired\":true,\"valueName\":\"search_term_string\"}}],\"inLanguage\":\"fr-FR\"},{\"@type\":\"Organization\",\"@id\":\"https:\/\/staging.systech.ssdev.ca\/#organization\",\"name\":\"Systech International\",\"url\":\"https:\/\/staging.systech.ssdev.ca\/\",\"logo\":{\"@type\":\"ImageObject\",\"inLanguage\":\"fr-FR\",\"@id\":\"https:\/\/staging.systech.ssdev.ca\/#\/schema\/logo\/image\/\",\"url\":\"https:\/\/staging.systech.ssdev.ca\/wp-content\/uploads\/2018\/04\/systech-logo.png\",\"contentUrl\":\"https:\/\/staging.systech.ssdev.ca\/wp-content\/uploads\/2018\/04\/systech-logo.png\",\"width\":551,\"height\":124,\"caption\":\"Systech International\"},\"image\":{\"@id\":\"https:\/\/staging.systech.ssdev.ca\/#\/schema\/logo\/image\/\"},\"sameAs\":[\"https:\/\/www.facebook.com\/systechone\/\",\"https:\/\/x.com\/systechone\",\"https:\/\/www.linkedin.com\/company\/systech-international\",\"https:\/\/www.youtube.com\/channel\/UC1fz6UKo5eMa1WxgVMGRhpA\/videos\"]}]}<\/script>\n<!-- \/ Yoast SEO plugin. -->","yoast_head_json":{"title":"Webinar: Optimizing your data for the reimagined drug supply chain - Systech","description":"ON-DEMAND WEBINAR Optimizing your data for the reimagined drug supply chain When the DSCSA was established in 2013, the pharmaceutical industry set a","robots":{"index":"index","follow":"follow","max-snippet":"max-snippet:-1","max-image-preview":"max-image-preview:large","max-video-preview":"max-video-preview:-1"},"canonical":"https:\/\/staging.systech.ssdev.ca\/fr\/optimizing-your-data-for-the-reimagined-drug-supply-chain\/","og_locale":"fr_FR","og_type":"article","og_title":"Webinar: Optimizing your data for the reimagined drug supply chain - Systech","og_description":"ON-DEMAND WEBINAR Optimizing your data for the reimagined drug supply chain When the DSCSA was established in 2013, the pharmaceutical industry set a","og_url":"https:\/\/staging.systech.ssdev.ca\/fr\/optimizing-your-data-for-the-reimagined-drug-supply-chain\/","og_site_name":"Systech","article_publisher":"https:\/\/www.facebook.com\/systechone\/","article_modified_time":"2025-11-19T04:04:31+00:00","og_image":[{"width":100,"height":100,"url":"https:\/\/staging.systech.ssdev.ca\/wp-content\/uploads\/2025\/11\/unnamed.png","type":"image\/png"}],"twitter_card":"summary_large_image","twitter_site":"@systechone","twitter_misc":{"Dur\u00e9e de lecture estim\u00e9e":"3 minutes"},"schema":{"@context":"https:\/\/schema.org","@graph":[{"@type":"WebPage","@id":"https:\/\/staging.systech.ssdev.ca\/optimizing-your-data-for-the-reimagined-drug-supply-chain\/","url":"https:\/\/staging.systech.ssdev.ca\/optimizing-your-data-for-the-reimagined-drug-supply-chain\/","name":"Webinar: Optimizing your data for the reimagined drug supply chain - Systech","isPartOf":{"@id":"https:\/\/staging.systech.ssdev.ca\/#website"},"primaryImageOfPage":{"@id":"https:\/\/staging.systech.ssdev.ca\/optimizing-your-data-for-the-reimagined-drug-supply-chain\/#primaryimage"},"image":{"@id":"https:\/\/staging.systech.ssdev.ca\/optimizing-your-data-for-the-reimagined-drug-supply-chain\/#primaryimage"},"thumbnailUrl":"https:\/\/staging.systech.ssdev.ca\/wp-content\/uploads\/2025\/11\/unnamed.png","datePublished":"2025-11-18T06:07:30+00:00","dateModified":"2025-11-19T04:04:31+00:00","description":"ON-DEMAND WEBINAR Optimizing your data for the reimagined drug supply chain When the DSCSA was established in 2013, the pharmaceutical industry set a","breadcrumb":{"@id":"https:\/\/staging.systech.ssdev.ca\/optimizing-your-data-for-the-reimagined-drug-supply-chain\/#breadcrumb"},"inLanguage":"fr-FR","potentialAction":[{"@type":"ReadAction","target":["https:\/\/staging.systech.ssdev.ca\/optimizing-your-data-for-the-reimagined-drug-supply-chain\/"]}]},{"@type":"ImageObject","inLanguage":"fr-FR","@id":"https:\/\/staging.systech.ssdev.ca\/optimizing-your-data-for-the-reimagined-drug-supply-chain\/#primaryimage","url":"https:\/\/staging.systech.ssdev.ca\/wp-content\/uploads\/2025\/11\/unnamed.png","contentUrl":"https:\/\/staging.systech.ssdev.ca\/wp-content\/uploads\/2025\/11\/unnamed.png"},{"@type":"BreadcrumbList","@id":"https:\/\/staging.systech.ssdev.ca\/optimizing-your-data-for-the-reimagined-drug-supply-chain\/#breadcrumb","itemListElement":[{"@type":"ListItem","position":1,"name":"Home","item":"https:\/\/staging.systech.ssdev.ca\/"},{"@type":"ListItem","position":2,"name":"Webinar: Optimizing your data for the reimagined drug supply chain"}]},{"@type":"WebSite","@id":"https:\/\/staging.systech.ssdev.ca\/#website","url":"https:\/\/staging.systech.ssdev.ca\/","name":"Systech","description":"a solutions division of Markem-Imaje","publisher":{"@id":"https:\/\/staging.systech.ssdev.ca\/#organization"},"potentialAction":[{"@type":"SearchAction","target":{"@type":"EntryPoint","urlTemplate":"https:\/\/staging.systech.ssdev.ca\/?s={search_term_string}"},"query-input":{"@type":"PropertyValueSpecification","valueRequired":true,"valueName":"search_term_string"}}],"inLanguage":"fr-FR"},{"@type":"Organization","@id":"https:\/\/staging.systech.ssdev.ca\/#organization","name":"Systech International","url":"https:\/\/staging.systech.ssdev.ca\/","logo":{"@type":"ImageObject","inLanguage":"fr-FR","@id":"https:\/\/staging.systech.ssdev.ca\/#\/schema\/logo\/image\/","url":"https:\/\/staging.systech.ssdev.ca\/wp-content\/uploads\/2018\/04\/systech-logo.png","contentUrl":"https:\/\/staging.systech.ssdev.ca\/wp-content\/uploads\/2018\/04\/systech-logo.png","width":551,"height":124,"caption":"Systech International"},"image":{"@id":"https:\/\/staging.systech.ssdev.ca\/#\/schema\/logo\/image\/"},"sameAs":["https:\/\/www.facebook.com\/systechone\/","https:\/\/x.com\/systechone","https:\/\/www.linkedin.com\/company\/systech-international","https:\/\/www.youtube.com\/channel\/UC1fz6UKo5eMa1WxgVMGRhpA\/videos"]}]}},"_links":{"self":[{"href":"https:\/\/staging.systech.ssdev.ca\/fr\/wp-json\/wp\/v2\/pages\/37108","targetHints":{"allow":["GET"]}}],"collection":[{"href":"https:\/\/staging.systech.ssdev.ca\/fr\/wp-json\/wp\/v2\/pages"}],"about":[{"href":"https:\/\/staging.systech.ssdev.ca\/fr\/wp-json\/wp\/v2\/types\/page"}],"author":[{"embeddable":true,"href":"https:\/\/staging.systech.ssdev.ca\/fr\/wp-json\/wp\/v2\/users\/41"}],"replies":[{"embeddable":true,"href":"https:\/\/staging.systech.ssdev.ca\/fr\/wp-json\/wp\/v2\/comments?post=37108"}],"version-history":[{"count":18,"href":"https:\/\/staging.systech.ssdev.ca\/fr\/wp-json\/wp\/v2\/pages\/37108\/revisions"}],"predecessor-version":[{"id":37727,"href":"https:\/\/staging.systech.ssdev.ca\/fr\/wp-json\/wp\/v2\/pages\/37108\/revisions\/37727"}],"wp:attachment":[{"href":"https:\/\/staging.systech.ssdev.ca\/fr\/wp-json\/wp\/v2\/media?parent=37108"}],"curies":[{"name":"wp","href":"https:\/\/api.w.org\/{rel}","templated":true}]}}