{"id":37086,"date":"2025-11-18T00:56:43","date_gmt":"2025-11-18T05:56:43","guid":{"rendered":"https:\/\/staging.systech.ssdev.ca\/?page_id=37086"},"modified":"2025-11-18T01:33:36","modified_gmt":"2025-11-18T06:33:36","slug":"the-cost-of-counterfeiting","status":"publish","type":"page","link":"https:\/\/staging.systech.ssdev.ca\/fr\/the-cost-of-counterfeiting\/","title":{"rendered":"Webinar | Le co\u00fbt de la contrefa\u00e7on"},"content":{"rendered":"<div data-elementor-type=\"wp-page\" data-elementor-id=\"37086\" class=\"elementor elementor-37086\" data-elementor-post-type=\"page\">\n\t\t\t\t<div data-dce-background-overlay-color=\"#22B8B0\" data-dce-background-image-url=\"https:\/\/staging.systech.ssdev.ca\/wp-content\/uploads\/2025\/11\/Systech-FDA-DSCSA-webinar-banner_09-2023-1-1.jpg\" class=\"elementor-element elementor-element-c45c5ee e-flex e-con-boxed e-con e-parent\" data-id=\"c45c5ee\" data-element_type=\"container\" data-settings=\"{&quot;background_background&quot;:&quot;classic&quot;}\">\n\t\t\t\t\t<div class=\"e-con-inner\">\n\t\t<div class=\"elementor-element elementor-element-6c89efd e-con-full e-flex e-con e-child\" data-id=\"6c89efd\" data-element_type=\"container\">\n\t\t\t\t<div class=\"elementor-element elementor-element-1f28def elementor-widget elementor-widget-heading\" data-id=\"1f28def\" data-element_type=\"widget\" data-widget_type=\"heading.default\">\n\t\t\t\t<div class=\"elementor-widget-container\">\n\t\t\t\t\t<h6 class=\"elementor-heading-title elementor-size-default\">WEBINAIRE \u00c0 LA DEMANDE\n<\/h6>\t\t\t\t<\/div>\n\t\t\t\t<\/div>\n\t\t\t\t<div class=\"elementor-element elementor-element-253b241 elementor-widget elementor-widget-heading\" data-id=\"253b241\" data-element_type=\"widget\" data-widget_type=\"heading.default\">\n\t\t\t\t<div class=\"elementor-widget-container\">\n\t\t\t\t\t<h1 class=\"elementor-heading-title elementor-size-default\">Le co\u00fbt de la contrefa\u00e7on - pourquoi vous avez besoin d'un plan pour s\u00e9curiser votre cha\u00eene d'approvisionnement en dispositifs m\u00e9dicaux<\/h1>\t\t\t\t<\/div>\n\t\t\t\t<\/div>\n\t\t\t\t<\/div>\n\t\t\t\t\t<\/div>\n\t\t\t\t<\/div>\n\t\t<div class=\"elementor-element elementor-element-b3c4743 e-flex e-con-boxed e-con e-parent\" data-id=\"b3c4743\" data-element_type=\"container\">\n\t\t\t\t\t<div class=\"e-con-inner\">\n\t\t<div class=\"elementor-element elementor-element-bbded74 e-con-full e-flex e-con e-child\" data-id=\"bbded74\" data-element_type=\"container\">\n\t\t\t\t<div class=\"elementor-element elementor-element-0af81b2 elementor-widget elementor-widget-text-editor\" data-id=\"0af81b2\" data-element_type=\"widget\" data-widget_type=\"text-editor.default\">\n\t\t\t\t<div class=\"elementor-widget-container\">\n\t\t\t\t\t\t\t\t\t<p>La s\u00e9rialisation et les identificateurs uniques de dispositifs (UDI) assurent la conformit\u00e9. Ils ne constituent PAS le seul m\u00e9canisme de protection de la cha\u00eene d'approvisionnement des soins de sant\u00e9. MAIS, le code-barres normalis\u00e9 et les donn\u00e9es associ\u00e9es peuvent se combiner pour cr\u00e9er une puissante couche de protection des produits.<br \/><br \/>Pour mettre un terme aux contrefa\u00e7ons, il est essentiel d'exploiter les informations s\u00e9rialis\u00e9es et de les int\u00e9grer efficacement tout au long de la cha\u00eene de distribution, y compris au niveau de TOUS les produits. Cet effort peut aller bien au-del\u00e0 de l'\u00e9change de donn\u00e9es et de l'\u00e9tablissement de rapports exig\u00e9s par la r\u00e9glementation. Un v\u00e9ritable suivi et une tra\u00e7abilit\u00e9 des articles individuels tout au long de la cha\u00eene d'approvisionnement sont n\u00e9cessaires et peuvent aller au-del\u00e0 de ce qui est exig\u00e9 par la conformit\u00e9.<br \/><br \/>Enfin, nous pouvons envisager des avantages purement num\u00e9riques tir\u00e9s de ces codes-barres pour garantir l'authentification des produits et les possibilit\u00e9s d'enrichir l'engagement des patients.<br \/><br \/>Nous aborderons les sujets suivants<\/p><ul><li>Pourquoi la tra\u00e7abilit\u00e9 de la cha\u00eene d'approvisionnement et les capacit\u00e9s d'authentification des produits peuvent \u00eatre essentielles pour prot\u00e9ger les dispositifs m\u00e9dicaux.<\/li><li>Des cas d'utilisation tr\u00e8s m\u00e9diatis\u00e9s et des exemples concrets de probl\u00e8mes ainsi que les mesures prises pour les r\u00e9soudre. L'int\u00e9gration proactive de ces techniques peut permettre d'\u00e9viter que des probl\u00e8mes ne surviennent.<\/li><li>Comment maximiser la valeur des codes-barres de conformit\u00e9 et les utiliser comme couche d'authentification forte.<\/li><\/ul>\t\t\t\t\t\t\t\t<\/div>\n\t\t\t\t<\/div>\n\t\t\t\t<\/div>\n\t\t<div class=\"elementor-element elementor-element-508bdab e-con-full e-flex e-con e-child\" data-id=\"508bdab\" data-element_type=\"container\">\n\t\t<div data-dce-background-color=\"#F2F2F4\" class=\"elementor-element elementor-element-b652c84 e-con-full e-flex e-con e-child\" data-id=\"b652c84\" data-element_type=\"container\" id=\"content-form\" data-settings=\"{&quot;background_background&quot;:&quot;classic&quot;}\">\n\t\t\t\t<div class=\"elementor-element elementor-element-b23d18f elementor-widget elementor-widget-heading\" data-id=\"b23d18f\" data-element_type=\"widget\" data-widget_type=\"heading.default\">\n\t\t\t\t<div class=\"elementor-widget-container\">\n\t\t\t\t\t<h4 class=\"elementor-heading-title elementor-size-default\">Acc\u00e9der au webinaire \u00e0 la demande\n\n<\/h4>\t\t\t\t<\/div>\n\t\t\t\t<\/div>\n\t\t\t\t<div class=\"elementor-element elementor-element-8cd3bd7 elementor-widget elementor-widget-html\" data-id=\"8cd3bd7\" data-element_type=\"widget\" data-widget_type=\"html.default\">\n\t\t\t\t<div class=\"elementor-widget-container\">\n\t\t\t\t\t<script src=\"\/\/info.systechone.com\/js\/forms2\/js\/forms2.min.js\"><\/script> <form id=\"mktoForm_1079\" action=\"\"><input type=\"hidden\" name=\"trp-form-language\" value=\"fr\"\/><\/form> <script>MktoForms2.loadForm(\"\/\/info.systechone.com\", \"304-PSB-492\", 1079);<\/script>\t\t\t\t<\/div>\n\t\t\t\t<\/div>\n\t\t\t\t<\/div>\n\t\t<div class=\"elementor-element elementor-element-3e7d4b6 e-con-full e-flex e-con e-child\" data-id=\"3e7d4b6\" data-element_type=\"container\">\n\t\t\t\t<div class=\"elementor-element elementor-element-ea7067e elementor-widget elementor-widget-heading\" data-id=\"ea7067e\" data-element_type=\"widget\" data-widget_type=\"heading.default\">\n\t\t\t\t<div class=\"elementor-widget-container\">\n\t\t\t\t\t<h4 class=\"elementor-heading-title elementor-size-default\">Rencontrez vos pr\u00e9sentateurs<\/h4>\t\t\t\t<\/div>\n\t\t\t\t<\/div>\n\t\t<div class=\"elementor-element elementor-element-149e318 e-con-full e-flex e-con e-child\" data-id=\"149e318\" data-element_type=\"container\">\n\t\t<div class=\"elementor-element elementor-element-6389633 e-con-full e-flex e-con e-child\" data-id=\"6389633\" data-element_type=\"container\">\n\t\t<div class=\"elementor-element elementor-element-4ff9f27 e-con-full e-flex e-con e-child\" data-id=\"4ff9f27\" data-element_type=\"container\">\n\t\t\t\t<div class=\"elementor-element elementor-element-15b4f07 dce_masking-none elementor-widget elementor-widget-image\" data-id=\"15b4f07\" data-element_type=\"widget\" data-widget_type=\"image.default\">\n\t\t\t\t<div class=\"elementor-widget-container\">\n\t\t\t\t\t\t\t\t\t\t\t\t\t\t\t<img loading=\"lazy\" decoding=\"async\" width=\"150\" height=\"150\" src=\"https:\/\/staging.systech.ssdev.ca\/wp-content\/uploads\/2025\/11\/BillCarpenter.jpg\" class=\"attachment-medium size-medium wp-image-37139\" alt=\"\" srcset=\"https:\/\/staging.systech.ssdev.ca\/wp-content\/uploads\/2025\/11\/BillCarpenter.jpg 150w, https:\/\/staging.systech.ssdev.ca\/wp-content\/uploads\/2025\/11\/BillCarpenter-12x12.jpg 12w\" sizes=\"auto, (max-width: 150px) 100vw, 150px\" \/>\t\t\t\t\t\t\t\t\t\t\t\t\t\t\t<\/div>\n\t\t\t\t<\/div>\n\t\t\t\t<\/div>\n\t\t<div class=\"elementor-element elementor-element-dd6e150 e-con-full e-flex e-con e-child\" data-id=\"dd6e150\" data-element_type=\"container\">\n\t\t\t\t<div class=\"elementor-element elementor-element-6f02474 elementor-widget elementor-widget-heading\" data-id=\"6f02474\" data-element_type=\"widget\" data-widget_type=\"heading.default\">\n\t\t\t\t<div class=\"elementor-widget-container\">\n\t\t\t\t\t<h6 class=\"elementor-heading-title elementor-size-default\">Bill Carpenter\n<\/h6>\t\t\t\t<\/div>\n\t\t\t\t<\/div>\n\t\t\t\t<div class=\"elementor-element elementor-element-d51324c elementor-widget elementor-widget-text-editor\" data-id=\"d51324c\" data-element_type=\"widget\" data-widget_type=\"text-editor.default\">\n\t\t\t\t<div class=\"elementor-widget-container\">\n\t\t\t\t\t\t\t\t\t<article id=\"speaker3_bio\" class=\"mktoText speaker-bio\"><div>Responsable des comptes mondiaux, Systech<\/div><\/article><article id=\"speaker3_bio\" class=\"mktoText speaker-bio\"><\/article><article id=\"speaker3_bio\" class=\"mktoText speaker-bio\"><\/article>\t\t\t\t\t\t\t\t<\/div>\n\t\t\t\t<\/div>\n\t\t\t\t<\/div>\n\t\t\t\t<\/div>\n\t\t<div class=\"elementor-element elementor-element-df681cc e-con-full e-flex e-con e-child\" data-id=\"df681cc\" data-element_type=\"container\">\n\t\t<div class=\"elementor-element elementor-element-62b670d e-con-full e-flex e-con e-child\" data-id=\"62b670d\" data-element_type=\"container\">\n\t\t\t\t<div class=\"elementor-element elementor-element-89f5286 dce_masking-none elementor-widget elementor-widget-image\" data-id=\"89f5286\" data-element_type=\"widget\" data-widget_type=\"image.default\">\n\t\t\t\t<div class=\"elementor-widget-container\">\n\t\t\t\t\t\t\t\t\t\t\t\t\t\t\t<img loading=\"lazy\" decoding=\"async\" width=\"150\" height=\"150\" src=\"https:\/\/staging.systech.ssdev.ca\/wp-content\/uploads\/2025\/11\/Steve-T-round-1.jpg\" class=\"attachment-medium size-medium wp-image-37137\" alt=\"\" srcset=\"https:\/\/staging.systech.ssdev.ca\/wp-content\/uploads\/2025\/11\/Steve-T-round-1.jpg 150w, https:\/\/staging.systech.ssdev.ca\/wp-content\/uploads\/2025\/11\/Steve-T-round-1-12x12.jpg 12w\" sizes=\"auto, (max-width: 150px) 100vw, 150px\" \/>\t\t\t\t\t\t\t\t\t\t\t\t\t\t\t<\/div>\n\t\t\t\t<\/div>\n\t\t\t\t<\/div>\n\t\t<div class=\"elementor-element elementor-element-1996d1e e-con-full e-flex e-con e-child\" data-id=\"1996d1e\" data-element_type=\"container\">\n\t\t\t\t<div class=\"elementor-element elementor-element-368ea34 elementor-widget elementor-widget-heading\" data-id=\"368ea34\" data-element_type=\"widget\" data-widget_type=\"heading.default\">\n\t\t\t\t<div class=\"elementor-widget-container\">\n\t\t\t\t\t<h6 class=\"elementor-heading-title elementor-size-default\">Steve Tallant\n<\/h6>\t\t\t\t<\/div>\n\t\t\t\t<\/div>\n\t\t\t\t<div class=\"elementor-element elementor-element-a722951 elementor-widget elementor-widget-text-editor\" data-id=\"a722951\" data-element_type=\"widget\" data-widget_type=\"text-editor.default\">\n\t\t\t\t<div class=\"elementor-widget-container\">\n\t\t\t\t\t\t\t\t\t<div>Directeur principal, d\u00e9veloppement des march\u00e9s, Systech<\/div>\t\t\t\t\t\t\t\t<\/div>\n\t\t\t\t<\/div>\n\t\t\t\t<\/div>\n\t\t\t\t<\/div>\n\t\t\t\t<\/div>\n\t\t\t\t<\/div>\n\t\t\t\t<\/div>\n\t\t\t\t\t<\/div>\n\t\t\t\t<\/div>\n\t\t\t\t<\/div>","protected":false},"excerpt":{"rendered":"<p>WEBINAR SUR DEMANDE Le co\u00fbt de la contrefa\u00e7on - pourquoi vous avez besoin d'un plan pour s\u00e9curiser votre cha\u00eene d'approvisionnement en dispositifs m\u00e9dicaux La s\u00e9rialisation et les identificateurs uniques de dispositifs (UDI) assurent la conformit\u00e9. Ils ne constituent PAS le seul m\u00e9canisme de protection de la cha\u00eene d'approvisionnement des soins de sant\u00e9. MAIS, le code-barres normalis\u00e9 et les donn\u00e9es associ\u00e9es peuvent se combiner pour cr\u00e9er une puissante couche de protection des produits. En prenant [...]<\/p>","protected":false},"author":41,"featured_media":0,"parent":0,"menu_order":0,"comment_status":"closed","ping_status":"closed","template":"","meta":{"_acf_changed":false,"footnotes":""},"class_list":["post-37086","page","type-page","status-publish","hentry"],"acf":[],"yoast_head":"<!-- This site is optimized with the Yoast SEO plugin v25.1 - https:\/\/yoast.com\/wordpress\/plugins\/seo\/ -->\n<title>Webinar | The cost of counterfeiting - Systech<\/title>\n<meta name=\"description\" content=\"ON-DEMAND WEBINAR The cost of counterfeiting\u2014why you need a plan to secure your medical device supply chain Serialization and unique device identifiers\" \/>\n<meta name=\"robots\" content=\"index, follow, max-snippet:-1, max-image-preview:large, max-video-preview:-1\" \/>\n<link rel=\"canonical\" href=\"https:\/\/staging.systech.ssdev.ca\/fr\/the-cost-of-counterfeiting\/\" \/>\n<meta property=\"og:locale\" content=\"fr_FR\" \/>\n<meta property=\"og:type\" content=\"article\" \/>\n<meta property=\"og:title\" content=\"Webinar | The cost of counterfeiting - Systech\" \/>\n<meta property=\"og:description\" content=\"ON-DEMAND WEBINAR The cost of counterfeiting\u2014why you need a plan to secure your medical device supply chain Serialization and unique device identifiers\" \/>\n<meta property=\"og:url\" content=\"https:\/\/staging.systech.ssdev.ca\/fr\/the-cost-of-counterfeiting\/\" \/>\n<meta property=\"og:site_name\" content=\"Systech\" \/>\n<meta property=\"article:publisher\" content=\"https:\/\/www.facebook.com\/systechone\/\" \/>\n<meta property=\"article:modified_time\" content=\"2025-11-18T06:33:36+00:00\" \/>\n<meta property=\"og:image\" content=\"https:\/\/staging.systech.ssdev.ca\/wp-content\/uploads\/2025\/11\/BillCarpenter.jpg\" \/>\n\t<meta property=\"og:image:width\" content=\"150\" \/>\n\t<meta property=\"og:image:height\" content=\"150\" \/>\n\t<meta property=\"og:image:type\" content=\"image\/jpeg\" \/>\n<meta name=\"twitter:card\" content=\"summary_large_image\" \/>\n<meta name=\"twitter:site\" content=\"@systechone\" \/>\n<meta name=\"twitter:label1\" content=\"Dur\u00e9e de lecture estim\u00e9e\" \/>\n\t<meta name=\"twitter:data1\" content=\"2 minutes\" \/>\n<script type=\"application\/ld+json\" class=\"yoast-schema-graph\">{\"@context\":\"https:\/\/schema.org\",\"@graph\":[{\"@type\":\"WebPage\",\"@id\":\"https:\/\/staging.systech.ssdev.ca\/the-cost-of-counterfeiting\/\",\"url\":\"https:\/\/staging.systech.ssdev.ca\/the-cost-of-counterfeiting\/\",\"name\":\"Webinar | The cost of counterfeiting - Systech\",\"isPartOf\":{\"@id\":\"https:\/\/staging.systech.ssdev.ca\/#website\"},\"primaryImageOfPage\":{\"@id\":\"https:\/\/staging.systech.ssdev.ca\/the-cost-of-counterfeiting\/#primaryimage\"},\"image\":{\"@id\":\"https:\/\/staging.systech.ssdev.ca\/the-cost-of-counterfeiting\/#primaryimage\"},\"thumbnailUrl\":\"https:\/\/staging.systech.ssdev.ca\/wp-content\/uploads\/2025\/11\/BillCarpenter.jpg\",\"datePublished\":\"2025-11-18T05:56:43+00:00\",\"dateModified\":\"2025-11-18T06:33:36+00:00\",\"description\":\"ON-DEMAND WEBINAR The cost of counterfeiting\u2014why you need a plan to secure your medical device supply chain Serialization and unique device identifiers\",\"breadcrumb\":{\"@id\":\"https:\/\/staging.systech.ssdev.ca\/the-cost-of-counterfeiting\/#breadcrumb\"},\"inLanguage\":\"fr-FR\",\"potentialAction\":[{\"@type\":\"ReadAction\",\"target\":[\"https:\/\/staging.systech.ssdev.ca\/the-cost-of-counterfeiting\/\"]}]},{\"@type\":\"ImageObject\",\"inLanguage\":\"fr-FR\",\"@id\":\"https:\/\/staging.systech.ssdev.ca\/the-cost-of-counterfeiting\/#primaryimage\",\"url\":\"https:\/\/staging.systech.ssdev.ca\/wp-content\/uploads\/2025\/11\/BillCarpenter.jpg\",\"contentUrl\":\"https:\/\/staging.systech.ssdev.ca\/wp-content\/uploads\/2025\/11\/BillCarpenter.jpg\"},{\"@type\":\"BreadcrumbList\",\"@id\":\"https:\/\/staging.systech.ssdev.ca\/the-cost-of-counterfeiting\/#breadcrumb\",\"itemListElement\":[{\"@type\":\"ListItem\",\"position\":1,\"name\":\"Home\",\"item\":\"https:\/\/staging.systech.ssdev.ca\/\"},{\"@type\":\"ListItem\",\"position\":2,\"name\":\"Webinar | The cost of counterfeiting\"}]},{\"@type\":\"WebSite\",\"@id\":\"https:\/\/staging.systech.ssdev.ca\/#website\",\"url\":\"https:\/\/staging.systech.ssdev.ca\/\",\"name\":\"Systech\",\"description\":\"a solutions division of Markem-Imaje\",\"publisher\":{\"@id\":\"https:\/\/staging.systech.ssdev.ca\/#organization\"},\"potentialAction\":[{\"@type\":\"SearchAction\",\"target\":{\"@type\":\"EntryPoint\",\"urlTemplate\":\"https:\/\/staging.systech.ssdev.ca\/?s={search_term_string}\"},\"query-input\":{\"@type\":\"PropertyValueSpecification\",\"valueRequired\":true,\"valueName\":\"search_term_string\"}}],\"inLanguage\":\"fr-FR\"},{\"@type\":\"Organization\",\"@id\":\"https:\/\/staging.systech.ssdev.ca\/#organization\",\"name\":\"Systech International\",\"url\":\"https:\/\/staging.systech.ssdev.ca\/\",\"logo\":{\"@type\":\"ImageObject\",\"inLanguage\":\"fr-FR\",\"@id\":\"https:\/\/staging.systech.ssdev.ca\/#\/schema\/logo\/image\/\",\"url\":\"https:\/\/staging.systech.ssdev.ca\/wp-content\/uploads\/2018\/04\/systech-logo.png\",\"contentUrl\":\"https:\/\/staging.systech.ssdev.ca\/wp-content\/uploads\/2018\/04\/systech-logo.png\",\"width\":551,\"height\":124,\"caption\":\"Systech International\"},\"image\":{\"@id\":\"https:\/\/staging.systech.ssdev.ca\/#\/schema\/logo\/image\/\"},\"sameAs\":[\"https:\/\/www.facebook.com\/systechone\/\",\"https:\/\/x.com\/systechone\",\"https:\/\/www.linkedin.com\/company\/systech-international\",\"https:\/\/www.youtube.com\/channel\/UC1fz6UKo5eMa1WxgVMGRhpA\/videos\"]}]}<\/script>\n<!-- \/ Yoast SEO plugin. -->","yoast_head_json":{"title":"Webinar | The cost of counterfeiting - Systech","description":"ON-DEMAND WEBINAR The cost of counterfeiting\u2014why you need a plan to secure your medical device supply chain Serialization and unique device identifiers","robots":{"index":"index","follow":"follow","max-snippet":"max-snippet:-1","max-image-preview":"max-image-preview:large","max-video-preview":"max-video-preview:-1"},"canonical":"https:\/\/staging.systech.ssdev.ca\/fr\/the-cost-of-counterfeiting\/","og_locale":"fr_FR","og_type":"article","og_title":"Webinar | The cost of counterfeiting - Systech","og_description":"ON-DEMAND WEBINAR The cost of counterfeiting\u2014why you need a plan to secure your medical device supply chain Serialization and unique device identifiers","og_url":"https:\/\/staging.systech.ssdev.ca\/fr\/the-cost-of-counterfeiting\/","og_site_name":"Systech","article_publisher":"https:\/\/www.facebook.com\/systechone\/","article_modified_time":"2025-11-18T06:33:36+00:00","og_image":[{"width":150,"height":150,"url":"https:\/\/staging.systech.ssdev.ca\/wp-content\/uploads\/2025\/11\/BillCarpenter.jpg","type":"image\/jpeg"}],"twitter_card":"summary_large_image","twitter_site":"@systechone","twitter_misc":{"Dur\u00e9e de lecture estim\u00e9e":"2 minutes"},"schema":{"@context":"https:\/\/schema.org","@graph":[{"@type":"WebPage","@id":"https:\/\/staging.systech.ssdev.ca\/the-cost-of-counterfeiting\/","url":"https:\/\/staging.systech.ssdev.ca\/the-cost-of-counterfeiting\/","name":"Webinar | The cost of counterfeiting - Systech","isPartOf":{"@id":"https:\/\/staging.systech.ssdev.ca\/#website"},"primaryImageOfPage":{"@id":"https:\/\/staging.systech.ssdev.ca\/the-cost-of-counterfeiting\/#primaryimage"},"image":{"@id":"https:\/\/staging.systech.ssdev.ca\/the-cost-of-counterfeiting\/#primaryimage"},"thumbnailUrl":"https:\/\/staging.systech.ssdev.ca\/wp-content\/uploads\/2025\/11\/BillCarpenter.jpg","datePublished":"2025-11-18T05:56:43+00:00","dateModified":"2025-11-18T06:33:36+00:00","description":"ON-DEMAND WEBINAR The cost of counterfeiting\u2014why you need a plan to secure your medical device supply chain Serialization and unique device identifiers","breadcrumb":{"@id":"https:\/\/staging.systech.ssdev.ca\/the-cost-of-counterfeiting\/#breadcrumb"},"inLanguage":"fr-FR","potentialAction":[{"@type":"ReadAction","target":["https:\/\/staging.systech.ssdev.ca\/the-cost-of-counterfeiting\/"]}]},{"@type":"ImageObject","inLanguage":"fr-FR","@id":"https:\/\/staging.systech.ssdev.ca\/the-cost-of-counterfeiting\/#primaryimage","url":"https:\/\/staging.systech.ssdev.ca\/wp-content\/uploads\/2025\/11\/BillCarpenter.jpg","contentUrl":"https:\/\/staging.systech.ssdev.ca\/wp-content\/uploads\/2025\/11\/BillCarpenter.jpg"},{"@type":"BreadcrumbList","@id":"https:\/\/staging.systech.ssdev.ca\/the-cost-of-counterfeiting\/#breadcrumb","itemListElement":[{"@type":"ListItem","position":1,"name":"Home","item":"https:\/\/staging.systech.ssdev.ca\/"},{"@type":"ListItem","position":2,"name":"Webinar | The cost of counterfeiting"}]},{"@type":"WebSite","@id":"https:\/\/staging.systech.ssdev.ca\/#website","url":"https:\/\/staging.systech.ssdev.ca\/","name":"Systech","description":"a solutions division of Markem-Imaje","publisher":{"@id":"https:\/\/staging.systech.ssdev.ca\/#organization"},"potentialAction":[{"@type":"SearchAction","target":{"@type":"EntryPoint","urlTemplate":"https:\/\/staging.systech.ssdev.ca\/?s={search_term_string}"},"query-input":{"@type":"PropertyValueSpecification","valueRequired":true,"valueName":"search_term_string"}}],"inLanguage":"fr-FR"},{"@type":"Organization","@id":"https:\/\/staging.systech.ssdev.ca\/#organization","name":"Systech International","url":"https:\/\/staging.systech.ssdev.ca\/","logo":{"@type":"ImageObject","inLanguage":"fr-FR","@id":"https:\/\/staging.systech.ssdev.ca\/#\/schema\/logo\/image\/","url":"https:\/\/staging.systech.ssdev.ca\/wp-content\/uploads\/2018\/04\/systech-logo.png","contentUrl":"https:\/\/staging.systech.ssdev.ca\/wp-content\/uploads\/2018\/04\/systech-logo.png","width":551,"height":124,"caption":"Systech International"},"image":{"@id":"https:\/\/staging.systech.ssdev.ca\/#\/schema\/logo\/image\/"},"sameAs":["https:\/\/www.facebook.com\/systechone\/","https:\/\/x.com\/systechone","https:\/\/www.linkedin.com\/company\/systech-international","https:\/\/www.youtube.com\/channel\/UC1fz6UKo5eMa1WxgVMGRhpA\/videos"]}]}},"_links":{"self":[{"href":"https:\/\/staging.systech.ssdev.ca\/fr\/wp-json\/wp\/v2\/pages\/37086","targetHints":{"allow":["GET"]}}],"collection":[{"href":"https:\/\/staging.systech.ssdev.ca\/fr\/wp-json\/wp\/v2\/pages"}],"about":[{"href":"https:\/\/staging.systech.ssdev.ca\/fr\/wp-json\/wp\/v2\/types\/page"}],"author":[{"embeddable":true,"href":"https:\/\/staging.systech.ssdev.ca\/fr\/wp-json\/wp\/v2\/users\/41"}],"replies":[{"embeddable":true,"href":"https:\/\/staging.systech.ssdev.ca\/fr\/wp-json\/wp\/v2\/comments?post=37086"}],"version-history":[{"count":8,"href":"https:\/\/staging.systech.ssdev.ca\/fr\/wp-json\/wp\/v2\/pages\/37086\/revisions"}],"predecessor-version":[{"id":37146,"href":"https:\/\/staging.systech.ssdev.ca\/fr\/wp-json\/wp\/v2\/pages\/37086\/revisions\/37146"}],"wp:attachment":[{"href":"https:\/\/staging.systech.ssdev.ca\/fr\/wp-json\/wp\/v2\/media?parent=37086"}],"curies":[{"name":"wp","href":"https:\/\/api.w.org\/{rel}","templated":true}]}}