{"id":36927,"date":"2025-11-17T14:46:05","date_gmt":"2025-11-17T19:46:05","guid":{"rendered":"https:\/\/staging.systech.ssdev.ca\/?page_id=36927"},"modified":"2025-11-18T05:24:58","modified_gmt":"2025-11-18T10:24:58","slug":"dscsa-compliance-insights-steps-to-streamline-journey","status":"publish","type":"page","link":"https:\/\/staging.systech.ssdev.ca\/fr\/dscsa-compliance-insights-steps-to-streamline-journey\/","title":{"rendered":"Webinar | Conformit\u00e9 DSCSA : Perspectives cl\u00e9s et prochaines \u00e9tapes pour rationaliser votre parcours"},"content":{"rendered":"<div data-elementor-type=\"wp-page\" data-elementor-id=\"36927\" class=\"elementor elementor-36927\" data-elementor-post-type=\"page\">\n\t\t\t\t<div data-dce-background-overlay-color=\"#22B8B0\" data-dce-background-image-url=\"https:\/\/staging.systech.ssdev.ca\/wp-content\/uploads\/2025\/11\/Systech-DSCSA-stabilization-webinar2-banner_11-2023.png\" class=\"elementor-element elementor-element-c45c5ee e-flex e-con-boxed e-con e-parent\" data-id=\"c45c5ee\" data-element_type=\"container\" data-settings=\"{&quot;background_background&quot;:&quot;classic&quot;}\">\n\t\t\t\t\t<div class=\"e-con-inner\">\n\t\t<div class=\"elementor-element elementor-element-6c89efd e-con-full e-flex e-con e-child\" data-id=\"6c89efd\" data-element_type=\"container\">\n\t\t\t\t<div class=\"elementor-element elementor-element-1f28def elementor-widget elementor-widget-heading\" data-id=\"1f28def\" data-element_type=\"widget\" data-widget_type=\"heading.default\">\n\t\t\t\t<div class=\"elementor-widget-container\">\n\t\t\t\t\t<h6 class=\"elementor-heading-title elementor-size-default\">WEBINAIRE \u00c0 LA DEMANDE\n<\/h6>\t\t\t\t<\/div>\n\t\t\t\t<\/div>\n\t\t\t\t<div class=\"elementor-element elementor-element-253b241 elementor-widget elementor-widget-heading\" data-id=\"253b241\" data-element_type=\"widget\" data-widget_type=\"heading.default\">\n\t\t\t\t<div class=\"elementor-widget-container\">\n\t\t\t\t\t<h1 class=\"elementor-heading-title elementor-size-default\">Conformit\u00e9 \u00e0 la loi DSCSA : Perspectives cl\u00e9s et prochaines \u00e9tapes pour rationaliser votre parcours\n<\/h1>\t\t\t\t<\/div>\n\t\t\t\t<\/div>\n\t\t\t\t<\/div>\n\t\t\t\t\t<\/div>\n\t\t\t\t<\/div>\n\t\t<div class=\"elementor-element elementor-element-b3c4743 e-flex e-con-boxed e-con e-parent\" data-id=\"b3c4743\" data-element_type=\"container\">\n\t\t\t\t\t<div class=\"e-con-inner\">\n\t\t<div class=\"elementor-element elementor-element-bbded74 e-con-full e-flex e-con e-child\" data-id=\"bbded74\" data-element_type=\"container\">\n\t\t\t\t<div class=\"elementor-element elementor-element-0af81b2 elementor-widget elementor-widget-text-editor\" data-id=\"0af81b2\" data-element_type=\"widget\" data-widget_type=\"text-editor.default\">\n\t\t\t\t<div class=\"elementor-widget-container\">\n\t\t\t\t\t\t\t\t\t<p><strong>\u00cates-vous pr\u00eat pour les prochaines \u00e9tapes de la mise en conformit\u00e9 avec la loi DSCSA ?<\/strong><\/p><p>Dans ce webinaire \u00e0 la demande, les leaders de l'industrie Joseph Lipari, directeur de produit, Systech et John Lowry, PDG de Praxis Packaging r\u00e9v\u00e8lent les r\u00e9sultats critiques d'une r\u00e9cente enqu\u00eate sur la tra\u00e7abilit\u00e9 et la conformit\u00e9 et fournissent des strat\u00e9gies pratiques pour naviguer dans le paysage DSCSA en constante \u00e9volution. Que vous soyez aux prises avec la gestion des exceptions, l'inefficacit\u00e9 op\u00e9rationnelle ou la pression des co\u00fbts, ce webinaire vous aidera \u00e0 prendre des mesures proactives pour rationaliser la conformit\u00e9 et am\u00e9liorer la productivit\u00e9.<\/p><p>Ce que vous apprendrez :<\/p><ul><li><strong>Benchmarks de l'industrie :<\/strong>\u00a0Les principales conclusions de l'enqu\u00eate men\u00e9e aupr\u00e8s des entreprises permettent d'\u00e9valuer votre situation.<\/li><li><strong>Prochaine phase de l'ASDA :<\/strong>\u00a0Comment transformer les \"heures suppl\u00e9mentaires de conformit\u00e9\" en avantage strat\u00e9gique ?<\/li><li><strong>Meilleures pratiques \u00e9prouv\u00e9es :<\/strong>\u00a0Comment les fournisseurs de solutions aident les entreprises \u00e0 am\u00e9liorer leur efficacit\u00e9 op\u00e9rationnelle et \u00e0 r\u00e9duire leurs co\u00fbts<\/li><li><strong>Soutien de l'OCM :<\/strong>\u00a0Comment collaborer avec vos partenaires de fabrication sous contrat pour g\u00e9rer les exceptions de mani\u00e8re transparente ?<\/li><\/ul><p>\u00a0<\/p><p><strong>Pourquoi est-ce important ?<\/strong><\/p><p>Avec l'imminence de l'application de la DSCSA, il est essentiel de garder une longueur d'avance. Cette session propose des pistes d'action pour vous aider \u00e0 relever les d\u00e9fis, \u00e0 r\u00e9pondre aux exigences de conformit\u00e9 et \u00e0 d\u00e9bloquer des gains de productivit\u00e9 pour votre organisation.<\/p>\t\t\t\t\t\t\t\t<\/div>\n\t\t\t\t<\/div>\n\t\t\t\t<\/div>\n\t\t<div class=\"elementor-element elementor-element-508bdab e-con-full e-flex e-con e-child\" data-id=\"508bdab\" data-element_type=\"container\">\n\t\t<div data-dce-background-color=\"#F2F2F4\" class=\"elementor-element elementor-element-b652c84 e-con-full e-flex e-con e-child\" data-id=\"b652c84\" data-element_type=\"container\" id=\"content-form\" data-settings=\"{&quot;background_background&quot;:&quot;classic&quot;}\">\n\t\t\t\t<div class=\"elementor-element elementor-element-b23d18f elementor-widget elementor-widget-heading\" data-id=\"b23d18f\" data-element_type=\"widget\" data-widget_type=\"heading.default\">\n\t\t\t\t<div class=\"elementor-widget-container\">\n\t\t\t\t\t<h4 class=\"elementor-heading-title elementor-size-default\">Acc\u00e9der au webinaire \u00e0 la demande\n\n<\/h4>\t\t\t\t<\/div>\n\t\t\t\t<\/div>\n\t\t\t\t<div class=\"elementor-element elementor-element-8cd3bd7 elementor-widget elementor-widget-html\" data-id=\"8cd3bd7\" data-element_type=\"widget\" data-widget_type=\"html.default\">\n\t\t\t\t<div class=\"elementor-widget-container\">\n\t\t\t\t\t<script src=\"\/\/info.systechone.com\/js\/forms2\/js\/forms2.min.js\"><\/script> <form id=\"mktoForm_1085\" action=\"\"><input type=\"hidden\" name=\"trp-form-language\" value=\"fr\"\/><\/form> <script>MktoForms2.loadForm(\"\/\/info.systechone.com\", \"304-PSB-492\", 1085);<\/script>\t\t\t\t<\/div>\n\t\t\t\t<\/div>\n\t\t\t\t<\/div>\n\t\t\t\t<\/div>\n\t\t\t\t\t<\/div>\n\t\t\t\t<\/div>\n\t\t<div class=\"elementor-element elementor-element-0cbc36c e-flex e-con-boxed e-con e-parent\" data-id=\"0cbc36c\" data-element_type=\"container\">\n\t\t\t\t\t<div class=\"e-con-inner\">\n\t\t\t\t<div class=\"elementor-element elementor-element-605121e elementor-widget elementor-widget-heading\" data-id=\"605121e\" data-element_type=\"widget\" data-widget_type=\"heading.default\">\n\t\t\t\t<div class=\"elementor-widget-container\">\n\t\t\t\t\t<h3 class=\"elementor-heading-title elementor-size-default\">Intervenants\n<\/h3>\t\t\t\t<\/div>\n\t\t\t\t<\/div>\n\t\t<div class=\"elementor-element elementor-element-fa7f39c e-grid e-con-full e-con e-child\" data-id=\"fa7f39c\" data-element_type=\"container\">\n\t\t<div class=\"elementor-element elementor-element-40b4e4c e-con-full e-flex e-con e-child\" data-id=\"40b4e4c\" data-element_type=\"container\">\n\t\t<div class=\"elementor-element elementor-element-31ddbbd e-con-full e-flex e-con e-child\" data-id=\"31ddbbd\" data-element_type=\"container\">\n\t\t<div class=\"elementor-element elementor-element-38852a9 e-con-full e-flex e-con e-child\" data-id=\"38852a9\" data-element_type=\"container\">\n\t\t\t\t<div class=\"elementor-element elementor-element-51ab190 dce_masking-none elementor-widget elementor-widget-image\" data-id=\"51ab190\" data-element_type=\"widget\" data-widget_type=\"image.default\">\n\t\t\t\t<div class=\"elementor-widget-container\">\n\t\t\t\t\t\t\t\t\t\t\t\t\t\t\t<img loading=\"lazy\" decoding=\"async\" width=\"150\" height=\"150\" src=\"https:\/\/staging.systech.ssdev.ca\/wp-content\/uploads\/2025\/11\/John-Lowry_HS.jpg\" class=\"attachment-medium size-medium wp-image-36981\" alt=\"\" srcset=\"https:\/\/staging.systech.ssdev.ca\/wp-content\/uploads\/2025\/11\/John-Lowry_HS.jpg 150w, https:\/\/staging.systech.ssdev.ca\/wp-content\/uploads\/2025\/11\/John-Lowry_HS-12x12.jpg 12w\" sizes=\"auto, (max-width: 150px) 100vw, 150px\" \/>\t\t\t\t\t\t\t\t\t\t\t\t\t\t\t<\/div>\n\t\t\t\t<\/div>\n\t\t\t\t<\/div>\n\t\t<div class=\"elementor-element elementor-element-fc3cade e-con-full e-flex e-con e-child\" data-id=\"fc3cade\" data-element_type=\"container\">\n\t\t\t\t<div class=\"elementor-element elementor-element-818bcba elementor-widget elementor-widget-heading\" data-id=\"818bcba\" data-element_type=\"widget\" data-widget_type=\"heading.default\">\n\t\t\t\t<div class=\"elementor-widget-container\">\n\t\t\t\t\t<h6 class=\"elementor-heading-title elementor-size-default\">John Lowry\n<\/h6>\t\t\t\t<\/div>\n\t\t\t\t<\/div>\n\t\t\t\t<div class=\"elementor-element elementor-element-c05bde8 elementor-widget elementor-widget-text-editor\" data-id=\"c05bde8\" data-element_type=\"widget\" data-widget_type=\"text-editor.default\">\n\t\t\t\t<div class=\"elementor-widget-container\">\n\t\t\t\t\t\t\t\t\tPDG de Praxis Packaging\n\n\t\t\t\t\t\t\t\t<\/div>\n\t\t\t\t<\/div>\n\t\t\t\t<\/div>\n\t\t\t\t<\/div>\n\t\t<div class=\"elementor-element elementor-element-09dd6c4 e-con-full e-flex e-con e-child\" data-id=\"09dd6c4\" data-element_type=\"container\">\n\t\t\t\t<div class=\"elementor-element elementor-element-3e52eb1 elementor-widget elementor-widget-text-editor\" data-id=\"3e52eb1\" data-element_type=\"widget\" data-widget_type=\"text-editor.default\">\n\t\t\t\t<div class=\"elementor-widget-container\">\n\t\t\t\t\t\t\t\t\t<p>John Lowry a rejoint Praxis Packaging Solutions en 2022, apportant pr\u00e8s de 30 ans d'exp\u00e9rience de direction dans les secteurs de la sant\u00e9 et de l'industrie pharmaceutique. En tant que pr\u00e9sident-directeur g\u00e9n\u00e9ral, il se concentre sur la strat\u00e9gie, la croissance et le d\u00e9veloppement de nouvelles relations avec les clients.<\/p><p>Avant de rejoindre Praxis, John a occup\u00e9 plusieurs postes de direction, notamment celui de PDG de Catalent Pharma Solutions, de pr\u00e9sident du groupe Cardinal Pharmaceutical Technologies and Services et de PDG d'Amerigen Pharmaceuticals. Il a \u00e9galement occup\u00e9 des postes de direction dans le domaine des affaires et du d\u00e9veloppement de produits chez Becton Dickinson et GE Healthcare.<\/p><p>En outre, John a si\u00e9g\u00e9 \u00e0 divers conseils d'administration, en tant qu'administrateur de Micell Technologies (2009-2021) et de Network Partners (2022-aujourd'hui), et en tant qu'administrateur du Jackson Laboratory (2021-aujourd'hui). John est titulaire d'une licence en g\u00e9nie m\u00e9canique de l'universit\u00e9 de Villanova.<\/p>\t\t\t\t\t\t\t\t<\/div>\n\t\t\t\t<\/div>\n\t\t\t\t<\/div>\n\t\t\t\t<\/div>\n\t\t<div class=\"elementor-element elementor-element-f607bc2 e-con-full e-flex e-con e-child\" data-id=\"f607bc2\" data-element_type=\"container\">\n\t\t<div class=\"elementor-element elementor-element-4c6bb12 e-con-full e-flex e-con e-child\" data-id=\"4c6bb12\" data-element_type=\"container\">\n\t\t<div class=\"elementor-element elementor-element-e10c8eb e-con-full e-flex e-con e-child\" data-id=\"e10c8eb\" data-element_type=\"container\">\n\t\t\t\t<div class=\"elementor-element elementor-element-3dd04f2 dce_masking-none elementor-widget elementor-widget-image\" data-id=\"3dd04f2\" data-element_type=\"widget\" data-widget_type=\"image.default\">\n\t\t\t\t<div class=\"elementor-widget-container\">\n\t\t\t\t\t\t\t\t\t\t\t\t\t\t\t<img loading=\"lazy\" decoding=\"async\" width=\"150\" height=\"150\" src=\"https:\/\/staging.systech.ssdev.ca\/wp-content\/uploads\/2025\/11\/joe-lipari_bw.jpg\" class=\"attachment-medium size-medium wp-image-36950\" alt=\"\" srcset=\"https:\/\/staging.systech.ssdev.ca\/wp-content\/uploads\/2025\/11\/joe-lipari_bw.jpg 150w, https:\/\/staging.systech.ssdev.ca\/wp-content\/uploads\/2025\/11\/joe-lipari_bw-12x12.jpg 12w\" sizes=\"auto, (max-width: 150px) 100vw, 150px\" \/>\t\t\t\t\t\t\t\t\t\t\t\t\t\t\t<\/div>\n\t\t\t\t<\/div>\n\t\t\t\t<\/div>\n\t\t<div class=\"elementor-element elementor-element-54faa31 e-con-full e-flex e-con e-child\" data-id=\"54faa31\" data-element_type=\"container\">\n\t\t\t\t<div class=\"elementor-element elementor-element-44b60a5 elementor-widget elementor-widget-heading\" data-id=\"44b60a5\" data-element_type=\"widget\" data-widget_type=\"heading.default\">\n\t\t\t\t<div class=\"elementor-widget-container\">\n\t\t\t\t\t<h6 class=\"elementor-heading-title elementor-size-default\">Joe Lipari\n<\/h6>\t\t\t\t<\/div>\n\t\t\t\t<\/div>\n\t\t\t\t<div class=\"elementor-element elementor-element-8cafe13 elementor-widget elementor-widget-text-editor\" data-id=\"8cafe13\" data-element_type=\"widget\" data-widget_type=\"text-editor.default\">\n\t\t\t\t<div class=\"elementor-widget-container\">\n\t\t\t\t\t\t\t\t\t<article id=\"speaker3_bio\" class=\"mktoText speaker-bio\"><div><article id=\"speaker3_bio\" class=\"mktoText speaker-bio\"><div><article id=\"speaker3_bio\" class=\"mktoText speaker-bio\"><div><p>Directeur de la gestion du cycle de vie des produits | Systech<\/p><\/div><\/article><\/div><\/article><\/div><\/article><article id=\"speaker3_bio\" class=\"mktoText speaker-bio\"><div>\u00a0<\/div><\/article>\t\t\t\t\t\t\t\t<\/div>\n\t\t\t\t<\/div>\n\t\t\t\t<\/div>\n\t\t\t\t<\/div>\n\t\t<div class=\"elementor-element elementor-element-88a0b28 e-con-full e-flex e-con e-child\" data-id=\"88a0b28\" data-element_type=\"container\">\n\t\t\t\t<div class=\"elementor-element elementor-element-80d6dd0 elementor-widget elementor-widget-text-editor\" data-id=\"80d6dd0\" data-element_type=\"widget\" data-widget_type=\"text-editor.default\">\n\t\t\t\t<div class=\"elementor-widget-container\">\n\t\t\t\t\t\t\t\t\t<p>Joe Lipari est directeur des produits pour Systech et est responsable de la s\u00e9rialisation, de la tra\u00e7abilit\u00e9 et de la protection des marques. Joe a mis en \u0153uvre avec succ\u00e8s la vision du produit en \u00e9largissant la plateforme de tra\u00e7abilit\u00e9 de Systech bas\u00e9e sur le cloud pour inclure des cas d'utilisation de la cha\u00eene d'approvisionnement de bout en bout, en d\u00e9ployant une couche de donn\u00e9es intelligente pour recueillir et visualiser les donn\u00e9es d'emballage critiques et en cr\u00e9ant des feuilles de route compl\u00e8tes et connect\u00e9es pour les produits \u00e0 travers la plateforme de Systech.<br \/><br \/>Depuis plus de 20 ans, Joe a mis \u00e0 profit son exp\u00e9rience en informatique et en syst\u00e8mes d'information dans diverses fonctions au sein de Systech. Il poss\u00e8de une expertise en mati\u00e8re d'emballage et de s\u00e9rialisation bas\u00e9e sur l'ing\u00e9nierie et le d\u00e9ploiement de solutions pour des soci\u00e9t\u00e9s pharmaceutiques internationales. Il a \u00e9tendu son exp\u00e9rience en mati\u00e8re d'emballage et de cha\u00eene d'approvisionnement aux secteurs des sciences de la vie et des biens de consommation, dans des r\u00f4les d'ing\u00e9nierie et de gestion.<\/p>\t\t\t\t\t\t\t\t<\/div>\n\t\t\t\t<\/div>\n\t\t\t\t<\/div>\n\t\t\t\t<\/div>\n\t\t\t\t<\/div>\n\t\t\t\t\t<\/div>\n\t\t\t\t<\/div>\n\t\t\t\t<\/div>","protected":false},"excerpt":{"rendered":"<p>WEBINAR A LA DEMANDE Conformit\u00e9 DSCSA : Perspectives cl\u00e9s et prochaines \u00e9tapes pour rationaliser votre parcours \u00cates-vous pr\u00eat pour les prochaines \u00e9tapes de la conformit\u00e9 DSCSA ? Dans ce webinaire \u00e0 la demande, les leaders de l'industrie Joseph Lipari, Directeur Produit, Systech et John Lowry, PDG de Praxis Packaging r\u00e9v\u00e8lent les r\u00e9sultats critiques d'une r\u00e9cente enqu\u00eate sur la tra\u00e7abilit\u00e9 et la conformit\u00e9 et fournissent des strat\u00e9gies pratiques pour [...]<\/p>","protected":false},"author":41,"featured_media":0,"parent":0,"menu_order":0,"comment_status":"closed","ping_status":"closed","template":"","meta":{"_acf_changed":false,"footnotes":""},"class_list":["post-36927","page","type-page","status-publish","hentry"],"acf":[],"yoast_head":"<!-- This site is optimized with the Yoast SEO plugin v25.1 - https:\/\/yoast.com\/wordpress\/plugins\/seo\/ -->\n<title>Webinar | DSCSA compliance: Key insights and next steps to streamline your journey - Systech<\/title>\n<meta name=\"description\" content=\"ON-DEMAND WEBINAR DSCSA compliance: Key insights and next steps to streamline your journey Are you prepared for what\u2019s next in DSCSA compliance?In this\" \/>\n<meta name=\"robots\" content=\"index, follow, max-snippet:-1, max-image-preview:large, max-video-preview:-1\" \/>\n<link rel=\"canonical\" href=\"https:\/\/staging.systech.ssdev.ca\/fr\/dscsa-compliance-insights-steps-to-streamline-journey\/\" \/>\n<meta property=\"og:locale\" content=\"fr_FR\" \/>\n<meta property=\"og:type\" content=\"article\" \/>\n<meta property=\"og:title\" content=\"Webinar | DSCSA compliance: Key insights and next steps to streamline your journey - Systech\" \/>\n<meta property=\"og:description\" content=\"ON-DEMAND WEBINAR DSCSA compliance: Key insights and next steps to streamline your journey Are you prepared for what\u2019s next in DSCSA compliance?In this\" \/>\n<meta property=\"og:url\" content=\"https:\/\/staging.systech.ssdev.ca\/fr\/dscsa-compliance-insights-steps-to-streamline-journey\/\" \/>\n<meta property=\"og:site_name\" content=\"Systech\" \/>\n<meta property=\"article:publisher\" content=\"https:\/\/www.facebook.com\/systechone\/\" \/>\n<meta property=\"article:modified_time\" content=\"2025-11-18T10:24:58+00:00\" \/>\n<meta property=\"og:image\" content=\"https:\/\/staging.systech.ssdev.ca\/wp-content\/uploads\/2025\/11\/John-Lowry_HS.jpg\" \/>\n\t<meta property=\"og:image:width\" content=\"150\" \/>\n\t<meta property=\"og:image:height\" content=\"150\" \/>\n\t<meta property=\"og:image:type\" content=\"image\/jpeg\" \/>\n<meta name=\"twitter:card\" content=\"summary_large_image\" \/>\n<meta name=\"twitter:site\" content=\"@systechone\" \/>\n<meta name=\"twitter:label1\" content=\"Dur\u00e9e de lecture estim\u00e9e\" \/>\n\t<meta name=\"twitter:data1\" content=\"4 minutes\" \/>\n<script type=\"application\/ld+json\" class=\"yoast-schema-graph\">{\"@context\":\"https:\/\/schema.org\",\"@graph\":[{\"@type\":\"WebPage\",\"@id\":\"https:\/\/staging.systech.ssdev.ca\/dscsa-compliance-insights-steps-to-streamline-journey\/\",\"url\":\"https:\/\/staging.systech.ssdev.ca\/dscsa-compliance-insights-steps-to-streamline-journey\/\",\"name\":\"Webinar | DSCSA compliance: Key insights and next steps to streamline your journey - Systech\",\"isPartOf\":{\"@id\":\"https:\/\/staging.systech.ssdev.ca\/#website\"},\"primaryImageOfPage\":{\"@id\":\"https:\/\/staging.systech.ssdev.ca\/dscsa-compliance-insights-steps-to-streamline-journey\/#primaryimage\"},\"image\":{\"@id\":\"https:\/\/staging.systech.ssdev.ca\/dscsa-compliance-insights-steps-to-streamline-journey\/#primaryimage\"},\"thumbnailUrl\":\"https:\/\/staging.systech.ssdev.ca\/wp-content\/uploads\/2025\/11\/John-Lowry_HS.jpg\",\"datePublished\":\"2025-11-17T19:46:05+00:00\",\"dateModified\":\"2025-11-18T10:24:58+00:00\",\"description\":\"ON-DEMAND WEBINAR DSCSA compliance: Key insights and next steps to streamline your journey Are you prepared for what\u2019s next in DSCSA compliance?In this\",\"breadcrumb\":{\"@id\":\"https:\/\/staging.systech.ssdev.ca\/dscsa-compliance-insights-steps-to-streamline-journey\/#breadcrumb\"},\"inLanguage\":\"fr-FR\",\"potentialAction\":[{\"@type\":\"ReadAction\",\"target\":[\"https:\/\/staging.systech.ssdev.ca\/dscsa-compliance-insights-steps-to-streamline-journey\/\"]}]},{\"@type\":\"ImageObject\",\"inLanguage\":\"fr-FR\",\"@id\":\"https:\/\/staging.systech.ssdev.ca\/dscsa-compliance-insights-steps-to-streamline-journey\/#primaryimage\",\"url\":\"https:\/\/staging.systech.ssdev.ca\/wp-content\/uploads\/2025\/11\/John-Lowry_HS.jpg\",\"contentUrl\":\"https:\/\/staging.systech.ssdev.ca\/wp-content\/uploads\/2025\/11\/John-Lowry_HS.jpg\"},{\"@type\":\"BreadcrumbList\",\"@id\":\"https:\/\/staging.systech.ssdev.ca\/dscsa-compliance-insights-steps-to-streamline-journey\/#breadcrumb\",\"itemListElement\":[{\"@type\":\"ListItem\",\"position\":1,\"name\":\"Home\",\"item\":\"https:\/\/staging.systech.ssdev.ca\/\"},{\"@type\":\"ListItem\",\"position\":2,\"name\":\"Webinar | DSCSA compliance: Key insights and next steps to streamline your journey\"}]},{\"@type\":\"WebSite\",\"@id\":\"https:\/\/staging.systech.ssdev.ca\/#website\",\"url\":\"https:\/\/staging.systech.ssdev.ca\/\",\"name\":\"Systech\",\"description\":\"a solutions division of Markem-Imaje\",\"publisher\":{\"@id\":\"https:\/\/staging.systech.ssdev.ca\/#organization\"},\"potentialAction\":[{\"@type\":\"SearchAction\",\"target\":{\"@type\":\"EntryPoint\",\"urlTemplate\":\"https:\/\/staging.systech.ssdev.ca\/?s={search_term_string}\"},\"query-input\":{\"@type\":\"PropertyValueSpecification\",\"valueRequired\":true,\"valueName\":\"search_term_string\"}}],\"inLanguage\":\"fr-FR\"},{\"@type\":\"Organization\",\"@id\":\"https:\/\/staging.systech.ssdev.ca\/#organization\",\"name\":\"Systech International\",\"url\":\"https:\/\/staging.systech.ssdev.ca\/\",\"logo\":{\"@type\":\"ImageObject\",\"inLanguage\":\"fr-FR\",\"@id\":\"https:\/\/staging.systech.ssdev.ca\/#\/schema\/logo\/image\/\",\"url\":\"https:\/\/staging.systech.ssdev.ca\/wp-content\/uploads\/2018\/04\/systech-logo.png\",\"contentUrl\":\"https:\/\/staging.systech.ssdev.ca\/wp-content\/uploads\/2018\/04\/systech-logo.png\",\"width\":551,\"height\":124,\"caption\":\"Systech International\"},\"image\":{\"@id\":\"https:\/\/staging.systech.ssdev.ca\/#\/schema\/logo\/image\/\"},\"sameAs\":[\"https:\/\/www.facebook.com\/systechone\/\",\"https:\/\/x.com\/systechone\",\"https:\/\/www.linkedin.com\/company\/systech-international\",\"https:\/\/www.youtube.com\/channel\/UC1fz6UKo5eMa1WxgVMGRhpA\/videos\"]}]}<\/script>\n<!-- \/ Yoast SEO plugin. -->","yoast_head_json":{"title":"Webinar | DSCSA compliance: Key insights and next steps to streamline your journey - Systech","description":"ON-DEMAND WEBINAR DSCSA compliance: Key insights and next steps to streamline your journey Are you prepared for what\u2019s next in DSCSA compliance?In this","robots":{"index":"index","follow":"follow","max-snippet":"max-snippet:-1","max-image-preview":"max-image-preview:large","max-video-preview":"max-video-preview:-1"},"canonical":"https:\/\/staging.systech.ssdev.ca\/fr\/dscsa-compliance-insights-steps-to-streamline-journey\/","og_locale":"fr_FR","og_type":"article","og_title":"Webinar | DSCSA compliance: Key insights and next steps to streamline your journey - Systech","og_description":"ON-DEMAND WEBINAR DSCSA compliance: Key insights and next steps to streamline your journey Are you prepared for what\u2019s next in DSCSA compliance?In this","og_url":"https:\/\/staging.systech.ssdev.ca\/fr\/dscsa-compliance-insights-steps-to-streamline-journey\/","og_site_name":"Systech","article_publisher":"https:\/\/www.facebook.com\/systechone\/","article_modified_time":"2025-11-18T10:24:58+00:00","og_image":[{"width":150,"height":150,"url":"https:\/\/staging.systech.ssdev.ca\/wp-content\/uploads\/2025\/11\/John-Lowry_HS.jpg","type":"image\/jpeg"}],"twitter_card":"summary_large_image","twitter_site":"@systechone","twitter_misc":{"Dur\u00e9e de lecture estim\u00e9e":"4 minutes"},"schema":{"@context":"https:\/\/schema.org","@graph":[{"@type":"WebPage","@id":"https:\/\/staging.systech.ssdev.ca\/dscsa-compliance-insights-steps-to-streamline-journey\/","url":"https:\/\/staging.systech.ssdev.ca\/dscsa-compliance-insights-steps-to-streamline-journey\/","name":"Webinar | DSCSA compliance: Key insights and next steps to streamline your journey - Systech","isPartOf":{"@id":"https:\/\/staging.systech.ssdev.ca\/#website"},"primaryImageOfPage":{"@id":"https:\/\/staging.systech.ssdev.ca\/dscsa-compliance-insights-steps-to-streamline-journey\/#primaryimage"},"image":{"@id":"https:\/\/staging.systech.ssdev.ca\/dscsa-compliance-insights-steps-to-streamline-journey\/#primaryimage"},"thumbnailUrl":"https:\/\/staging.systech.ssdev.ca\/wp-content\/uploads\/2025\/11\/John-Lowry_HS.jpg","datePublished":"2025-11-17T19:46:05+00:00","dateModified":"2025-11-18T10:24:58+00:00","description":"ON-DEMAND WEBINAR DSCSA compliance: Key insights and next steps to streamline your journey Are you prepared for what\u2019s next in DSCSA compliance?In this","breadcrumb":{"@id":"https:\/\/staging.systech.ssdev.ca\/dscsa-compliance-insights-steps-to-streamline-journey\/#breadcrumb"},"inLanguage":"fr-FR","potentialAction":[{"@type":"ReadAction","target":["https:\/\/staging.systech.ssdev.ca\/dscsa-compliance-insights-steps-to-streamline-journey\/"]}]},{"@type":"ImageObject","inLanguage":"fr-FR","@id":"https:\/\/staging.systech.ssdev.ca\/dscsa-compliance-insights-steps-to-streamline-journey\/#primaryimage","url":"https:\/\/staging.systech.ssdev.ca\/wp-content\/uploads\/2025\/11\/John-Lowry_HS.jpg","contentUrl":"https:\/\/staging.systech.ssdev.ca\/wp-content\/uploads\/2025\/11\/John-Lowry_HS.jpg"},{"@type":"BreadcrumbList","@id":"https:\/\/staging.systech.ssdev.ca\/dscsa-compliance-insights-steps-to-streamline-journey\/#breadcrumb","itemListElement":[{"@type":"ListItem","position":1,"name":"Home","item":"https:\/\/staging.systech.ssdev.ca\/"},{"@type":"ListItem","position":2,"name":"Webinar | DSCSA compliance: Key insights and next steps to streamline your journey"}]},{"@type":"WebSite","@id":"https:\/\/staging.systech.ssdev.ca\/#website","url":"https:\/\/staging.systech.ssdev.ca\/","name":"Systech","description":"a solutions division of Markem-Imaje","publisher":{"@id":"https:\/\/staging.systech.ssdev.ca\/#organization"},"potentialAction":[{"@type":"SearchAction","target":{"@type":"EntryPoint","urlTemplate":"https:\/\/staging.systech.ssdev.ca\/?s={search_term_string}"},"query-input":{"@type":"PropertyValueSpecification","valueRequired":true,"valueName":"search_term_string"}}],"inLanguage":"fr-FR"},{"@type":"Organization","@id":"https:\/\/staging.systech.ssdev.ca\/#organization","name":"Systech International","url":"https:\/\/staging.systech.ssdev.ca\/","logo":{"@type":"ImageObject","inLanguage":"fr-FR","@id":"https:\/\/staging.systech.ssdev.ca\/#\/schema\/logo\/image\/","url":"https:\/\/staging.systech.ssdev.ca\/wp-content\/uploads\/2018\/04\/systech-logo.png","contentUrl":"https:\/\/staging.systech.ssdev.ca\/wp-content\/uploads\/2018\/04\/systech-logo.png","width":551,"height":124,"caption":"Systech International"},"image":{"@id":"https:\/\/staging.systech.ssdev.ca\/#\/schema\/logo\/image\/"},"sameAs":["https:\/\/www.facebook.com\/systechone\/","https:\/\/x.com\/systechone","https:\/\/www.linkedin.com\/company\/systech-international","https:\/\/www.youtube.com\/channel\/UC1fz6UKo5eMa1WxgVMGRhpA\/videos"]}]}},"_links":{"self":[{"href":"https:\/\/staging.systech.ssdev.ca\/fr\/wp-json\/wp\/v2\/pages\/36927","targetHints":{"allow":["GET"]}}],"collection":[{"href":"https:\/\/staging.systech.ssdev.ca\/fr\/wp-json\/wp\/v2\/pages"}],"about":[{"href":"https:\/\/staging.systech.ssdev.ca\/fr\/wp-json\/wp\/v2\/types\/page"}],"author":[{"embeddable":true,"href":"https:\/\/staging.systech.ssdev.ca\/fr\/wp-json\/wp\/v2\/users\/41"}],"replies":[{"embeddable":true,"href":"https:\/\/staging.systech.ssdev.ca\/fr\/wp-json\/wp\/v2\/comments?post=36927"}],"version-history":[{"count":12,"href":"https:\/\/staging.systech.ssdev.ca\/fr\/wp-json\/wp\/v2\/pages\/36927\/revisions"}],"predecessor-version":[{"id":37398,"href":"https:\/\/staging.systech.ssdev.ca\/fr\/wp-json\/wp\/v2\/pages\/36927\/revisions\/37398"}],"wp:attachment":[{"href":"https:\/\/staging.systech.ssdev.ca\/fr\/wp-json\/wp\/v2\/media?parent=36927"}],"curies":[{"name":"wp","href":"https:\/\/api.w.org\/{rel}","templated":true}]}}