{"id":361,"date":"2018-03-27T16:43:43","date_gmt":"2018-03-27T16:43:43","guid":{"rendered":"https:\/\/www.systechone.com\/?page_id=361"},"modified":"2025-08-21T14:48:34","modified_gmt":"2025-08-21T18:48:34","slug":"global-services","status":"publish","type":"page","link":"https:\/\/staging.systech.ssdev.ca\/fr\/about\/centers-of-excellence\/global-services\/","title":{"rendered":"Services globaux"},"content":{"rendered":"<div data-elementor-type=\"wp-page\" data-elementor-id=\"361\" class=\"elementor elementor-361\" data-elementor-post-type=\"page\">\n\t\t\t\t<div data-dce-background-color=\"#54585926\" class=\"elementor-element elementor-element-cf5c978 e-flex e-con-boxed e-con e-parent\" data-id=\"cf5c978\" data-element_type=\"container\" data-settings=\"{&quot;background_background&quot;:&quot;classic&quot;}\">\n\t\t\t\t\t<div class=\"e-con-inner\">\n\t\t<div class=\"elementor-element elementor-element-128be29 e-con-full e-flex e-con e-parent\" data-id=\"128be29\" data-element_type=\"container\" data-settings=\"{&quot;background_background&quot;:&quot;classic&quot;}\">\n\t\t\t\t<div class=\"elementor-element elementor-element-19dd038 elementor-absolute elementor-hidden-mobile elementor-hidden-desktop elementor-hidden-tablet elementor-widget elementor-widget-global elementor-global-19140 elementor-widget-breadcrumbs\" data-id=\"19dd038\" data-element_type=\"widget\" data-settings=\"{&quot;_position&quot;:&quot;absolute&quot;}\" data-widget_type=\"breadcrumbs.default\">\n\t\t\t\t<div class=\"elementor-widget-container\">\n\t\t\t\t\t<p id=\"breadcrumbs\"><span><span><a href=\"https:\/\/staging.systech.ssdev.ca\/fr\/\">Accueil<\/a><\/span><\/span><\/p>\t\t\t\t<\/div>\n\t\t\t\t<\/div>\n\t\t\t\t<div class=\"elementor-element elementor-element-95183d3 elementor-widget elementor-widget-heading\" data-id=\"95183d3\" data-element_type=\"widget\" data-widget_type=\"heading.default\">\n\t\t\t\t<div class=\"elementor-widget-container\">\n\t\t\t\t\t<h1 class=\"elementor-heading-title elementor-size-default\">Services professionnels<\/h1>\t\t\t\t<\/div>\n\t\t\t\t<\/div>\n\t\t\t\t<div class=\"elementor-element elementor-element-b20fc27 elementor-widget elementor-widget-text-editor\" data-id=\"b20fc27\" data-element_type=\"widget\" data-widget_type=\"text-editor.default\">\n\t\t\t\t<div class=\"elementor-widget-container\">\n\t\t\t\t\t\t\t\t\t<p>Avec des ressources situ\u00e9es dans des r\u00e9gions du monde entier, les \u00e9quipes de Systech soutiennent les impl\u00e9mentations locales et professionnelles de nos solutions \u00e9prouv\u00e9es de vision, de s\u00e9rialisation, de suivi et de tra\u00e7abilit\u00e9, de lutte contre la contrefa\u00e7on et d'authentification.<\/p>\t\t\t\t\t\t\t\t<\/div>\n\t\t\t\t<\/div>\n\t\t\t\t<\/div>\n\t\t<div data-dce-background-image-url=\"https:\/\/staging.systech.ssdev.ca\/wp-content\/uploads\/2023\/09\/line-element.svg\" class=\"elementor-element elementor-element-3f0e8e3 e-con-full elementor-hidden-tablet elementor-hidden-mobile e-flex e-con e-parent\" data-id=\"3f0e8e3\" data-element_type=\"container\" data-settings=\"{&quot;background_background&quot;:&quot;classic&quot;,&quot;position&quot;:&quot;absolute&quot;}\">\n\t\t\t\t<\/div>\n\t\t\t\t\t<\/div>\n\t\t\t\t<\/div>\n\t\t<div class=\"elementor-element elementor-element-282b9f5 e-flex e-con-boxed e-con e-parent\" data-id=\"282b9f5\" data-element_type=\"container\">\n\t\t\t\t\t<div class=\"e-con-inner\">\n\t\t<div class=\"elementor-element elementor-element-b905c71 e-con-full e-flex e-con e-parent\" data-id=\"b905c71\" data-element_type=\"container\">\n\t\t\t\t<div class=\"elementor-element elementor-element-0ef2053 elementor-widget elementor-widget-heading\" data-id=\"0ef2053\" data-element_type=\"widget\" data-widget_type=\"heading.default\">\n\t\t\t\t<div class=\"elementor-widget-container\">\n\t\t\t\t\t<h3 class=\"elementor-heading-title elementor-size-default\">Expertise en la mati\u00e8re<\/h3>\t\t\t\t<\/div>\n\t\t\t\t<\/div>\n\t\t\t\t<div class=\"elementor-element elementor-element-3553f30 elementor-widget elementor-widget-text-editor\" data-id=\"3553f30\" data-element_type=\"widget\" data-widget_type=\"text-editor.default\">\n\t\t\t\t<div class=\"elementor-widget-container\">\n\t\t\t\t\t\t\t\t\t<p>Forts de plus de 35 ans d'exp\u00e9rience et d'une technologie brevet\u00e9e, nous avons d\u00e9velopp\u00e9 une biblioth\u00e8que compl\u00e8te de modules de mise en \u0153uvre et de documentation standardis\u00e9s et pr\u00eates \u00e0 l'emploi.<\/p><p>Nos professionnels certifi\u00e9s mettent en \u0153uvre des solutions de niveau 1 \u00e0 5 conformes \u00e0 la r\u00e9glementation et assurent un d\u00e9ploiement rapide et coh\u00e9rent qui r\u00e9pond aux exigences uniques de chaque projet en mati\u00e8re de s\u00e9rialisation et d'emballage.\u00a0<\/p>\t\t\t\t\t\t\t\t<\/div>\n\t\t\t\t<\/div>\n\t\t\t\t<\/div>\n\t\t<div class=\"elementor-element elementor-element-9e2d134 e-con-full e-flex e-con e-parent\" data-id=\"9e2d134\" data-element_type=\"container\">\n\t\t\t\t<div class=\"elementor-element elementor-element-9b2e306 elementor-widget elementor-widget-heading\" data-id=\"9b2e306\" data-element_type=\"widget\" data-widget_type=\"heading.default\">\n\t\t\t\t<div class=\"elementor-widget-container\">\n\t\t\t\t\t<h3 class=\"elementor-heading-title elementor-size-default\">Testez votre solution<\/h3>\t\t\t\t<\/div>\n\t\t\t\t<\/div>\n\t\t\t\t<div class=\"elementor-element elementor-element-d43a39a elementor-widget elementor-widget-text-editor\" data-id=\"d43a39a\" data-element_type=\"widget\" data-widget_type=\"text-editor.default\">\n\t\t\t\t<div class=\"elementor-widget-container\">\n\t\t\t\t\t\t\t\t\t<p>Gr\u00e2ce aux laboratoires d'essai de nos installations, nos clients peuvent simuler et tester leurs configurations de lignes de s\u00e9rialisation et leurs cas d'utilisation d'emballage les plus courants.<\/p><p>Au cours de ce processus de simulation, les utilisateurs peuvent aborder les questions op\u00e9rationnelles et v\u00e9rifier que la configuration souhait\u00e9e r\u00e9pond effectivement \u00e0 leurs besoins avant toute mise en \u0153uvre programm\u00e9e.<\/p>\t\t\t\t\t\t\t\t<\/div>\n\t\t\t\t<\/div>\n\t\t\t\t<\/div>\n\t\t\t\t\t<\/div>\n\t\t\t\t<\/div>\n\t\t<div class=\"elementor-element elementor-element-3bd59ae e-flex e-con-boxed e-con e-parent\" data-id=\"3bd59ae\" data-element_type=\"container\">\n\t\t\t\t\t<div class=\"e-con-inner\">\n\t\t<div class=\"elementor-element elementor-element-94158a6 e-con-full e-flex e-con e-parent\" data-id=\"94158a6\" data-element_type=\"container\">\n\t\t\t\t<div class=\"elementor-element elementor-element-0b04234 elementor-widget elementor-widget-heading\" data-id=\"0b04234\" data-element_type=\"widget\" data-widget_type=\"heading.default\">\n\t\t\t\t<div class=\"elementor-widget-container\">\n\t\t\t\t\t<h3 class=\"elementor-heading-title elementor-size-default\">Services de validation professionnelle<\/h3>\t\t\t\t<\/div>\n\t\t\t\t<\/div>\n\t\t\t\t<div class=\"elementor-element elementor-element-199d470 elementor-widget elementor-widget-text-editor\" data-id=\"199d470\" data-element_type=\"widget\" data-widget_type=\"text-editor.default\">\n\t\t\t\t<div class=\"elementor-widget-container\">\n\t\t\t\t\t\t\t\t\t<p>Notre \u00e9quipe est comp\u00e9tente pour r\u00e9diger la documentation de validation afin d'int\u00e9grer les scripts de test Systech aux mod\u00e8les de validation uniques de votre installation, y compris :<\/p><ul><li>Plan directeur de validation (VMP)<\/li><li>\u00c9valuation des risques fonctionnels (FRA)<\/li><li>Qualification de l'installation (QI)<\/li><li>Qualification op\u00e9rationnelle (OQ)<\/li><li>Qualification des performances (PQ)<\/li><li>Document de la matrice de tra\u00e7abilit\u00e9 des exigences (RTM)<\/li><\/ul>\t\t\t\t\t\t\t\t<\/div>\n\t\t\t\t<\/div>\n\t\t\t\t<\/div>\n\t\t<div class=\"elementor-element elementor-element-fd5503d e-con-full e-flex e-con e-parent\" data-id=\"fd5503d\" data-element_type=\"container\">\n\t\t\t\t<div class=\"elementor-element elementor-element-1a87fbf elementor-widget elementor-widget-heading\" data-id=\"1a87fbf\" data-element_type=\"widget\" data-widget_type=\"heading.default\">\n\t\t\t\t<div class=\"elementor-widget-container\">\n\t\t\t\t\t<h3 class=\"elementor-heading-title elementor-size-default\">Programmes de mise \u00e0 niveau flexibles<\/h3>\t\t\t\t<\/div>\n\t\t\t\t<\/div>\n\t\t\t\t<div class=\"elementor-element elementor-element-f045642 elementor-widget elementor-widget-text-editor\" data-id=\"f045642\" data-element_type=\"widget\" data-widget_type=\"text-editor.default\">\n\t\t\t\t<div class=\"elementor-widget-container\">\n\t\t\t\t\t\t\t\t\t<p>La mise \u00e0 niveau de la technologie des cha\u00eenes de production peut s'av\u00e9rer difficile, mais elle est n\u00e9cessaire pour maintenir une fonctionnalit\u00e9 avanc\u00e9e et garantir des performances optimales.\u00a0<\/p><p>Nous simplifions ce processus en minimisant le nombre de changements que nous introduisons et en offrant des moyens flexibles de r\u00e9duire les co\u00fbts, les risques et les temps d'arr\u00eat lors de la mise \u00e0 niveau du mat\u00e9riel et des logiciels existants.<\/p>\t\t\t\t\t\t\t\t<\/div>\n\t\t\t\t<\/div>\n\t\t\t\t<\/div>\n\t\t\t\t\t<\/div>\n\t\t\t\t<\/div>\n\t\t\t\t<\/div>","protected":false},"excerpt":{"rendered":"<p>Services professionnels Avec des ressources situ\u00e9es dans des r\u00e9gions du monde entier, les \u00e9quipes de Systech soutiennent les impl\u00e9mentations locales et professionnelles de nos solutions \u00e9prouv\u00e9es de vision, de s\u00e9rialisation, de suivi et de tra\u00e7abilit\u00e9, de lutte contre la contrefa\u00e7on et d'authentification. Expertise en la mati\u00e8re Avec plus de 35 ans d'exp\u00e9rience et une technologie brevet\u00e9e, nous avons d\u00e9velopp\u00e9 une biblioth\u00e8que compl\u00e8te de modules d'impl\u00e9mentation et de documentation standardis\u00e9s et pr\u00eats \u00e0 l'emploi. Nos professionnels certifi\u00e9s mettent en \u0153uvre [...]<\/p>","protected":false},"author":9,"featured_media":0,"parent":4841,"menu_order":0,"comment_status":"closed","ping_status":"closed","template":"","meta":{"_acf_changed":false,"footnotes":""},"class_list":["post-361","page","type-page","status-publish","hentry"],"acf":[],"yoast_head":"<!-- This site is optimized with the Yoast SEO plugin v25.1 - https:\/\/yoast.com\/wordpress\/plugins\/seo\/ -->\n<title>Authentication Solutions | Global Services<\/title>\n<meta name=\"description\" content=\"Our authentication solutions support 250 serialization workflows\" \/>\n<meta name=\"robots\" content=\"index, follow, max-snippet:-1, max-image-preview:large, max-video-preview:-1\" \/>\n<link rel=\"canonical\" href=\"https:\/\/staging.systech.ssdev.ca\/fr\/about\/centers-of-excellence\/global-services\/\" \/>\n<meta property=\"og:locale\" content=\"fr_FR\" \/>\n<meta property=\"og:type\" content=\"article\" \/>\n<meta property=\"og:title\" content=\"Authentication Solutions | Global Services\" \/>\n<meta property=\"og:description\" content=\"Our authentication solutions support 250 serialization workflows\" \/>\n<meta property=\"og:url\" content=\"https:\/\/staging.systech.ssdev.ca\/fr\/about\/centers-of-excellence\/global-services\/\" \/>\n<meta property=\"og:site_name\" content=\"Systech\" \/>\n<meta property=\"article:publisher\" content=\"https:\/\/www.facebook.com\/systechone\/\" \/>\n<meta property=\"article:modified_time\" content=\"2025-08-21T18:48:34+00:00\" \/>\n<meta name=\"twitter:card\" content=\"summary_large_image\" \/>\n<meta name=\"twitter:site\" content=\"@systechone\" \/>\n<meta name=\"twitter:label1\" content=\"Dur\u00e9e de lecture estim\u00e9e\" \/>\n\t<meta name=\"twitter:data1\" content=\"1 minute\" \/>\n<script type=\"application\/ld+json\" class=\"yoast-schema-graph\">{\"@context\":\"https:\/\/schema.org\",\"@graph\":[{\"@type\":\"WebPage\",\"@id\":\"https:\/\/staging.systech.ssdev.ca\/about\/centers-of-excellence\/global-services\/\",\"url\":\"https:\/\/staging.systech.ssdev.ca\/about\/centers-of-excellence\/global-services\/\",\"name\":\"Authentication Solutions | Global Services\",\"isPartOf\":{\"@id\":\"https:\/\/staging.systech.ssdev.ca\/#website\"},\"datePublished\":\"2018-03-27T16:43:43+00:00\",\"dateModified\":\"2025-08-21T18:48:34+00:00\",\"description\":\"Our authentication solutions support 250 serialization workflows\",\"breadcrumb\":{\"@id\":\"https:\/\/staging.systech.ssdev.ca\/about\/centers-of-excellence\/global-services\/#breadcrumb\"},\"inLanguage\":\"fr-FR\",\"potentialAction\":[{\"@type\":\"ReadAction\",\"target\":[\"https:\/\/staging.systech.ssdev.ca\/about\/centers-of-excellence\/global-services\/\"]}]},{\"@type\":\"BreadcrumbList\",\"@id\":\"https:\/\/staging.systech.ssdev.ca\/about\/centers-of-excellence\/global-services\/#breadcrumb\",\"itemListElement\":[{\"@type\":\"ListItem\",\"position\":1,\"name\":\"Home\",\"item\":\"https:\/\/staging.systech.ssdev.ca\/\"},{\"@type\":\"ListItem\",\"position\":2,\"name\":\"About\",\"item\":\"https:\/\/staging.systech.ssdev.ca\/about\/\"},{\"@type\":\"ListItem\",\"position\":3,\"name\":\"Centers of Excellence\",\"item\":\"https:\/\/staging.systech.ssdev.ca\/about\/centers-of-excellence\/\"},{\"@type\":\"ListItem\",\"position\":4,\"name\":\"Global Services\"}]},{\"@type\":\"WebSite\",\"@id\":\"https:\/\/staging.systech.ssdev.ca\/#website\",\"url\":\"https:\/\/staging.systech.ssdev.ca\/\",\"name\":\"Systech\",\"description\":\"a solutions division of Markem-Imaje\",\"publisher\":{\"@id\":\"https:\/\/staging.systech.ssdev.ca\/#organization\"},\"potentialAction\":[{\"@type\":\"SearchAction\",\"target\":{\"@type\":\"EntryPoint\",\"urlTemplate\":\"https:\/\/staging.systech.ssdev.ca\/?s={search_term_string}\"},\"query-input\":{\"@type\":\"PropertyValueSpecification\",\"valueRequired\":true,\"valueName\":\"search_term_string\"}}],\"inLanguage\":\"fr-FR\"},{\"@type\":\"Organization\",\"@id\":\"https:\/\/staging.systech.ssdev.ca\/#organization\",\"name\":\"Systech International\",\"url\":\"https:\/\/staging.systech.ssdev.ca\/\",\"logo\":{\"@type\":\"ImageObject\",\"inLanguage\":\"fr-FR\",\"@id\":\"https:\/\/staging.systech.ssdev.ca\/#\/schema\/logo\/image\/\",\"url\":\"https:\/\/staging.systech.ssdev.ca\/wp-content\/uploads\/2018\/04\/systech-logo.png\",\"contentUrl\":\"https:\/\/staging.systech.ssdev.ca\/wp-content\/uploads\/2018\/04\/systech-logo.png\",\"width\":551,\"height\":124,\"caption\":\"Systech International\"},\"image\":{\"@id\":\"https:\/\/staging.systech.ssdev.ca\/#\/schema\/logo\/image\/\"},\"sameAs\":[\"https:\/\/www.facebook.com\/systechone\/\",\"https:\/\/x.com\/systechone\",\"https:\/\/www.linkedin.com\/company\/systech-international\",\"https:\/\/www.youtube.com\/channel\/UC1fz6UKo5eMa1WxgVMGRhpA\/videos\"]}]}<\/script>\n<!-- \/ Yoast SEO plugin. -->","yoast_head_json":{"title":"Authentication Solutions | Global Services","description":"Our authentication solutions support 250 serialization workflows","robots":{"index":"index","follow":"follow","max-snippet":"max-snippet:-1","max-image-preview":"max-image-preview:large","max-video-preview":"max-video-preview:-1"},"canonical":"https:\/\/staging.systech.ssdev.ca\/fr\/about\/centers-of-excellence\/global-services\/","og_locale":"fr_FR","og_type":"article","og_title":"Authentication Solutions | Global Services","og_description":"Our authentication solutions support 250 serialization workflows","og_url":"https:\/\/staging.systech.ssdev.ca\/fr\/about\/centers-of-excellence\/global-services\/","og_site_name":"Systech","article_publisher":"https:\/\/www.facebook.com\/systechone\/","article_modified_time":"2025-08-21T18:48:34+00:00","twitter_card":"summary_large_image","twitter_site":"@systechone","twitter_misc":{"Dur\u00e9e de lecture estim\u00e9e":"1 minute"},"schema":{"@context":"https:\/\/schema.org","@graph":[{"@type":"WebPage","@id":"https:\/\/staging.systech.ssdev.ca\/about\/centers-of-excellence\/global-services\/","url":"https:\/\/staging.systech.ssdev.ca\/about\/centers-of-excellence\/global-services\/","name":"Authentication Solutions | Global Services","isPartOf":{"@id":"https:\/\/staging.systech.ssdev.ca\/#website"},"datePublished":"2018-03-27T16:43:43+00:00","dateModified":"2025-08-21T18:48:34+00:00","description":"Our authentication solutions support 250 serialization workflows","breadcrumb":{"@id":"https:\/\/staging.systech.ssdev.ca\/about\/centers-of-excellence\/global-services\/#breadcrumb"},"inLanguage":"fr-FR","potentialAction":[{"@type":"ReadAction","target":["https:\/\/staging.systech.ssdev.ca\/about\/centers-of-excellence\/global-services\/"]}]},{"@type":"BreadcrumbList","@id":"https:\/\/staging.systech.ssdev.ca\/about\/centers-of-excellence\/global-services\/#breadcrumb","itemListElement":[{"@type":"ListItem","position":1,"name":"Home","item":"https:\/\/staging.systech.ssdev.ca\/"},{"@type":"ListItem","position":2,"name":"About","item":"https:\/\/staging.systech.ssdev.ca\/about\/"},{"@type":"ListItem","position":3,"name":"Centers of Excellence","item":"https:\/\/staging.systech.ssdev.ca\/about\/centers-of-excellence\/"},{"@type":"ListItem","position":4,"name":"Global Services"}]},{"@type":"WebSite","@id":"https:\/\/staging.systech.ssdev.ca\/#website","url":"https:\/\/staging.systech.ssdev.ca\/","name":"Systech","description":"a solutions division of Markem-Imaje","publisher":{"@id":"https:\/\/staging.systech.ssdev.ca\/#organization"},"potentialAction":[{"@type":"SearchAction","target":{"@type":"EntryPoint","urlTemplate":"https:\/\/staging.systech.ssdev.ca\/?s={search_term_string}"},"query-input":{"@type":"PropertyValueSpecification","valueRequired":true,"valueName":"search_term_string"}}],"inLanguage":"fr-FR"},{"@type":"Organization","@id":"https:\/\/staging.systech.ssdev.ca\/#organization","name":"Systech International","url":"https:\/\/staging.systech.ssdev.ca\/","logo":{"@type":"ImageObject","inLanguage":"fr-FR","@id":"https:\/\/staging.systech.ssdev.ca\/#\/schema\/logo\/image\/","url":"https:\/\/staging.systech.ssdev.ca\/wp-content\/uploads\/2018\/04\/systech-logo.png","contentUrl":"https:\/\/staging.systech.ssdev.ca\/wp-content\/uploads\/2018\/04\/systech-logo.png","width":551,"height":124,"caption":"Systech International"},"image":{"@id":"https:\/\/staging.systech.ssdev.ca\/#\/schema\/logo\/image\/"},"sameAs":["https:\/\/www.facebook.com\/systechone\/","https:\/\/x.com\/systechone","https:\/\/www.linkedin.com\/company\/systech-international","https:\/\/www.youtube.com\/channel\/UC1fz6UKo5eMa1WxgVMGRhpA\/videos"]}]}},"_links":{"self":[{"href":"https:\/\/staging.systech.ssdev.ca\/fr\/wp-json\/wp\/v2\/pages\/361","targetHints":{"allow":["GET"]}}],"collection":[{"href":"https:\/\/staging.systech.ssdev.ca\/fr\/wp-json\/wp\/v2\/pages"}],"about":[{"href":"https:\/\/staging.systech.ssdev.ca\/fr\/wp-json\/wp\/v2\/types\/page"}],"author":[{"embeddable":true,"href":"https:\/\/staging.systech.ssdev.ca\/fr\/wp-json\/wp\/v2\/users\/9"}],"replies":[{"embeddable":true,"href":"https:\/\/staging.systech.ssdev.ca\/fr\/wp-json\/wp\/v2\/comments?post=361"}],"version-history":[{"count":1,"href":"https:\/\/staging.systech.ssdev.ca\/fr\/wp-json\/wp\/v2\/pages\/361\/revisions"}],"predecessor-version":[{"id":35215,"href":"https:\/\/staging.systech.ssdev.ca\/fr\/wp-json\/wp\/v2\/pages\/361\/revisions\/35215"}],"up":[{"embeddable":true,"href":"https:\/\/staging.systech.ssdev.ca\/fr\/wp-json\/wp\/v2\/pages\/4841"}],"wp:attachment":[{"href":"https:\/\/staging.systech.ssdev.ca\/fr\/wp-json\/wp\/v2\/media?parent=361"}],"curies":[{"name":"wp","href":"https:\/\/api.w.org\/{rel}","templated":true}]}}