{"id":191,"date":"2018-03-19T22:00:42","date_gmt":"2018-03-19T22:00:42","guid":{"rendered":"https:\/\/www.systechone.com\/?page_id=191"},"modified":"2025-05-27T16:11:34","modified_gmt":"2025-05-27T20:11:34","slug":"careers","status":"publish","type":"page","link":"https:\/\/staging.systech.ssdev.ca\/fr\/about\/centers-of-excellence\/careers\/","title":{"rendered":"Carri\u00e8res"},"content":{"rendered":"<div data-elementor-type=\"wp-page\" data-elementor-id=\"191\" class=\"elementor elementor-191\" data-elementor-post-type=\"page\">\n\t\t\t\t<div data-dce-background-color=\"#54585926\" class=\"elementor-element elementor-element-603d09a e-flex e-con-boxed e-con e-parent\" data-id=\"603d09a\" data-element_type=\"container\" data-settings=\"{&quot;background_background&quot;:&quot;classic&quot;}\">\n\t\t\t\t\t<div class=\"e-con-inner\">\n\t\t<div class=\"elementor-element elementor-element-6a30467 e-con-full e-flex e-con e-child\" data-id=\"6a30467\" data-element_type=\"container\" data-settings=\"{&quot;background_background&quot;:&quot;classic&quot;}\">\n\t\t\t\t<div class=\"elementor-element elementor-element-4ed32a8 elementor-absolute elementor-hidden-mobile elementor-hidden-desktop elementor-hidden-tablet elementor-widget elementor-widget-global elementor-global-19140 elementor-widget-breadcrumbs\" data-id=\"4ed32a8\" data-element_type=\"widget\" data-settings=\"{&quot;_position&quot;:&quot;absolute&quot;}\" data-widget_type=\"breadcrumbs.default\">\n\t\t\t\t<div class=\"elementor-widget-container\">\n\t\t\t\t\t<p id=\"breadcrumbs\"><span><span><a href=\"https:\/\/staging.systech.ssdev.ca\/fr\/\">Accueil<\/a><\/span><\/span><\/p>\t\t\t\t<\/div>\n\t\t\t\t<\/div>\n\t\t\t\t<div class=\"elementor-element elementor-element-daf113f elementor-widget elementor-widget-heading\" data-id=\"daf113f\" data-element_type=\"widget\" data-widget_type=\"heading.default\">\n\t\t\t\t<div class=\"elementor-widget-container\">\n\t\t\t\t\t<h1 class=\"elementor-heading-title elementor-size-default\">Carri\u00e8res<\/h1>\t\t\t\t<\/div>\n\t\t\t\t<\/div>\n\t\t\t\t<div class=\"elementor-element elementor-element-d296088 elementor-widget elementor-widget-text-editor\" data-id=\"d296088\" data-element_type=\"widget\" data-widget_type=\"text-editor.default\">\n\t\t\t\t<div class=\"elementor-widget-container\">\n\t\t\t\t\t\t\t\t\t<p>\u00c9tabli en 1985, Systech est le chef de file en mati\u00e8re de solutions d'identification num\u00e9rique et de tra\u00e7abilit\u00e9. Nous sommes une organisation innovante qui peut offrir un environnement stimulant qui favorise la satisfaction professionnelle et de multiples opportunit\u00e9s de r\u00e9ussite professionnelle.<\/p>\t\t\t\t\t\t\t\t<\/div>\n\t\t\t\t<\/div>\n\t\t\t\t<\/div>\n\t\t<div data-dce-background-image-url=\"https:\/\/staging.systech.ssdev.ca\/wp-content\/uploads\/2023\/09\/line-element.svg\" class=\"elementor-element elementor-element-ae36954 e-con-full elementor-hidden-tablet elementor-hidden-mobile e-flex e-con e-child\" data-id=\"ae36954\" data-element_type=\"container\" data-settings=\"{&quot;background_background&quot;:&quot;classic&quot;,&quot;position&quot;:&quot;absolute&quot;}\">\n\t\t\t\t<\/div>\n\t\t\t\t\t<\/div>\n\t\t\t\t<\/div>\n\t\t<div class=\"elementor-element elementor-element-4f1a763 e-flex e-con-boxed e-con e-parent\" data-id=\"4f1a763\" data-element_type=\"container\">\n\t\t\t\t\t<div class=\"e-con-inner\">\n\t\t<div class=\"elementor-element elementor-element-787c253 e-con-full e-flex e-con e-child\" data-id=\"787c253\" data-element_type=\"container\">\n\t\t\t\t<div class=\"elementor-element elementor-element-281edc1 elementor-widget elementor-widget-button\" data-id=\"281edc1\" data-element_type=\"widget\" data-widget_type=\"button.default\">\n\t\t\t\t<div class=\"elementor-widget-container\">\n\t\t\t\t\t\t\t\t\t<div class=\"elementor-button-wrapper\">\n\t\t\t\t\t<a class=\"elementor-button elementor-button-link elementor-size-xl\" href=\"https:\/\/careers.dovercorporation.com\/search\/?createNewAlert=false&#038;q=systech&#038;locationsearch=&#038;optionsFacetsDD_department=&#038;optionsFacetsDD_facility=\">\n\t\t\t\t\t\t<span class=\"elementor-button-content-wrapper\">\n\t\t\t\t\t\t\t\t\t<span class=\"elementor-button-text\">Offres d'emploi actuelles<\/span>\n\t\t\t\t\t<\/span>\n\t\t\t\t\t<\/a>\n\t\t\t\t<\/div>\n\t\t\t\t\t\t\t\t<\/div>\n\t\t\t\t<\/div>\n\t\t\t\t<\/div>\n\t\t\t\t\t<\/div>\n\t\t\t\t<\/div>\n\t\t<div class=\"elementor-element elementor-element-bcdcccb e-flex e-con-boxed e-con e-parent\" data-id=\"bcdcccb\" data-element_type=\"container\">\n\t\t\t\t\t<div class=\"e-con-inner\">\n\t\t<div class=\"elementor-element elementor-element-5a42065 e-con-full e-flex e-con e-child\" data-id=\"5a42065\" data-element_type=\"container\">\n\t\t\t\t<div class=\"elementor-element elementor-element-eeb2461 elementor-widget elementor-widget-heading\" data-id=\"eeb2461\" data-element_type=\"widget\" data-widget_type=\"heading.default\">\n\t\t\t\t<div class=\"elementor-widget-container\">\n\t\t\t\t\t<h3 class=\"elementor-heading-title elementor-size-default\">Ce que nous proposons <\/h3>\t\t\t\t<\/div>\n\t\t\t\t<\/div>\n\t\t\t\t<div class=\"elementor-element elementor-element-319e590 elementor-widget elementor-widget-text-editor\" data-id=\"319e590\" data-element_type=\"widget\" data-widget_type=\"text-editor.default\">\n\t\t\t\t<div class=\"elementor-widget-container\">\n\t\t\t\t\t\t\t\t\tSystech offre un ensemble complet d'avantages sociaux qui r\u00e9pondent \u00e0 vos besoins en mati\u00e8re de sant\u00e9 et de mode de vie. (Les avantages offerts aux \u00c9tats-Unis sont indiqu\u00e9s ci-dessous ; les avantages offerts varient d'un pays \u00e0 l'autre).\t\t\t\t\t\t\t\t<\/div>\n\t\t\t\t<\/div>\n\t\t\t\t<\/div>\n\t\t\t\t\t<\/div>\n\t\t\t\t<\/div>\n\t\t<div class=\"elementor-element elementor-element-65ad2a2 e-flex e-con-boxed e-con e-parent\" data-id=\"65ad2a2\" data-element_type=\"container\">\n\t\t\t\t\t<div class=\"e-con-inner\">\n\t\t<div class=\"elementor-element elementor-element-c22a29c e-con-full e-flex e-con e-child\" data-id=\"c22a29c\" data-element_type=\"container\">\n\t\t\t\t<div class=\"elementor-element elementor-element-d06c4ae elementor-widget elementor-widget-heading\" data-id=\"d06c4ae\" data-element_type=\"widget\" data-widget_type=\"heading.default\">\n\t\t\t\t<div class=\"elementor-widget-container\">\n\t\t\t\t\t<h4 class=\"elementor-heading-title elementor-size-default\">Avantages pour la sant\u00e9<\/h4>\t\t\t\t<\/div>\n\t\t\t\t<\/div>\n\t\t\t\t<div class=\"elementor-element elementor-element-2f2e027 elementor-widget elementor-widget-text-editor\" data-id=\"2f2e027\" data-element_type=\"widget\" data-widget_type=\"text-editor.default\">\n\t\t\t\t<div class=\"elementor-widget-container\">\n\t\t\t\t\t\t\t\t\t<ul><li>M\u00e9dical<\/li><li>Prescription<\/li><li>Dentaire\/Vision<\/li><li>Compte d'\u00e9pargne sant\u00e9 et flexible (HSA)\/(FSA)<\/li><\/ul>\t\t\t\t\t\t\t\t<\/div>\n\t\t\t\t<\/div>\n\t\t\t\t<\/div>\n\t\t<div class=\"elementor-element elementor-element-e4748a3 e-con-full e-flex e-con e-child\" data-id=\"e4748a3\" data-element_type=\"container\">\n\t\t\t\t<div class=\"elementor-element elementor-element-3e27dfe elementor-widget elementor-widget-heading\" data-id=\"3e27dfe\" data-element_type=\"widget\" data-widget_type=\"heading.default\">\n\t\t\t\t<div class=\"elementor-widget-container\">\n\t\t\t\t\t<h4 class=\"elementor-heading-title elementor-size-default\">Avantages financiers<\/h4>\t\t\t\t<\/div>\n\t\t\t\t<\/div>\n\t\t\t\t<div class=\"elementor-element elementor-element-9424b29 elementor-widget elementor-widget-text-editor\" data-id=\"9424b29\" data-element_type=\"widget\" data-widget_type=\"text-editor.default\">\n\t\t\t\t<div class=\"elementor-widget-container\">\n\t\t\t\t\t\t\t\t\t<ul><li>Plan d'\u00e9pargne Systech - 401(k)<\/li><li>Assurance vie<\/li><li>Invalidit\u00e9 de courte et de longue dur\u00e9e<\/li><\/ul>\t\t\t\t\t\t\t\t<\/div>\n\t\t\t\t<\/div>\n\t\t\t\t<\/div>\n\t\t\t\t\t<\/div>\n\t\t\t\t<\/div>\n\t\t<div class=\"elementor-element elementor-element-c5f3550 e-flex e-con-boxed e-con e-parent\" data-id=\"c5f3550\" data-element_type=\"container\">\n\t\t\t\t\t<div class=\"e-con-inner\">\n\t\t<div class=\"elementor-element elementor-element-f8c391d e-con-full e-flex e-con e-child\" data-id=\"f8c391d\" data-element_type=\"container\">\n\t\t\t\t<div class=\"elementor-element elementor-element-398ffc0 elementor-widget elementor-widget-heading\" data-id=\"398ffc0\" data-element_type=\"widget\" data-widget_type=\"heading.default\">\n\t\t\t\t<div class=\"elementor-widget-container\">\n\t\t\t\t\t<h4 class=\"elementor-heading-title elementor-size-default\">Cong\u00e9 pay\u00e9<\/h4>\t\t\t\t<\/div>\n\t\t\t\t<\/div>\n\t\t\t\t<div class=\"elementor-element elementor-element-9acf86b elementor-widget elementor-widget-text-editor\" data-id=\"9acf86b\" data-element_type=\"widget\" data-widget_type=\"text-editor.default\">\n\t\t\t\t<div class=\"elementor-widget-container\">\n\t\t\t\t\t\t\t\t\t<ul><li>Temps libre r\u00e9mun\u00e9r\u00e9<\/li><li>Vacances<\/li><li>Vacances<\/li><li>Maladie\/personne<\/li><li>Le deuil<\/li><li>Le devoir de jur\u00e9<\/li><\/ul>\t\t\t\t\t\t\t\t<\/div>\n\t\t\t\t<\/div>\n\t\t\t\t<\/div>\n\t\t<div class=\"elementor-element elementor-element-9250b86 e-con-full e-flex e-con e-child\" data-id=\"9250b86\" data-element_type=\"container\">\n\t\t\t\t<div class=\"elementor-element elementor-element-5fa0daa elementor-widget elementor-widget-heading\" data-id=\"5fa0daa\" data-element_type=\"widget\" data-widget_type=\"heading.default\">\n\t\t\t\t<div class=\"elementor-widget-container\">\n\t\t\t\t\t<h4 class=\"elementor-heading-title elementor-size-default\">Avantages suppl\u00e9mentaires<\/h4>\t\t\t\t<\/div>\n\t\t\t\t<\/div>\n\t\t\t\t<div class=\"elementor-element elementor-element-a502e4d elementor-widget elementor-widget-text-editor\" data-id=\"a502e4d\" data-element_type=\"widget\" data-widget_type=\"text-editor.default\">\n\t\t\t\t<div class=\"elementor-widget-container\">\n\t\t\t\t\t\t\t\t\t<ul><li>Remboursement des frais de scolarit\u00e9<\/li><li>Possibilit\u00e9s d'apprentissage et de d\u00e9veloppement<\/li><li>Assistance aux employ\u00e9s<\/li><li>Prix de parrainage des employ\u00e9s<\/li><li>Politique de t\u00e9l\u00e9travail<\/li><\/ul>\t\t\t\t\t\t\t\t<\/div>\n\t\t\t\t<\/div>\n\t\t\t\t<\/div>\n\t\t\t\t\t<\/div>\n\t\t\t\t<\/div>\n\t\t<div class=\"elementor-element elementor-element-0f94083 e-flex e-con-boxed e-con e-parent\" data-id=\"0f94083\" data-element_type=\"container\">\n\t\t\t\t\t<div class=\"e-con-inner\">\n\t\t<div class=\"elementor-element elementor-element-d41829c e-con-full e-flex e-con e-child\" data-id=\"d41829c\" data-element_type=\"container\">\n\t\t\t\t<div class=\"elementor-element elementor-element-e53cce7 elementor-widget elementor-widget-heading\" data-id=\"e53cce7\" data-element_type=\"widget\" data-widget_type=\"heading.default\">\n\t\t\t\t<div class=\"elementor-widget-container\">\n\t\t\t\t\t<h3 class=\"elementor-heading-title elementor-size-default\">La vie \u00e0 Systech<\/h3>\t\t\t\t<\/div>\n\t\t\t\t<\/div>\n\t\t\t\t<div class=\"elementor-element elementor-element-44a664e elementor-widget elementor-widget-text-editor\" data-id=\"44a664e\" data-element_type=\"widget\" data-widget_type=\"text-editor.default\">\n\t\t\t\t<div class=\"elementor-widget-container\">\n\t\t\t\t\t\t\t\t\t<p><span style=\"color: var( --e-global-color-text ); font-family: var( --e-global-typography-text-font-family ), Sans-serif; font-size: var( --e-global-typography-text-font-size ); font-weight: var( --e-global-typography-text-font-weight ); text-align: var(--text-align); letter-spacing: var( --e-global-typography-85b08bc-letter-spacing ); word-spacing: var( --e-global-typography-85b08bc-word-spacing );\">Nous sommes une organisation innovante qui offre un environnement stimulant qui favorise la satisfaction professionnelle et de multiples opportunit\u00e9s de r\u00e9ussite professionnelle.<\/span><\/p><p>Nous sommes d\u00e9termin\u00e9s \u00e0 jouer un r\u00f4le de premier plan dans l'industrie en tant que pionniers dans les domaines suivants <a href=\"https:\/\/staging.systech.ssdev.ca\/fr\/products\/serialization-regulatory-compliance-uniseries\/\">s\u00e9rialisation<\/a> et dans les nouvelles avanc\u00e9es de l'\u00e9conomie mondiale. <a href=\"https:\/\/staging.systech.ssdev.ca\/fr\/solutions\/brand-protection\/\">protection de la marque<\/a>. Pour atteindre cet objectif, nous recherchons des employ\u00e9s ambitieux, d\u00e9vou\u00e9s et engag\u00e9s dans notre entreprise. <a href=\"https:\/\/staging.systech.ssdev.ca\/fr\/about\/mission-values\/\">mission, vision et valeurs<\/a>.<\/p><p>Attirer et retenir les bonnes personnes est essentiel \u00e0 la strat\u00e9gie d'une entreprise prosp\u00e8re. Notre vitalit\u00e9 d\u00e9pend de la qualit\u00e9 de notre personnel. Nous nous effor\u00e7ons d'attirer des professionnels talentueux et qualifi\u00e9s et de leur offrir des possibilit\u00e9s d'avancement dans tous les aspects de leur vie professionnelle.<\/p><p><a href=\"https:\/\/careers.dovercorporation.com\/search\/?createNewAlert=false&amp;q=systech&amp;locationsearch=&amp;optionsFacetsDD_department=&amp;optionsFacetsDD_facility=\" target=\"_blank\" rel=\"noopener\">Rejoignez-nous<\/a> si vous voulez faire la diff\u00e9rence.<\/p>\t\t\t\t\t\t\t\t<\/div>\n\t\t\t\t<\/div>\n\t\t\t\t<\/div>\n\t\t\t\t\t<\/div>\n\t\t\t\t<\/div>\n\t\t\t\t<\/div>","protected":false},"excerpt":{"rendered":"<p>Carri\u00e8res \u00c9tabli en 1985, Systech est le chef de file en mati\u00e8re de solutions d'identification num\u00e9rique et de tra\u00e7abilit\u00e9. Nous sommes une organisation innovatrice qui peut offrir un environnement stimulant qui favorise la satisfaction professionnelle et de multiples occasions de r\u00e9ussite professionnelle. Offres d'emploi actuelles Ce que nous offrons Systech offre un ensemble complet d'avantages sociaux qui r\u00e9pondent \u00e0 vos besoins en mati\u00e8re de soins m\u00e9dicaux et de mode de vie. [...]<\/p>","protected":false},"author":9,"featured_media":0,"parent":4841,"menu_order":0,"comment_status":"closed","ping_status":"closed","template":"","meta":{"_acf_changed":false,"footnotes":""},"class_list":["post-191","page","type-page","status-publish","hentry"],"acf":[],"yoast_head":"<!-- This site is optimized with the Yoast SEO plugin v25.1 - https:\/\/yoast.com\/wordpress\/plugins\/seo\/ -->\n<title>Systech Careers | Discover Your New Career | Systech<\/title>\n<meta name=\"description\" content=\"Find your next career with Systech. We look for employees who are ambitious, dedicated and committed to our mission, vision and values.\" \/>\n<meta name=\"robots\" content=\"index, follow, max-snippet:-1, max-image-preview:large, max-video-preview:-1\" \/>\n<link rel=\"canonical\" href=\"https:\/\/staging.systech.ssdev.ca\/fr\/about\/centers-of-excellence\/careers\/\" \/>\n<meta property=\"og:locale\" content=\"fr_FR\" \/>\n<meta property=\"og:type\" content=\"article\" \/>\n<meta property=\"og:title\" content=\"Systech Careers | Discover Your New Career | Systech\" \/>\n<meta property=\"og:description\" content=\"Find your next career with Systech. We look for employees who are ambitious, dedicated and committed to our mission, vision and values.\" \/>\n<meta property=\"og:url\" content=\"https:\/\/staging.systech.ssdev.ca\/fr\/about\/centers-of-excellence\/careers\/\" \/>\n<meta property=\"og:site_name\" content=\"Systech\" \/>\n<meta property=\"article:publisher\" content=\"https:\/\/www.facebook.com\/systechone\/\" \/>\n<meta property=\"article:modified_time\" content=\"2025-05-27T20:11:34+00:00\" \/>\n<meta name=\"twitter:card\" content=\"summary_large_image\" \/>\n<meta name=\"twitter:site\" content=\"@systechone\" \/>\n<meta name=\"twitter:label1\" content=\"Dur\u00e9e de lecture estim\u00e9e\" \/>\n\t<meta name=\"twitter:data1\" content=\"1 minute\" \/>\n<script type=\"application\/ld+json\" class=\"yoast-schema-graph\">{\"@context\":\"https:\/\/schema.org\",\"@graph\":[{\"@type\":\"WebPage\",\"@id\":\"https:\/\/staging.systech.ssdev.ca\/about\/centers-of-excellence\/careers\/\",\"url\":\"https:\/\/staging.systech.ssdev.ca\/about\/centers-of-excellence\/careers\/\",\"name\":\"Systech Careers | Discover Your New Career | Systech\",\"isPartOf\":{\"@id\":\"https:\/\/staging.systech.ssdev.ca\/#website\"},\"datePublished\":\"2018-03-19T22:00:42+00:00\",\"dateModified\":\"2025-05-27T20:11:34+00:00\",\"description\":\"Find your next career with Systech. We look for employees who are ambitious, dedicated and committed to our mission, vision and values.\",\"breadcrumb\":{\"@id\":\"https:\/\/staging.systech.ssdev.ca\/about\/centers-of-excellence\/careers\/#breadcrumb\"},\"inLanguage\":\"fr-FR\",\"potentialAction\":[{\"@type\":\"ReadAction\",\"target\":[\"https:\/\/staging.systech.ssdev.ca\/about\/centers-of-excellence\/careers\/\"]}]},{\"@type\":\"BreadcrumbList\",\"@id\":\"https:\/\/staging.systech.ssdev.ca\/about\/centers-of-excellence\/careers\/#breadcrumb\",\"itemListElement\":[{\"@type\":\"ListItem\",\"position\":1,\"name\":\"Home\",\"item\":\"https:\/\/staging.systech.ssdev.ca\/\"},{\"@type\":\"ListItem\",\"position\":2,\"name\":\"About\",\"item\":\"https:\/\/staging.systech.ssdev.ca\/about\/\"},{\"@type\":\"ListItem\",\"position\":3,\"name\":\"Centers of Excellence\",\"item\":\"https:\/\/staging.systech.ssdev.ca\/about\/centers-of-excellence\/\"},{\"@type\":\"ListItem\",\"position\":4,\"name\":\"Careers\"}]},{\"@type\":\"WebSite\",\"@id\":\"https:\/\/staging.systech.ssdev.ca\/#website\",\"url\":\"https:\/\/staging.systech.ssdev.ca\/\",\"name\":\"Systech\",\"description\":\"a solutions division of Markem-Imaje\",\"publisher\":{\"@id\":\"https:\/\/staging.systech.ssdev.ca\/#organization\"},\"potentialAction\":[{\"@type\":\"SearchAction\",\"target\":{\"@type\":\"EntryPoint\",\"urlTemplate\":\"https:\/\/staging.systech.ssdev.ca\/?s={search_term_string}\"},\"query-input\":{\"@type\":\"PropertyValueSpecification\",\"valueRequired\":true,\"valueName\":\"search_term_string\"}}],\"inLanguage\":\"fr-FR\"},{\"@type\":\"Organization\",\"@id\":\"https:\/\/staging.systech.ssdev.ca\/#organization\",\"name\":\"Systech International\",\"url\":\"https:\/\/staging.systech.ssdev.ca\/\",\"logo\":{\"@type\":\"ImageObject\",\"inLanguage\":\"fr-FR\",\"@id\":\"https:\/\/staging.systech.ssdev.ca\/#\/schema\/logo\/image\/\",\"url\":\"https:\/\/staging.systech.ssdev.ca\/wp-content\/uploads\/2018\/04\/systech-logo.png\",\"contentUrl\":\"https:\/\/staging.systech.ssdev.ca\/wp-content\/uploads\/2018\/04\/systech-logo.png\",\"width\":551,\"height\":124,\"caption\":\"Systech International\"},\"image\":{\"@id\":\"https:\/\/staging.systech.ssdev.ca\/#\/schema\/logo\/image\/\"},\"sameAs\":[\"https:\/\/www.facebook.com\/systechone\/\",\"https:\/\/x.com\/systechone\",\"https:\/\/www.linkedin.com\/company\/systech-international\",\"https:\/\/www.youtube.com\/channel\/UC1fz6UKo5eMa1WxgVMGRhpA\/videos\"]}]}<\/script>\n<!-- \/ Yoast SEO plugin. -->","yoast_head_json":{"title":"Systech Careers | Discover Your New Career | Systech","description":"Find your next career with Systech. We look for employees who are ambitious, dedicated and committed to our mission, vision and values.","robots":{"index":"index","follow":"follow","max-snippet":"max-snippet:-1","max-image-preview":"max-image-preview:large","max-video-preview":"max-video-preview:-1"},"canonical":"https:\/\/staging.systech.ssdev.ca\/fr\/about\/centers-of-excellence\/careers\/","og_locale":"fr_FR","og_type":"article","og_title":"Systech Careers | Discover Your New Career | Systech","og_description":"Find your next career with Systech. We look for employees who are ambitious, dedicated and committed to our mission, vision and values.","og_url":"https:\/\/staging.systech.ssdev.ca\/fr\/about\/centers-of-excellence\/careers\/","og_site_name":"Systech","article_publisher":"https:\/\/www.facebook.com\/systechone\/","article_modified_time":"2025-05-27T20:11:34+00:00","twitter_card":"summary_large_image","twitter_site":"@systechone","twitter_misc":{"Dur\u00e9e de lecture estim\u00e9e":"1 minute"},"schema":{"@context":"https:\/\/schema.org","@graph":[{"@type":"WebPage","@id":"https:\/\/staging.systech.ssdev.ca\/about\/centers-of-excellence\/careers\/","url":"https:\/\/staging.systech.ssdev.ca\/about\/centers-of-excellence\/careers\/","name":"Systech Careers | Discover Your New Career | Systech","isPartOf":{"@id":"https:\/\/staging.systech.ssdev.ca\/#website"},"datePublished":"2018-03-19T22:00:42+00:00","dateModified":"2025-05-27T20:11:34+00:00","description":"Find your next career with Systech. We look for employees who are ambitious, dedicated and committed to our mission, vision and values.","breadcrumb":{"@id":"https:\/\/staging.systech.ssdev.ca\/about\/centers-of-excellence\/careers\/#breadcrumb"},"inLanguage":"fr-FR","potentialAction":[{"@type":"ReadAction","target":["https:\/\/staging.systech.ssdev.ca\/about\/centers-of-excellence\/careers\/"]}]},{"@type":"BreadcrumbList","@id":"https:\/\/staging.systech.ssdev.ca\/about\/centers-of-excellence\/careers\/#breadcrumb","itemListElement":[{"@type":"ListItem","position":1,"name":"Home","item":"https:\/\/staging.systech.ssdev.ca\/"},{"@type":"ListItem","position":2,"name":"About","item":"https:\/\/staging.systech.ssdev.ca\/about\/"},{"@type":"ListItem","position":3,"name":"Centers of Excellence","item":"https:\/\/staging.systech.ssdev.ca\/about\/centers-of-excellence\/"},{"@type":"ListItem","position":4,"name":"Careers"}]},{"@type":"WebSite","@id":"https:\/\/staging.systech.ssdev.ca\/#website","url":"https:\/\/staging.systech.ssdev.ca\/","name":"Systech","description":"a solutions division of Markem-Imaje","publisher":{"@id":"https:\/\/staging.systech.ssdev.ca\/#organization"},"potentialAction":[{"@type":"SearchAction","target":{"@type":"EntryPoint","urlTemplate":"https:\/\/staging.systech.ssdev.ca\/?s={search_term_string}"},"query-input":{"@type":"PropertyValueSpecification","valueRequired":true,"valueName":"search_term_string"}}],"inLanguage":"fr-FR"},{"@type":"Organization","@id":"https:\/\/staging.systech.ssdev.ca\/#organization","name":"Systech International","url":"https:\/\/staging.systech.ssdev.ca\/","logo":{"@type":"ImageObject","inLanguage":"fr-FR","@id":"https:\/\/staging.systech.ssdev.ca\/#\/schema\/logo\/image\/","url":"https:\/\/staging.systech.ssdev.ca\/wp-content\/uploads\/2018\/04\/systech-logo.png","contentUrl":"https:\/\/staging.systech.ssdev.ca\/wp-content\/uploads\/2018\/04\/systech-logo.png","width":551,"height":124,"caption":"Systech International"},"image":{"@id":"https:\/\/staging.systech.ssdev.ca\/#\/schema\/logo\/image\/"},"sameAs":["https:\/\/www.facebook.com\/systechone\/","https:\/\/x.com\/systechone","https:\/\/www.linkedin.com\/company\/systech-international","https:\/\/www.youtube.com\/channel\/UC1fz6UKo5eMa1WxgVMGRhpA\/videos"]}]}},"_links":{"self":[{"href":"https:\/\/staging.systech.ssdev.ca\/fr\/wp-json\/wp\/v2\/pages\/191","targetHints":{"allow":["GET"]}}],"collection":[{"href":"https:\/\/staging.systech.ssdev.ca\/fr\/wp-json\/wp\/v2\/pages"}],"about":[{"href":"https:\/\/staging.systech.ssdev.ca\/fr\/wp-json\/wp\/v2\/types\/page"}],"author":[{"embeddable":true,"href":"https:\/\/staging.systech.ssdev.ca\/fr\/wp-json\/wp\/v2\/users\/9"}],"replies":[{"embeddable":true,"href":"https:\/\/staging.systech.ssdev.ca\/fr\/wp-json\/wp\/v2\/comments?post=191"}],"version-history":[{"count":6,"href":"https:\/\/staging.systech.ssdev.ca\/fr\/wp-json\/wp\/v2\/pages\/191\/revisions"}],"predecessor-version":[{"id":33524,"href":"https:\/\/staging.systech.ssdev.ca\/fr\/wp-json\/wp\/v2\/pages\/191\/revisions\/33524"}],"up":[{"embeddable":true,"href":"https:\/\/staging.systech.ssdev.ca\/fr\/wp-json\/wp\/v2\/pages\/4841"}],"wp:attachment":[{"href":"https:\/\/staging.systech.ssdev.ca\/fr\/wp-json\/wp\/v2\/media?parent=191"}],"curies":[{"name":"wp","href":"https:\/\/api.w.org\/{rel}","templated":true}]}}