{"id":17052,"date":"2023-05-30T16:58:23","date_gmt":"2023-05-30T20:58:23","guid":{"rendered":"https:\/\/www.systechone.com\/products\/serialization-uniseries-2\/"},"modified":"2025-11-17T10:49:55","modified_gmt":"2025-11-17T15:49:55","slug":"real-time-supply-chain-visibility-systech-insight","status":"publish","type":"page","link":"https:\/\/staging.systech.ssdev.ca\/fr\/products\/real-time-supply-chain-visibility-systech-insight\/","title":{"rendered":"Visibilit\u00e9 de la cha\u00eene d'approvisionnement | Systech Insight\u2122"},"content":{"rendered":"<div data-elementor-type=\"wp-page\" data-elementor-id=\"17052\" class=\"elementor elementor-17052\" data-elementor-post-type=\"page\">\n\t\t\t\t<div data-dce-background-color=\"#54585926\" class=\"elementor-element elementor-element-bbf7e65 e-flex e-con-boxed e-con e-parent\" data-id=\"bbf7e65\" data-element_type=\"container\" data-settings=\"{&quot;background_background&quot;:&quot;classic&quot;}\">\n\t\t\t\t\t<div class=\"e-con-inner\">\n\t\t<div class=\"elementor-element elementor-element-c667488 e-con-full e-flex e-con e-child\" data-id=\"c667488\" data-element_type=\"container\" data-settings=\"{&quot;background_background&quot;:&quot;classic&quot;}\">\n\t\t\t\t<div class=\"elementor-element elementor-element-a54f83b elementor-absolute elementor-hidden-mobile elementor-hidden-desktop elementor-hidden-tablet elementor-widget elementor-widget-global elementor-global-19140 elementor-widget-breadcrumbs\" data-id=\"a54f83b\" data-element_type=\"widget\" data-settings=\"{&quot;_position&quot;:&quot;absolute&quot;}\" data-widget_type=\"breadcrumbs.default\">\n\t\t\t\t<div class=\"elementor-widget-container\">\n\t\t\t\t\t<p id=\"breadcrumbs\"><span><span><a href=\"https:\/\/staging.systech.ssdev.ca\/fr\/\">Accueil<\/a><\/span><\/span><\/p>\t\t\t\t<\/div>\n\t\t\t\t<\/div>\n\t\t\t\t<div class=\"elementor-element elementor-element-9bfe51f elementor-widget elementor-widget-heading\" data-id=\"9bfe51f\" data-element_type=\"widget\" data-widget_type=\"heading.default\">\n\t\t\t\t<div class=\"elementor-widget-container\">\n\t\t\t\t\t<h1 class=\"elementor-heading-title elementor-size-default\">Des op\u00e9rations optimis\u00e9es - Systech Insight\u2122<\/h1>\t\t\t\t<\/div>\n\t\t\t\t<\/div>\n\t\t\t\t<div class=\"elementor-element elementor-element-0e44706 elementor-widget elementor-widget-text-editor\" data-id=\"0e44706\" data-element_type=\"widget\" data-widget_type=\"text-editor.default\">\n\t\t\t\t<div class=\"elementor-widget-container\">\n\t\t\t\t\t\t\t\t\t<p>Insight est une plateforme d'intelligence qui exploite les solutions d\u00e9j\u00e0 mises en \u0153uvre sur votre ligne pour prendre des d\u00e9cisions mieux inform\u00e9es, agir et valoriser vos op\u00e9rations d'emballage.<\/p>\t\t\t\t\t\t\t\t<\/div>\n\t\t\t\t<\/div>\n\t\t\t\t<div class=\"elementor-element elementor-element-28d17f5 elementor-widget elementor-widget-button\" data-id=\"28d17f5\" data-element_type=\"widget\" data-widget_type=\"button.default\">\n\t\t\t\t<div class=\"elementor-widget-container\">\n\t\t\t\t\t\t\t\t\t<div class=\"elementor-button-wrapper\">\n\t\t\t\t\t<a class=\"elementor-button elementor-button-link elementor-size-sm\" href=\"#elementor-action%3Aaction%3Dpopup%3Aopen%26settings%3DeyJpZCI6IjMyMzk4IiwidG9nZ2xlIjpmYWxzZX0%3D\">\n\t\t\t\t\t\t<span class=\"elementor-button-content-wrapper\">\n\t\t\t\t\t\t\t\t\t<span class=\"elementor-button-text\">DEMANDER UNE D\u00c9MONSTRATION<\/span>\n\t\t\t\t\t<\/span>\n\t\t\t\t\t<\/a>\n\t\t\t\t<\/div>\n\t\t\t\t\t\t\t\t<\/div>\n\t\t\t\t<\/div>\n\t\t\t\t<\/div>\n\t\t<div data-dce-background-image-url=\"https:\/\/staging.systech.ssdev.ca\/wp-content\/uploads\/2023\/09\/line-element.svg\" class=\"elementor-element elementor-element-f967a0d e-con-full elementor-hidden-tablet elementor-hidden-mobile e-flex e-con e-child\" data-id=\"f967a0d\" data-element_type=\"container\" data-settings=\"{&quot;background_background&quot;:&quot;classic&quot;,&quot;position&quot;:&quot;absolute&quot;}\">\n\t\t\t\t<\/div>\n\t\t\t\t\t<\/div>\n\t\t\t\t<\/div>\n\t\t<div class=\"elementor-element elementor-element-32c0fde1 e-flex e-con-boxed e-con e-parent\" data-id=\"32c0fde1\" data-element_type=\"container\">\n\t\t\t\t\t<div class=\"e-con-inner\">\n\t\t<div class=\"elementor-element elementor-element-186e079f e-con-full e-flex e-con e-child\" data-id=\"186e079f\" data-element_type=\"container\">\n\t\t\t\t<div class=\"elementor-element elementor-element-38053ea1 elementor-widget elementor-widget-heading\" data-id=\"38053ea1\" data-element_type=\"widget\" data-widget_type=\"heading.default\">\n\t\t\t\t<div class=\"elementor-widget-container\">\n\t\t\t\t\t<h3 class=\"elementor-heading-title elementor-size-default\">Assurance des performances<\/h3>\t\t\t\t<\/div>\n\t\t\t\t<\/div>\n\t\t\t\t<div class=\"elementor-element elementor-element-6b961a99 elementor-widget elementor-widget-text-editor\" data-id=\"6b961a99\" data-element_type=\"widget\" data-widget_type=\"text-editor.default\">\n\t\t\t\t<div class=\"elementor-widget-container\">\n\t\t\t\t\t\t\t\t\t<p>Suivi en temps r\u00e9el des indicateurs cl\u00e9s de performance (KPI) de la ligne. Recevoir des mesures au niveau de la ligne \u00e0 partir de l'emballage, de mani\u00e8re continue et s\u00e9curis\u00e9e. Consolider les tendances des op\u00e9rations de la ligne de production pour prendre des d\u00e9cisions \u00e9clair\u00e9es. Identifier plus rapidement les causes profondes des actions correctives n\u00e9cessaires sur la ligne, afin de minimiser les temps d'arr\u00eat.<\/p>\t\t\t\t\t\t\t\t<\/div>\n\t\t\t\t<\/div>\n\t\t\t\t<div class=\"elementor-element elementor-element-1bd8e603 elementor-align-left elementor-widget elementor-widget-button\" data-id=\"1bd8e603\" data-element_type=\"widget\" data-widget_type=\"button.default\">\n\t\t\t\t<div class=\"elementor-widget-container\">\n\t\t\t\t\t\t\t\t\t<div class=\"elementor-button-wrapper\">\n\t\t\t\t\t<a class=\"elementor-button elementor-button-link elementor-size-md\" href=\"https:\/\/publish-p23010-e63786.adobeaemcloud.com\/content\/dam\/systech\/hsassets\/pdfs\/Systech-Insight-Datasheet.pdf\" target=\"_blank\">\n\t\t\t\t\t\t<span class=\"elementor-button-content-wrapper\">\n\t\t\t\t\t\t\t\t\t<span class=\"elementor-button-text\">EN SAVOIR PLUS<\/span>\n\t\t\t\t\t<\/span>\n\t\t\t\t\t<\/a>\n\t\t\t\t<\/div>\n\t\t\t\t\t\t\t\t<\/div>\n\t\t\t\t<\/div>\n\t\t\t\t<\/div>\n\t\t<div class=\"elementor-element elementor-element-109a1aa2 e-con-full e-flex e-con e-child\" data-id=\"109a1aa2\" data-element_type=\"container\">\n\t\t\t\t<div class=\"elementor-element elementor-element-4da67f9 dce_masking-none elementor-widget elementor-widget-video\" data-id=\"4da67f9\" data-element_type=\"widget\" data-settings=\"{&quot;video_type&quot;:&quot;vimeo&quot;}\" data-widget_type=\"video.default\">\n\t\t\t\t<div class=\"elementor-widget-container\">\n\t\t\t\t\t\t\t<div class=\"elementor-wrapper elementor-open-inline\">\n\t\t\t<iframe class=\"elementor-video-iframe\" allowfullscreen allow=\"clipboard-write\" title=\"Lecteur vid\u00e9o vimeo\" src=\"https:\/\/player.vimeo.com\/video\/845398394?color&amp;autopause=0&amp;loop=0&amp;muted=0&amp;title=1&amp;portrait=1&amp;byline=1#t=\"><\/iframe>\t\t<\/div>\n\t\t\t\t\t\t<\/div>\n\t\t\t\t<\/div>\n\t\t\t\t<\/div>\n\t\t\t\t\t<\/div>\n\t\t\t\t<\/div>\n\t\t<div class=\"elementor-element elementor-element-f5968f5 e-flex e-con-boxed e-con e-parent\" data-id=\"f5968f5\" data-element_type=\"container\">\n\t\t\t\t\t<div class=\"e-con-inner\">\n\t\t<div class=\"elementor-element elementor-element-f6fb4c1 e-con-full e-flex e-con e-child\" data-id=\"f6fb4c1\" data-element_type=\"container\">\n\t\t<div class=\"elementor-element elementor-element-16b80ae e-con-full systech-image-overlay e-flex e-con e-child\" data-id=\"16b80ae\" data-element_type=\"container\">\n\t\t\t\t<div class=\"elementor-element elementor-element-add8ef5 dce_masking-none elementor-widget elementor-widget-image\" data-id=\"add8ef5\" data-element_type=\"widget\" data-widget_type=\"image.default\">\n\t\t\t\t<div class=\"elementor-widget-container\">\n\t\t\t\t\t\t\t\t\t\t\t\t\t\t\t<img loading=\"lazy\" decoding=\"async\" width=\"1200\" height=\"675\" src=\"https:\/\/staging.systech.ssdev.ca\/wp-content\/uploads\/2023\/06\/insight-reporting.jpg\" class=\"attachment-full size-full wp-image-17196\" alt=\"\" srcset=\"https:\/\/staging.systech.ssdev.ca\/wp-content\/uploads\/2023\/06\/insight-reporting.jpg 1200w, https:\/\/staging.systech.ssdev.ca\/wp-content\/uploads\/2023\/06\/insight-reporting-768x432.jpg 768w, https:\/\/staging.systech.ssdev.ca\/wp-content\/uploads\/2023\/06\/insight-reporting-1024x576.jpg 1024w, https:\/\/staging.systech.ssdev.ca\/wp-content\/uploads\/2023\/06\/insight-reporting-600x338.jpg 600w\" sizes=\"auto, (max-width: 1200px) 100vw, 1200px\" \/>\t\t\t\t\t\t\t\t\t\t\t\t\t\t\t<\/div>\n\t\t\t\t<\/div>\n\t\t\t\t<\/div>\n\t\t\t\t<\/div>\n\t\t<div class=\"elementor-element elementor-element-c4cb713 e-con-full e-flex e-con e-child\" data-id=\"c4cb713\" data-element_type=\"container\">\n\t\t\t\t<div class=\"elementor-element elementor-element-776b603 elementor-widget elementor-widget-heading\" data-id=\"776b603\" data-element_type=\"widget\" data-widget_type=\"heading.default\">\n\t\t\t\t<div class=\"elementor-widget-container\">\n\t\t\t\t\t<h3 class=\"elementor-heading-title elementor-size-default\">Assistance \u00e0 l'audit des BPF<\/h3>\t\t\t\t<\/div>\n\t\t\t\t<\/div>\n\t\t\t\t<div class=\"elementor-element elementor-element-9846a25 elementor-widget elementor-widget-text-editor\" data-id=\"9846a25\" data-element_type=\"widget\" data-widget_type=\"text-editor.default\">\n\t\t\t\t<div class=\"elementor-widget-container\">\n\t\t\t\t\t\t\t\t\t<p>La conformit\u00e9 aux BPF peut \u00eatre difficile. Nous la rendons facile et num\u00e9rique, sans collecte manuelle de donn\u00e9es ni processus.<\/p><ul><li><b>Consolider<\/b> num\u00e9risation des donn\u00e9es de lots pour cr\u00e9er un r\u00e9f\u00e9rentiel pr\u00eat \u00e0 \u00eatre audit\u00e9 par les BPF<\/li><li><b>Transmettre<\/b> et stocker les enregistrements d'audit conformes \u00e0 la norme FDA 21 CFR part 11 dans un lieu central s\u00e9curis\u00e9<\/li><li><b>R\u00e9duire le temps<\/b> pr\u00e9parer la pr\u00e9paration \u00e0 l'audit pour fournir des rapports sur les BPF exempts d'erreurs<\/li><\/ul>\t\t\t\t\t\t\t\t<\/div>\n\t\t\t\t<\/div>\n\t\t\t\t<\/div>\n\t\t\t\t\t<\/div>\n\t\t\t\t<\/div>\n\t\t<div class=\"elementor-element elementor-element-7f1045f e-flex e-con-boxed e-con e-parent\" data-id=\"7f1045f\" data-element_type=\"container\">\n\t\t\t\t\t<div class=\"e-con-inner\">\n\t\t<div class=\"elementor-element elementor-element-bffc05f e-con-full e-flex e-con e-child\" data-id=\"bffc05f\" data-element_type=\"container\">\n\t\t\t\t<div class=\"elementor-element elementor-element-bae0dcf elementor-widget elementor-widget-heading\" data-id=\"bae0dcf\" data-element_type=\"widget\" data-widget_type=\"heading.default\">\n\t\t\t\t<div class=\"elementor-widget-container\">\n\t\t\t\t\t<h3 class=\"elementor-heading-title elementor-size-default\">Op\u00e9rer n'importe o\u00f9<\/h3>\t\t\t\t<\/div>\n\t\t\t\t<\/div>\n\t\t\t\t<div class=\"elementor-element elementor-element-e40611c elementor-widget elementor-widget-text-editor\" data-id=\"e40611c\" data-element_type=\"widget\" data-widget_type=\"text-editor.default\">\n\t\t\t\t<div class=\"elementor-widget-container\">\n\t\t\t\t\t\t\t\t\t<p>Effectuer des op\u00e9rations \u00e0 distance pour une efficacit\u00e9 maximale.<\/p><ul><li>Visualiser tous les d\u00e9tails des bons de travail d'emballage pour les travaux en cours et \u00e0 venir<\/li><li>Examiner les dossiers de lot et approuver les rejets de notification de n'importe o\u00f9, sans assistance informatique<\/li><li>Cr\u00e9er, stocker et t\u00e9l\u00e9charger des archives de configuration de ligne \u00e0 la demande ou selon un calendrier pr\u00e9cis<\/li><\/ul>\t\t\t\t\t\t\t\t<\/div>\n\t\t\t\t<\/div>\n\t\t\t\t<div class=\"elementor-element elementor-element-9785099 elementor-align-left elementor-widget elementor-widget-button\" data-id=\"9785099\" data-element_type=\"widget\" data-widget_type=\"button.default\">\n\t\t\t\t<div class=\"elementor-widget-container\">\n\t\t\t\t\t\t\t\t\t<div class=\"elementor-button-wrapper\">\n\t\t\t\t\t<a class=\"elementor-button elementor-button-link elementor-size-md\" href=\"https:\/\/publish-p23010-e63786.adobeaemcloud.com\/content\/dam\/systech\/hsassets\/pdfs\/Systech_Insight-Solution-Guide.pdf\" target=\"_blank\">\n\t\t\t\t\t\t<span class=\"elementor-button-content-wrapper\">\n\t\t\t\t\t\t\t\t\t<span class=\"elementor-button-text\">T\u00e9l\u00e9charger le guide de solution<\/span>\n\t\t\t\t\t<\/span>\n\t\t\t\t\t<\/a>\n\t\t\t\t<\/div>\n\t\t\t\t\t\t\t\t<\/div>\n\t\t\t\t<\/div>\n\t\t\t\t<\/div>\n\t\t<div class=\"elementor-element elementor-element-63048c2 e-con-full e-flex e-con e-child\" data-id=\"63048c2\" data-element_type=\"container\">\n\t\t<div class=\"elementor-element elementor-element-edb1570 e-con-full systech-image-overlay e-flex e-con e-child\" data-id=\"edb1570\" data-element_type=\"container\">\n\t\t\t\t<div class=\"elementor-element elementor-element-802a92e dce_masking-none elementor-widget elementor-widget-image\" data-id=\"802a92e\" data-element_type=\"widget\" data-widget_type=\"image.default\">\n\t\t\t\t<div class=\"elementor-widget-container\">\n\t\t\t\t\t\t\t\t\t\t\t\t\t\t\t<img loading=\"lazy\" decoding=\"async\" width=\"1200\" height=\"675\" src=\"https:\/\/staging.systech.ssdev.ca\/wp-content\/uploads\/2023\/06\/insight-remote.jpg\" class=\"attachment-full size-full wp-image-17197\" alt=\"\" srcset=\"https:\/\/staging.systech.ssdev.ca\/wp-content\/uploads\/2023\/06\/insight-remote.jpg 1200w, https:\/\/staging.systech.ssdev.ca\/wp-content\/uploads\/2023\/06\/insight-remote-768x432.jpg 768w, https:\/\/staging.systech.ssdev.ca\/wp-content\/uploads\/2023\/06\/insight-remote-1024x576.jpg 1024w, https:\/\/staging.systech.ssdev.ca\/wp-content\/uploads\/2023\/06\/insight-remote-600x338.jpg 600w\" sizes=\"auto, (max-width: 1200px) 100vw, 1200px\" \/>\t\t\t\t\t\t\t\t\t\t\t\t\t\t\t<\/div>\n\t\t\t\t<\/div>\n\t\t\t\t<\/div>\n\t\t\t\t<\/div>\n\t\t\t\t\t<\/div>\n\t\t\t\t<\/div>\n\t\t\t\t<\/div>","protected":false},"excerpt":{"rendered":"<p>Op\u00e9rations optimis\u00e9es - Systech Insight\u2122 Insight est une plateforme d'intelligence qui tire parti des solutions d\u00e9j\u00e0 mises en \u0153uvre sur votre ligne pour susciter des d\u00e9cisions, des actions et une valeur mieux inform\u00e9es de vos op\u00e9rations d'emballage. DEMANDER UNE D\u00c9MO Assurance de la performance Surveillance en temps r\u00e9el des indicateurs cl\u00e9s de performance (KPI) de la ligne. Recevez des mesures au niveau de la ligne d'emballage, en continu et en toute s\u00e9curit\u00e9. Consolidez les tendances de la ligne de production [...]<\/p>","protected":false},"author":20,"featured_media":0,"parent":16984,"menu_order":0,"comment_status":"closed","ping_status":"closed","template":"","meta":{"_acf_changed":false,"footnotes":""},"class_list":["post-17052","page","type-page","status-publish","hentry"],"acf":[],"yoast_head":"<!-- This site is optimized with the Yoast SEO plugin v25.1 - https:\/\/yoast.com\/wordpress\/plugins\/seo\/ -->\n<title>Real Time Supply Chain Visibility | Systech Insight\u2122<\/title>\n<meta name=\"description\" content=\"Get real-time supply chain visibility with Systech Insight\u2122, a single managing point for your packaging, serialization and traceability systems\" \/>\n<meta name=\"robots\" content=\"index, follow, max-snippet:-1, max-image-preview:large, max-video-preview:-1\" \/>\n<link rel=\"canonical\" href=\"https:\/\/staging.systech.ssdev.ca\/fr\/products\/real-time-supply-chain-visibility-systech-insight\/\" \/>\n<meta property=\"og:locale\" content=\"fr_FR\" \/>\n<meta property=\"og:type\" content=\"article\" \/>\n<meta property=\"og:title\" content=\"Real Time Supply Chain Visibility | Systech Insight\u2122\" \/>\n<meta property=\"og:description\" content=\"Get real-time supply chain visibility with Systech Insight\u2122, a single managing point for your packaging, serialization and traceability systems\" \/>\n<meta property=\"og:url\" content=\"https:\/\/staging.systech.ssdev.ca\/fr\/products\/real-time-supply-chain-visibility-systech-insight\/\" \/>\n<meta property=\"og:site_name\" content=\"Systech\" \/>\n<meta property=\"article:publisher\" content=\"https:\/\/www.facebook.com\/systechone\/\" \/>\n<meta property=\"article:modified_time\" content=\"2025-11-17T15:49:55+00:00\" \/>\n<meta property=\"og:image\" content=\"https:\/\/staging.systech.ssdev.ca\/wp-content\/uploads\/2023\/06\/insight-reporting.jpg\" \/>\n\t<meta property=\"og:image:width\" content=\"1200\" \/>\n\t<meta property=\"og:image:height\" content=\"675\" \/>\n\t<meta property=\"og:image:type\" content=\"image\/jpeg\" \/>\n<meta name=\"twitter:card\" content=\"summary_large_image\" \/>\n<meta name=\"twitter:site\" content=\"@systechone\" \/>\n<meta name=\"twitter:label1\" content=\"Dur\u00e9e de lecture estim\u00e9e\" \/>\n\t<meta name=\"twitter:data1\" content=\"2 minutes\" \/>\n<script type=\"application\/ld+json\" class=\"yoast-schema-graph\">{\"@context\":\"https:\/\/schema.org\",\"@graph\":[{\"@type\":\"WebPage\",\"@id\":\"https:\/\/staging.systech.ssdev.ca\/products\/real-time-supply-chain-visibility-systech-insight\/\",\"url\":\"https:\/\/staging.systech.ssdev.ca\/products\/real-time-supply-chain-visibility-systech-insight\/\",\"name\":\"Real Time Supply Chain Visibility | Systech Insight\u2122\",\"isPartOf\":{\"@id\":\"https:\/\/staging.systech.ssdev.ca\/#website\"},\"primaryImageOfPage\":{\"@id\":\"https:\/\/staging.systech.ssdev.ca\/products\/real-time-supply-chain-visibility-systech-insight\/#primaryimage\"},\"image\":{\"@id\":\"https:\/\/staging.systech.ssdev.ca\/products\/real-time-supply-chain-visibility-systech-insight\/#primaryimage\"},\"thumbnailUrl\":\"https:\/\/staging.systech.ssdev.ca\/wp-content\/uploads\/2023\/06\/insight-reporting.jpg\",\"datePublished\":\"2023-05-30T20:58:23+00:00\",\"dateModified\":\"2025-11-17T15:49:55+00:00\",\"description\":\"Get real-time supply chain visibility with Systech Insight\u2122, a single managing point for your packaging, serialization and traceability systems\",\"breadcrumb\":{\"@id\":\"https:\/\/staging.systech.ssdev.ca\/products\/real-time-supply-chain-visibility-systech-insight\/#breadcrumb\"},\"inLanguage\":\"fr-FR\",\"potentialAction\":[{\"@type\":\"ReadAction\",\"target\":[\"https:\/\/staging.systech.ssdev.ca\/products\/real-time-supply-chain-visibility-systech-insight\/\"]}]},{\"@type\":\"ImageObject\",\"inLanguage\":\"fr-FR\",\"@id\":\"https:\/\/staging.systech.ssdev.ca\/products\/real-time-supply-chain-visibility-systech-insight\/#primaryimage\",\"url\":\"https:\/\/staging.systech.ssdev.ca\/wp-content\/uploads\/2023\/06\/insight-reporting.jpg\",\"contentUrl\":\"https:\/\/staging.systech.ssdev.ca\/wp-content\/uploads\/2023\/06\/insight-reporting.jpg\"},{\"@type\":\"BreadcrumbList\",\"@id\":\"https:\/\/staging.systech.ssdev.ca\/products\/real-time-supply-chain-visibility-systech-insight\/#breadcrumb\",\"itemListElement\":[{\"@type\":\"ListItem\",\"position\":1,\"name\":\"Home\",\"item\":\"https:\/\/staging.systech.ssdev.ca\/\"},{\"@type\":\"ListItem\",\"position\":2,\"name\":\"Products\",\"item\":\"https:\/\/staging.systech.ssdev.ca\/fr\/products\/\"},{\"@type\":\"ListItem\",\"position\":3,\"name\":\"Supply Chain Visibility | Systech Insight\u2122\"}]},{\"@type\":\"WebSite\",\"@id\":\"https:\/\/staging.systech.ssdev.ca\/#website\",\"url\":\"https:\/\/staging.systech.ssdev.ca\/\",\"name\":\"Systech\",\"description\":\"a solutions division of Markem-Imaje\",\"publisher\":{\"@id\":\"https:\/\/staging.systech.ssdev.ca\/#organization\"},\"potentialAction\":[{\"@type\":\"SearchAction\",\"target\":{\"@type\":\"EntryPoint\",\"urlTemplate\":\"https:\/\/staging.systech.ssdev.ca\/?s={search_term_string}\"},\"query-input\":{\"@type\":\"PropertyValueSpecification\",\"valueRequired\":true,\"valueName\":\"search_term_string\"}}],\"inLanguage\":\"fr-FR\"},{\"@type\":\"Organization\",\"@id\":\"https:\/\/staging.systech.ssdev.ca\/#organization\",\"name\":\"Systech International\",\"url\":\"https:\/\/staging.systech.ssdev.ca\/\",\"logo\":{\"@type\":\"ImageObject\",\"inLanguage\":\"fr-FR\",\"@id\":\"https:\/\/staging.systech.ssdev.ca\/#\/schema\/logo\/image\/\",\"url\":\"https:\/\/staging.systech.ssdev.ca\/wp-content\/uploads\/2018\/04\/systech-logo.png\",\"contentUrl\":\"https:\/\/staging.systech.ssdev.ca\/wp-content\/uploads\/2018\/04\/systech-logo.png\",\"width\":551,\"height\":124,\"caption\":\"Systech International\"},\"image\":{\"@id\":\"https:\/\/staging.systech.ssdev.ca\/#\/schema\/logo\/image\/\"},\"sameAs\":[\"https:\/\/www.facebook.com\/systechone\/\",\"https:\/\/x.com\/systechone\",\"https:\/\/www.linkedin.com\/company\/systech-international\",\"https:\/\/www.youtube.com\/channel\/UC1fz6UKo5eMa1WxgVMGRhpA\/videos\"]}]}<\/script>\n<!-- \/ Yoast SEO plugin. -->","yoast_head_json":{"title":"Real Time Supply Chain Visibility | Systech Insight\u2122","description":"Get real-time supply chain visibility with Systech Insight\u2122, a single managing point for your packaging, serialization and traceability systems","robots":{"index":"index","follow":"follow","max-snippet":"max-snippet:-1","max-image-preview":"max-image-preview:large","max-video-preview":"max-video-preview:-1"},"canonical":"https:\/\/staging.systech.ssdev.ca\/fr\/products\/real-time-supply-chain-visibility-systech-insight\/","og_locale":"fr_FR","og_type":"article","og_title":"Real Time Supply Chain Visibility | Systech Insight\u2122","og_description":"Get real-time supply chain visibility with Systech Insight\u2122, a single managing point for your packaging, serialization and traceability systems","og_url":"https:\/\/staging.systech.ssdev.ca\/fr\/products\/real-time-supply-chain-visibility-systech-insight\/","og_site_name":"Systech","article_publisher":"https:\/\/www.facebook.com\/systechone\/","article_modified_time":"2025-11-17T15:49:55+00:00","og_image":[{"width":1200,"height":675,"url":"https:\/\/staging.systech.ssdev.ca\/wp-content\/uploads\/2023\/06\/insight-reporting.jpg","type":"image\/jpeg"}],"twitter_card":"summary_large_image","twitter_site":"@systechone","twitter_misc":{"Dur\u00e9e de lecture estim\u00e9e":"2 minutes"},"schema":{"@context":"https:\/\/schema.org","@graph":[{"@type":"WebPage","@id":"https:\/\/staging.systech.ssdev.ca\/products\/real-time-supply-chain-visibility-systech-insight\/","url":"https:\/\/staging.systech.ssdev.ca\/products\/real-time-supply-chain-visibility-systech-insight\/","name":"Real Time Supply Chain Visibility | Systech Insight\u2122","isPartOf":{"@id":"https:\/\/staging.systech.ssdev.ca\/#website"},"primaryImageOfPage":{"@id":"https:\/\/staging.systech.ssdev.ca\/products\/real-time-supply-chain-visibility-systech-insight\/#primaryimage"},"image":{"@id":"https:\/\/staging.systech.ssdev.ca\/products\/real-time-supply-chain-visibility-systech-insight\/#primaryimage"},"thumbnailUrl":"https:\/\/staging.systech.ssdev.ca\/wp-content\/uploads\/2023\/06\/insight-reporting.jpg","datePublished":"2023-05-30T20:58:23+00:00","dateModified":"2025-11-17T15:49:55+00:00","description":"Get real-time supply chain visibility with Systech Insight\u2122, a single managing point for your packaging, serialization and traceability systems","breadcrumb":{"@id":"https:\/\/staging.systech.ssdev.ca\/products\/real-time-supply-chain-visibility-systech-insight\/#breadcrumb"},"inLanguage":"fr-FR","potentialAction":[{"@type":"ReadAction","target":["https:\/\/staging.systech.ssdev.ca\/products\/real-time-supply-chain-visibility-systech-insight\/"]}]},{"@type":"ImageObject","inLanguage":"fr-FR","@id":"https:\/\/staging.systech.ssdev.ca\/products\/real-time-supply-chain-visibility-systech-insight\/#primaryimage","url":"https:\/\/staging.systech.ssdev.ca\/wp-content\/uploads\/2023\/06\/insight-reporting.jpg","contentUrl":"https:\/\/staging.systech.ssdev.ca\/wp-content\/uploads\/2023\/06\/insight-reporting.jpg"},{"@type":"BreadcrumbList","@id":"https:\/\/staging.systech.ssdev.ca\/products\/real-time-supply-chain-visibility-systech-insight\/#breadcrumb","itemListElement":[{"@type":"ListItem","position":1,"name":"Home","item":"https:\/\/staging.systech.ssdev.ca\/"},{"@type":"ListItem","position":2,"name":"Products","item":"https:\/\/staging.systech.ssdev.ca\/fr\/products\/"},{"@type":"ListItem","position":3,"name":"Supply Chain Visibility | Systech Insight\u2122"}]},{"@type":"WebSite","@id":"https:\/\/staging.systech.ssdev.ca\/#website","url":"https:\/\/staging.systech.ssdev.ca\/","name":"Systech","description":"a solutions division of Markem-Imaje","publisher":{"@id":"https:\/\/staging.systech.ssdev.ca\/#organization"},"potentialAction":[{"@type":"SearchAction","target":{"@type":"EntryPoint","urlTemplate":"https:\/\/staging.systech.ssdev.ca\/?s={search_term_string}"},"query-input":{"@type":"PropertyValueSpecification","valueRequired":true,"valueName":"search_term_string"}}],"inLanguage":"fr-FR"},{"@type":"Organization","@id":"https:\/\/staging.systech.ssdev.ca\/#organization","name":"Systech International","url":"https:\/\/staging.systech.ssdev.ca\/","logo":{"@type":"ImageObject","inLanguage":"fr-FR","@id":"https:\/\/staging.systech.ssdev.ca\/#\/schema\/logo\/image\/","url":"https:\/\/staging.systech.ssdev.ca\/wp-content\/uploads\/2018\/04\/systech-logo.png","contentUrl":"https:\/\/staging.systech.ssdev.ca\/wp-content\/uploads\/2018\/04\/systech-logo.png","width":551,"height":124,"caption":"Systech International"},"image":{"@id":"https:\/\/staging.systech.ssdev.ca\/#\/schema\/logo\/image\/"},"sameAs":["https:\/\/www.facebook.com\/systechone\/","https:\/\/x.com\/systechone","https:\/\/www.linkedin.com\/company\/systech-international","https:\/\/www.youtube.com\/channel\/UC1fz6UKo5eMa1WxgVMGRhpA\/videos"]}]}},"_links":{"self":[{"href":"https:\/\/staging.systech.ssdev.ca\/fr\/wp-json\/wp\/v2\/pages\/17052","targetHints":{"allow":["GET"]}}],"collection":[{"href":"https:\/\/staging.systech.ssdev.ca\/fr\/wp-json\/wp\/v2\/pages"}],"about":[{"href":"https:\/\/staging.systech.ssdev.ca\/fr\/wp-json\/wp\/v2\/types\/page"}],"author":[{"embeddable":true,"href":"https:\/\/staging.systech.ssdev.ca\/fr\/wp-json\/wp\/v2\/users\/20"}],"replies":[{"embeddable":true,"href":"https:\/\/staging.systech.ssdev.ca\/fr\/wp-json\/wp\/v2\/comments?post=17052"}],"version-history":[{"count":39,"href":"https:\/\/staging.systech.ssdev.ca\/fr\/wp-json\/wp\/v2\/pages\/17052\/revisions"}],"predecessor-version":[{"id":36813,"href":"https:\/\/staging.systech.ssdev.ca\/fr\/wp-json\/wp\/v2\/pages\/17052\/revisions\/36813"}],"up":[{"embeddable":true,"href":"https:\/\/staging.systech.ssdev.ca\/fr\/wp-json\/wp\/v2\/pages\/16984"}],"wp:attachment":[{"href":"https:\/\/staging.systech.ssdev.ca\/fr\/wp-json\/wp\/v2\/media?parent=17052"}],"curies":[{"name":"wp","href":"https:\/\/api.w.org\/{rel}","templated":true}]}}