{"id":15451,"date":"2023-03-30T11:20:05","date_gmt":"2023-03-30T15:20:05","guid":{"rendered":"https:\/\/www.systechone.com\/glossary\/what-is-the-dscsa-2\/"},"modified":"2025-06-17T10:13:30","modified_gmt":"2025-06-17T14:13:30","slug":"what-does-fmd-mean","status":"publish","type":"page","link":"https:\/\/staging.systech.ssdev.ca\/fr\/glossary\/what-does-fmd-mean\/","title":{"rendered":"Que signifie fmd ?"},"content":{"rendered":"<div data-elementor-type=\"wp-page\" data-elementor-id=\"15451\" class=\"elementor elementor-15451\" data-elementor-post-type=\"page\">\n\t\t\t\t\t\t<section class=\"elementor-section elementor-top-section elementor-element elementor-element-26237834 elementor-section-boxed elementor-section-height-default elementor-section-height-default\" data-id=\"26237834\" data-element_type=\"section\">\n\t\t\t\t\t\t<div class=\"elementor-container elementor-column-gap-default\">\n\t\t\t\t\t<div class=\"elementor-column elementor-col-100 elementor-top-column elementor-element elementor-element-7e6fc166\" data-id=\"7e6fc166\" data-element_type=\"column\">\n\t\t\t<div class=\"elementor-widget-wrap elementor-element-populated\">\n\t\t\t\t\t\t<div class=\"elementor-element elementor-element-79c82be elementor-widget elementor-widget-heading\" data-id=\"79c82be\" data-element_type=\"widget\" data-widget_type=\"heading.default\">\n\t\t\t\t<div class=\"elementor-widget-container\">\n\t\t\t\t\t<h1 class=\"elementor-heading-title elementor-size-default\">Que signifie fmd ?<\/h1>\t\t\t\t<\/div>\n\t\t\t\t<\/div>\n\t\t\t\t<div class=\"elementor-element elementor-element-763dd55 elementor-widget elementor-widget-text-editor\" data-id=\"763dd55\" data-element_type=\"widget\" data-widget_type=\"text-editor.default\">\n\t\t\t\t<div class=\"elementor-widget-container\">\n\t\t\t\t\t\t\t\t\tLa tra\u00e7abilit\u00e9 de la cha\u00eene d'approvisionnement est la capacit\u00e9 d'identifier, de suivre et de tracer les produits tout au long de la cha\u00eene d'approvisionnement, ce qui permet la transparence, la protection de la marque et la r\u00e9silience. \t\t\t\t\t\t\t\t<\/div>\n\t\t\t\t<\/div>\n\t\t\t\t\t<\/div>\n\t\t<\/div>\n\t\t\t\t\t<\/div>\n\t\t<\/section>\n\t\t\t\t<\/div>","protected":false},"excerpt":{"rendered":"<p>La tra\u00e7abilit\u00e9 de la cha\u00eene d'approvisionnement est la capacit\u00e9 d'identifier, de suivre et de tracer les produits tout au long de la cha\u00eene d'approvisionnement, ce qui permet la transparence, la protection de la marque et la r\u00e9silience.<\/p>","protected":false},"author":28,"featured_media":0,"parent":14537,"menu_order":0,"comment_status":"closed","ping_status":"closed","template":"elementor_header_footer","meta":{"_acf_changed":false,"footnotes":""},"class_list":["post-15451","page","type-page","status-publish","hentry"],"acf":[],"yoast_head":"<!-- This site is optimized with the Yoast SEO plugin v25.1 - https:\/\/yoast.com\/wordpress\/plugins\/seo\/ -->\n<title>What does fmd mean? - Systech<\/title>\n<meta name=\"description\" content=\"Supply chain traceability is the ability to identify, track and trace products as they moves through the supply chain enabling transparency, brand\" \/>\n<meta name=\"robots\" content=\"index, follow, max-snippet:-1, max-image-preview:large, max-video-preview:-1\" \/>\n<link rel=\"canonical\" href=\"https:\/\/staging.systech.ssdev.ca\/fr\/glossary\/what-does-fmd-mean\/\" \/>\n<meta property=\"og:locale\" content=\"fr_FR\" \/>\n<meta property=\"og:type\" content=\"article\" \/>\n<meta property=\"og:title\" content=\"What does fmd mean? - Systech\" \/>\n<meta property=\"og:description\" content=\"Supply chain traceability is the ability to identify, track and trace products as they moves through the supply chain enabling transparency, brand\" \/>\n<meta property=\"og:url\" content=\"https:\/\/staging.systech.ssdev.ca\/fr\/glossary\/what-does-fmd-mean\/\" \/>\n<meta property=\"og:site_name\" content=\"Systech\" \/>\n<meta property=\"article:publisher\" content=\"https:\/\/www.facebook.com\/systechone\/\" \/>\n<meta property=\"article:modified_time\" content=\"2025-06-17T14:13:30+00:00\" \/>\n<meta name=\"twitter:card\" content=\"summary_large_image\" \/>\n<meta name=\"twitter:site\" content=\"@systechone\" \/>\n<meta name=\"twitter:label1\" content=\"Dur\u00e9e de lecture estim\u00e9e\" \/>\n\t<meta name=\"twitter:data1\" content=\"1 minute\" \/>\n<script type=\"application\/ld+json\" class=\"yoast-schema-graph\">{\"@context\":\"https:\/\/schema.org\",\"@graph\":[{\"@type\":\"WebPage\",\"@id\":\"https:\/\/staging.systech.ssdev.ca\/glossary\/what-does-fmd-mean\/\",\"url\":\"https:\/\/staging.systech.ssdev.ca\/glossary\/what-does-fmd-mean\/\",\"name\":\"What does fmd mean? - Systech\",\"isPartOf\":{\"@id\":\"https:\/\/staging.systech.ssdev.ca\/#website\"},\"datePublished\":\"2023-03-30T15:20:05+00:00\",\"dateModified\":\"2025-06-17T14:13:30+00:00\",\"description\":\"Supply chain traceability is the ability to identify, track and trace products as they moves through the supply chain enabling transparency, brand\",\"breadcrumb\":{\"@id\":\"https:\/\/staging.systech.ssdev.ca\/glossary\/what-does-fmd-mean\/#breadcrumb\"},\"inLanguage\":\"fr-FR\",\"potentialAction\":[{\"@type\":\"ReadAction\",\"target\":[\"https:\/\/staging.systech.ssdev.ca\/glossary\/what-does-fmd-mean\/\"]}]},{\"@type\":\"BreadcrumbList\",\"@id\":\"https:\/\/staging.systech.ssdev.ca\/glossary\/what-does-fmd-mean\/#breadcrumb\",\"itemListElement\":[{\"@type\":\"ListItem\",\"position\":1,\"name\":\"Home\",\"item\":\"https:\/\/staging.systech.ssdev.ca\/\"},{\"@type\":\"ListItem\",\"position\":2,\"name\":\"Glossary\",\"item\":\"https:\/\/staging.systech.ssdev.ca\/?page_id=14537\"},{\"@type\":\"ListItem\",\"position\":3,\"name\":\"What does fmd mean?\"}]},{\"@type\":\"WebSite\",\"@id\":\"https:\/\/staging.systech.ssdev.ca\/#website\",\"url\":\"https:\/\/staging.systech.ssdev.ca\/\",\"name\":\"Systech\",\"description\":\"a solutions division of Markem-Imaje\",\"publisher\":{\"@id\":\"https:\/\/staging.systech.ssdev.ca\/#organization\"},\"potentialAction\":[{\"@type\":\"SearchAction\",\"target\":{\"@type\":\"EntryPoint\",\"urlTemplate\":\"https:\/\/staging.systech.ssdev.ca\/?s={search_term_string}\"},\"query-input\":{\"@type\":\"PropertyValueSpecification\",\"valueRequired\":true,\"valueName\":\"search_term_string\"}}],\"inLanguage\":\"fr-FR\"},{\"@type\":\"Organization\",\"@id\":\"https:\/\/staging.systech.ssdev.ca\/#organization\",\"name\":\"Systech International\",\"url\":\"https:\/\/staging.systech.ssdev.ca\/\",\"logo\":{\"@type\":\"ImageObject\",\"inLanguage\":\"fr-FR\",\"@id\":\"https:\/\/staging.systech.ssdev.ca\/#\/schema\/logo\/image\/\",\"url\":\"https:\/\/staging.systech.ssdev.ca\/wp-content\/uploads\/2018\/04\/systech-logo.png\",\"contentUrl\":\"https:\/\/staging.systech.ssdev.ca\/wp-content\/uploads\/2018\/04\/systech-logo.png\",\"width\":551,\"height\":124,\"caption\":\"Systech International\"},\"image\":{\"@id\":\"https:\/\/staging.systech.ssdev.ca\/#\/schema\/logo\/image\/\"},\"sameAs\":[\"https:\/\/www.facebook.com\/systechone\/\",\"https:\/\/x.com\/systechone\",\"https:\/\/www.linkedin.com\/company\/systech-international\",\"https:\/\/www.youtube.com\/channel\/UC1fz6UKo5eMa1WxgVMGRhpA\/videos\"]}]}<\/script>\n<!-- \/ Yoast SEO plugin. -->","yoast_head_json":{"title":"What does fmd mean? - Systech","description":"Supply chain traceability is the ability to identify, track and trace products as they moves through the supply chain enabling transparency, brand","robots":{"index":"index","follow":"follow","max-snippet":"max-snippet:-1","max-image-preview":"max-image-preview:large","max-video-preview":"max-video-preview:-1"},"canonical":"https:\/\/staging.systech.ssdev.ca\/fr\/glossary\/what-does-fmd-mean\/","og_locale":"fr_FR","og_type":"article","og_title":"What does fmd mean? - Systech","og_description":"Supply chain traceability is the ability to identify, track and trace products as they moves through the supply chain enabling transparency, brand","og_url":"https:\/\/staging.systech.ssdev.ca\/fr\/glossary\/what-does-fmd-mean\/","og_site_name":"Systech","article_publisher":"https:\/\/www.facebook.com\/systechone\/","article_modified_time":"2025-06-17T14:13:30+00:00","twitter_card":"summary_large_image","twitter_site":"@systechone","twitter_misc":{"Dur\u00e9e de lecture estim\u00e9e":"1 minute"},"schema":{"@context":"https:\/\/schema.org","@graph":[{"@type":"WebPage","@id":"https:\/\/staging.systech.ssdev.ca\/glossary\/what-does-fmd-mean\/","url":"https:\/\/staging.systech.ssdev.ca\/glossary\/what-does-fmd-mean\/","name":"What does fmd mean? - Systech","isPartOf":{"@id":"https:\/\/staging.systech.ssdev.ca\/#website"},"datePublished":"2023-03-30T15:20:05+00:00","dateModified":"2025-06-17T14:13:30+00:00","description":"Supply chain traceability is the ability to identify, track and trace products as they moves through the supply chain enabling transparency, brand","breadcrumb":{"@id":"https:\/\/staging.systech.ssdev.ca\/glossary\/what-does-fmd-mean\/#breadcrumb"},"inLanguage":"fr-FR","potentialAction":[{"@type":"ReadAction","target":["https:\/\/staging.systech.ssdev.ca\/glossary\/what-does-fmd-mean\/"]}]},{"@type":"BreadcrumbList","@id":"https:\/\/staging.systech.ssdev.ca\/glossary\/what-does-fmd-mean\/#breadcrumb","itemListElement":[{"@type":"ListItem","position":1,"name":"Home","item":"https:\/\/staging.systech.ssdev.ca\/"},{"@type":"ListItem","position":2,"name":"Glossary","item":"https:\/\/staging.systech.ssdev.ca\/?page_id=14537"},{"@type":"ListItem","position":3,"name":"What does fmd mean?"}]},{"@type":"WebSite","@id":"https:\/\/staging.systech.ssdev.ca\/#website","url":"https:\/\/staging.systech.ssdev.ca\/","name":"Systech","description":"a solutions division of Markem-Imaje","publisher":{"@id":"https:\/\/staging.systech.ssdev.ca\/#organization"},"potentialAction":[{"@type":"SearchAction","target":{"@type":"EntryPoint","urlTemplate":"https:\/\/staging.systech.ssdev.ca\/?s={search_term_string}"},"query-input":{"@type":"PropertyValueSpecification","valueRequired":true,"valueName":"search_term_string"}}],"inLanguage":"fr-FR"},{"@type":"Organization","@id":"https:\/\/staging.systech.ssdev.ca\/#organization","name":"Systech International","url":"https:\/\/staging.systech.ssdev.ca\/","logo":{"@type":"ImageObject","inLanguage":"fr-FR","@id":"https:\/\/staging.systech.ssdev.ca\/#\/schema\/logo\/image\/","url":"https:\/\/staging.systech.ssdev.ca\/wp-content\/uploads\/2018\/04\/systech-logo.png","contentUrl":"https:\/\/staging.systech.ssdev.ca\/wp-content\/uploads\/2018\/04\/systech-logo.png","width":551,"height":124,"caption":"Systech International"},"image":{"@id":"https:\/\/staging.systech.ssdev.ca\/#\/schema\/logo\/image\/"},"sameAs":["https:\/\/www.facebook.com\/systechone\/","https:\/\/x.com\/systechone","https:\/\/www.linkedin.com\/company\/systech-international","https:\/\/www.youtube.com\/channel\/UC1fz6UKo5eMa1WxgVMGRhpA\/videos"]}]}},"_links":{"self":[{"href":"https:\/\/staging.systech.ssdev.ca\/fr\/wp-json\/wp\/v2\/pages\/15451","targetHints":{"allow":["GET"]}}],"collection":[{"href":"https:\/\/staging.systech.ssdev.ca\/fr\/wp-json\/wp\/v2\/pages"}],"about":[{"href":"https:\/\/staging.systech.ssdev.ca\/fr\/wp-json\/wp\/v2\/types\/page"}],"author":[{"embeddable":true,"href":"https:\/\/staging.systech.ssdev.ca\/fr\/wp-json\/wp\/v2\/users\/28"}],"replies":[{"embeddable":true,"href":"https:\/\/staging.systech.ssdev.ca\/fr\/wp-json\/wp\/v2\/comments?post=15451"}],"version-history":[{"count":3,"href":"https:\/\/staging.systech.ssdev.ca\/fr\/wp-json\/wp\/v2\/pages\/15451\/revisions"}],"predecessor-version":[{"id":34035,"href":"https:\/\/staging.systech.ssdev.ca\/fr\/wp-json\/wp\/v2\/pages\/15451\/revisions\/34035"}],"up":[{"embeddable":true,"href":"https:\/\/staging.systech.ssdev.ca\/fr\/wp-json\/wp\/v2\/pages\/14537"}],"wp:attachment":[{"href":"https:\/\/staging.systech.ssdev.ca\/fr\/wp-json\/wp\/v2\/media?parent=15451"}],"curies":[{"name":"wp","href":"https:\/\/api.w.org\/{rel}","templated":true}]}}