{"id":15398,"date":"2023-03-30T11:06:53","date_gmt":"2023-03-30T15:06:53","guid":{"rendered":"https:\/\/www.systechone.com\/glossary\/what-is-product-diversion\/"},"modified":"2025-06-17T10:10:32","modified_gmt":"2025-06-17T14:10:32","slug":"what-is-aggregation","status":"publish","type":"page","link":"https:\/\/staging.systech.ssdev.ca\/fr\/glossary\/what-is-aggregation\/","title":{"rendered":"Qu'est-ce que l'agr\u00e9gation ?"},"content":{"rendered":"<div data-elementor-type=\"wp-page\" data-elementor-id=\"15398\" class=\"elementor elementor-15398\" data-elementor-post-type=\"page\">\n\t\t\t\t\t\t<section class=\"elementor-section elementor-top-section elementor-element elementor-element-26237834 elementor-section-boxed elementor-section-height-default elementor-section-height-default\" data-id=\"26237834\" data-element_type=\"section\">\n\t\t\t\t\t\t<div class=\"elementor-container elementor-column-gap-default\">\n\t\t\t\t\t<div class=\"elementor-column elementor-col-100 elementor-top-column elementor-element elementor-element-7e6fc166\" data-id=\"7e6fc166\" data-element_type=\"column\">\n\t\t\t<div class=\"elementor-widget-wrap elementor-element-populated\">\n\t\t\t\t\t\t<div class=\"elementor-element elementor-element-79c82be elementor-widget elementor-widget-heading\" data-id=\"79c82be\" data-element_type=\"widget\" data-widget_type=\"heading.default\">\n\t\t\t\t<div class=\"elementor-widget-container\">\n\t\t\t\t\t<h1 class=\"elementor-heading-title elementor-size-default\">Qu'est-ce que l'agr\u00e9gation ?<\/h1>\t\t\t\t<\/div>\n\t\t\t\t<\/div>\n\t\t\t\t<div class=\"elementor-element elementor-element-763dd55 elementor-widget elementor-widget-text-editor\" data-id=\"763dd55\" data-element_type=\"widget\" data-widget_type=\"text-editor.default\">\n\t\t\t\t<div class=\"elementor-widget-container\">\n\t\t\t\t\t\t\t\t\t<p>L'agr\u00e9gation est une technique utilis\u00e9e conjointement avec la s\u00e9rialisation qui \u00e9tablit et enregistre la relation entre un objet s\u00e9rialis\u00e9 et son contenant, qui est \u00e9galement s\u00e9rialis\u00e9. L'agr\u00e9gation est le plus souvent utilis\u00e9e dans la cha\u00eene d'approvisionnement pour placer des unit\u00e9s d'emballage plus petites \u00e0 l'int\u00e9rieur d'unit\u00e9s plus grandes, comme des cartons emball\u00e9s dans des caisses et des caisses sur des palettes. La relation d'agr\u00e9gation refl\u00e8te directement l'emballage physique des objets dans leur conteneur.<\/p><p>L'agr\u00e9gation n'est pas une exigence de la s\u00e9rialisation, que ce soit d'un point de vue proc\u00e9dural ou juridique. Par exemple, un certain nombre de r\u00e9glementations de l'industrie pharmaceutique dans le monde qui imposent la s\u00e9rialisation n'exigent pas non plus l'agr\u00e9gation. Toutefois, bien que la mise en \u0153uvre de la capacit\u00e9 d'agr\u00e9gation n\u00e9cessite un certain investissement et un certain effort, elle peut conf\u00e9rer \u00e0 l'utilisateur et \u00e0 ses partenaires commerciaux des avantages qui vont au-del\u00e0 de la simple conformit\u00e9 r\u00e9glementaire.<\/p>\t\t\t\t\t\t\t\t<\/div>\n\t\t\t\t<\/div>\n\t\t\t\t<div class=\"elementor-element elementor-element-2540102 dce_masking-none elementor-widget elementor-widget-video\" data-id=\"2540102\" data-element_type=\"widget\" data-settings=\"{&quot;youtube_url&quot;:&quot;https:\\\/\\\/www.youtube.com\\\/watch?v=iolzTsG0TrM&quot;,&quot;video_type&quot;:&quot;youtube&quot;,&quot;controls&quot;:&quot;yes&quot;}\" data-widget_type=\"video.default\">\n\t\t\t\t<div class=\"elementor-widget-container\">\n\t\t\t\t\t\t\t<div class=\"elementor-wrapper elementor-open-inline\">\n\t\t\t<div class=\"elementor-video\"><\/div>\t\t<\/div>\n\t\t\t\t\t\t<\/div>\n\t\t\t\t<\/div>\n\t\t\t\t<div class=\"elementor-element elementor-element-469cd23 elementor-widget elementor-widget-text-editor\" data-id=\"469cd23\" data-element_type=\"widget\" data-widget_type=\"text-editor.default\">\n\t\t\t\t<div class=\"elementor-widget-container\">\n\t\t\t\t\t\t\t\t\t<h2>Terminologie<\/h2><p>\u00c9tant donn\u00e9 que l'agr\u00e9gation caract\u00e9rise g\u00e9n\u00e9ralement un contenant et son contenu (une relation de un \u00e0 plusieurs) et que les contenants sont souvent consid\u00e9r\u00e9s comme sup\u00e9rieurs aux \u00e9l\u00e9ments qu'ils contiennent, des termes familiaux sont souvent utilis\u00e9s pour d\u00e9crire les diff\u00e9rents niveaux. Un article emball\u00e9 dans un conteneur est appel\u00e9 enfant, tandis que le conteneur dans lequel il est emball\u00e9 est son parent. Dans un sc\u00e9nario \u00e0 plusieurs niveaux, tel que unit\u00e9\/caisse\/palette, le conteneur du conteneur (la palette) pourrait \u00eatre appel\u00e9 grand-parent. Un article qui n'a pas \u00e9t\u00e9 emball\u00e9, et qui n'a donc pas de parent, est appel\u00e9 orphelin.<\/p><h2>Avantages<\/h2><p>Pour le fabricant d'un produit, il est raisonnable de consid\u00e9rer que seul le produit enti\u00e8rement emball\u00e9 pour l'exp\u00e9dition est valide. Comme l'agr\u00e9gation permet aux syst\u00e8mes d'automatisation de conna\u00eetre l'\u00e9tat d'emballage des objets, il est possible de programmer ces syst\u00e8mes pour qu'ils d\u00e9classent (invalident) automatiquement les num\u00e9ros de s\u00e9rie associ\u00e9s aux orphelins. Gr\u00e2ce \u00e0 cette mesure, m\u00eame si le produit physique est accidentellement exp\u00e9di\u00e9, une v\u00e9rification de son num\u00e9ro de s\u00e9rie confirmera qu'il n'est pas valide et une action corrective pourra \u00eatre entreprise, ce qui constitue une protection importante dans la cha\u00eene d'approvisionnement.<\/p><p>Pour les partenaires commerciaux, l'un des plus grands d\u00e9fis associ\u00e9s aux produits s\u00e9rialis\u00e9s est la v\u00e9rification des num\u00e9ros de s\u00e9rie associ\u00e9s \u00e0 un envoi. Si le support de donn\u00e9es pour les num\u00e9ros de s\u00e9rie est un code-barres ou un symbole 2D, le seul moyen de v\u00e9rifier physiquement les num\u00e9ros des objets emball\u00e9s est de les retirer de leur conteneur. Cela repr\u00e9senterait une perturbation majeure dans les processus des partenaires en aval d'un fabricant. Toutefois, si les donn\u00e9es d'exp\u00e9dition comprennent des informations d'agr\u00e9gation compl\u00e8tes et si l'on a suffisamment confiance dans les processus d'emballage du fabricant, le partenaire peut d\u00e9duire la pr\u00e9sence de num\u00e9ros de s\u00e9rie de niveau inf\u00e9rieur en v\u00e9rifiant les num\u00e9ros de s\u00e9rie des parents.<\/p><p>L'agr\u00e9gation peut constituer un contr\u00f4le suppl\u00e9mentaire des intrusions dans la cha\u00eene d'approvisionnement, telles que la contrefa\u00e7on ou la commercialisation parall\u00e8le. Les relations d'agr\u00e9gation entre parents et enfants peuvent \u00eatre compar\u00e9es aux donn\u00e9es enregistr\u00e9es lors de l'emballage original du produit. Lorsque ces relations diff\u00e8rent, cela indique que l'envoi a \u00e9t\u00e9 alt\u00e9r\u00e9 et qu'une action corrective doit \u00eatre entreprise.<\/p>\t\t\t\t\t\t\t\t<\/div>\n\t\t\t\t<\/div>\n\t\t\t\t\t<\/div>\n\t\t<\/div>\n\t\t\t\t\t<\/div>\n\t\t<\/section>\n\t\t\t\t<\/div>","protected":false},"excerpt":{"rendered":"<p>L'agr\u00e9gation est une technique utilis\u00e9e conjointement avec la s\u00e9rialisation qui \u00e9tablit et enregistre la relation entre un objet s\u00e9rialis\u00e9 et son contenant, qui est \u00e9galement s\u00e9rialis\u00e9. L'agr\u00e9gation est le plus souvent utilis\u00e9e dans la cha\u00eene d'approvisionnement pour placer des unit\u00e9s d'emballage plus petites \u00e0 l'int\u00e9rieur d'unit\u00e9s plus grandes, telles que des cartons emball\u00e9s dans des caisses et des caisses sur des palettes. La [...]<\/p>","protected":false},"author":28,"featured_media":0,"parent":14537,"menu_order":0,"comment_status":"closed","ping_status":"closed","template":"elementor_header_footer","meta":{"_acf_changed":false,"footnotes":""},"class_list":["post-15398","page","type-page","status-publish","hentry"],"acf":[],"yoast_head":"<!-- This site is optimized with the Yoast SEO plugin v25.1 - https:\/\/yoast.com\/wordpress\/plugins\/seo\/ -->\n<title>What is aggregation? - Systech<\/title>\n<meta name=\"description\" content=\"Aggregation is a technique used in conjunction with serialization that establishes and records the relationship between a serialized object and its\" \/>\n<meta name=\"robots\" content=\"index, follow, max-snippet:-1, max-image-preview:large, max-video-preview:-1\" \/>\n<link rel=\"canonical\" href=\"https:\/\/staging.systech.ssdev.ca\/fr\/glossary\/what-is-aggregation\/\" \/>\n<meta property=\"og:locale\" content=\"fr_FR\" \/>\n<meta property=\"og:type\" content=\"article\" \/>\n<meta property=\"og:title\" content=\"What is aggregation? - Systech\" \/>\n<meta property=\"og:description\" content=\"Aggregation is a technique used in conjunction with serialization that establishes and records the relationship between a serialized object and its\" \/>\n<meta property=\"og:url\" content=\"https:\/\/staging.systech.ssdev.ca\/fr\/glossary\/what-is-aggregation\/\" \/>\n<meta property=\"og:site_name\" content=\"Systech\" \/>\n<meta property=\"article:publisher\" content=\"https:\/\/www.facebook.com\/systechone\/\" \/>\n<meta property=\"article:modified_time\" content=\"2025-06-17T14:10:32+00:00\" \/>\n<meta name=\"twitter:card\" content=\"summary_large_image\" \/>\n<meta name=\"twitter:site\" content=\"@systechone\" \/>\n<script type=\"application\/ld+json\" class=\"yoast-schema-graph\">{\"@context\":\"https:\/\/schema.org\",\"@graph\":[{\"@type\":\"WebPage\",\"@id\":\"https:\/\/staging.systech.ssdev.ca\/glossary\/what-is-aggregation\/\",\"url\":\"https:\/\/staging.systech.ssdev.ca\/glossary\/what-is-aggregation\/\",\"name\":\"What is aggregation? - Systech\",\"isPartOf\":{\"@id\":\"https:\/\/staging.systech.ssdev.ca\/#website\"},\"datePublished\":\"2023-03-30T15:06:53+00:00\",\"dateModified\":\"2025-06-17T14:10:32+00:00\",\"description\":\"Aggregation is a technique used in conjunction with serialization that establishes and records the relationship between a serialized object and its\",\"breadcrumb\":{\"@id\":\"https:\/\/staging.systech.ssdev.ca\/glossary\/what-is-aggregation\/#breadcrumb\"},\"inLanguage\":\"fr-FR\",\"potentialAction\":[{\"@type\":\"ReadAction\",\"target\":[\"https:\/\/staging.systech.ssdev.ca\/glossary\/what-is-aggregation\/\"]}]},{\"@type\":\"BreadcrumbList\",\"@id\":\"https:\/\/staging.systech.ssdev.ca\/glossary\/what-is-aggregation\/#breadcrumb\",\"itemListElement\":[{\"@type\":\"ListItem\",\"position\":1,\"name\":\"Home\",\"item\":\"https:\/\/staging.systech.ssdev.ca\/\"},{\"@type\":\"ListItem\",\"position\":2,\"name\":\"Glossary\",\"item\":\"https:\/\/staging.systech.ssdev.ca\/?page_id=14537\"},{\"@type\":\"ListItem\",\"position\":3,\"name\":\"What is aggregation?\"}]},{\"@type\":\"WebSite\",\"@id\":\"https:\/\/staging.systech.ssdev.ca\/#website\",\"url\":\"https:\/\/staging.systech.ssdev.ca\/\",\"name\":\"Systech\",\"description\":\"a solutions division of Markem-Imaje\",\"publisher\":{\"@id\":\"https:\/\/staging.systech.ssdev.ca\/#organization\"},\"potentialAction\":[{\"@type\":\"SearchAction\",\"target\":{\"@type\":\"EntryPoint\",\"urlTemplate\":\"https:\/\/staging.systech.ssdev.ca\/?s={search_term_string}\"},\"query-input\":{\"@type\":\"PropertyValueSpecification\",\"valueRequired\":true,\"valueName\":\"search_term_string\"}}],\"inLanguage\":\"fr-FR\"},{\"@type\":\"Organization\",\"@id\":\"https:\/\/staging.systech.ssdev.ca\/#organization\",\"name\":\"Systech International\",\"url\":\"https:\/\/staging.systech.ssdev.ca\/\",\"logo\":{\"@type\":\"ImageObject\",\"inLanguage\":\"fr-FR\",\"@id\":\"https:\/\/staging.systech.ssdev.ca\/#\/schema\/logo\/image\/\",\"url\":\"https:\/\/staging.systech.ssdev.ca\/wp-content\/uploads\/2018\/04\/systech-logo.png\",\"contentUrl\":\"https:\/\/staging.systech.ssdev.ca\/wp-content\/uploads\/2018\/04\/systech-logo.png\",\"width\":551,\"height\":124,\"caption\":\"Systech International\"},\"image\":{\"@id\":\"https:\/\/staging.systech.ssdev.ca\/#\/schema\/logo\/image\/\"},\"sameAs\":[\"https:\/\/www.facebook.com\/systechone\/\",\"https:\/\/x.com\/systechone\",\"https:\/\/www.linkedin.com\/company\/systech-international\",\"https:\/\/www.youtube.com\/channel\/UC1fz6UKo5eMa1WxgVMGRhpA\/videos\"]}]}<\/script>\n<!-- \/ Yoast SEO plugin. -->","yoast_head_json":{"title":"What is aggregation? - Systech","description":"Aggregation is a technique used in conjunction with serialization that establishes and records the relationship between a serialized object and its","robots":{"index":"index","follow":"follow","max-snippet":"max-snippet:-1","max-image-preview":"max-image-preview:large","max-video-preview":"max-video-preview:-1"},"canonical":"https:\/\/staging.systech.ssdev.ca\/fr\/glossary\/what-is-aggregation\/","og_locale":"fr_FR","og_type":"article","og_title":"What is aggregation? - Systech","og_description":"Aggregation is a technique used in conjunction with serialization that establishes and records the relationship between a serialized object and its","og_url":"https:\/\/staging.systech.ssdev.ca\/fr\/glossary\/what-is-aggregation\/","og_site_name":"Systech","article_publisher":"https:\/\/www.facebook.com\/systechone\/","article_modified_time":"2025-06-17T14:10:32+00:00","twitter_card":"summary_large_image","twitter_site":"@systechone","schema":{"@context":"https:\/\/schema.org","@graph":[{"@type":"WebPage","@id":"https:\/\/staging.systech.ssdev.ca\/glossary\/what-is-aggregation\/","url":"https:\/\/staging.systech.ssdev.ca\/glossary\/what-is-aggregation\/","name":"What is aggregation? - Systech","isPartOf":{"@id":"https:\/\/staging.systech.ssdev.ca\/#website"},"datePublished":"2023-03-30T15:06:53+00:00","dateModified":"2025-06-17T14:10:32+00:00","description":"Aggregation is a technique used in conjunction with serialization that establishes and records the relationship between a serialized object and its","breadcrumb":{"@id":"https:\/\/staging.systech.ssdev.ca\/glossary\/what-is-aggregation\/#breadcrumb"},"inLanguage":"fr-FR","potentialAction":[{"@type":"ReadAction","target":["https:\/\/staging.systech.ssdev.ca\/glossary\/what-is-aggregation\/"]}]},{"@type":"BreadcrumbList","@id":"https:\/\/staging.systech.ssdev.ca\/glossary\/what-is-aggregation\/#breadcrumb","itemListElement":[{"@type":"ListItem","position":1,"name":"Home","item":"https:\/\/staging.systech.ssdev.ca\/"},{"@type":"ListItem","position":2,"name":"Glossary","item":"https:\/\/staging.systech.ssdev.ca\/?page_id=14537"},{"@type":"ListItem","position":3,"name":"What is aggregation?"}]},{"@type":"WebSite","@id":"https:\/\/staging.systech.ssdev.ca\/#website","url":"https:\/\/staging.systech.ssdev.ca\/","name":"Systech","description":"a solutions division of Markem-Imaje","publisher":{"@id":"https:\/\/staging.systech.ssdev.ca\/#organization"},"potentialAction":[{"@type":"SearchAction","target":{"@type":"EntryPoint","urlTemplate":"https:\/\/staging.systech.ssdev.ca\/?s={search_term_string}"},"query-input":{"@type":"PropertyValueSpecification","valueRequired":true,"valueName":"search_term_string"}}],"inLanguage":"fr-FR"},{"@type":"Organization","@id":"https:\/\/staging.systech.ssdev.ca\/#organization","name":"Systech International","url":"https:\/\/staging.systech.ssdev.ca\/","logo":{"@type":"ImageObject","inLanguage":"fr-FR","@id":"https:\/\/staging.systech.ssdev.ca\/#\/schema\/logo\/image\/","url":"https:\/\/staging.systech.ssdev.ca\/wp-content\/uploads\/2018\/04\/systech-logo.png","contentUrl":"https:\/\/staging.systech.ssdev.ca\/wp-content\/uploads\/2018\/04\/systech-logo.png","width":551,"height":124,"caption":"Systech International"},"image":{"@id":"https:\/\/staging.systech.ssdev.ca\/#\/schema\/logo\/image\/"},"sameAs":["https:\/\/www.facebook.com\/systechone\/","https:\/\/x.com\/systechone","https:\/\/www.linkedin.com\/company\/systech-international","https:\/\/www.youtube.com\/channel\/UC1fz6UKo5eMa1WxgVMGRhpA\/videos"]}]}},"_links":{"self":[{"href":"https:\/\/staging.systech.ssdev.ca\/fr\/wp-json\/wp\/v2\/pages\/15398","targetHints":{"allow":["GET"]}}],"collection":[{"href":"https:\/\/staging.systech.ssdev.ca\/fr\/wp-json\/wp\/v2\/pages"}],"about":[{"href":"https:\/\/staging.systech.ssdev.ca\/fr\/wp-json\/wp\/v2\/types\/page"}],"author":[{"embeddable":true,"href":"https:\/\/staging.systech.ssdev.ca\/fr\/wp-json\/wp\/v2\/users\/28"}],"replies":[{"embeddable":true,"href":"https:\/\/staging.systech.ssdev.ca\/fr\/wp-json\/wp\/v2\/comments?post=15398"}],"version-history":[{"count":3,"href":"https:\/\/staging.systech.ssdev.ca\/fr\/wp-json\/wp\/v2\/pages\/15398\/revisions"}],"predecessor-version":[{"id":34002,"href":"https:\/\/staging.systech.ssdev.ca\/fr\/wp-json\/wp\/v2\/pages\/15398\/revisions\/34002"}],"up":[{"embeddable":true,"href":"https:\/\/staging.systech.ssdev.ca\/fr\/wp-json\/wp\/v2\/pages\/14537"}],"wp:attachment":[{"href":"https:\/\/staging.systech.ssdev.ca\/fr\/wp-json\/wp\/v2\/media?parent=15398"}],"curies":[{"name":"wp","href":"https:\/\/api.w.org\/{rel}","templated":true}]}}