{"id":15017,"date":"2023-03-25T11:10:11","date_gmt":"2023-03-25T15:10:11","guid":{"rendered":"https:\/\/www.systechone.com\/pharmaceutical-compliance-2\/"},"modified":"2025-07-08T10:05:48","modified_gmt":"2025-07-08T14:05:48","slug":"regulatory-compliance","status":"publish","type":"page","link":"https:\/\/staging.systech.ssdev.ca\/fr\/solutions\/regulatory-compliance\/","title":{"rendered":"Conformit\u00e9 r\u00e9glementaire"},"content":{"rendered":"<div data-elementor-type=\"wp-page\" data-elementor-id=\"15017\" class=\"elementor elementor-15017\" data-elementor-post-type=\"page\">\n\t\t\t\t<div data-dce-background-color=\"#54585926\" class=\"elementor-element elementor-element-5bc98d7 e-flex e-con-boxed e-con e-parent\" data-id=\"5bc98d7\" data-element_type=\"container\" data-settings=\"{&quot;background_background&quot;:&quot;classic&quot;}\">\n\t\t\t\t\t<div class=\"e-con-inner\">\n\t\t<div class=\"elementor-element elementor-element-dc1abcf e-con-full e-flex e-con e-parent\" data-id=\"dc1abcf\" data-element_type=\"container\" data-settings=\"{&quot;background_background&quot;:&quot;classic&quot;}\">\n\t\t\t\t<div class=\"elementor-element elementor-element-5da1a47 elementor-absolute elementor-hidden-mobile elementor-hidden-desktop elementor-hidden-tablet elementor-widget elementor-widget-global elementor-global-19140 elementor-widget-breadcrumbs\" data-id=\"5da1a47\" data-element_type=\"widget\" data-settings=\"{&quot;_position&quot;:&quot;absolute&quot;}\" data-widget_type=\"breadcrumbs.default\">\n\t\t\t\t<div class=\"elementor-widget-container\">\n\t\t\t\t\t<p id=\"breadcrumbs\"><span><span><a href=\"https:\/\/staging.systech.ssdev.ca\/fr\/\">Accueil<\/a><\/span><\/span><\/p>\t\t\t\t<\/div>\n\t\t\t\t<\/div>\n\t\t\t\t<div class=\"elementor-element elementor-element-239aed4 elementor-widget elementor-widget-heading\" data-id=\"239aed4\" data-element_type=\"widget\" data-widget_type=\"heading.default\">\n\t\t\t\t<div class=\"elementor-widget-container\">\n\t\t\t\t\t<h1 class=\"elementor-heading-title elementor-size-default\">La conformit\u00e9 r\u00e9glementaire facilit\u00e9e<\/h1>\t\t\t\t<\/div>\n\t\t\t\t<\/div>\n\t\t\t\t<div class=\"elementor-element elementor-element-21cfb9b elementor-widget elementor-widget-text-editor\" data-id=\"21cfb9b\" data-element_type=\"widget\" data-widget_type=\"text-editor.default\">\n\t\t\t\t<div class=\"elementor-widget-container\">\n\t\t\t\t\t\t\t\t\t<p>Se conformer aux exigences l\u00e9gales est essentiel pour faire des affaires, mais r\u00e9pondre aux mandats n'est pas simple. Avec des milliers de d\u00e9ploiements mondiaux, Systech comprend ce qu'il faut faire pour vous mettre en conformit\u00e9.<\/p>\t\t\t\t\t\t\t\t<\/div>\n\t\t\t\t<\/div>\n\t\t\t\t<\/div>\n\t\t<div data-dce-background-image-url=\"https:\/\/staging.systech.ssdev.ca\/wp-content\/uploads\/2023\/09\/line-element.svg\" class=\"elementor-element elementor-element-c56d1f8 e-con-full elementor-hidden-tablet elementor-hidden-mobile e-flex e-con e-parent\" data-id=\"c56d1f8\" data-element_type=\"container\" data-settings=\"{&quot;background_background&quot;:&quot;classic&quot;,&quot;position&quot;:&quot;absolute&quot;}\">\n\t\t\t\t<\/div>\n\t\t\t\t\t<\/div>\n\t\t\t\t<\/div>\n\t\t<div class=\"elementor-element elementor-element-613f315 e-flex e-con-boxed e-con e-parent\" data-id=\"613f315\" data-element_type=\"container\">\n\t\t\t\t\t<div class=\"e-con-inner\">\n\t\t<div class=\"elementor-element elementor-element-02d72c1 e-con-full e-flex e-con e-parent\" data-id=\"02d72c1\" data-element_type=\"container\">\n\t\t\t\t<div class=\"elementor-element elementor-element-c1afc34 elementor-widget elementor-widget-heading\" data-id=\"c1afc34\" data-element_type=\"widget\" data-widget_type=\"heading.default\">\n\t\t\t\t<div class=\"elementor-widget-container\">\n\t\t\t\t\t<h3 class=\"elementor-heading-title elementor-size-default\">Se mettre en conformit\u00e9 aujourd'hui, \u00eatre pr\u00eat pour demain<\/h3>\t\t\t\t<\/div>\n\t\t\t\t<\/div>\n\t\t\t\t<div class=\"elementor-element elementor-element-f309506 elementor-widget elementor-widget-text-editor\" data-id=\"f309506\" data-element_type=\"widget\" data-widget_type=\"text-editor.default\">\n\t\t\t\t<div class=\"elementor-widget-container\">\n\t\t\t\t\t\t\t\t\t<p>Systech offre de puissantes fonctionnalit\u00e9s de s\u00e9rialisation et de tra\u00e7abilit\u00e9 pour vous aider \u00e0 respecter les r\u00e9glementations gouvernementales. De plus, il est configurable et flexible, ce qui permet de l'adapter facilement \u00e0 de nouveaux \u00e9quipements ou \u00e0 des lignes modernis\u00e9es. Obtenez et maximisez la visibilit\u00e9 de la cha\u00eene d'approvisionnement partout o\u00f9 vous faites des affaires.<\/p>\t\t\t\t\t\t\t\t<\/div>\n\t\t\t\t<\/div>\n\t\t\t\t<div class=\"elementor-element elementor-element-2ef3c97 elementor-widget elementor-widget-button\" data-id=\"2ef3c97\" data-element_type=\"widget\" data-widget_type=\"button.default\">\n\t\t\t\t<div class=\"elementor-widget-container\">\n\t\t\t\t\t\t\t\t\t<div class=\"elementor-button-wrapper\">\n\t\t\t\t\t<a class=\"elementor-button elementor-button-link elementor-size-sm\" href=\"https:\/\/staging.systech.ssdev.ca\/fr\/contact\/\">\n\t\t\t\t\t\t<span class=\"elementor-button-content-wrapper\">\n\t\t\t\t\t\t\t\t\t<span class=\"elementor-button-text\">COMMENCER<\/span>\n\t\t\t\t\t<\/span>\n\t\t\t\t\t<\/a>\n\t\t\t\t<\/div>\n\t\t\t\t\t\t\t\t<\/div>\n\t\t\t\t<\/div>\n\t\t\t\t<\/div>\n\t\t<div class=\"elementor-element elementor-element-cbbac3f e-con-full e-flex e-con e-parent\" data-id=\"cbbac3f\" data-element_type=\"container\">\n\t\t<div class=\"elementor-element elementor-element-b9c31fe e-con-full systech-image-overlay e-flex e-con e-parent\" data-id=\"b9c31fe\" data-element_type=\"container\">\n\t\t\t\t<div class=\"elementor-element elementor-element-412abef dce_masking-none elementor-widget elementor-widget-image\" data-id=\"412abef\" data-element_type=\"widget\" data-widget_type=\"image.default\">\n\t\t\t\t<div class=\"elementor-widget-container\">\n\t\t\t\t\t\t\t\t\t\t\t\t\t\t\t<img loading=\"lazy\" decoding=\"async\" width=\"768\" height=\"432\" src=\"https:\/\/staging.systech.ssdev.ca\/wp-content\/uploads\/2023\/04\/regulatory-compliance-1-768x432.jpg\" class=\"attachment-medium_large size-medium_large wp-image-16000\" alt=\"\" srcset=\"https:\/\/staging.systech.ssdev.ca\/wp-content\/uploads\/2023\/04\/regulatory-compliance-1-768x432.jpg 768w, https:\/\/staging.systech.ssdev.ca\/wp-content\/uploads\/2023\/04\/regulatory-compliance-1-1024x576.jpg 1024w, https:\/\/staging.systech.ssdev.ca\/wp-content\/uploads\/2023\/04\/regulatory-compliance-1-600x338.jpg 600w, https:\/\/staging.systech.ssdev.ca\/wp-content\/uploads\/2023\/04\/regulatory-compliance-1.jpg 1200w\" sizes=\"auto, (max-width: 768px) 100vw, 768px\" \/>\t\t\t\t\t\t\t\t\t\t\t\t\t\t\t<\/div>\n\t\t\t\t<\/div>\n\t\t\t\t<\/div>\n\t\t\t\t<\/div>\n\t\t\t\t\t<\/div>\n\t\t\t\t<\/div>\n\t\t\t\t<\/div>","protected":false},"excerpt":{"rendered":"<p>La conformit\u00e9 r\u00e9glementaire facilit\u00e9e Se conformer aux exigences l\u00e9gales est essentiel pour faire des affaires, mais r\u00e9pondre aux mandats n'est pas simple. Avec des milliers de d\u00e9ploiements globaux, Systech comprend ce qu'il faut faire pour vous mettre en conformit\u00e9. Systech offre de puissantes fonctionnalit\u00e9s de s\u00e9rialisation et de tra\u00e7abilit\u00e9 pour vous aider \u00e0 respecter les r\u00e9glementations gouvernementales. De plus, [...]<\/p>","protected":false},"author":20,"featured_media":0,"parent":4965,"menu_order":0,"comment_status":"closed","ping_status":"closed","template":"elementor_header_footer","meta":{"_acf_changed":false,"footnotes":""},"class_list":["post-15017","page","type-page","status-publish","hentry"],"acf":[],"yoast_head":"<!-- This site is optimized with the Yoast SEO plugin v25.1 - https:\/\/yoast.com\/wordpress\/plugins\/seo\/ -->\n<title>Pharma regulatory compliance solution<\/title>\n<meta name=\"description\" content=\"Keep informed &amp; compliant with global serialization &amp; traceability regulations.\" \/>\n<meta name=\"robots\" content=\"index, follow, max-snippet:-1, max-image-preview:large, max-video-preview:-1\" \/>\n<link rel=\"canonical\" href=\"https:\/\/staging.systech.ssdev.ca\/fr\/solutions\/regulatory-compliance\/\" \/>\n<meta property=\"og:locale\" content=\"fr_FR\" \/>\n<meta property=\"og:type\" content=\"article\" \/>\n<meta property=\"og:title\" content=\"Pharma regulatory compliance solution\" \/>\n<meta property=\"og:description\" content=\"Keep informed &amp; compliant with global serialization &amp; traceability regulations.\" \/>\n<meta property=\"og:url\" content=\"https:\/\/staging.systech.ssdev.ca\/fr\/solutions\/regulatory-compliance\/\" \/>\n<meta property=\"og:site_name\" content=\"Systech\" \/>\n<meta property=\"article:publisher\" content=\"https:\/\/www.facebook.com\/systechone\/\" \/>\n<meta property=\"article:modified_time\" content=\"2025-07-08T14:05:48+00:00\" \/>\n<meta property=\"og:image\" content=\"https:\/\/www.systechone.com\/wp-content\/uploads\/2023\/04\/regulatory-compliance-1-768x432.jpg\" \/>\n<meta name=\"twitter:card\" content=\"summary_large_image\" \/>\n<meta name=\"twitter:site\" content=\"@systechone\" \/>\n<meta name=\"twitter:label1\" content=\"Dur\u00e9e de lecture estim\u00e9e\" \/>\n\t<meta name=\"twitter:data1\" content=\"1 minute\" \/>\n<script type=\"application\/ld+json\" class=\"yoast-schema-graph\">{\"@context\":\"https:\/\/schema.org\",\"@graph\":[{\"@type\":\"WebPage\",\"@id\":\"https:\/\/staging.systech.ssdev.ca\/solutions\/regulatory-compliance\/\",\"url\":\"https:\/\/staging.systech.ssdev.ca\/solutions\/regulatory-compliance\/\",\"name\":\"Pharma regulatory compliance solution\",\"isPartOf\":{\"@id\":\"https:\/\/staging.systech.ssdev.ca\/#website\"},\"primaryImageOfPage\":{\"@id\":\"https:\/\/staging.systech.ssdev.ca\/solutions\/regulatory-compliance\/#primaryimage\"},\"image\":{\"@id\":\"https:\/\/staging.systech.ssdev.ca\/solutions\/regulatory-compliance\/#primaryimage\"},\"thumbnailUrl\":\"https:\/\/www.systechone.com\/wp-content\/uploads\/2023\/04\/regulatory-compliance-1-768x432.jpg\",\"datePublished\":\"2023-03-25T15:10:11+00:00\",\"dateModified\":\"2025-07-08T14:05:48+00:00\",\"description\":\"Keep informed & compliant with global serialization & traceability regulations.\",\"breadcrumb\":{\"@id\":\"https:\/\/staging.systech.ssdev.ca\/solutions\/regulatory-compliance\/#breadcrumb\"},\"inLanguage\":\"fr-FR\",\"potentialAction\":[{\"@type\":\"ReadAction\",\"target\":[\"https:\/\/staging.systech.ssdev.ca\/solutions\/regulatory-compliance\/\"]}]},{\"@type\":\"ImageObject\",\"inLanguage\":\"fr-FR\",\"@id\":\"https:\/\/staging.systech.ssdev.ca\/solutions\/regulatory-compliance\/#primaryimage\",\"url\":\"https:\/\/www.systechone.com\/wp-content\/uploads\/2023\/04\/regulatory-compliance-1-768x432.jpg\",\"contentUrl\":\"https:\/\/www.systechone.com\/wp-content\/uploads\/2023\/04\/regulatory-compliance-1-768x432.jpg\"},{\"@type\":\"BreadcrumbList\",\"@id\":\"https:\/\/staging.systech.ssdev.ca\/solutions\/regulatory-compliance\/#breadcrumb\",\"itemListElement\":[{\"@type\":\"ListItem\",\"position\":1,\"name\":\"Home\",\"item\":\"https:\/\/staging.systech.ssdev.ca\/\"},{\"@type\":\"ListItem\",\"position\":2,\"name\":\"Solutions\",\"item\":\"https:\/\/staging.systech.ssdev.ca\/pt\/solutions\/\"},{\"@type\":\"ListItem\",\"position\":3,\"name\":\"Regulatory Compliance\"}]},{\"@type\":\"WebSite\",\"@id\":\"https:\/\/staging.systech.ssdev.ca\/#website\",\"url\":\"https:\/\/staging.systech.ssdev.ca\/\",\"name\":\"Systech\",\"description\":\"a solutions division of Markem-Imaje\",\"publisher\":{\"@id\":\"https:\/\/staging.systech.ssdev.ca\/#organization\"},\"potentialAction\":[{\"@type\":\"SearchAction\",\"target\":{\"@type\":\"EntryPoint\",\"urlTemplate\":\"https:\/\/staging.systech.ssdev.ca\/?s={search_term_string}\"},\"query-input\":{\"@type\":\"PropertyValueSpecification\",\"valueRequired\":true,\"valueName\":\"search_term_string\"}}],\"inLanguage\":\"fr-FR\"},{\"@type\":\"Organization\",\"@id\":\"https:\/\/staging.systech.ssdev.ca\/#organization\",\"name\":\"Systech International\",\"url\":\"https:\/\/staging.systech.ssdev.ca\/\",\"logo\":{\"@type\":\"ImageObject\",\"inLanguage\":\"fr-FR\",\"@id\":\"https:\/\/staging.systech.ssdev.ca\/#\/schema\/logo\/image\/\",\"url\":\"https:\/\/staging.systech.ssdev.ca\/wp-content\/uploads\/2018\/04\/systech-logo.png\",\"contentUrl\":\"https:\/\/staging.systech.ssdev.ca\/wp-content\/uploads\/2018\/04\/systech-logo.png\",\"width\":551,\"height\":124,\"caption\":\"Systech International\"},\"image\":{\"@id\":\"https:\/\/staging.systech.ssdev.ca\/#\/schema\/logo\/image\/\"},\"sameAs\":[\"https:\/\/www.facebook.com\/systechone\/\",\"https:\/\/x.com\/systechone\",\"https:\/\/www.linkedin.com\/company\/systech-international\",\"https:\/\/www.youtube.com\/channel\/UC1fz6UKo5eMa1WxgVMGRhpA\/videos\"]}]}<\/script>\n<!-- \/ Yoast SEO plugin. -->","yoast_head_json":{"title":"Pharma regulatory compliance solution","description":"Keep informed & compliant with global serialization & traceability regulations.","robots":{"index":"index","follow":"follow","max-snippet":"max-snippet:-1","max-image-preview":"max-image-preview:large","max-video-preview":"max-video-preview:-1"},"canonical":"https:\/\/staging.systech.ssdev.ca\/fr\/solutions\/regulatory-compliance\/","og_locale":"fr_FR","og_type":"article","og_title":"Pharma regulatory compliance solution","og_description":"Keep informed & compliant with global serialization & traceability regulations.","og_url":"https:\/\/staging.systech.ssdev.ca\/fr\/solutions\/regulatory-compliance\/","og_site_name":"Systech","article_publisher":"https:\/\/www.facebook.com\/systechone\/","article_modified_time":"2025-07-08T14:05:48+00:00","og_image":[{"url":"https:\/\/www.systechone.com\/wp-content\/uploads\/2023\/04\/regulatory-compliance-1-768x432.jpg","type":"","width":"","height":""}],"twitter_card":"summary_large_image","twitter_site":"@systechone","twitter_misc":{"Dur\u00e9e de lecture estim\u00e9e":"1 minute"},"schema":{"@context":"https:\/\/schema.org","@graph":[{"@type":"WebPage","@id":"https:\/\/staging.systech.ssdev.ca\/solutions\/regulatory-compliance\/","url":"https:\/\/staging.systech.ssdev.ca\/solutions\/regulatory-compliance\/","name":"Pharma regulatory compliance solution","isPartOf":{"@id":"https:\/\/staging.systech.ssdev.ca\/#website"},"primaryImageOfPage":{"@id":"https:\/\/staging.systech.ssdev.ca\/solutions\/regulatory-compliance\/#primaryimage"},"image":{"@id":"https:\/\/staging.systech.ssdev.ca\/solutions\/regulatory-compliance\/#primaryimage"},"thumbnailUrl":"https:\/\/www.systechone.com\/wp-content\/uploads\/2023\/04\/regulatory-compliance-1-768x432.jpg","datePublished":"2023-03-25T15:10:11+00:00","dateModified":"2025-07-08T14:05:48+00:00","description":"Keep informed & compliant with global serialization & traceability regulations.","breadcrumb":{"@id":"https:\/\/staging.systech.ssdev.ca\/solutions\/regulatory-compliance\/#breadcrumb"},"inLanguage":"fr-FR","potentialAction":[{"@type":"ReadAction","target":["https:\/\/staging.systech.ssdev.ca\/solutions\/regulatory-compliance\/"]}]},{"@type":"ImageObject","inLanguage":"fr-FR","@id":"https:\/\/staging.systech.ssdev.ca\/solutions\/regulatory-compliance\/#primaryimage","url":"https:\/\/www.systechone.com\/wp-content\/uploads\/2023\/04\/regulatory-compliance-1-768x432.jpg","contentUrl":"https:\/\/www.systechone.com\/wp-content\/uploads\/2023\/04\/regulatory-compliance-1-768x432.jpg"},{"@type":"BreadcrumbList","@id":"https:\/\/staging.systech.ssdev.ca\/solutions\/regulatory-compliance\/#breadcrumb","itemListElement":[{"@type":"ListItem","position":1,"name":"Home","item":"https:\/\/staging.systech.ssdev.ca\/"},{"@type":"ListItem","position":2,"name":"Solutions","item":"https:\/\/staging.systech.ssdev.ca\/pt\/solutions\/"},{"@type":"ListItem","position":3,"name":"Regulatory Compliance"}]},{"@type":"WebSite","@id":"https:\/\/staging.systech.ssdev.ca\/#website","url":"https:\/\/staging.systech.ssdev.ca\/","name":"Systech","description":"a solutions division of Markem-Imaje","publisher":{"@id":"https:\/\/staging.systech.ssdev.ca\/#organization"},"potentialAction":[{"@type":"SearchAction","target":{"@type":"EntryPoint","urlTemplate":"https:\/\/staging.systech.ssdev.ca\/?s={search_term_string}"},"query-input":{"@type":"PropertyValueSpecification","valueRequired":true,"valueName":"search_term_string"}}],"inLanguage":"fr-FR"},{"@type":"Organization","@id":"https:\/\/staging.systech.ssdev.ca\/#organization","name":"Systech International","url":"https:\/\/staging.systech.ssdev.ca\/","logo":{"@type":"ImageObject","inLanguage":"fr-FR","@id":"https:\/\/staging.systech.ssdev.ca\/#\/schema\/logo\/image\/","url":"https:\/\/staging.systech.ssdev.ca\/wp-content\/uploads\/2018\/04\/systech-logo.png","contentUrl":"https:\/\/staging.systech.ssdev.ca\/wp-content\/uploads\/2018\/04\/systech-logo.png","width":551,"height":124,"caption":"Systech International"},"image":{"@id":"https:\/\/staging.systech.ssdev.ca\/#\/schema\/logo\/image\/"},"sameAs":["https:\/\/www.facebook.com\/systechone\/","https:\/\/x.com\/systechone","https:\/\/www.linkedin.com\/company\/systech-international","https:\/\/www.youtube.com\/channel\/UC1fz6UKo5eMa1WxgVMGRhpA\/videos"]}]}},"_links":{"self":[{"href":"https:\/\/staging.systech.ssdev.ca\/fr\/wp-json\/wp\/v2\/pages\/15017","targetHints":{"allow":["GET"]}}],"collection":[{"href":"https:\/\/staging.systech.ssdev.ca\/fr\/wp-json\/wp\/v2\/pages"}],"about":[{"href":"https:\/\/staging.systech.ssdev.ca\/fr\/wp-json\/wp\/v2\/types\/page"}],"author":[{"embeddable":true,"href":"https:\/\/staging.systech.ssdev.ca\/fr\/wp-json\/wp\/v2\/users\/20"}],"replies":[{"embeddable":true,"href":"https:\/\/staging.systech.ssdev.ca\/fr\/wp-json\/wp\/v2\/comments?post=15017"}],"version-history":[{"count":1,"href":"https:\/\/staging.systech.ssdev.ca\/fr\/wp-json\/wp\/v2\/pages\/15017\/revisions"}],"predecessor-version":[{"id":34482,"href":"https:\/\/staging.systech.ssdev.ca\/fr\/wp-json\/wp\/v2\/pages\/15017\/revisions\/34482"}],"up":[{"embeddable":true,"href":"https:\/\/staging.systech.ssdev.ca\/fr\/wp-json\/wp\/v2\/pages\/4965"}],"wp:attachment":[{"href":"https:\/\/staging.systech.ssdev.ca\/fr\/wp-json\/wp\/v2\/media?parent=15017"}],"curies":[{"name":"wp","href":"https:\/\/api.w.org\/{rel}","templated":true}]}}