{"id":37641,"date":"2025-11-18T14:44:18","date_gmt":"2025-11-18T19:44:18","guid":{"rendered":"https:\/\/staging.systech.ssdev.ca\/?page_id=37641"},"modified":"2025-11-19T14:19:15","modified_gmt":"2025-11-19T19:19:15","slug":"lp-track-and-trace-migration-guide","status":"publish","type":"page","link":"https:\/\/staging.systech.ssdev.ca\/de\/lp-track-and-trace-migration-guide\/","title":{"rendered":"Leitfaden zur Migration von Track und Trace"},"content":{"rendered":"<div data-elementor-type=\"wp-page\" data-elementor-id=\"37641\" class=\"elementor elementor-37641\" data-elementor-post-type=\"page\">\n\t\t\t\t<div data-dce-background-overlay-color=\"#22B8B0\" data-dce-background-image-url=\"https:\/\/staging.systech.ssdev.ca\/wp-content\/uploads\/2025\/11\/tracktrace-switch-systech.png\" class=\"elementor-element elementor-element-c45c5ee e-flex e-con-boxed e-con e-parent\" data-id=\"c45c5ee\" data-element_type=\"container\" data-settings=\"{&quot;background_background&quot;:&quot;classic&quot;}\">\n\t\t\t\t\t<div class=\"e-con-inner\">\n\t\t<div class=\"elementor-element elementor-element-6c89efd e-con-full e-flex e-con e-child\" data-id=\"6c89efd\" data-element_type=\"container\">\n\t\t\t\t<div class=\"elementor-element elementor-element-1f28def elementor-widget elementor-widget-heading\" data-id=\"1f28def\" data-element_type=\"widget\" data-widget_type=\"heading.default\">\n\t\t\t\t<div class=\"elementor-widget-container\">\n\t\t\t\t\t<h6 class=\"elementor-heading-title elementor-size-default\">MIGRATIONSLEITFADEN\n<\/h6>\t\t\t\t<\/div>\n\t\t\t\t<\/div>\n\t\t\t\t<div class=\"elementor-element elementor-element-253b241 elementor-widget elementor-widget-heading\" data-id=\"253b241\" data-element_type=\"widget\" data-widget_type=\"heading.default\">\n\t\t\t\t<div class=\"elementor-widget-container\">\n\t\t\t\t\t<h1 class=\"elementor-heading-title elementor-size-default\">Track &amp; Trace-Migration: Sechs \u00dcberlegungen, die \u00fcber Leben und Tod entscheiden\n<\/h1>\t\t\t\t<\/div>\n\t\t\t\t<\/div>\n\t\t\t\t<\/div>\n\t\t\t\t\t<\/div>\n\t\t\t\t<\/div>\n\t\t<div class=\"elementor-element elementor-element-b3c4743 e-flex e-con-boxed e-con e-parent\" data-id=\"b3c4743\" data-element_type=\"container\">\n\t\t\t\t\t<div class=\"e-con-inner\">\n\t\t<div class=\"elementor-element elementor-element-bbded74 e-con-full e-flex e-con e-child\" data-id=\"bbded74\" data-element_type=\"container\">\n\t\t\t\t<div class=\"elementor-element elementor-element-0af81b2 elementor-widget elementor-widget-text-editor\" data-id=\"0af81b2\" data-element_type=\"widget\" data-widget_type=\"text-editor.default\">\n\t\t\t\t<div class=\"elementor-widget-container\">\n\t\t\t\t\t\t\t\t\t<p>Viele Arzneimittelhersteller haben festgestellt, dass das System, das sie urspr\u00fcnglich f\u00fcr die Einhaltung der Vorschriften eingef\u00fchrt hatten, nicht mehr ihren Anforderungen entspricht. Sie sehen sich mit einigen sehr gro\u00dfen Herausforderungen konfrontiert:<\/p>\n<ul>\n<li>St\u00e4ndige EPCIS-, Seriennummern- und Aggregationsfehler verz\u00f6gern die Sendungen<\/li>\n<li>Endlose Revalidierungen, Fehlerbehebungen und benutzerdefinierte Codekorrekturen<\/li>\n<li>Versteckte Kosten t\u00fcrmen sich jedes Quartal auf<\/li>\n<li><span data-teams=\"true\">Nicht ansprechbar<\/span>\u00a0Unterst\u00fctzung, wenn sie sie am meisten brauchen<\/li>\n<\/ul>\n<p>\u00a0<\/p>\n<p>Die Umstellung auf ein Track &amp; Trace-System ist eine wichtige Entscheidung. Dieser umfassende Leitfaden\u00a0<span data-teams=\"true\">bietet<\/span>\u00a0den Einblick, den Sie ben\u00f6tigen, um eine informierte, risikoarme \u00c4nderung vorzunehmen, die Ihr Unternehmen langfristig erfolgreich macht.<\/p>\n<h4>Was der Leitfaden enth\u00e4lt<\/h4>\n<ul>\n<li>Wichtige \u00dcberlegungen f\u00fcr einen m\u00f6glichst unterbrechungsfreien \u00dcbergang zu einer neuen L\u00f6sung<\/li>\n<li>Benchmark-Daten, die die Hauptgr\u00fcnde aufzeigen, warum Unternehmen zu Track &amp; Trace-L\u00f6sungen wechseln<\/li>\n<li>Kl\u00e4rende Fragen, die Sie jedem alternativen Track &amp; Trace-Anbieter, den Sie in Betracht ziehen, stellen m\u00fcssen<\/li>\n<\/ul>\t\t\t\t\t\t\t\t<\/div>\n\t\t\t\t<\/div>\n\t\t\t\t<\/div>\n\t\t<div class=\"elementor-element elementor-element-508bdab e-con-full e-flex e-con e-child\" data-id=\"508bdab\" data-element_type=\"container\">\n\t\t<div data-dce-background-color=\"#F2F2F4\" class=\"elementor-element elementor-element-b652c84 e-con-full e-flex e-con e-child\" data-id=\"b652c84\" data-element_type=\"container\" id=\"content-form\" data-settings=\"{&quot;background_background&quot;:&quot;classic&quot;}\">\n\t\t\t\t<div class=\"elementor-element elementor-element-b23d18f elementor-widget elementor-widget-heading\" data-id=\"b23d18f\" data-element_type=\"widget\" data-widget_type=\"heading.default\">\n\t\t\t\t<div class=\"elementor-widget-container\">\n\t\t\t\t\t<h4 class=\"elementor-heading-title elementor-size-default\">Laden Sie Ihren Leitfaden noch heute herunter!<\/h4>\t\t\t\t<\/div>\n\t\t\t\t<\/div>\n\t\t\t\t<div class=\"elementor-element elementor-element-8cd3bd7 elementor-widget elementor-widget-html\" data-id=\"8cd3bd7\" data-element_type=\"widget\" data-widget_type=\"html.default\">\n\t\t\t\t<div class=\"elementor-widget-container\">\n\t\t\t\t\t<script src=\"\/\/info.systechone.com\/js\/forms2\/js\/forms2.min.js\"><\/script> <form id=\"mktoForm_1089\" action=\"\"><input type=\"hidden\" name=\"trp-form-language\" value=\"de\"\/><\/form> <script>MktoForms2.loadForm(\"\/\/info.systechone.com\", \"304-PSB-492\", 1089);<\/script>\t\t\t\t<\/div>\n\t\t\t\t<\/div>\n\t\t\t\t<\/div>\n\t\t\t\t<\/div>\n\t\t\t\t\t<\/div>\n\t\t\t\t<\/div>\n\t\t<div class=\"elementor-element elementor-element-afbcf59 e-con-full e-flex e-con e-parent\" data-id=\"afbcf59\" data-element_type=\"container\">\n\t\t<div class=\"elementor-element elementor-element-1809019 e-flex e-con-boxed e-con e-child\" data-id=\"1809019\" data-element_type=\"container\">\n\t\t\t\t\t<div class=\"e-con-inner\">\n\t\t<div class=\"elementor-element elementor-element-ca7496a e-con-full e-flex e-con e-child\" data-id=\"ca7496a\" data-element_type=\"container\">\n\t\t\t\t<div class=\"elementor-element elementor-element-33e4da0 elementor-widget elementor-widget-heading\" data-id=\"33e4da0\" data-element_type=\"widget\" data-widget_type=\"heading.default\">\n\t\t\t\t<div class=\"elementor-widget-container\">\n\t\t\t\t\t<h2 class=\"elementor-heading-title elementor-size-default\">M\u00f6chten Sie mehr erfahren?\n<\/h2>\t\t\t\t<\/div>\n\t\t\t\t<\/div>\n\t\t\t\t<div class=\"elementor-element elementor-element-b6081b8 elementor-widget elementor-widget-text-editor\" data-id=\"b6081b8\" data-element_type=\"widget\" data-widget_type=\"text-editor.default\">\n\t\t\t\t<div class=\"elementor-widget-container\">\n\t\t\t\t\t\t\t\t\t<p>Sprechen Sie mit einem Experten \u00fcber Migrations- und Preispakete.<\/p>\t\t\t\t\t\t\t\t<\/div>\n\t\t\t\t<\/div>\n\t\t\t\t<\/div>\n\t\t<div class=\"elementor-element elementor-element-8286457 e-con-full e-flex e-con e-child\" data-id=\"8286457\" data-element_type=\"container\">\n\t\t\t\t<div class=\"elementor-element elementor-element-b24104a elementor-widget elementor-widget-button\" data-id=\"b24104a\" data-element_type=\"widget\" data-widget_type=\"button.default\">\n\t\t\t\t<div class=\"elementor-widget-container\">\n\t\t\t\t\t\t\t\t\t<div class=\"elementor-button-wrapper\">\n\t\t\t\t\t<a class=\"elementor-button elementor-button-link elementor-size-sm\" href=\"https:\/\/staging.systech.ssdev.ca\/de\/contact\/\">\n\t\t\t\t\t\t<span class=\"elementor-button-content-wrapper\">\n\t\t\t\t\t\t\t\t\t<span class=\"elementor-button-text\">KONTAKT zu einem Experten<\/span>\n\t\t\t\t\t<\/span>\n\t\t\t\t\t<\/a>\n\t\t\t\t<\/div>\n\t\t\t\t\t\t\t\t<\/div>\n\t\t\t\t<\/div>\n\t\t\t\t<\/div>\n\t\t\t\t\t<\/div>\n\t\t\t\t<\/div>\n\t\t\t\t<div class=\"elementor-element elementor-element-7bcd1ec elementor-absolute dce_masking-none elementor-widget elementor-widget-image\" data-id=\"7bcd1ec\" data-element_type=\"widget\" data-settings=\"{&quot;_position&quot;:&quot;absolute&quot;}\" data-widget_type=\"image.default\">\n\t\t\t\t<div class=\"elementor-widget-container\">\n\t\t\t\t\t\t\t\t\t\t\t\t\t\t\t<img loading=\"lazy\" decoding=\"async\" width=\"362\" height=\"139\" src=\"https:\/\/staging.systech.ssdev.ca\/wp-content\/uploads\/2025\/11\/top-left-line-graphic.svg\" class=\"attachment-large size-large wp-image-36497\" alt=\"\" \/>\t\t\t\t\t\t\t\t\t\t\t\t\t\t\t<\/div>\n\t\t\t\t<\/div>\n\t\t\t\t<div class=\"elementor-element elementor-element-9035051 elementor-absolute dce_masking-none elementor-widget elementor-widget-image\" data-id=\"9035051\" data-element_type=\"widget\" data-settings=\"{&quot;_position&quot;:&quot;absolute&quot;}\" data-widget_type=\"image.default\">\n\t\t\t\t<div class=\"elementor-widget-container\">\n\t\t\t\t\t\t\t\t\t\t\t\t\t\t\t<img loading=\"lazy\" decoding=\"async\" width=\"405\" height=\"113\" src=\"https:\/\/staging.systech.ssdev.ca\/wp-content\/uploads\/2025\/11\/bottom-right-line-graphic.svg\" class=\"attachment-large size-large wp-image-36496\" alt=\"\" \/>\t\t\t\t\t\t\t\t\t\t\t\t\t\t\t<\/div>\n\t\t\t\t<\/div>\n\t\t\t\t<\/div>\n\t\t\t\t<\/div>","protected":false},"excerpt":{"rendered":"<p>MIGRATIONSLEITFADEN Migration von Track &amp; Trace: Sechs \u00dcberlegungen, die \u00fcber Leben und Tod entscheiden Viele Pharmahersteller haben festgestellt, dass das System, das sie urspr\u00fcnglich f\u00fcr die Einhaltung der Vorschriften eingef\u00fchrt hatten, nicht mehr ihren Anforderungen entspricht. Sie sehen sich mit einigen sehr gro\u00dfen Herausforderungen konfrontiert: St\u00e4ndige EPCIS-, Seriennummern- und Aggregationsfehler, die den Versand verz\u00f6gern Endlose Revalidierungen, fehlerhafte Patches und benutzerdefinierte Codekorrekturen Versteckte Kosten, die sich mit jedem [...]<\/p>","protected":false},"author":41,"featured_media":0,"parent":0,"menu_order":0,"comment_status":"closed","ping_status":"closed","template":"","meta":{"_acf_changed":false,"footnotes":""},"class_list":["post-37641","page","type-page","status-publish","hentry"],"acf":[],"yoast_head":"<!-- This site is optimized with the Yoast SEO plugin v25.1 - https:\/\/yoast.com\/wordpress\/plugins\/seo\/ -->\n<title>Track and Trace Migration Guide - Systech<\/title>\n<meta name=\"description\" content=\"MIGRATION GUIDE Track and Trace Migration: Six make-or-break considerations Many pharmaceutical manufacturers have learned that the system they initially\" \/>\n<meta name=\"robots\" content=\"index, follow, max-snippet:-1, max-image-preview:large, max-video-preview:-1\" \/>\n<link rel=\"canonical\" href=\"https:\/\/staging.systech.ssdev.ca\/de\/lp-track-and-trace-migration-guide\/\" \/>\n<meta property=\"og:locale\" content=\"de_DE\" \/>\n<meta property=\"og:type\" content=\"article\" \/>\n<meta property=\"og:title\" content=\"Track and Trace Migration Guide - Systech\" \/>\n<meta property=\"og:description\" content=\"MIGRATION GUIDE Track and Trace Migration: Six make-or-break considerations Many pharmaceutical manufacturers have learned that the system they initially\" \/>\n<meta property=\"og:url\" content=\"https:\/\/staging.systech.ssdev.ca\/de\/lp-track-and-trace-migration-guide\/\" \/>\n<meta property=\"og:site_name\" content=\"Systech\" \/>\n<meta property=\"article:publisher\" content=\"https:\/\/www.facebook.com\/systechone\/\" \/>\n<meta property=\"article:modified_time\" content=\"2025-11-19T19:19:15+00:00\" \/>\n<meta name=\"twitter:card\" content=\"summary_large_image\" \/>\n<meta name=\"twitter:site\" content=\"@systechone\" \/>\n<meta name=\"twitter:label1\" content=\"Gesch\u00e4tzte Lesezeit\" \/>\n\t<meta name=\"twitter:data1\" content=\"3\u00a0Minuten\" \/>\n<script type=\"application\/ld+json\" class=\"yoast-schema-graph\">{\"@context\":\"https:\/\/schema.org\",\"@graph\":[{\"@type\":\"WebPage\",\"@id\":\"https:\/\/staging.systech.ssdev.ca\/lp-track-and-trace-migration-guide\/\",\"url\":\"https:\/\/staging.systech.ssdev.ca\/lp-track-and-trace-migration-guide\/\",\"name\":\"Track and Trace Migration Guide - Systech\",\"isPartOf\":{\"@id\":\"https:\/\/staging.systech.ssdev.ca\/#website\"},\"primaryImageOfPage\":{\"@id\":\"https:\/\/staging.systech.ssdev.ca\/lp-track-and-trace-migration-guide\/#primaryimage\"},\"image\":{\"@id\":\"https:\/\/staging.systech.ssdev.ca\/lp-track-and-trace-migration-guide\/#primaryimage\"},\"thumbnailUrl\":\"https:\/\/staging.systech.ssdev.ca\/wp-content\/uploads\/2025\/11\/top-left-line-graphic.svg\",\"datePublished\":\"2025-11-18T19:44:18+00:00\",\"dateModified\":\"2025-11-19T19:19:15+00:00\",\"description\":\"MIGRATION GUIDE Track and Trace Migration: Six make-or-break considerations Many pharmaceutical manufacturers have learned that the system they initially\",\"breadcrumb\":{\"@id\":\"https:\/\/staging.systech.ssdev.ca\/lp-track-and-trace-migration-guide\/#breadcrumb\"},\"inLanguage\":\"de\",\"potentialAction\":[{\"@type\":\"ReadAction\",\"target\":[\"https:\/\/staging.systech.ssdev.ca\/lp-track-and-trace-migration-guide\/\"]}]},{\"@type\":\"ImageObject\",\"inLanguage\":\"de\",\"@id\":\"https:\/\/staging.systech.ssdev.ca\/lp-track-and-trace-migration-guide\/#primaryimage\",\"url\":\"https:\/\/staging.systech.ssdev.ca\/wp-content\/uploads\/2025\/11\/top-left-line-graphic.svg\",\"contentUrl\":\"https:\/\/staging.systech.ssdev.ca\/wp-content\/uploads\/2025\/11\/top-left-line-graphic.svg\"},{\"@type\":\"BreadcrumbList\",\"@id\":\"https:\/\/staging.systech.ssdev.ca\/lp-track-and-trace-migration-guide\/#breadcrumb\",\"itemListElement\":[{\"@type\":\"ListItem\",\"position\":1,\"name\":\"Home\",\"item\":\"https:\/\/staging.systech.ssdev.ca\/\"},{\"@type\":\"ListItem\",\"position\":2,\"name\":\"Track and Trace Migration Guide\"}]},{\"@type\":\"WebSite\",\"@id\":\"https:\/\/staging.systech.ssdev.ca\/#website\",\"url\":\"https:\/\/staging.systech.ssdev.ca\/\",\"name\":\"Systech\",\"description\":\"a solutions division of Markem-Imaje\",\"publisher\":{\"@id\":\"https:\/\/staging.systech.ssdev.ca\/#organization\"},\"potentialAction\":[{\"@type\":\"SearchAction\",\"target\":{\"@type\":\"EntryPoint\",\"urlTemplate\":\"https:\/\/staging.systech.ssdev.ca\/?s={search_term_string}\"},\"query-input\":{\"@type\":\"PropertyValueSpecification\",\"valueRequired\":true,\"valueName\":\"search_term_string\"}}],\"inLanguage\":\"de\"},{\"@type\":\"Organization\",\"@id\":\"https:\/\/staging.systech.ssdev.ca\/#organization\",\"name\":\"Systech International\",\"url\":\"https:\/\/staging.systech.ssdev.ca\/\",\"logo\":{\"@type\":\"ImageObject\",\"inLanguage\":\"de\",\"@id\":\"https:\/\/staging.systech.ssdev.ca\/#\/schema\/logo\/image\/\",\"url\":\"https:\/\/staging.systech.ssdev.ca\/wp-content\/uploads\/2018\/04\/systech-logo.png\",\"contentUrl\":\"https:\/\/staging.systech.ssdev.ca\/wp-content\/uploads\/2018\/04\/systech-logo.png\",\"width\":551,\"height\":124,\"caption\":\"Systech International\"},\"image\":{\"@id\":\"https:\/\/staging.systech.ssdev.ca\/#\/schema\/logo\/image\/\"},\"sameAs\":[\"https:\/\/www.facebook.com\/systechone\/\",\"https:\/\/x.com\/systechone\",\"https:\/\/www.linkedin.com\/company\/systech-international\",\"https:\/\/www.youtube.com\/channel\/UC1fz6UKo5eMa1WxgVMGRhpA\/videos\"]}]}<\/script>\n<!-- \/ Yoast SEO plugin. -->","yoast_head_json":{"title":"Track and Trace Migration Guide - Systech","description":"MIGRATION GUIDE Track and Trace Migration: Six make-or-break considerations Many pharmaceutical manufacturers have learned that the system they initially","robots":{"index":"index","follow":"follow","max-snippet":"max-snippet:-1","max-image-preview":"max-image-preview:large","max-video-preview":"max-video-preview:-1"},"canonical":"https:\/\/staging.systech.ssdev.ca\/de\/lp-track-and-trace-migration-guide\/","og_locale":"de_DE","og_type":"article","og_title":"Track and Trace Migration Guide - Systech","og_description":"MIGRATION GUIDE Track and Trace Migration: Six make-or-break considerations Many pharmaceutical manufacturers have learned that the system they initially","og_url":"https:\/\/staging.systech.ssdev.ca\/de\/lp-track-and-trace-migration-guide\/","og_site_name":"Systech","article_publisher":"https:\/\/www.facebook.com\/systechone\/","article_modified_time":"2025-11-19T19:19:15+00:00","twitter_card":"summary_large_image","twitter_site":"@systechone","twitter_misc":{"Gesch\u00e4tzte Lesezeit":"3\u00a0Minuten"},"schema":{"@context":"https:\/\/schema.org","@graph":[{"@type":"WebPage","@id":"https:\/\/staging.systech.ssdev.ca\/lp-track-and-trace-migration-guide\/","url":"https:\/\/staging.systech.ssdev.ca\/lp-track-and-trace-migration-guide\/","name":"Track and Trace Migration Guide - Systech","isPartOf":{"@id":"https:\/\/staging.systech.ssdev.ca\/#website"},"primaryImageOfPage":{"@id":"https:\/\/staging.systech.ssdev.ca\/lp-track-and-trace-migration-guide\/#primaryimage"},"image":{"@id":"https:\/\/staging.systech.ssdev.ca\/lp-track-and-trace-migration-guide\/#primaryimage"},"thumbnailUrl":"https:\/\/staging.systech.ssdev.ca\/wp-content\/uploads\/2025\/11\/top-left-line-graphic.svg","datePublished":"2025-11-18T19:44:18+00:00","dateModified":"2025-11-19T19:19:15+00:00","description":"MIGRATION GUIDE Track and Trace Migration: Six make-or-break considerations Many pharmaceutical manufacturers have learned that the system they initially","breadcrumb":{"@id":"https:\/\/staging.systech.ssdev.ca\/lp-track-and-trace-migration-guide\/#breadcrumb"},"inLanguage":"de","potentialAction":[{"@type":"ReadAction","target":["https:\/\/staging.systech.ssdev.ca\/lp-track-and-trace-migration-guide\/"]}]},{"@type":"ImageObject","inLanguage":"de","@id":"https:\/\/staging.systech.ssdev.ca\/lp-track-and-trace-migration-guide\/#primaryimage","url":"https:\/\/staging.systech.ssdev.ca\/wp-content\/uploads\/2025\/11\/top-left-line-graphic.svg","contentUrl":"https:\/\/staging.systech.ssdev.ca\/wp-content\/uploads\/2025\/11\/top-left-line-graphic.svg"},{"@type":"BreadcrumbList","@id":"https:\/\/staging.systech.ssdev.ca\/lp-track-and-trace-migration-guide\/#breadcrumb","itemListElement":[{"@type":"ListItem","position":1,"name":"Home","item":"https:\/\/staging.systech.ssdev.ca\/"},{"@type":"ListItem","position":2,"name":"Track and Trace Migration Guide"}]},{"@type":"WebSite","@id":"https:\/\/staging.systech.ssdev.ca\/#website","url":"https:\/\/staging.systech.ssdev.ca\/","name":"Systech","description":"a solutions division of Markem-Imaje","publisher":{"@id":"https:\/\/staging.systech.ssdev.ca\/#organization"},"potentialAction":[{"@type":"SearchAction","target":{"@type":"EntryPoint","urlTemplate":"https:\/\/staging.systech.ssdev.ca\/?s={search_term_string}"},"query-input":{"@type":"PropertyValueSpecification","valueRequired":true,"valueName":"search_term_string"}}],"inLanguage":"de"},{"@type":"Organization","@id":"https:\/\/staging.systech.ssdev.ca\/#organization","name":"Systech International","url":"https:\/\/staging.systech.ssdev.ca\/","logo":{"@type":"ImageObject","inLanguage":"de","@id":"https:\/\/staging.systech.ssdev.ca\/#\/schema\/logo\/image\/","url":"https:\/\/staging.systech.ssdev.ca\/wp-content\/uploads\/2018\/04\/systech-logo.png","contentUrl":"https:\/\/staging.systech.ssdev.ca\/wp-content\/uploads\/2018\/04\/systech-logo.png","width":551,"height":124,"caption":"Systech International"},"image":{"@id":"https:\/\/staging.systech.ssdev.ca\/#\/schema\/logo\/image\/"},"sameAs":["https:\/\/www.facebook.com\/systechone\/","https:\/\/x.com\/systechone","https:\/\/www.linkedin.com\/company\/systech-international","https:\/\/www.youtube.com\/channel\/UC1fz6UKo5eMa1WxgVMGRhpA\/videos"]}]}},"_links":{"self":[{"href":"https:\/\/staging.systech.ssdev.ca\/de\/wp-json\/wp\/v2\/pages\/37641","targetHints":{"allow":["GET"]}}],"collection":[{"href":"https:\/\/staging.systech.ssdev.ca\/de\/wp-json\/wp\/v2\/pages"}],"about":[{"href":"https:\/\/staging.systech.ssdev.ca\/de\/wp-json\/wp\/v2\/types\/page"}],"author":[{"embeddable":true,"href":"https:\/\/staging.systech.ssdev.ca\/de\/wp-json\/wp\/v2\/users\/41"}],"replies":[{"embeddable":true,"href":"https:\/\/staging.systech.ssdev.ca\/de\/wp-json\/wp\/v2\/comments?post=37641"}],"version-history":[{"count":12,"href":"https:\/\/staging.systech.ssdev.ca\/de\/wp-json\/wp\/v2\/pages\/37641\/revisions"}],"predecessor-version":[{"id":37914,"href":"https:\/\/staging.systech.ssdev.ca\/de\/wp-json\/wp\/v2\/pages\/37641\/revisions\/37914"}],"wp:attachment":[{"href":"https:\/\/staging.systech.ssdev.ca\/de\/wp-json\/wp\/v2\/media?parent=37641"}],"curies":[{"name":"wp","href":"https:\/\/api.w.org\/{rel}","templated":true}]}}