{"id":37113,"date":"2025-11-18T01:09:15","date_gmt":"2025-11-18T06:09:15","guid":{"rendered":"https:\/\/staging.systech.ssdev.ca\/?page_id=37113"},"modified":"2025-11-18T02:45:45","modified_gmt":"2025-11-18T07:45:45","slug":"lp-excellence-in-data-decisioning","status":"publish","type":"page","link":"https:\/\/staging.systech.ssdev.ca\/de\/lp-excellence-in-data-decisioning\/","title":{"rendered":"Webinar: Exzellenz in der Datenentscheidung"},"content":{"rendered":"<div data-elementor-type=\"wp-page\" data-elementor-id=\"37113\" class=\"elementor elementor-37113\" data-elementor-post-type=\"page\">\n\t\t\t\t<div data-dce-background-overlay-color=\"#22B8B0\" data-dce-background-image-url=\"https:\/\/staging.systech.ssdev.ca\/wp-content\/uploads\/2025\/11\/Systech-DSCSA-stabilization-webinar2-banner_11-2023.png\" class=\"elementor-element elementor-element-c45c5ee e-flex e-con-boxed e-con e-parent\" data-id=\"c45c5ee\" data-element_type=\"container\" data-settings=\"{&quot;background_background&quot;:&quot;classic&quot;}\">\n\t\t\t\t\t<div class=\"e-con-inner\">\n\t\t<div class=\"elementor-element elementor-element-6c89efd e-con-full e-flex e-con e-child\" data-id=\"6c89efd\" data-element_type=\"container\">\n\t\t\t\t<div class=\"elementor-element elementor-element-1f28def elementor-widget elementor-widget-heading\" data-id=\"1f28def\" data-element_type=\"widget\" data-widget_type=\"heading.default\">\n\t\t\t\t<div class=\"elementor-widget-container\">\n\t\t\t\t\t<h6 class=\"elementor-heading-title elementor-size-default\">ON-DEMAND-WEBINAR\n<\/h6>\t\t\t\t<\/div>\n\t\t\t\t<\/div>\n\t\t\t\t<div class=\"elementor-element elementor-element-253b241 elementor-widget elementor-widget-heading\" data-id=\"253b241\" data-element_type=\"widget\" data-widget_type=\"heading.default\">\n\t\t\t\t<div class=\"elementor-widget-container\">\n\t\t\t\t\t<h1 class=\"elementor-heading-title elementor-size-default\">Spotlight Verpackung: Hervorragende Entscheidungsfindung bei Daten<\/h1>\t\t\t\t<\/div>\n\t\t\t\t<\/div>\n\t\t\t\t<\/div>\n\t\t\t\t\t<\/div>\n\t\t\t\t<\/div>\n\t\t<div class=\"elementor-element elementor-element-b3c4743 e-flex e-con-boxed e-con e-parent\" data-id=\"b3c4743\" data-element_type=\"container\">\n\t\t\t\t\t<div class=\"e-con-inner\">\n\t\t<div class=\"elementor-element elementor-element-bbded74 e-con-full e-flex e-con e-child\" data-id=\"bbded74\" data-element_type=\"container\">\n\t\t\t\t<div class=\"elementor-element elementor-element-0af81b2 elementor-widget elementor-widget-text-editor\" data-id=\"0af81b2\" data-element_type=\"widget\" data-widget_type=\"text-editor.default\">\n\t\t\t\t<div class=\"elementor-widget-container\">\n\t\t\t\t\t\t\t\t\t<div><span lang=\"EN-US\" xml:lang=\"EN-US\" data-scheme-color=\"@424147,,\" data-usefontface=\"true\" data-contrast=\"none\">Eine lebhafte Diskussion zwischen Steve Tallant von MI und\u00a0<\/span><span lang=\"EN-US\" xml:lang=\"EN-US\" data-scheme-color=\"@424147,,\" data-usefontface=\"true\" data-contrast=\"none\">Branchenexperte Vito Pirrera, wie man sich n\u00fctzlich macht\u00a0<\/span><span lang=\"EN-US\" xml:lang=\"EN-US\" data-scheme-color=\"@424147,,\" data-usefontface=\"true\" data-contrast=\"none\">Informationen aus Ihren Verpackungssystemen. Steve\u00a0<\/span><span lang=\"EN-US\" xml:lang=\"EN-US\" data-scheme-color=\"@424147,,\" data-usefontface=\"true\" data-contrast=\"none\">legt die Grundlagen und Konzepte von MI dar\u00a0<\/span><span lang=\"EN-US\" xml:lang=\"EN-US\" data-scheme-color=\"@424147,,\" data-usefontface=\"true\" data-contrast=\"none\">Ansatz zur Linieneinsicht, w\u00e4hrend Vito seine\u00a0<\/span><span lang=\"EN-US\" xml:lang=\"EN-US\" data-scheme-color=\"@424147,,\" data-usefontface=\"true\" data-contrast=\"none\">praktische Erfahrungen mit Linientechnologien.\u00a0<\/span>Ich bin ein \u00dcbersetzungsmodul.<\/div><div><p><strong>In diesem On-Demand-Webinar erfahren Sie mehr:<br \/><\/strong><\/p><ul class=\"green-bullet\"><li data-charcodes=\"8226\" data-font=\"Arial,Sans-Serif\" data-buautonum=\"8\" data-margin=\"450\" data-aria-posinset=\"1\" data-aria-level=\"1\"><span data-scheme-color=\"@666666,,\" data-usefontface=\"true\" data-contrast=\"none\">Datengesteuerte Erkenntnisse erweitern die M\u00f6glichkeiten<\/span>Ich bin ein \u00dcbersetzungsmodul.<\/li><li data-charcodes=\"8226\" data-font=\"Arial,Sans-Serif\" data-buautonum=\"8\" data-margin=\"450\" data-aria-posinset=\"2\" data-aria-level=\"1\">Ich bin ein \u00dcbersetzungsmodul.<span data-scheme-color=\"@666666,,\" data-usefontface=\"true\" data-contrast=\"none\">Verbesserung der betrieblichen Effizienz und\u00a0<\/span><span data-scheme-color=\"@666666,,\" data-usefontface=\"true\" data-contrast=\"none\">Kostenkontrolle schlie\u00dft sich nicht gegenseitig aus<\/span>Ich bin ein \u00dcbersetzungsmodul.<\/li><li data-charcodes=\"8226\" data-font=\"Arial,Sans-Serif\" data-buautonum=\"8\" data-margin=\"450\" data-aria-posinset=\"4\" data-aria-level=\"1\">Ich bin ein \u00dcbersetzungsmodul.<span data-scheme-color=\"@666666,,\" data-usefontface=\"true\" data-contrast=\"none\">Jede Linie, auch die alte, kann die\u00a0<\/span><span data-scheme-color=\"@666666,,\" data-usefontface=\"true\" data-contrast=\"none\">Nutzung neuer datengesteuerter Technologien<\/span><\/li><\/ul><\/div>\t\t\t\t\t\t\t\t<\/div>\n\t\t\t\t<\/div>\n\t\t\t\t<\/div>\n\t\t<div class=\"elementor-element elementor-element-508bdab e-con-full e-flex e-con e-child\" data-id=\"508bdab\" data-element_type=\"container\">\n\t\t<div data-dce-background-color=\"#F2F2F4\" class=\"elementor-element elementor-element-b652c84 e-con-full e-flex e-con e-child\" data-id=\"b652c84\" data-element_type=\"container\" id=\"content-form\" data-settings=\"{&quot;background_background&quot;:&quot;classic&quot;}\">\n\t\t\t\t<div class=\"elementor-element elementor-element-b23d18f elementor-widget elementor-widget-heading\" data-id=\"b23d18f\" data-element_type=\"widget\" data-widget_type=\"heading.default\">\n\t\t\t\t<div class=\"elementor-widget-container\">\n\t\t\t\t\t<h4 class=\"elementor-heading-title elementor-size-default\">Zugang zum On-Demand-Webinar\n\n<\/h4>\t\t\t\t<\/div>\n\t\t\t\t<\/div>\n\t\t\t\t<div class=\"elementor-element elementor-element-8cd3bd7 elementor-widget elementor-widget-html\" data-id=\"8cd3bd7\" data-element_type=\"widget\" data-widget_type=\"html.default\">\n\t\t\t\t<div class=\"elementor-widget-container\">\n\t\t\t\t\t<script src=\"\/\/info.systechone.com\/js\/forms2\/js\/forms2.min.js\"><\/script> <form id=\"mktoForm_1079\" action=\"\"><input type=\"hidden\" name=\"trp-form-language\" value=\"de\"\/><\/form> <script>MktoForms2.loadForm(\"\/\/info.systechone.com\", \"304-PSB-492\", 1079);<\/script>\t\t\t\t<\/div>\n\t\t\t\t<\/div>\n\t\t\t\t<\/div>\n\t\t\t\t<\/div>\n\t\t\t\t\t<\/div>\n\t\t\t\t<\/div>\n\t\t<div class=\"elementor-element elementor-element-0cbc36c e-flex e-con-boxed e-con e-parent\" data-id=\"0cbc36c\" data-element_type=\"container\">\n\t\t\t\t\t<div class=\"e-con-inner\">\n\t\t\t\t<div class=\"elementor-element elementor-element-605121e elementor-widget elementor-widget-heading\" data-id=\"605121e\" data-element_type=\"widget\" data-widget_type=\"heading.default\">\n\t\t\t\t<div class=\"elementor-widget-container\">\n\t\t\t\t\t<h3 class=\"elementor-heading-title elementor-size-default\">Redner\n<\/h3>\t\t\t\t<\/div>\n\t\t\t\t<\/div>\n\t\t<div class=\"elementor-element elementor-element-fa7f39c e-grid e-con-full e-con e-child\" data-id=\"fa7f39c\" data-element_type=\"container\">\n\t\t<div class=\"elementor-element elementor-element-40b4e4c e-con-full e-flex e-con e-child\" data-id=\"40b4e4c\" data-element_type=\"container\">\n\t\t<div class=\"elementor-element elementor-element-31ddbbd e-con-full e-flex e-con e-child\" data-id=\"31ddbbd\" data-element_type=\"container\">\n\t\t<div class=\"elementor-element elementor-element-38852a9 e-con-full e-flex e-con e-child\" data-id=\"38852a9\" data-element_type=\"container\">\n\t\t\t\t<div class=\"elementor-element elementor-element-51ab190 dce_masking-none elementor-widget elementor-widget-image\" data-id=\"51ab190\" data-element_type=\"widget\" data-widget_type=\"image.default\">\n\t\t\t\t<div class=\"elementor-widget-container\">\n\t\t\t\t\t\t\t\t\t\t\t\t\t\t\t<img loading=\"lazy\" decoding=\"async\" width=\"165\" height=\"165\" src=\"https:\/\/staging.systech.ssdev.ca\/wp-content\/uploads\/2025\/11\/Vito-round.webp\" class=\"attachment-medium size-medium wp-image-37229\" alt=\"\" srcset=\"https:\/\/staging.systech.ssdev.ca\/wp-content\/uploads\/2025\/11\/Vito-round.webp 165w, https:\/\/staging.systech.ssdev.ca\/wp-content\/uploads\/2025\/11\/Vito-round-150x150.webp 150w, https:\/\/staging.systech.ssdev.ca\/wp-content\/uploads\/2025\/11\/Vito-round-12x12.webp 12w\" sizes=\"auto, (max-width: 165px) 100vw, 165px\" \/>\t\t\t\t\t\t\t\t\t\t\t\t\t\t\t<\/div>\n\t\t\t\t<\/div>\n\t\t\t\t<\/div>\n\t\t<div class=\"elementor-element elementor-element-fc3cade e-con-full e-flex e-con e-child\" data-id=\"fc3cade\" data-element_type=\"container\">\n\t\t\t\t<div class=\"elementor-element elementor-element-818bcba elementor-widget elementor-widget-heading\" data-id=\"818bcba\" data-element_type=\"widget\" data-widget_type=\"heading.default\">\n\t\t\t\t<div class=\"elementor-widget-container\">\n\t\t\t\t\t<h6 class=\"elementor-heading-title elementor-size-default\">Vito Pirrera<\/h6>\t\t\t\t<\/div>\n\t\t\t\t<\/div>\n\t\t\t\t<div class=\"elementor-element elementor-element-c05bde8 elementor-widget elementor-widget-text-editor\" data-id=\"c05bde8\" data-element_type=\"widget\" data-widget_type=\"text-editor.default\">\n\t\t\t\t<div class=\"elementor-widget-container\">\n\t\t\t\t\t\t\t\t\t<p>Steve Tallant<\/p>\t\t\t\t\t\t\t\t<\/div>\n\t\t\t\t<\/div>\n\t\t\t\t<\/div>\n\t\t<div class=\"elementor-element elementor-element-0905006 e-con-full e-flex e-con e-child\" data-id=\"0905006\" data-element_type=\"container\">\n\t\t\t\t<div class=\"elementor-element elementor-element-ffa4809 dce_masking-none elementor-widget elementor-widget-image\" data-id=\"ffa4809\" data-element_type=\"widget\" data-widget_type=\"image.default\">\n\t\t\t\t<div class=\"elementor-widget-container\">\n\t\t\t\t\t\t\t\t\t\t\t\t\t\t\t<img loading=\"lazy\" decoding=\"async\" width=\"225\" height=\"58\" src=\"https:\/\/staging.systech.ssdev.ca\/wp-content\/uploads\/2025\/11\/vantage.png\" class=\"attachment-medium size-medium wp-image-37115\" alt=\"\" srcset=\"https:\/\/staging.systech.ssdev.ca\/wp-content\/uploads\/2025\/11\/vantage.png 225w, https:\/\/staging.systech.ssdev.ca\/wp-content\/uploads\/2025\/11\/vantage-18x5.png 18w\" sizes=\"auto, (max-width: 225px) 100vw, 225px\" \/>\t\t\t\t\t\t\t\t\t\t\t\t\t\t\t<\/div>\n\t\t\t\t<\/div>\n\t\t\t\t<\/div>\n\t\t\t\t<\/div>\n\t\t\t\t<\/div>\n\t\t<div class=\"elementor-element elementor-element-994241c e-con-full e-flex e-con e-child\" data-id=\"994241c\" data-element_type=\"container\">\n\t\t<div class=\"elementor-element elementor-element-c5d74bb e-con-full e-flex e-con e-child\" data-id=\"c5d74bb\" data-element_type=\"container\">\n\t\t<div class=\"elementor-element elementor-element-2d4df6e e-con-full e-flex e-con e-child\" data-id=\"2d4df6e\" data-element_type=\"container\">\n\t\t\t\t<div class=\"elementor-element elementor-element-849e0ad dce_masking-none elementor-widget elementor-widget-image\" data-id=\"849e0ad\" data-element_type=\"widget\" data-widget_type=\"image.default\">\n\t\t\t\t<div class=\"elementor-widget-container\">\n\t\t\t\t\t\t\t\t\t\t\t\t\t\t\t<img loading=\"lazy\" decoding=\"async\" width=\"150\" height=\"150\" src=\"https:\/\/staging.systech.ssdev.ca\/wp-content\/uploads\/2025\/11\/Steve-T-round-1-1.jpg\" class=\"attachment-medium size-medium wp-image-37142\" alt=\"\" srcset=\"https:\/\/staging.systech.ssdev.ca\/wp-content\/uploads\/2025\/11\/Steve-T-round-1-1.jpg 150w, https:\/\/staging.systech.ssdev.ca\/wp-content\/uploads\/2025\/11\/Steve-T-round-1-1-12x12.jpg 12w\" sizes=\"auto, (max-width: 150px) 100vw, 150px\" \/>\t\t\t\t\t\t\t\t\t\t\t\t\t\t\t<\/div>\n\t\t\t\t<\/div>\n\t\t\t\t<\/div>\n\t\t<div class=\"elementor-element elementor-element-8176445 e-con-full e-flex e-con e-child\" data-id=\"8176445\" data-element_type=\"container\">\n\t\t\t\t<div class=\"elementor-element elementor-element-7bff7cf elementor-widget elementor-widget-heading\" data-id=\"7bff7cf\" data-element_type=\"widget\" data-widget_type=\"heading.default\">\n\t\t\t\t<div class=\"elementor-widget-container\">\n\t\t\t\t\t<h6 class=\"elementor-heading-title elementor-size-default\">Steve Tallant\n<\/h6>\t\t\t\t<\/div>\n\t\t\t\t<\/div>\n\t\t\t\t<div class=\"elementor-element elementor-element-284f8ba elementor-widget elementor-widget-text-editor\" data-id=\"284f8ba\" data-element_type=\"widget\" data-widget_type=\"text-editor.default\">\n\t\t\t\t<div class=\"elementor-widget-container\">\n\t\t\t\t\t\t\t\t\t<p>Marktentwicklung<\/p>\t\t\t\t\t\t\t\t<\/div>\n\t\t\t\t<\/div>\n\t\t\t\t<\/div>\n\t\t<div class=\"elementor-element elementor-element-ae3db3f e-con-full e-flex e-con e-child\" data-id=\"ae3db3f\" data-element_type=\"container\">\n\t\t\t\t<div class=\"elementor-element elementor-element-0a58fd1 dce_masking-none elementor-widget elementor-widget-image\" data-id=\"0a58fd1\" data-element_type=\"widget\" data-widget_type=\"image.default\">\n\t\t\t\t<div class=\"elementor-widget-container\">\n\t\t\t\t\t\t\t\t\t\t\t\t\t\t\t<img loading=\"lazy\" decoding=\"async\" width=\"758\" height=\"165\" src=\"https:\/\/staging.systech.ssdev.ca\/wp-content\/uploads\/2023\/03\/systech-logo-new-1-1.png\" class=\"attachment-medium size-medium wp-image-19052\" alt=\"\" srcset=\"https:\/\/staging.systech.ssdev.ca\/wp-content\/uploads\/2023\/03\/systech-logo-new-1-1.png 758w, https:\/\/staging.systech.ssdev.ca\/wp-content\/uploads\/2023\/03\/systech-logo-new-1-1-600x131.png 600w\" sizes=\"auto, (max-width: 758px) 100vw, 758px\" \/>\t\t\t\t\t\t\t\t\t\t\t\t\t\t\t<\/div>\n\t\t\t\t<\/div>\n\t\t\t\t<\/div>\n\t\t\t\t<\/div>\n\t\t\t\t<\/div>\n\t\t\t\t<\/div>\n\t\t\t\t\t<\/div>\n\t\t\t\t<\/div>\n\t\t\t\t<\/div>","protected":false},"excerpt":{"rendered":"<p>ON-DEMAND WEBINAR Verpackungs-Spotlight: Hervorragende Entscheidungsfindung mit Daten Eine lebhafte Diskussion zwischen Steve Tallant von MI und dem Branchenexperten Vito Pirrera dar\u00fcber, wie Sie n\u00fctzliche Informationen aus Ihren Verpackungssystemen gewinnen k\u00f6nnen. Steve Tallant erl\u00e4utert die Grundlagen und Konzepte des MI-Ansatzes f\u00fcr Linieneinblicke, w\u00e4hrend Vito Pirrera von seinen praktischen Erfahrungen mit Linientechnologien berichtet. In diesem On-Demand-Webinar erfahren Sie mehr: Datengesteuerte Erkenntnisse erweitern [...]<\/p>","protected":false},"author":41,"featured_media":0,"parent":0,"menu_order":0,"comment_status":"closed","ping_status":"closed","template":"","meta":{"_acf_changed":false,"footnotes":""},"class_list":["post-37113","page","type-page","status-publish","hentry"],"acf":[],"yoast_head":"<!-- This site is optimized with the Yoast SEO plugin v25.1 - https:\/\/yoast.com\/wordpress\/plugins\/seo\/ -->\n<title>Webinar: Excellence-in-data-decisioning - Systech<\/title>\n<meta name=\"description\" content=\"ON-DEMAND WEBINAR Packaging Spotlight: Excellence in data decisioning A lively discussion between MI\u2019s Steve Tallant and\u00a0industry expert Vito Pirrera on\" \/>\n<meta name=\"robots\" content=\"index, follow, max-snippet:-1, max-image-preview:large, max-video-preview:-1\" \/>\n<link rel=\"canonical\" href=\"https:\/\/staging.systech.ssdev.ca\/de\/lp-excellence-in-data-decisioning\/\" \/>\n<meta property=\"og:locale\" content=\"de_DE\" \/>\n<meta property=\"og:type\" content=\"article\" \/>\n<meta property=\"og:title\" content=\"Webinar: Excellence-in-data-decisioning - Systech\" \/>\n<meta property=\"og:description\" content=\"ON-DEMAND WEBINAR Packaging Spotlight: Excellence in data decisioning A lively discussion between MI\u2019s Steve Tallant and\u00a0industry expert Vito Pirrera on\" \/>\n<meta property=\"og:url\" content=\"https:\/\/staging.systech.ssdev.ca\/de\/lp-excellence-in-data-decisioning\/\" \/>\n<meta property=\"og:site_name\" content=\"Systech\" \/>\n<meta property=\"article:publisher\" content=\"https:\/\/www.facebook.com\/systechone\/\" \/>\n<meta property=\"article:modified_time\" content=\"2025-11-18T07:45:45+00:00\" \/>\n<meta property=\"og:image\" content=\"https:\/\/staging.systech.ssdev.ca\/wp-content\/uploads\/2025\/11\/Vito-round.webp\" \/>\n<meta name=\"twitter:card\" content=\"summary_large_image\" \/>\n<meta name=\"twitter:site\" content=\"@systechone\" \/>\n<meta name=\"twitter:label1\" content=\"Gesch\u00e4tzte Lesezeit\" \/>\n\t<meta name=\"twitter:data1\" content=\"2\u00a0Minuten\" \/>\n<script type=\"application\/ld+json\" class=\"yoast-schema-graph\">{\"@context\":\"https:\/\/schema.org\",\"@graph\":[{\"@type\":\"WebPage\",\"@id\":\"https:\/\/staging.systech.ssdev.ca\/lp-excellence-in-data-decisioning\/\",\"url\":\"https:\/\/staging.systech.ssdev.ca\/lp-excellence-in-data-decisioning\/\",\"name\":\"Webinar: Excellence-in-data-decisioning - Systech\",\"isPartOf\":{\"@id\":\"https:\/\/staging.systech.ssdev.ca\/#website\"},\"primaryImageOfPage\":{\"@id\":\"https:\/\/staging.systech.ssdev.ca\/lp-excellence-in-data-decisioning\/#primaryimage\"},\"image\":{\"@id\":\"https:\/\/staging.systech.ssdev.ca\/lp-excellence-in-data-decisioning\/#primaryimage\"},\"thumbnailUrl\":\"https:\/\/staging.systech.ssdev.ca\/wp-content\/uploads\/2025\/11\/Vito-round.webp\",\"datePublished\":\"2025-11-18T06:09:15+00:00\",\"dateModified\":\"2025-11-18T07:45:45+00:00\",\"description\":\"ON-DEMAND WEBINAR Packaging Spotlight: Excellence in data decisioning A lively discussion between MI\u2019s Steve Tallant and\u00a0industry expert Vito Pirrera on\",\"breadcrumb\":{\"@id\":\"https:\/\/staging.systech.ssdev.ca\/lp-excellence-in-data-decisioning\/#breadcrumb\"},\"inLanguage\":\"de\",\"potentialAction\":[{\"@type\":\"ReadAction\",\"target\":[\"https:\/\/staging.systech.ssdev.ca\/lp-excellence-in-data-decisioning\/\"]}]},{\"@type\":\"ImageObject\",\"inLanguage\":\"de\",\"@id\":\"https:\/\/staging.systech.ssdev.ca\/lp-excellence-in-data-decisioning\/#primaryimage\",\"url\":\"https:\/\/staging.systech.ssdev.ca\/wp-content\/uploads\/2025\/11\/Vito-round.webp\",\"contentUrl\":\"https:\/\/staging.systech.ssdev.ca\/wp-content\/uploads\/2025\/11\/Vito-round.webp\"},{\"@type\":\"BreadcrumbList\",\"@id\":\"https:\/\/staging.systech.ssdev.ca\/lp-excellence-in-data-decisioning\/#breadcrumb\",\"itemListElement\":[{\"@type\":\"ListItem\",\"position\":1,\"name\":\"Home\",\"item\":\"https:\/\/staging.systech.ssdev.ca\/\"},{\"@type\":\"ListItem\",\"position\":2,\"name\":\"Webinar: Excellence-in-data-decisioning\"}]},{\"@type\":\"WebSite\",\"@id\":\"https:\/\/staging.systech.ssdev.ca\/#website\",\"url\":\"https:\/\/staging.systech.ssdev.ca\/\",\"name\":\"Systech\",\"description\":\"a solutions division of Markem-Imaje\",\"publisher\":{\"@id\":\"https:\/\/staging.systech.ssdev.ca\/#organization\"},\"potentialAction\":[{\"@type\":\"SearchAction\",\"target\":{\"@type\":\"EntryPoint\",\"urlTemplate\":\"https:\/\/staging.systech.ssdev.ca\/?s={search_term_string}\"},\"query-input\":{\"@type\":\"PropertyValueSpecification\",\"valueRequired\":true,\"valueName\":\"search_term_string\"}}],\"inLanguage\":\"de\"},{\"@type\":\"Organization\",\"@id\":\"https:\/\/staging.systech.ssdev.ca\/#organization\",\"name\":\"Systech International\",\"url\":\"https:\/\/staging.systech.ssdev.ca\/\",\"logo\":{\"@type\":\"ImageObject\",\"inLanguage\":\"de\",\"@id\":\"https:\/\/staging.systech.ssdev.ca\/#\/schema\/logo\/image\/\",\"url\":\"https:\/\/staging.systech.ssdev.ca\/wp-content\/uploads\/2018\/04\/systech-logo.png\",\"contentUrl\":\"https:\/\/staging.systech.ssdev.ca\/wp-content\/uploads\/2018\/04\/systech-logo.png\",\"width\":551,\"height\":124,\"caption\":\"Systech International\"},\"image\":{\"@id\":\"https:\/\/staging.systech.ssdev.ca\/#\/schema\/logo\/image\/\"},\"sameAs\":[\"https:\/\/www.facebook.com\/systechone\/\",\"https:\/\/x.com\/systechone\",\"https:\/\/www.linkedin.com\/company\/systech-international\",\"https:\/\/www.youtube.com\/channel\/UC1fz6UKo5eMa1WxgVMGRhpA\/videos\"]}]}<\/script>\n<!-- \/ Yoast SEO plugin. -->","yoast_head_json":{"title":"Webinar: Excellence-in-data-decisioning - Systech","description":"ON-DEMAND WEBINAR Packaging Spotlight: Excellence in data decisioning A lively discussion between MI\u2019s Steve Tallant and\u00a0industry expert Vito Pirrera on","robots":{"index":"index","follow":"follow","max-snippet":"max-snippet:-1","max-image-preview":"max-image-preview:large","max-video-preview":"max-video-preview:-1"},"canonical":"https:\/\/staging.systech.ssdev.ca\/de\/lp-excellence-in-data-decisioning\/","og_locale":"de_DE","og_type":"article","og_title":"Webinar: Excellence-in-data-decisioning - Systech","og_description":"ON-DEMAND WEBINAR Packaging Spotlight: Excellence in data decisioning A lively discussion between MI\u2019s Steve Tallant and\u00a0industry expert Vito Pirrera on","og_url":"https:\/\/staging.systech.ssdev.ca\/de\/lp-excellence-in-data-decisioning\/","og_site_name":"Systech","article_publisher":"https:\/\/www.facebook.com\/systechone\/","article_modified_time":"2025-11-18T07:45:45+00:00","og_image":[{"url":"https:\/\/staging.systech.ssdev.ca\/wp-content\/uploads\/2025\/11\/Vito-round.webp","type":"","width":"","height":""}],"twitter_card":"summary_large_image","twitter_site":"@systechone","twitter_misc":{"Gesch\u00e4tzte Lesezeit":"2\u00a0Minuten"},"schema":{"@context":"https:\/\/schema.org","@graph":[{"@type":"WebPage","@id":"https:\/\/staging.systech.ssdev.ca\/lp-excellence-in-data-decisioning\/","url":"https:\/\/staging.systech.ssdev.ca\/lp-excellence-in-data-decisioning\/","name":"Webinar: Excellence-in-data-decisioning - Systech","isPartOf":{"@id":"https:\/\/staging.systech.ssdev.ca\/#website"},"primaryImageOfPage":{"@id":"https:\/\/staging.systech.ssdev.ca\/lp-excellence-in-data-decisioning\/#primaryimage"},"image":{"@id":"https:\/\/staging.systech.ssdev.ca\/lp-excellence-in-data-decisioning\/#primaryimage"},"thumbnailUrl":"https:\/\/staging.systech.ssdev.ca\/wp-content\/uploads\/2025\/11\/Vito-round.webp","datePublished":"2025-11-18T06:09:15+00:00","dateModified":"2025-11-18T07:45:45+00:00","description":"ON-DEMAND WEBINAR Packaging Spotlight: Excellence in data decisioning A lively discussion between MI\u2019s Steve Tallant and\u00a0industry expert Vito Pirrera on","breadcrumb":{"@id":"https:\/\/staging.systech.ssdev.ca\/lp-excellence-in-data-decisioning\/#breadcrumb"},"inLanguage":"de","potentialAction":[{"@type":"ReadAction","target":["https:\/\/staging.systech.ssdev.ca\/lp-excellence-in-data-decisioning\/"]}]},{"@type":"ImageObject","inLanguage":"de","@id":"https:\/\/staging.systech.ssdev.ca\/lp-excellence-in-data-decisioning\/#primaryimage","url":"https:\/\/staging.systech.ssdev.ca\/wp-content\/uploads\/2025\/11\/Vito-round.webp","contentUrl":"https:\/\/staging.systech.ssdev.ca\/wp-content\/uploads\/2025\/11\/Vito-round.webp"},{"@type":"BreadcrumbList","@id":"https:\/\/staging.systech.ssdev.ca\/lp-excellence-in-data-decisioning\/#breadcrumb","itemListElement":[{"@type":"ListItem","position":1,"name":"Home","item":"https:\/\/staging.systech.ssdev.ca\/"},{"@type":"ListItem","position":2,"name":"Webinar: Excellence-in-data-decisioning"}]},{"@type":"WebSite","@id":"https:\/\/staging.systech.ssdev.ca\/#website","url":"https:\/\/staging.systech.ssdev.ca\/","name":"Systech","description":"a solutions division of Markem-Imaje","publisher":{"@id":"https:\/\/staging.systech.ssdev.ca\/#organization"},"potentialAction":[{"@type":"SearchAction","target":{"@type":"EntryPoint","urlTemplate":"https:\/\/staging.systech.ssdev.ca\/?s={search_term_string}"},"query-input":{"@type":"PropertyValueSpecification","valueRequired":true,"valueName":"search_term_string"}}],"inLanguage":"de"},{"@type":"Organization","@id":"https:\/\/staging.systech.ssdev.ca\/#organization","name":"Systech International","url":"https:\/\/staging.systech.ssdev.ca\/","logo":{"@type":"ImageObject","inLanguage":"de","@id":"https:\/\/staging.systech.ssdev.ca\/#\/schema\/logo\/image\/","url":"https:\/\/staging.systech.ssdev.ca\/wp-content\/uploads\/2018\/04\/systech-logo.png","contentUrl":"https:\/\/staging.systech.ssdev.ca\/wp-content\/uploads\/2018\/04\/systech-logo.png","width":551,"height":124,"caption":"Systech International"},"image":{"@id":"https:\/\/staging.systech.ssdev.ca\/#\/schema\/logo\/image\/"},"sameAs":["https:\/\/www.facebook.com\/systechone\/","https:\/\/x.com\/systechone","https:\/\/www.linkedin.com\/company\/systech-international","https:\/\/www.youtube.com\/channel\/UC1fz6UKo5eMa1WxgVMGRhpA\/videos"]}]}},"_links":{"self":[{"href":"https:\/\/staging.systech.ssdev.ca\/de\/wp-json\/wp\/v2\/pages\/37113","targetHints":{"allow":["GET"]}}],"collection":[{"href":"https:\/\/staging.systech.ssdev.ca\/de\/wp-json\/wp\/v2\/pages"}],"about":[{"href":"https:\/\/staging.systech.ssdev.ca\/de\/wp-json\/wp\/v2\/types\/page"}],"author":[{"embeddable":true,"href":"https:\/\/staging.systech.ssdev.ca\/de\/wp-json\/wp\/v2\/users\/41"}],"replies":[{"embeddable":true,"href":"https:\/\/staging.systech.ssdev.ca\/de\/wp-json\/wp\/v2\/comments?post=37113"}],"version-history":[{"count":11,"href":"https:\/\/staging.systech.ssdev.ca\/de\/wp-json\/wp\/v2\/pages\/37113\/revisions"}],"predecessor-version":[{"id":37236,"href":"https:\/\/staging.systech.ssdev.ca\/de\/wp-json\/wp\/v2\/pages\/37113\/revisions\/37236"}],"wp:attachment":[{"href":"https:\/\/staging.systech.ssdev.ca\/de\/wp-json\/wp\/v2\/media?parent=37113"}],"curies":[{"name":"wp","href":"https:\/\/api.w.org\/{rel}","templated":true}]}}