{"id":37108,"date":"2025-11-18T01:07:30","date_gmt":"2025-11-18T06:07:30","guid":{"rendered":"https:\/\/staging.systech.ssdev.ca\/?page_id=37108"},"modified":"2025-11-18T23:04:31","modified_gmt":"2025-11-19T04:04:31","slug":"optimizing-your-data-for-the-reimagined-drug-supply-chain","status":"publish","type":"page","link":"https:\/\/staging.systech.ssdev.ca\/de\/optimizing-your-data-for-the-reimagined-drug-supply-chain\/","title":{"rendered":"Webinar: Optimieren Sie Ihre Daten f\u00fcr die neu gestaltete Arzneimittel-Lieferkette"},"content":{"rendered":"<div data-elementor-type=\"wp-page\" data-elementor-id=\"37108\" class=\"elementor elementor-37108\" data-elementor-post-type=\"page\">\n\t\t\t\t<div data-dce-background-overlay-color=\"#22B8B0\" data-dce-background-image-url=\"https:\/\/staging.systech.ssdev.ca\/wp-content\/uploads\/2025\/11\/Systech-DSCSA-stabilization-webinar2-banner_11-2023.png\" class=\"elementor-element elementor-element-c45c5ee e-flex e-con-boxed e-con e-parent\" data-id=\"c45c5ee\" data-element_type=\"container\" data-settings=\"{&quot;background_background&quot;:&quot;classic&quot;}\">\n\t\t\t\t\t<div class=\"e-con-inner\">\n\t\t<div class=\"elementor-element elementor-element-6c89efd e-con-full e-flex e-con e-child\" data-id=\"6c89efd\" data-element_type=\"container\">\n\t\t\t\t<div class=\"elementor-element elementor-element-1f28def elementor-widget elementor-widget-heading\" data-id=\"1f28def\" data-element_type=\"widget\" data-widget_type=\"heading.default\">\n\t\t\t\t<div class=\"elementor-widget-container\">\n\t\t\t\t\t<h6 class=\"elementor-heading-title elementor-size-default\">ON-DEMAND-WEBINAR\n<\/h6>\t\t\t\t<\/div>\n\t\t\t\t<\/div>\n\t\t\t\t<div class=\"elementor-element elementor-element-253b241 elementor-widget elementor-widget-heading\" data-id=\"253b241\" data-element_type=\"widget\" data-widget_type=\"heading.default\">\n\t\t\t\t<div class=\"elementor-widget-container\">\n\t\t\t\t\t<h1 class=\"elementor-heading-title elementor-size-default\">Optimieren Sie Ihre Daten f\u00fcr die neu gestaltete Arzneimittelversorgungskette<\/h1>\t\t\t\t<\/div>\n\t\t\t\t<\/div>\n\t\t\t\t<\/div>\n\t\t\t\t\t<\/div>\n\t\t\t\t<\/div>\n\t\t<div class=\"elementor-element elementor-element-b3c4743 e-flex e-con-boxed e-con e-parent\" data-id=\"b3c4743\" data-element_type=\"container\">\n\t\t\t\t\t<div class=\"e-con-inner\">\n\t\t<div class=\"elementor-element elementor-element-bbded74 e-con-full e-flex e-con e-child\" data-id=\"bbded74\" data-element_type=\"container\">\n\t\t\t\t<div class=\"elementor-element elementor-element-0af81b2 elementor-widget elementor-widget-text-editor\" data-id=\"0af81b2\" data-element_type=\"widget\" data-widget_type=\"text-editor.default\">\n\t\t\t\t<div class=\"elementor-widget-container\">\n\t\t\t\t\t\t\t\t\t<p>Mit der Einf\u00fchrung des DSCSA im Jahr 2013 stellte die Pharmaindustrie die Weichen f\u00fcr die Schaffung einer datengesteuerten Lieferkette. Die Arzneimittelhersteller haben sich auf diese mehrj\u00e4hrige Reise begeben, serialisierte Produkte eingef\u00fchrt, die M\u00f6glichkeit geschaffen, verkaufsf\u00e4hige R\u00fccksendungen zu verifizieren, und nun im Jahr 2023 mit einer interoperablen Lieferkette zur Verfolgung aller verschreibungspflichtigen Arzneimittel in den USA ihren H\u00f6hepunkt erreicht.<br \/><br \/>Die Daten hinter den Kulissen m\u00fcssen mit den physischen Waren, die die Lieferkette durchlaufen, \u00fcbereinstimmen und diese widerspiegeln. Ist dies nicht der Fall, laufen die Hersteller Gefahr, dass ihre Produkte gestoppt werden und es zu Verz\u00f6gerungen bei der Auslieferung von Medikamenten kommt, bis die Daten und Produkte abgeglichen sind. In diesem Webinar werden wir die vier Hauptkomponenten der Compliance er\u00f6rtern und erl\u00e4utern, wie man die Daten richtig einstellt, damit das Produkt flie\u00dfen kann:<\/p><p>Datenaustausch (EPCIS und Aggregation)<br \/>Anforderungen f\u00fcr die \u00dcberpr\u00fcfung von Artikeln<br \/>Beglaubigung<br \/>R\u00fcckverfolgung<\/p>\t\t\t\t\t\t\t\t<\/div>\n\t\t\t\t<\/div>\n\t\t\t\t<\/div>\n\t\t<div class=\"elementor-element elementor-element-508bdab e-con-full e-flex e-con e-child\" data-id=\"508bdab\" data-element_type=\"container\">\n\t\t<div data-dce-background-color=\"#F2F2F4\" class=\"elementor-element elementor-element-b652c84 e-con-full e-flex e-con e-child\" data-id=\"b652c84\" data-element_type=\"container\" id=\"content-form\" data-settings=\"{&quot;background_background&quot;:&quot;classic&quot;}\">\n\t\t\t\t<div class=\"elementor-element elementor-element-b23d18f elementor-widget elementor-widget-heading\" data-id=\"b23d18f\" data-element_type=\"widget\" data-widget_type=\"heading.default\">\n\t\t\t\t<div class=\"elementor-widget-container\">\n\t\t\t\t\t<h4 class=\"elementor-heading-title elementor-size-default\">Zugang zum On-Demand-Webinar\n\n<\/h4>\t\t\t\t<\/div>\n\t\t\t\t<\/div>\n\t\t\t\t<div class=\"elementor-element elementor-element-8cd3bd7 elementor-widget elementor-widget-html\" data-id=\"8cd3bd7\" data-element_type=\"widget\" data-widget_type=\"html.default\">\n\t\t\t\t<div class=\"elementor-widget-container\">\n\t\t\t\t\t<script src=\"\/\/info.systechone.com\/js\/forms2\/js\/forms2.min.js\"><\/script> <form id=\"mktoForm_1079\" action=\"\"><input type=\"hidden\" name=\"trp-form-language\" value=\"de\"\/><\/form> <script>MktoForms2.loadForm(\"\/\/info.systechone.com\", \"304-PSB-492\", 1079);<\/script>\t\t\t\t<\/div>\n\t\t\t\t<\/div>\n\t\t\t\t<\/div>\n\t\t\t\t<\/div>\n\t\t\t\t\t<\/div>\n\t\t\t\t<\/div>\n\t\t<div class=\"elementor-element elementor-element-0cbc36c e-flex e-con-boxed e-con e-parent\" data-id=\"0cbc36c\" data-element_type=\"container\">\n\t\t\t\t\t<div class=\"e-con-inner\">\n\t\t\t\t<div class=\"elementor-element elementor-element-605121e elementor-widget elementor-widget-heading\" data-id=\"605121e\" data-element_type=\"widget\" data-widget_type=\"heading.default\">\n\t\t\t\t<div class=\"elementor-widget-container\">\n\t\t\t\t\t<h3 class=\"elementor-heading-title elementor-size-default\">Redner\n<\/h3>\t\t\t\t<\/div>\n\t\t\t\t<\/div>\n\t\t<div class=\"elementor-element elementor-element-fa7f39c e-grid e-con-full e-con e-child\" data-id=\"fa7f39c\" data-element_type=\"container\">\n\t\t<div class=\"elementor-element elementor-element-40b4e4c e-con-full e-flex e-con e-child\" data-id=\"40b4e4c\" data-element_type=\"container\">\n\t\t<div class=\"elementor-element elementor-element-31ddbbd e-con-full e-flex e-con e-child\" data-id=\"31ddbbd\" data-element_type=\"container\">\n\t\t<div class=\"elementor-element elementor-element-38852a9 e-con-full e-flex e-con e-child\" data-id=\"38852a9\" data-element_type=\"container\">\n\t\t\t\t<div class=\"elementor-element elementor-element-51ab190 dce_masking-none elementor-widget elementor-widget-image\" data-id=\"51ab190\" data-element_type=\"widget\" data-widget_type=\"image.default\">\n\t\t\t\t<div class=\"elementor-widget-container\">\n\t\t\t\t\t\t\t\t\t\t\t\t\t\t\t<img loading=\"lazy\" decoding=\"async\" width=\"100\" height=\"100\" src=\"https:\/\/staging.systech.ssdev.ca\/wp-content\/uploads\/2025\/11\/unnamed.png\" class=\"attachment-medium size-medium wp-image-37202\" alt=\"\" srcset=\"https:\/\/staging.systech.ssdev.ca\/wp-content\/uploads\/2025\/11\/unnamed.png 100w, https:\/\/staging.systech.ssdev.ca\/wp-content\/uploads\/2025\/11\/unnamed-12x12.png 12w\" sizes=\"auto, (max-width: 100px) 100vw, 100px\" \/>\t\t\t\t\t\t\t\t\t\t\t\t\t\t\t<\/div>\n\t\t\t\t<\/div>\n\t\t\t\t<\/div>\n\t\t<div class=\"elementor-element elementor-element-fc3cade e-con-full e-flex e-con e-child\" data-id=\"fc3cade\" data-element_type=\"container\">\n\t\t\t\t<div class=\"elementor-element elementor-element-818bcba elementor-widget elementor-widget-heading\" data-id=\"818bcba\" data-element_type=\"widget\" data-widget_type=\"heading.default\">\n\t\t\t\t<div class=\"elementor-widget-container\">\n\t\t\t\t\t<h6 class=\"elementor-heading-title elementor-size-default\">Kunal Gupta\n<\/h6>\t\t\t\t<\/div>\n\t\t\t\t<\/div>\n\t\t\t\t<div class=\"elementor-element elementor-element-c05bde8 elementor-widget elementor-widget-text-editor\" data-id=\"c05bde8\" data-element_type=\"widget\" data-widget_type=\"text-editor.default\">\n\t\t\t\t<div class=\"elementor-widget-container\">\n\t\t\t\t\t\t\t\t\t<p><strong>CEO<br \/>Nutra-Med Verpackung<\/strong><\/p>\t\t\t\t\t\t\t\t<\/div>\n\t\t\t\t<\/div>\n\t\t\t\t<\/div>\n\t\t\t\t<\/div>\n\t\t<div class=\"elementor-element elementor-element-09dd6c4 e-con-full e-flex e-con e-child\" data-id=\"09dd6c4\" data-element_type=\"container\">\n\t\t\t\t<div class=\"elementor-element elementor-element-3e52eb1 elementor-widget elementor-widget-text-editor\" data-id=\"3e52eb1\" data-element_type=\"widget\" data-widget_type=\"text-editor.default\">\n\t\t\t\t<div class=\"elementor-widget-container\">\n\t\t\t\t\t\t\t\t\t<p>Kunal wurde von seinem Vater, dem Gr\u00fcnder des Unternehmens, ausgebildet und hat bei Nutra-Med von der Pike auf gearbeitet, von seinem ersten Job als Qualit\u00e4tssicherungsinspektor \u00fcber die Arbeit an der Produktionslinie, den Transport von Paletten, das Projektmanagement und die Gesch\u00e4ftsentwicklung bis hin zum Gesamtbetrieb und der Strategie. Kunal glaubt an eine Mindestbestellmenge von 1 und eine Durchlaufzeit von 1 Tag und hat ein F\u00fchrungsteam aufgebaut, das sich bem\u00fcht, diese Vision zu verwirklichen. Heute ist Nutra-Med ein hoch angesehener und branchenf\u00fchrender pharmazeutischer Lohnverpacker mit einem unnachgiebigen Engagement f\u00fcr Service und Qualit\u00e4t.<\/p><p><br \/>Kunal erwarb seinen MBA mit Auszeichnung an der Wharton School, University of Pennsylvania, und absolvierte das Jerome Fisher Program in Management and Technology an der University of Pennsylvania mit einem Bachelor in Ingenieurwissenschaften an der School of Engineering and Applied Science und einem Bachelor in Wirtschaftswissenschaften an der Wharton School.<\/p>\t\t\t\t\t\t\t\t<\/div>\n\t\t\t\t<\/div>\n\t\t\t\t<\/div>\n\t\t\t\t<\/div>\n\t\t<div class=\"elementor-element elementor-element-f607bc2 e-con-full e-flex e-con e-child\" data-id=\"f607bc2\" data-element_type=\"container\">\n\t\t<div class=\"elementor-element elementor-element-4c6bb12 e-con-full e-flex e-con e-child\" data-id=\"4c6bb12\" data-element_type=\"container\">\n\t\t<div class=\"elementor-element elementor-element-e10c8eb e-con-full e-flex e-con e-child\" data-id=\"e10c8eb\" data-element_type=\"container\">\n\t\t\t\t<div class=\"elementor-element elementor-element-3dd04f2 dce_masking-none elementor-widget elementor-widget-image\" data-id=\"3dd04f2\" data-element_type=\"widget\" data-widget_type=\"image.default\">\n\t\t\t\t<div class=\"elementor-widget-container\">\n\t\t\t\t\t\t\t\t\t\t\t\t\t\t\t<img loading=\"lazy\" decoding=\"async\" width=\"248\" height=\"248\" src=\"https:\/\/staging.systech.ssdev.ca\/wp-content\/uploads\/2025\/11\/steve-t.jpg\" class=\"attachment-medium size-medium wp-image-37721\" alt=\"\" srcset=\"https:\/\/staging.systech.ssdev.ca\/wp-content\/uploads\/2025\/11\/steve-t.jpg 248w, https:\/\/staging.systech.ssdev.ca\/wp-content\/uploads\/2025\/11\/steve-t-150x150.jpg 150w, https:\/\/staging.systech.ssdev.ca\/wp-content\/uploads\/2025\/11\/steve-t-12x12.jpg 12w\" sizes=\"auto, (max-width: 248px) 100vw, 248px\" \/>\t\t\t\t\t\t\t\t\t\t\t\t\t\t\t<\/div>\n\t\t\t\t<\/div>\n\t\t\t\t<\/div>\n\t\t<div class=\"elementor-element elementor-element-54faa31 e-con-full e-flex e-con e-child\" data-id=\"54faa31\" data-element_type=\"container\">\n\t\t\t\t<div class=\"elementor-element elementor-element-44b60a5 elementor-widget elementor-widget-heading\" data-id=\"44b60a5\" data-element_type=\"widget\" data-widget_type=\"heading.default\">\n\t\t\t\t<div class=\"elementor-widget-container\">\n\t\t\t\t\t<h6 class=\"elementor-heading-title elementor-size-default\">Steve Tallant\n<\/h6>\t\t\t\t<\/div>\n\t\t\t\t<\/div>\n\t\t\t\t<div class=\"elementor-element elementor-element-8cafe13 elementor-widget elementor-widget-text-editor\" data-id=\"8cafe13\" data-element_type=\"widget\" data-widget_type=\"text-editor.default\">\n\t\t\t\t<div class=\"elementor-widget-container\">\n\t\t\t\t\t\t\t\t\t<article id=\"speaker3_bio\" class=\"mktoText speaker-bio\"><div><article id=\"speaker3_bio\" class=\"mktoText speaker-bio\"><div><article id=\"speaker3_bio\" class=\"mktoText speaker-bio\"><div><p><strong>Systech<br \/>Direktor, Marktentwicklung<\/strong><\/p><\/div><\/article><\/div><\/article><\/div><\/article>\t\t\t\t\t\t\t\t<\/div>\n\t\t\t\t<\/div>\n\t\t\t\t<\/div>\n\t\t\t\t<\/div>\n\t\t<div class=\"elementor-element elementor-element-88a0b28 e-con-full e-flex e-con e-child\" data-id=\"88a0b28\" data-element_type=\"container\">\n\t\t\t\t<div class=\"elementor-element elementor-element-80d6dd0 elementor-widget elementor-widget-text-editor\" data-id=\"80d6dd0\" data-element_type=\"widget\" data-widget_type=\"text-editor.default\">\n\t\t\t\t<div class=\"elementor-widget-container\">\n\t\t\t\t\t\t\t\t\t<p>Steve Tallant ist bei Systech f\u00fcr die Bereitstellung strategischer Marketinginhalte und die Unterst\u00fctzung der Marktidentifizierung und -entwicklung zust\u00e4ndig. In dieser Funktion hat er zahlreiche Publikationen ver\u00f6ffentlicht, darunter Fachzeitschriftenartikel, Wei\u00dfb\u00fccher und Blogs. Tallant war auch als Mediensprecher f\u00fcr Systech-L\u00f6sungen t\u00e4tig und hat Radio- und Fernsehbeitr\u00e4ge \u00fcber Markenschutz und R\u00fcckverfolgbarkeit sowie mehrere Print-Interviews gegeben. Er hat auch im Produktmanagementteam von Systech gearbeitet und sich so einen umfassenden \u00dcberblick \u00fcber die innovativen Softwaretechnologien des Unternehmens verschafft.<\/p><p><br \/>Tallant hat sowohl einen Bachelor- als auch einen Master-Abschluss der Villanova University in Pennsylvania. Er ist au\u00dferdem ein h\u00e4ufiger Gastdozent und Diskussionsteilnehmer f\u00fcr die Abteilung Informationstechnologie der Villanova School of Business.<\/p>\t\t\t\t\t\t\t\t<\/div>\n\t\t\t\t<\/div>\n\t\t\t\t<\/div>\n\t\t\t\t<\/div>\n\t\t\t\t<\/div>\n\t\t\t\t\t<\/div>\n\t\t\t\t<\/div>\n\t\t\t\t<\/div>","protected":false},"excerpt":{"rendered":"<p>ON-DEMAND WEBINAR Optimierung Ihrer Daten f\u00fcr die neu gestaltete Arzneimittel-Lieferkette Mit der Einf\u00fchrung des DSCSA im Jahr 2013 stellte die Pharmaindustrie die Weichen f\u00fcr die Schaffung einer datengesteuerten Lieferkette. Die Arzneimittelhersteller haben sich auf diese mehrj\u00e4hrige Reise begeben, serialisierte Produkte eingef\u00fchrt, die M\u00f6glichkeit geschaffen, verkaufsf\u00e4hige R\u00fccksendungen zu verifizieren, und nun im Jahr 2023 mit einem [...]<\/p>","protected":false},"author":41,"featured_media":0,"parent":0,"menu_order":0,"comment_status":"closed","ping_status":"closed","template":"","meta":{"_acf_changed":false,"footnotes":""},"class_list":["post-37108","page","type-page","status-publish","hentry"],"acf":[],"yoast_head":"<!-- This site is optimized with the Yoast SEO plugin v25.1 - https:\/\/yoast.com\/wordpress\/plugins\/seo\/ -->\n<title>Webinar: Optimizing your data for the reimagined drug supply chain - Systech<\/title>\n<meta name=\"description\" content=\"ON-DEMAND WEBINAR Optimizing your data for the reimagined drug supply chain When the DSCSA was established in 2013, the pharmaceutical industry set a\" \/>\n<meta name=\"robots\" content=\"index, follow, max-snippet:-1, max-image-preview:large, max-video-preview:-1\" \/>\n<link rel=\"canonical\" href=\"https:\/\/staging.systech.ssdev.ca\/de\/optimizing-your-data-for-the-reimagined-drug-supply-chain\/\" \/>\n<meta property=\"og:locale\" content=\"de_DE\" \/>\n<meta property=\"og:type\" content=\"article\" \/>\n<meta property=\"og:title\" content=\"Webinar: Optimizing your data for the reimagined drug supply chain - Systech\" \/>\n<meta property=\"og:description\" content=\"ON-DEMAND WEBINAR Optimizing your data for the reimagined drug supply chain When the DSCSA was established in 2013, the pharmaceutical industry set a\" \/>\n<meta property=\"og:url\" content=\"https:\/\/staging.systech.ssdev.ca\/de\/optimizing-your-data-for-the-reimagined-drug-supply-chain\/\" \/>\n<meta property=\"og:site_name\" content=\"Systech\" \/>\n<meta property=\"article:publisher\" content=\"https:\/\/www.facebook.com\/systechone\/\" \/>\n<meta property=\"article:modified_time\" content=\"2025-11-19T04:04:31+00:00\" \/>\n<meta property=\"og:image\" content=\"https:\/\/staging.systech.ssdev.ca\/wp-content\/uploads\/2025\/11\/unnamed.png\" \/>\n\t<meta property=\"og:image:width\" content=\"100\" \/>\n\t<meta property=\"og:image:height\" content=\"100\" \/>\n\t<meta property=\"og:image:type\" content=\"image\/png\" \/>\n<meta name=\"twitter:card\" content=\"summary_large_image\" \/>\n<meta name=\"twitter:site\" content=\"@systechone\" \/>\n<meta name=\"twitter:label1\" content=\"Gesch\u00e4tzte Lesezeit\" \/>\n\t<meta name=\"twitter:data1\" content=\"3\u00a0Minuten\" \/>\n<script type=\"application\/ld+json\" class=\"yoast-schema-graph\">{\"@context\":\"https:\/\/schema.org\",\"@graph\":[{\"@type\":\"WebPage\",\"@id\":\"https:\/\/staging.systech.ssdev.ca\/optimizing-your-data-for-the-reimagined-drug-supply-chain\/\",\"url\":\"https:\/\/staging.systech.ssdev.ca\/optimizing-your-data-for-the-reimagined-drug-supply-chain\/\",\"name\":\"Webinar: Optimizing your data for the reimagined drug supply chain - Systech\",\"isPartOf\":{\"@id\":\"https:\/\/staging.systech.ssdev.ca\/#website\"},\"primaryImageOfPage\":{\"@id\":\"https:\/\/staging.systech.ssdev.ca\/optimizing-your-data-for-the-reimagined-drug-supply-chain\/#primaryimage\"},\"image\":{\"@id\":\"https:\/\/staging.systech.ssdev.ca\/optimizing-your-data-for-the-reimagined-drug-supply-chain\/#primaryimage\"},\"thumbnailUrl\":\"https:\/\/staging.systech.ssdev.ca\/wp-content\/uploads\/2025\/11\/unnamed.png\",\"datePublished\":\"2025-11-18T06:07:30+00:00\",\"dateModified\":\"2025-11-19T04:04:31+00:00\",\"description\":\"ON-DEMAND WEBINAR Optimizing your data for the reimagined drug supply chain When the DSCSA was established in 2013, the pharmaceutical industry set a\",\"breadcrumb\":{\"@id\":\"https:\/\/staging.systech.ssdev.ca\/optimizing-your-data-for-the-reimagined-drug-supply-chain\/#breadcrumb\"},\"inLanguage\":\"de\",\"potentialAction\":[{\"@type\":\"ReadAction\",\"target\":[\"https:\/\/staging.systech.ssdev.ca\/optimizing-your-data-for-the-reimagined-drug-supply-chain\/\"]}]},{\"@type\":\"ImageObject\",\"inLanguage\":\"de\",\"@id\":\"https:\/\/staging.systech.ssdev.ca\/optimizing-your-data-for-the-reimagined-drug-supply-chain\/#primaryimage\",\"url\":\"https:\/\/staging.systech.ssdev.ca\/wp-content\/uploads\/2025\/11\/unnamed.png\",\"contentUrl\":\"https:\/\/staging.systech.ssdev.ca\/wp-content\/uploads\/2025\/11\/unnamed.png\"},{\"@type\":\"BreadcrumbList\",\"@id\":\"https:\/\/staging.systech.ssdev.ca\/optimizing-your-data-for-the-reimagined-drug-supply-chain\/#breadcrumb\",\"itemListElement\":[{\"@type\":\"ListItem\",\"position\":1,\"name\":\"Home\",\"item\":\"https:\/\/staging.systech.ssdev.ca\/\"},{\"@type\":\"ListItem\",\"position\":2,\"name\":\"Webinar: Optimizing your data for the reimagined drug supply chain\"}]},{\"@type\":\"WebSite\",\"@id\":\"https:\/\/staging.systech.ssdev.ca\/#website\",\"url\":\"https:\/\/staging.systech.ssdev.ca\/\",\"name\":\"Systech\",\"description\":\"a solutions division of Markem-Imaje\",\"publisher\":{\"@id\":\"https:\/\/staging.systech.ssdev.ca\/#organization\"},\"potentialAction\":[{\"@type\":\"SearchAction\",\"target\":{\"@type\":\"EntryPoint\",\"urlTemplate\":\"https:\/\/staging.systech.ssdev.ca\/?s={search_term_string}\"},\"query-input\":{\"@type\":\"PropertyValueSpecification\",\"valueRequired\":true,\"valueName\":\"search_term_string\"}}],\"inLanguage\":\"de\"},{\"@type\":\"Organization\",\"@id\":\"https:\/\/staging.systech.ssdev.ca\/#organization\",\"name\":\"Systech International\",\"url\":\"https:\/\/staging.systech.ssdev.ca\/\",\"logo\":{\"@type\":\"ImageObject\",\"inLanguage\":\"de\",\"@id\":\"https:\/\/staging.systech.ssdev.ca\/#\/schema\/logo\/image\/\",\"url\":\"https:\/\/staging.systech.ssdev.ca\/wp-content\/uploads\/2018\/04\/systech-logo.png\",\"contentUrl\":\"https:\/\/staging.systech.ssdev.ca\/wp-content\/uploads\/2018\/04\/systech-logo.png\",\"width\":551,\"height\":124,\"caption\":\"Systech International\"},\"image\":{\"@id\":\"https:\/\/staging.systech.ssdev.ca\/#\/schema\/logo\/image\/\"},\"sameAs\":[\"https:\/\/www.facebook.com\/systechone\/\",\"https:\/\/x.com\/systechone\",\"https:\/\/www.linkedin.com\/company\/systech-international\",\"https:\/\/www.youtube.com\/channel\/UC1fz6UKo5eMa1WxgVMGRhpA\/videos\"]}]}<\/script>\n<!-- \/ Yoast SEO plugin. -->","yoast_head_json":{"title":"Webinar: Optimizing your data for the reimagined drug supply chain - Systech","description":"ON-DEMAND WEBINAR Optimizing your data for the reimagined drug supply chain When the DSCSA was established in 2013, the pharmaceutical industry set a","robots":{"index":"index","follow":"follow","max-snippet":"max-snippet:-1","max-image-preview":"max-image-preview:large","max-video-preview":"max-video-preview:-1"},"canonical":"https:\/\/staging.systech.ssdev.ca\/de\/optimizing-your-data-for-the-reimagined-drug-supply-chain\/","og_locale":"de_DE","og_type":"article","og_title":"Webinar: Optimizing your data for the reimagined drug supply chain - Systech","og_description":"ON-DEMAND WEBINAR Optimizing your data for the reimagined drug supply chain When the DSCSA was established in 2013, the pharmaceutical industry set a","og_url":"https:\/\/staging.systech.ssdev.ca\/de\/optimizing-your-data-for-the-reimagined-drug-supply-chain\/","og_site_name":"Systech","article_publisher":"https:\/\/www.facebook.com\/systechone\/","article_modified_time":"2025-11-19T04:04:31+00:00","og_image":[{"width":100,"height":100,"url":"https:\/\/staging.systech.ssdev.ca\/wp-content\/uploads\/2025\/11\/unnamed.png","type":"image\/png"}],"twitter_card":"summary_large_image","twitter_site":"@systechone","twitter_misc":{"Gesch\u00e4tzte Lesezeit":"3\u00a0Minuten"},"schema":{"@context":"https:\/\/schema.org","@graph":[{"@type":"WebPage","@id":"https:\/\/staging.systech.ssdev.ca\/optimizing-your-data-for-the-reimagined-drug-supply-chain\/","url":"https:\/\/staging.systech.ssdev.ca\/optimizing-your-data-for-the-reimagined-drug-supply-chain\/","name":"Webinar: Optimizing your data for the reimagined drug supply chain - Systech","isPartOf":{"@id":"https:\/\/staging.systech.ssdev.ca\/#website"},"primaryImageOfPage":{"@id":"https:\/\/staging.systech.ssdev.ca\/optimizing-your-data-for-the-reimagined-drug-supply-chain\/#primaryimage"},"image":{"@id":"https:\/\/staging.systech.ssdev.ca\/optimizing-your-data-for-the-reimagined-drug-supply-chain\/#primaryimage"},"thumbnailUrl":"https:\/\/staging.systech.ssdev.ca\/wp-content\/uploads\/2025\/11\/unnamed.png","datePublished":"2025-11-18T06:07:30+00:00","dateModified":"2025-11-19T04:04:31+00:00","description":"ON-DEMAND WEBINAR Optimizing your data for the reimagined drug supply chain When the DSCSA was established in 2013, the pharmaceutical industry set a","breadcrumb":{"@id":"https:\/\/staging.systech.ssdev.ca\/optimizing-your-data-for-the-reimagined-drug-supply-chain\/#breadcrumb"},"inLanguage":"de","potentialAction":[{"@type":"ReadAction","target":["https:\/\/staging.systech.ssdev.ca\/optimizing-your-data-for-the-reimagined-drug-supply-chain\/"]}]},{"@type":"ImageObject","inLanguage":"de","@id":"https:\/\/staging.systech.ssdev.ca\/optimizing-your-data-for-the-reimagined-drug-supply-chain\/#primaryimage","url":"https:\/\/staging.systech.ssdev.ca\/wp-content\/uploads\/2025\/11\/unnamed.png","contentUrl":"https:\/\/staging.systech.ssdev.ca\/wp-content\/uploads\/2025\/11\/unnamed.png"},{"@type":"BreadcrumbList","@id":"https:\/\/staging.systech.ssdev.ca\/optimizing-your-data-for-the-reimagined-drug-supply-chain\/#breadcrumb","itemListElement":[{"@type":"ListItem","position":1,"name":"Home","item":"https:\/\/staging.systech.ssdev.ca\/"},{"@type":"ListItem","position":2,"name":"Webinar: Optimizing your data for the reimagined drug supply chain"}]},{"@type":"WebSite","@id":"https:\/\/staging.systech.ssdev.ca\/#website","url":"https:\/\/staging.systech.ssdev.ca\/","name":"Systech","description":"a solutions division of Markem-Imaje","publisher":{"@id":"https:\/\/staging.systech.ssdev.ca\/#organization"},"potentialAction":[{"@type":"SearchAction","target":{"@type":"EntryPoint","urlTemplate":"https:\/\/staging.systech.ssdev.ca\/?s={search_term_string}"},"query-input":{"@type":"PropertyValueSpecification","valueRequired":true,"valueName":"search_term_string"}}],"inLanguage":"de"},{"@type":"Organization","@id":"https:\/\/staging.systech.ssdev.ca\/#organization","name":"Systech International","url":"https:\/\/staging.systech.ssdev.ca\/","logo":{"@type":"ImageObject","inLanguage":"de","@id":"https:\/\/staging.systech.ssdev.ca\/#\/schema\/logo\/image\/","url":"https:\/\/staging.systech.ssdev.ca\/wp-content\/uploads\/2018\/04\/systech-logo.png","contentUrl":"https:\/\/staging.systech.ssdev.ca\/wp-content\/uploads\/2018\/04\/systech-logo.png","width":551,"height":124,"caption":"Systech International"},"image":{"@id":"https:\/\/staging.systech.ssdev.ca\/#\/schema\/logo\/image\/"},"sameAs":["https:\/\/www.facebook.com\/systechone\/","https:\/\/x.com\/systechone","https:\/\/www.linkedin.com\/company\/systech-international","https:\/\/www.youtube.com\/channel\/UC1fz6UKo5eMa1WxgVMGRhpA\/videos"]}]}},"_links":{"self":[{"href":"https:\/\/staging.systech.ssdev.ca\/de\/wp-json\/wp\/v2\/pages\/37108","targetHints":{"allow":["GET"]}}],"collection":[{"href":"https:\/\/staging.systech.ssdev.ca\/de\/wp-json\/wp\/v2\/pages"}],"about":[{"href":"https:\/\/staging.systech.ssdev.ca\/de\/wp-json\/wp\/v2\/types\/page"}],"author":[{"embeddable":true,"href":"https:\/\/staging.systech.ssdev.ca\/de\/wp-json\/wp\/v2\/users\/41"}],"replies":[{"embeddable":true,"href":"https:\/\/staging.systech.ssdev.ca\/de\/wp-json\/wp\/v2\/comments?post=37108"}],"version-history":[{"count":18,"href":"https:\/\/staging.systech.ssdev.ca\/de\/wp-json\/wp\/v2\/pages\/37108\/revisions"}],"predecessor-version":[{"id":37727,"href":"https:\/\/staging.systech.ssdev.ca\/de\/wp-json\/wp\/v2\/pages\/37108\/revisions\/37727"}],"wp:attachment":[{"href":"https:\/\/staging.systech.ssdev.ca\/de\/wp-json\/wp\/v2\/media?parent=37108"}],"curies":[{"name":"wp","href":"https:\/\/api.w.org\/{rel}","templated":true}]}}