{"id":37081,"date":"2025-11-18T00:54:09","date_gmt":"2025-11-18T05:54:09","guid":{"rendered":"https:\/\/staging.systech.ssdev.ca\/?page_id=37081"},"modified":"2025-11-18T14:59:02","modified_gmt":"2025-11-18T19:59:02","slug":"dscsa-2023-stabilization-period","status":"publish","type":"page","link":"https:\/\/staging.systech.ssdev.ca\/de\/dscsa-2023-stabilization-period\/","title":{"rendered":"Webinar | DSCSA 2023 Stabilisierungsperiode"},"content":{"rendered":"<div data-elementor-type=\"wp-page\" data-elementor-id=\"37081\" class=\"elementor elementor-37081\" data-elementor-post-type=\"page\">\n\t\t\t\t<div data-dce-background-overlay-color=\"#22B8B0\" data-dce-background-image-url=\"https:\/\/staging.systech.ssdev.ca\/wp-content\/uploads\/2025\/11\/Systech-FDA-DSCSA-webinar-banner_09-2023-1.jpg\" class=\"elementor-element elementor-element-c45c5ee e-flex e-con-boxed e-con e-parent\" data-id=\"c45c5ee\" data-element_type=\"container\" data-settings=\"{&quot;background_background&quot;:&quot;classic&quot;}\">\n\t\t\t\t\t<div class=\"e-con-inner\">\n\t\t<div class=\"elementor-element elementor-element-6c89efd e-con-full e-flex e-con e-child\" data-id=\"6c89efd\" data-element_type=\"container\">\n\t\t\t\t<div class=\"elementor-element elementor-element-1f28def elementor-widget elementor-widget-heading\" data-id=\"1f28def\" data-element_type=\"widget\" data-widget_type=\"heading.default\">\n\t\t\t\t<div class=\"elementor-widget-container\">\n\t\t\t\t\t<h6 class=\"elementor-heading-title elementor-size-default\">ON-DEMAND-WEBINAR\n<\/h6>\t\t\t\t<\/div>\n\t\t\t\t<\/div>\n\t\t\t\t<div class=\"elementor-element elementor-element-253b241 elementor-widget elementor-widget-heading\" data-id=\"253b241\" data-element_type=\"widget\" data-widget_type=\"heading.default\">\n\t\t\t\t<div class=\"elementor-widget-container\">\n\t\t\t\t\t<h1 class=\"elementor-heading-title elementor-size-default\">DSCSA 2023 Stabilisierungsperiode - was bedeutet das f\u00fcr die Einhaltung der Vorschriften?\n<\/h1>\t\t\t\t<\/div>\n\t\t\t\t<\/div>\n\t\t\t\t<\/div>\n\t\t\t\t\t<\/div>\n\t\t\t\t<\/div>\n\t\t<div class=\"elementor-element elementor-element-b3c4743 e-flex e-con-boxed e-con e-parent\" data-id=\"b3c4743\" data-element_type=\"container\">\n\t\t\t\t\t<div class=\"e-con-inner\">\n\t\t<div class=\"elementor-element elementor-element-bbded74 e-con-full e-flex e-con e-child\" data-id=\"bbded74\" data-element_type=\"container\">\n\t\t\t\t<div class=\"elementor-element elementor-element-0af81b2 elementor-widget elementor-widget-text-editor\" data-id=\"0af81b2\" data-element_type=\"widget\" data-widget_type=\"text-editor.default\">\n\t\t\t\t<div class=\"elementor-widget-container\">\n\t\t\t\t\t\t\t\t\t<p>Die FDA hat beschlossen, einen \"Stabilisierungszeitraum\" f\u00fcr die Umsetzung des DSCSA festzulegen. In diesem zeitnahen Webinar wird untersucht, was dies f\u00fcr die Branche bedeutet, und es werden die m\u00f6glichen L\u00fccken untersucht, die eine Verz\u00f6gerung der Umsetzung erforderlich gemacht haben. Steve Tallant von Systech wird zusammen mit Branchenexperten eine lebhafte Diskussion \u00fcber dieses f\u00fcr alle Beteiligten in der pharmazeutischen Industrie wichtige Thema moderieren.<\/p><p>Wir werden diese Themen und mehr besprechen:<\/p><ul><li>Die DSCSA-Frist... Ist es 2023 oder 2024?<\/li><li>Wie stabil und getestet sind Ihre Datenverbindungen?<\/li><li>Ausnahmen von der Ausrichtungspflicht - was ist der Plan?<\/li><li>Welche L\u00fccken sehen Sie?<\/li><\/ul>\t\t\t\t\t\t\t\t<\/div>\n\t\t\t\t<\/div>\n\t\t<div class=\"elementor-element elementor-element-bcc5e9f e-con-full e-flex e-con e-child\" data-id=\"bcc5e9f\" data-element_type=\"container\">\n\t\t\t\t<div class=\"elementor-element elementor-element-f335f49 elementor-widget elementor-widget-heading\" data-id=\"f335f49\" data-element_type=\"widget\" data-widget_type=\"heading.default\">\n\t\t\t\t<div class=\"elementor-widget-container\">\n\t\t\t\t\t<h4 class=\"elementor-heading-title elementor-size-default\">Diskussionsteilnehmer<\/h4>\t\t\t\t<\/div>\n\t\t\t\t<\/div>\n\t\t<div class=\"elementor-element elementor-element-40b4e4c e-con-full e-flex e-con e-child\" data-id=\"40b4e4c\" data-element_type=\"container\">\n\t\t<div class=\"elementor-element elementor-element-31ddbbd e-con-full e-flex e-con e-child\" data-id=\"31ddbbd\" data-element_type=\"container\">\n\t\t<div class=\"elementor-element elementor-element-38852a9 e-con-full e-flex e-con e-child\" data-id=\"38852a9\" data-element_type=\"container\">\n\t\t\t\t<div class=\"elementor-element elementor-element-51ab190 dce_masking-none elementor-widget elementor-widget-image\" data-id=\"51ab190\" data-element_type=\"widget\" data-widget_type=\"image.default\">\n\t\t\t\t<div class=\"elementor-widget-container\">\n\t\t\t\t\t\t\t\t\t\t\t\t\t\t\t<img loading=\"lazy\" decoding=\"async\" width=\"150\" height=\"150\" src=\"https:\/\/staging.systech.ssdev.ca\/wp-content\/uploads\/2025\/11\/spherity_georg-jurgens-round_200x200.jpg\" class=\"attachment-medium size-medium wp-image-37055\" alt=\"\" srcset=\"https:\/\/staging.systech.ssdev.ca\/wp-content\/uploads\/2025\/11\/spherity_georg-jurgens-round_200x200.jpg 150w, https:\/\/staging.systech.ssdev.ca\/wp-content\/uploads\/2025\/11\/spherity_georg-jurgens-round_200x200-12x12.jpg 12w\" sizes=\"auto, (max-width: 150px) 100vw, 150px\" \/>\t\t\t\t\t\t\t\t\t\t\t\t\t\t\t<\/div>\n\t\t\t\t<\/div>\n\t\t\t\t<\/div>\n\t\t<div class=\"elementor-element elementor-element-fc3cade e-con-full e-flex e-con e-child\" data-id=\"fc3cade\" data-element_type=\"container\">\n\t\t\t\t<div class=\"elementor-element elementor-element-818bcba elementor-widget elementor-widget-heading\" data-id=\"818bcba\" data-element_type=\"widget\" data-widget_type=\"heading.default\">\n\t\t\t\t<div class=\"elementor-widget-container\">\n\t\t\t\t\t<h6 class=\"elementor-heading-title elementor-size-default\">Gregg Gorniak\n<\/h6>\t\t\t\t<\/div>\n\t\t\t\t<\/div>\n\t\t\t\t<div class=\"elementor-element elementor-element-c05bde8 elementor-widget elementor-widget-text-editor\" data-id=\"c05bde8\" data-element_type=\"widget\" data-widget_type=\"text-editor.default\">\n\t\t\t\t<div class=\"elementor-widget-container\">\n\t\t\t\t\t\t\t\t\t<article id=\"speaker3_bio\" class=\"mktoText speaker-bio\"><article id=\"speaker3_bio\" class=\"mktoText speaker-bio\"><div>VP Manufacturer Operations &amp; Data Services und Leiter der sicheren Lieferkette, Cencora<\/div><\/article><article id=\"speaker3_bio\" class=\"mktoText speaker-bio\"><\/article><article id=\"speaker3_bio\" class=\"mktoText speaker-bio\"><\/article><\/article><article id=\"speaker3_bio\" class=\"mktoText speaker-bio\"><\/article><article id=\"speaker3_bio\" class=\"mktoText speaker-bio\"><\/article>\t\t\t\t\t\t\t\t<\/div>\n\t\t\t\t<\/div>\n\t\t\t\t<\/div>\n\t\t\t\t<\/div>\n\t\t<div class=\"elementor-element elementor-element-4669dc1 e-con-full e-flex e-con e-child\" data-id=\"4669dc1\" data-element_type=\"container\">\n\t\t<div class=\"elementor-element elementor-element-490b30e e-con-full e-flex e-con e-child\" data-id=\"490b30e\" data-element_type=\"container\">\n\t\t\t\t<div class=\"elementor-element elementor-element-00720c1 dce_masking-none elementor-widget elementor-widget-image\" data-id=\"00720c1\" data-element_type=\"widget\" data-widget_type=\"image.default\">\n\t\t\t\t<div class=\"elementor-widget-container\">\n\t\t\t\t\t\t\t\t\t\t\t\t\t\t\t<img loading=\"lazy\" decoding=\"async\" width=\"150\" height=\"150\" src=\"https:\/\/staging.systech.ssdev.ca\/wp-content\/uploads\/2025\/11\/joe-lipari_bw.jpg\" class=\"attachment-medium size-medium wp-image-36950\" alt=\"\" srcset=\"https:\/\/staging.systech.ssdev.ca\/wp-content\/uploads\/2025\/11\/joe-lipari_bw.jpg 150w, https:\/\/staging.systech.ssdev.ca\/wp-content\/uploads\/2025\/11\/joe-lipari_bw-12x12.jpg 12w\" sizes=\"auto, (max-width: 150px) 100vw, 150px\" \/>\t\t\t\t\t\t\t\t\t\t\t\t\t\t\t<\/div>\n\t\t\t\t<\/div>\n\t\t\t\t<\/div>\n\t\t<div class=\"elementor-element elementor-element-8316a19 e-con-full e-flex e-con e-child\" data-id=\"8316a19\" data-element_type=\"container\">\n\t\t\t\t<div class=\"elementor-element elementor-element-d7c860a elementor-widget elementor-widget-heading\" data-id=\"d7c860a\" data-element_type=\"widget\" data-widget_type=\"heading.default\">\n\t\t\t\t<div class=\"elementor-widget-container\">\n\t\t\t\t\t<h6 class=\"elementor-heading-title elementor-size-default\">Joe Lipari\n<\/h6>\t\t\t\t<\/div>\n\t\t\t\t<\/div>\n\t\t\t\t<div class=\"elementor-element elementor-element-bb464bd elementor-widget elementor-widget-text-editor\" data-id=\"bb464bd\" data-element_type=\"widget\" data-widget_type=\"text-editor.default\">\n\t\t\t\t<div class=\"elementor-widget-container\">\n\t\t\t\t\t\t\t\t\t<div>Direktor, Produktlebenszyklus-Management, Systech<\/div>\t\t\t\t\t\t\t\t<\/div>\n\t\t\t\t<\/div>\n\t\t\t\t<\/div>\n\t\t\t\t<\/div>\n\t\t\t\t<\/div>\n\t\t\t\t<\/div>\n\t\t\t\t<\/div>\n\t\t<div class=\"elementor-element elementor-element-508bdab e-con-full e-flex e-con e-child\" data-id=\"508bdab\" data-element_type=\"container\">\n\t\t<div data-dce-background-color=\"#F2F2F4\" class=\"elementor-element elementor-element-b652c84 e-con-full e-flex e-con e-child\" data-id=\"b652c84\" data-element_type=\"container\" id=\"content-form\" data-settings=\"{&quot;background_background&quot;:&quot;classic&quot;}\">\n\t\t\t\t<div class=\"elementor-element elementor-element-b23d18f elementor-widget elementor-widget-heading\" data-id=\"b23d18f\" data-element_type=\"widget\" data-widget_type=\"heading.default\">\n\t\t\t\t<div class=\"elementor-widget-container\">\n\t\t\t\t\t<h4 class=\"elementor-heading-title elementor-size-default\">Zugang zum On-Demand-Webinar\n\n<\/h4>\t\t\t\t<\/div>\n\t\t\t\t<\/div>\n\t\t\t\t<div class=\"elementor-element elementor-element-8cd3bd7 elementor-widget elementor-widget-html\" data-id=\"8cd3bd7\" data-element_type=\"widget\" data-widget_type=\"html.default\">\n\t\t\t\t<div class=\"elementor-widget-container\">\n\t\t\t\t\t<script src=\"\/\/info.systechone.com\/js\/forms2\/js\/forms2.min.js\"><\/script> <form id=\"mktoForm_1079\" action=\"\"><input type=\"hidden\" name=\"trp-form-language\" value=\"de\"\/><\/form> <script>MktoForms2.loadForm(\"\/\/info.systechone.com\", \"304-PSB-492\", 1079);<\/script>\t\t\t\t<\/div>\n\t\t\t\t<\/div>\n\t\t\t\t<\/div>\n\t\t<div class=\"elementor-element elementor-element-3e7d4b6 e-con-full e-flex e-con e-child\" data-id=\"3e7d4b6\" data-element_type=\"container\">\n\t\t\t\t<div class=\"elementor-element elementor-element-ea7067e elementor-widget elementor-widget-heading\" data-id=\"ea7067e\" data-element_type=\"widget\" data-widget_type=\"heading.default\">\n\t\t\t\t<div class=\"elementor-widget-container\">\n\t\t\t\t\t<h4 class=\"elementor-heading-title elementor-size-default\">Moderator<\/h4>\t\t\t\t<\/div>\n\t\t\t\t<\/div>\n\t\t<div class=\"elementor-element elementor-element-149e318 e-con-full e-flex e-con e-child\" data-id=\"149e318\" data-element_type=\"container\">\n\t\t<div class=\"elementor-element elementor-element-6389633 e-con-full e-flex e-con e-child\" data-id=\"6389633\" data-element_type=\"container\">\n\t\t<div class=\"elementor-element elementor-element-4ff9f27 e-con-full e-flex e-con e-child\" data-id=\"4ff9f27\" data-element_type=\"container\">\n\t\t\t\t<div class=\"elementor-element elementor-element-15b4f07 dce_masking-none elementor-widget elementor-widget-image\" data-id=\"15b4f07\" data-element_type=\"widget\" data-widget_type=\"image.default\">\n\t\t\t\t<div class=\"elementor-widget-container\">\n\t\t\t\t\t\t\t\t\t\t\t\t\t\t\t<img loading=\"lazy\" decoding=\"async\" width=\"150\" height=\"150\" src=\"https:\/\/staging.systech.ssdev.ca\/wp-content\/uploads\/2025\/11\/Steve-T-round.jpg\" class=\"attachment-medium size-medium wp-image-37123\" alt=\"\" srcset=\"https:\/\/staging.systech.ssdev.ca\/wp-content\/uploads\/2025\/11\/Steve-T-round.jpg 150w, https:\/\/staging.systech.ssdev.ca\/wp-content\/uploads\/2025\/11\/Steve-T-round-12x12.jpg 12w\" sizes=\"auto, (max-width: 150px) 100vw, 150px\" \/>\t\t\t\t\t\t\t\t\t\t\t\t\t\t\t<\/div>\n\t\t\t\t<\/div>\n\t\t\t\t<\/div>\n\t\t<div class=\"elementor-element elementor-element-dd6e150 e-con-full e-flex e-con e-child\" data-id=\"dd6e150\" data-element_type=\"container\">\n\t\t\t\t<div class=\"elementor-element elementor-element-6f02474 elementor-widget elementor-widget-heading\" data-id=\"6f02474\" data-element_type=\"widget\" data-widget_type=\"heading.default\">\n\t\t\t\t<div class=\"elementor-widget-container\">\n\t\t\t\t\t<h6 class=\"elementor-heading-title elementor-size-default\">Steve Tallant\n<\/h6>\t\t\t\t<\/div>\n\t\t\t\t<\/div>\n\t\t\t\t<div class=\"elementor-element elementor-element-d51324c elementor-widget elementor-widget-text-editor\" data-id=\"d51324c\" data-element_type=\"widget\" data-widget_type=\"text-editor.default\">\n\t\t\t\t<div class=\"elementor-widget-container\">\n\t\t\t\t\t\t\t\t\t<article id=\"speaker3_bio\" class=\"mktoText speaker-bio\"><div>Senior Director, Marktentwicklung, Systech<\/div><\/article><article id=\"speaker3_bio\" class=\"mktoText speaker-bio\"><\/article><article id=\"speaker3_bio\" class=\"mktoText speaker-bio\"><\/article>\t\t\t\t\t\t\t\t<\/div>\n\t\t\t\t<\/div>\n\t\t\t\t<\/div>\n\t\t\t\t<\/div>\n\t\t\t\t<\/div>\n\t\t\t\t<\/div>\n\t\t\t\t<\/div>\n\t\t\t\t\t<\/div>\n\t\t\t\t<\/div>\n\t\t\t\t<\/div>","protected":false},"excerpt":{"rendered":"<p>ON-DEMAND-WEBINAR DSCSA 2023 Stabilisierungszeitraum - was dies f\u00fcr die Einhaltung der Vorschriften bedeutet Die FDA hat beschlossen, einen \"Stabilisierungszeitraum\" f\u00fcr die Umsetzung des DSCSA festzulegen. In diesem zeitnahen Webinar wird untersucht, was dies f\u00fcr die Branche bedeutet, und es werden die m\u00f6glichen L\u00fccken beleuchtet, die eine Verz\u00f6gerung der Umsetzung erforderlich gemacht haben. Steve Tallant von Systech wird [...]<\/p>","protected":false},"author":41,"featured_media":0,"parent":0,"menu_order":0,"comment_status":"closed","ping_status":"closed","template":"","meta":{"_acf_changed":false,"footnotes":""},"class_list":["post-37081","page","type-page","status-publish","hentry"],"acf":[],"yoast_head":"<!-- This site is optimized with the Yoast SEO plugin v25.1 - https:\/\/yoast.com\/wordpress\/plugins\/seo\/ -->\n<title>Webinar | DSCSA 2023 stabilization period - Systech<\/title>\n<meta name=\"description\" content=\"ON-DEMAND WEBINAR DSCSA 2023 stabilization period\u2014what it means for compliance The FDA has made the decision to establish a \u201cstabilization period\u201d for the\" \/>\n<meta name=\"robots\" content=\"index, follow, max-snippet:-1, max-image-preview:large, max-video-preview:-1\" \/>\n<link rel=\"canonical\" href=\"https:\/\/staging.systech.ssdev.ca\/de\/dscsa-2023-stabilization-period\/\" \/>\n<meta property=\"og:locale\" content=\"de_DE\" \/>\n<meta property=\"og:type\" content=\"article\" \/>\n<meta property=\"og:title\" content=\"Webinar | DSCSA 2023 stabilization period - Systech\" \/>\n<meta property=\"og:description\" content=\"ON-DEMAND WEBINAR DSCSA 2023 stabilization period\u2014what it means for compliance The FDA has made the decision to establish a \u201cstabilization period\u201d for the\" \/>\n<meta property=\"og:url\" content=\"https:\/\/staging.systech.ssdev.ca\/de\/dscsa-2023-stabilization-period\/\" \/>\n<meta property=\"og:site_name\" content=\"Systech\" \/>\n<meta property=\"article:publisher\" content=\"https:\/\/www.facebook.com\/systechone\/\" \/>\n<meta property=\"article:modified_time\" content=\"2025-11-18T19:59:02+00:00\" \/>\n<meta property=\"og:image\" content=\"https:\/\/staging.systech.ssdev.ca\/wp-content\/uploads\/2025\/11\/spherity_georg-jurgens-round_200x200.jpg\" \/>\n<meta name=\"twitter:card\" content=\"summary_large_image\" \/>\n<meta name=\"twitter:site\" content=\"@systechone\" \/>\n<meta name=\"twitter:label1\" content=\"Gesch\u00e4tzte Lesezeit\" \/>\n\t<meta name=\"twitter:data1\" content=\"2\u00a0Minuten\" \/>\n<script type=\"application\/ld+json\" class=\"yoast-schema-graph\">{\"@context\":\"https:\/\/schema.org\",\"@graph\":[{\"@type\":\"WebPage\",\"@id\":\"https:\/\/staging.systech.ssdev.ca\/dscsa-2023-stabilization-period\/\",\"url\":\"https:\/\/staging.systech.ssdev.ca\/dscsa-2023-stabilization-period\/\",\"name\":\"Webinar | DSCSA 2023 stabilization period - Systech\",\"isPartOf\":{\"@id\":\"https:\/\/staging.systech.ssdev.ca\/#website\"},\"primaryImageOfPage\":{\"@id\":\"https:\/\/staging.systech.ssdev.ca\/dscsa-2023-stabilization-period\/#primaryimage\"},\"image\":{\"@id\":\"https:\/\/staging.systech.ssdev.ca\/dscsa-2023-stabilization-period\/#primaryimage\"},\"thumbnailUrl\":\"https:\/\/staging.systech.ssdev.ca\/wp-content\/uploads\/2025\/11\/spherity_georg-jurgens-round_200x200.jpg\",\"datePublished\":\"2025-11-18T05:54:09+00:00\",\"dateModified\":\"2025-11-18T19:59:02+00:00\",\"description\":\"ON-DEMAND WEBINAR DSCSA 2023 stabilization period\u2014what it means for compliance The FDA has made the decision to establish a \u201cstabilization period\u201d for the\",\"breadcrumb\":{\"@id\":\"https:\/\/staging.systech.ssdev.ca\/dscsa-2023-stabilization-period\/#breadcrumb\"},\"inLanguage\":\"de\",\"potentialAction\":[{\"@type\":\"ReadAction\",\"target\":[\"https:\/\/staging.systech.ssdev.ca\/dscsa-2023-stabilization-period\/\"]}]},{\"@type\":\"ImageObject\",\"inLanguage\":\"de\",\"@id\":\"https:\/\/staging.systech.ssdev.ca\/dscsa-2023-stabilization-period\/#primaryimage\",\"url\":\"https:\/\/staging.systech.ssdev.ca\/wp-content\/uploads\/2025\/11\/spherity_georg-jurgens-round_200x200.jpg\",\"contentUrl\":\"https:\/\/staging.systech.ssdev.ca\/wp-content\/uploads\/2025\/11\/spherity_georg-jurgens-round_200x200.jpg\"},{\"@type\":\"BreadcrumbList\",\"@id\":\"https:\/\/staging.systech.ssdev.ca\/dscsa-2023-stabilization-period\/#breadcrumb\",\"itemListElement\":[{\"@type\":\"ListItem\",\"position\":1,\"name\":\"Home\",\"item\":\"https:\/\/staging.systech.ssdev.ca\/\"},{\"@type\":\"ListItem\",\"position\":2,\"name\":\"Webinar | DSCSA 2023 stabilization period\"}]},{\"@type\":\"WebSite\",\"@id\":\"https:\/\/staging.systech.ssdev.ca\/#website\",\"url\":\"https:\/\/staging.systech.ssdev.ca\/\",\"name\":\"Systech\",\"description\":\"a solutions division of Markem-Imaje\",\"publisher\":{\"@id\":\"https:\/\/staging.systech.ssdev.ca\/#organization\"},\"potentialAction\":[{\"@type\":\"SearchAction\",\"target\":{\"@type\":\"EntryPoint\",\"urlTemplate\":\"https:\/\/staging.systech.ssdev.ca\/?s={search_term_string}\"},\"query-input\":{\"@type\":\"PropertyValueSpecification\",\"valueRequired\":true,\"valueName\":\"search_term_string\"}}],\"inLanguage\":\"de\"},{\"@type\":\"Organization\",\"@id\":\"https:\/\/staging.systech.ssdev.ca\/#organization\",\"name\":\"Systech International\",\"url\":\"https:\/\/staging.systech.ssdev.ca\/\",\"logo\":{\"@type\":\"ImageObject\",\"inLanguage\":\"de\",\"@id\":\"https:\/\/staging.systech.ssdev.ca\/#\/schema\/logo\/image\/\",\"url\":\"https:\/\/staging.systech.ssdev.ca\/wp-content\/uploads\/2018\/04\/systech-logo.png\",\"contentUrl\":\"https:\/\/staging.systech.ssdev.ca\/wp-content\/uploads\/2018\/04\/systech-logo.png\",\"width\":551,\"height\":124,\"caption\":\"Systech International\"},\"image\":{\"@id\":\"https:\/\/staging.systech.ssdev.ca\/#\/schema\/logo\/image\/\"},\"sameAs\":[\"https:\/\/www.facebook.com\/systechone\/\",\"https:\/\/x.com\/systechone\",\"https:\/\/www.linkedin.com\/company\/systech-international\",\"https:\/\/www.youtube.com\/channel\/UC1fz6UKo5eMa1WxgVMGRhpA\/videos\"]}]}<\/script>\n<!-- \/ Yoast SEO plugin. -->","yoast_head_json":{"title":"Webinar | DSCSA 2023 stabilization period - Systech","description":"ON-DEMAND WEBINAR DSCSA 2023 stabilization period\u2014what it means for compliance The FDA has made the decision to establish a \u201cstabilization period\u201d for the","robots":{"index":"index","follow":"follow","max-snippet":"max-snippet:-1","max-image-preview":"max-image-preview:large","max-video-preview":"max-video-preview:-1"},"canonical":"https:\/\/staging.systech.ssdev.ca\/de\/dscsa-2023-stabilization-period\/","og_locale":"de_DE","og_type":"article","og_title":"Webinar | DSCSA 2023 stabilization period - Systech","og_description":"ON-DEMAND WEBINAR DSCSA 2023 stabilization period\u2014what it means for compliance The FDA has made the decision to establish a \u201cstabilization period\u201d for the","og_url":"https:\/\/staging.systech.ssdev.ca\/de\/dscsa-2023-stabilization-period\/","og_site_name":"Systech","article_publisher":"https:\/\/www.facebook.com\/systechone\/","article_modified_time":"2025-11-18T19:59:02+00:00","og_image":[{"url":"https:\/\/staging.systech.ssdev.ca\/wp-content\/uploads\/2025\/11\/spherity_georg-jurgens-round_200x200.jpg","type":"","width":"","height":""}],"twitter_card":"summary_large_image","twitter_site":"@systechone","twitter_misc":{"Gesch\u00e4tzte Lesezeit":"2\u00a0Minuten"},"schema":{"@context":"https:\/\/schema.org","@graph":[{"@type":"WebPage","@id":"https:\/\/staging.systech.ssdev.ca\/dscsa-2023-stabilization-period\/","url":"https:\/\/staging.systech.ssdev.ca\/dscsa-2023-stabilization-period\/","name":"Webinar | DSCSA 2023 stabilization period - Systech","isPartOf":{"@id":"https:\/\/staging.systech.ssdev.ca\/#website"},"primaryImageOfPage":{"@id":"https:\/\/staging.systech.ssdev.ca\/dscsa-2023-stabilization-period\/#primaryimage"},"image":{"@id":"https:\/\/staging.systech.ssdev.ca\/dscsa-2023-stabilization-period\/#primaryimage"},"thumbnailUrl":"https:\/\/staging.systech.ssdev.ca\/wp-content\/uploads\/2025\/11\/spherity_georg-jurgens-round_200x200.jpg","datePublished":"2025-11-18T05:54:09+00:00","dateModified":"2025-11-18T19:59:02+00:00","description":"ON-DEMAND WEBINAR DSCSA 2023 stabilization period\u2014what it means for compliance The FDA has made the decision to establish a \u201cstabilization period\u201d for the","breadcrumb":{"@id":"https:\/\/staging.systech.ssdev.ca\/dscsa-2023-stabilization-period\/#breadcrumb"},"inLanguage":"de","potentialAction":[{"@type":"ReadAction","target":["https:\/\/staging.systech.ssdev.ca\/dscsa-2023-stabilization-period\/"]}]},{"@type":"ImageObject","inLanguage":"de","@id":"https:\/\/staging.systech.ssdev.ca\/dscsa-2023-stabilization-period\/#primaryimage","url":"https:\/\/staging.systech.ssdev.ca\/wp-content\/uploads\/2025\/11\/spherity_georg-jurgens-round_200x200.jpg","contentUrl":"https:\/\/staging.systech.ssdev.ca\/wp-content\/uploads\/2025\/11\/spherity_georg-jurgens-round_200x200.jpg"},{"@type":"BreadcrumbList","@id":"https:\/\/staging.systech.ssdev.ca\/dscsa-2023-stabilization-period\/#breadcrumb","itemListElement":[{"@type":"ListItem","position":1,"name":"Home","item":"https:\/\/staging.systech.ssdev.ca\/"},{"@type":"ListItem","position":2,"name":"Webinar | DSCSA 2023 stabilization period"}]},{"@type":"WebSite","@id":"https:\/\/staging.systech.ssdev.ca\/#website","url":"https:\/\/staging.systech.ssdev.ca\/","name":"Systech","description":"a solutions division of Markem-Imaje","publisher":{"@id":"https:\/\/staging.systech.ssdev.ca\/#organization"},"potentialAction":[{"@type":"SearchAction","target":{"@type":"EntryPoint","urlTemplate":"https:\/\/staging.systech.ssdev.ca\/?s={search_term_string}"},"query-input":{"@type":"PropertyValueSpecification","valueRequired":true,"valueName":"search_term_string"}}],"inLanguage":"de"},{"@type":"Organization","@id":"https:\/\/staging.systech.ssdev.ca\/#organization","name":"Systech International","url":"https:\/\/staging.systech.ssdev.ca\/","logo":{"@type":"ImageObject","inLanguage":"de","@id":"https:\/\/staging.systech.ssdev.ca\/#\/schema\/logo\/image\/","url":"https:\/\/staging.systech.ssdev.ca\/wp-content\/uploads\/2018\/04\/systech-logo.png","contentUrl":"https:\/\/staging.systech.ssdev.ca\/wp-content\/uploads\/2018\/04\/systech-logo.png","width":551,"height":124,"caption":"Systech International"},"image":{"@id":"https:\/\/staging.systech.ssdev.ca\/#\/schema\/logo\/image\/"},"sameAs":["https:\/\/www.facebook.com\/systechone\/","https:\/\/x.com\/systechone","https:\/\/www.linkedin.com\/company\/systech-international","https:\/\/www.youtube.com\/channel\/UC1fz6UKo5eMa1WxgVMGRhpA\/videos"]}]}},"_links":{"self":[{"href":"https:\/\/staging.systech.ssdev.ca\/de\/wp-json\/wp\/v2\/pages\/37081","targetHints":{"allow":["GET"]}}],"collection":[{"href":"https:\/\/staging.systech.ssdev.ca\/de\/wp-json\/wp\/v2\/pages"}],"about":[{"href":"https:\/\/staging.systech.ssdev.ca\/de\/wp-json\/wp\/v2\/types\/page"}],"author":[{"embeddable":true,"href":"https:\/\/staging.systech.ssdev.ca\/de\/wp-json\/wp\/v2\/users\/41"}],"replies":[{"embeddable":true,"href":"https:\/\/staging.systech.ssdev.ca\/de\/wp-json\/wp\/v2\/comments?post=37081"}],"version-history":[{"count":14,"href":"https:\/\/staging.systech.ssdev.ca\/de\/wp-json\/wp\/v2\/pages\/37081\/revisions"}],"predecessor-version":[{"id":37659,"href":"https:\/\/staging.systech.ssdev.ca\/de\/wp-json\/wp\/v2\/pages\/37081\/revisions\/37659"}],"wp:attachment":[{"href":"https:\/\/staging.systech.ssdev.ca\/de\/wp-json\/wp\/v2\/media?parent=37081"}],"curies":[{"name":"wp","href":"https:\/\/api.w.org\/{rel}","templated":true}]}}