{"id":36995,"date":"2025-11-17T23:38:35","date_gmt":"2025-11-18T04:38:35","guid":{"rendered":"https:\/\/staging.systech.ssdev.ca\/?page_id=36995"},"modified":"2025-11-18T00:08:44","modified_gmt":"2025-11-18T05:08:44","slug":"the-future-of-traceability-in-pharma","status":"publish","type":"page","link":"https:\/\/staging.systech.ssdev.ca\/de\/the-future-of-traceability-in-pharma\/","title":{"rendered":"Webinar | Die Zukunft der R\u00fcckverfolgbarkeit in der Pharmazie"},"content":{"rendered":"<div data-elementor-type=\"wp-page\" data-elementor-id=\"36995\" class=\"elementor elementor-36995\" data-elementor-post-type=\"page\">\n\t\t\t\t<div data-dce-background-overlay-color=\"#22B8B0\" data-dce-background-image-url=\"https:\/\/staging.systech.ssdev.ca\/wp-content\/uploads\/2025\/11\/Systech-DSCSA-stabilization-webinar2-banner_11-2023.png\" class=\"elementor-element elementor-element-c45c5ee e-flex e-con-boxed e-con e-parent\" data-id=\"c45c5ee\" data-element_type=\"container\" data-settings=\"{&quot;background_background&quot;:&quot;classic&quot;}\">\n\t\t\t\t\t<div class=\"e-con-inner\">\n\t\t<div class=\"elementor-element elementor-element-6c89efd e-con-full e-flex e-con e-child\" data-id=\"6c89efd\" data-element_type=\"container\">\n\t\t\t\t<div class=\"elementor-element elementor-element-1f28def elementor-widget elementor-widget-heading\" data-id=\"1f28def\" data-element_type=\"widget\" data-widget_type=\"heading.default\">\n\t\t\t\t<div class=\"elementor-widget-container\">\n\t\t\t\t\t<h6 class=\"elementor-heading-title elementor-size-default\">ON-DEMAND-WEBINAR\n<\/h6>\t\t\t\t<\/div>\n\t\t\t\t<\/div>\n\t\t\t\t<div class=\"elementor-element elementor-element-253b241 elementor-widget elementor-widget-heading\" data-id=\"253b241\" data-element_type=\"widget\" data-widget_type=\"heading.default\">\n\t\t\t\t<div class=\"elementor-widget-container\">\n\t\t\t\t\t<h1 class=\"elementor-heading-title elementor-size-default\">Die Zukunft der R\u00fcckverfolgbarkeit in der Pharmaindustrie: GS1 Standards und dar\u00fcber hinaus\n<\/h1>\t\t\t\t<\/div>\n\t\t\t\t<\/div>\n\t\t\t\t<\/div>\n\t\t\t\t\t<\/div>\n\t\t\t\t<\/div>\n\t\t<div class=\"elementor-element elementor-element-b3c4743 e-flex e-con-boxed e-con e-parent\" data-id=\"b3c4743\" data-element_type=\"container\">\n\t\t\t\t\t<div class=\"e-con-inner\">\n\t\t<div class=\"elementor-element elementor-element-bbded74 e-con-full e-flex e-con e-child\" data-id=\"bbded74\" data-element_type=\"container\">\n\t\t\t\t<div class=\"elementor-element elementor-element-0af81b2 elementor-widget elementor-widget-text-editor\" data-id=\"0af81b2\" data-element_type=\"widget\" data-widget_type=\"text-editor.default\">\n\t\t\t\t<div class=\"elementor-widget-container\">\n\t\t\t\t\t\t\t\t\t<p>Erfahren Sie, wie die Verwendung offener, globaler und bew\u00e4hrter Standards die Effizienz der pharmazeutischen Lieferkette, die Transparenz und die Patientensicherheit verbessern kann. In diesem Webinar erhalten Sie Einblicke in:<\/p><ul><li>Die Bedeutung der Verwendung globaler Standards f\u00fcr die R\u00fcckverfolgbarkeit im Pharmasektor<\/li><li>Wie offene, technologieunabh\u00e4ngige Standards volle Interoperabilit\u00e4t und Kompatibilit\u00e4t erm\u00f6glichen<\/li><li>Die Rolle der GS1-Standards bei der Identifizierung, Erfassung und Weitergabe von Informationen - \u00fcber Produkte, Verpackungen und Standorte - entlang der gesamten Wertsch\u00f6pfungskette<\/li><li>Verwendung von GS1-Standards zur Verfolgung von Produkten und Lieferungen und zur Verbesserung der Patientensicherheit<\/li><\/ul><p>\u00a0<\/p><p>Sie lernen nicht nur die Vorteile der GS1-Standards besser kennen, sondern erhalten auch Zugang zu den neuesten Entwicklungen auf diesem Gebiet und erfahren, wie Sie diese Standards in Ihrem Unternehmen f\u00fcr das Lieferkettenmanagement einsetzen k\u00f6nnen.<\/p>\t\t\t\t\t\t\t\t<\/div>\n\t\t\t\t<\/div>\n\t\t\t\t<\/div>\n\t\t<div class=\"elementor-element elementor-element-508bdab e-con-full e-flex e-con e-child\" data-id=\"508bdab\" data-element_type=\"container\">\n\t\t<div data-dce-background-color=\"#F2F2F4\" class=\"elementor-element elementor-element-b652c84 e-con-full e-flex e-con e-child\" data-id=\"b652c84\" data-element_type=\"container\" id=\"content-form\" data-settings=\"{&quot;background_background&quot;:&quot;classic&quot;}\">\n\t\t\t\t<div class=\"elementor-element elementor-element-b23d18f elementor-widget elementor-widget-heading\" data-id=\"b23d18f\" data-element_type=\"widget\" data-widget_type=\"heading.default\">\n\t\t\t\t<div class=\"elementor-widget-container\">\n\t\t\t\t\t<h4 class=\"elementor-heading-title elementor-size-default\">Zugang zum On-Demand-Webinar\n\n<\/h4>\t\t\t\t<\/div>\n\t\t\t\t<\/div>\n\t\t\t\t<div class=\"elementor-element elementor-element-8cd3bd7 elementor-widget elementor-widget-html\" data-id=\"8cd3bd7\" data-element_type=\"widget\" data-widget_type=\"html.default\">\n\t\t\t\t<div class=\"elementor-widget-container\">\n\t\t\t\t\t<script src=\"\/\/info.systechone.com\/js\/forms2\/js\/forms2.min.js\"><\/script> <form id=\"mktoForm_1079\" action=\"\"><input type=\"hidden\" name=\"trp-form-language\" value=\"de\"\/><\/form> <script>MktoForms2.loadForm(\"\/\/info.systechone.com\", \"304-PSB-492\", 1079);<\/script>\t\t\t\t<\/div>\n\t\t\t\t<\/div>\n\t\t\t\t<\/div>\n\t\t\t\t<\/div>\n\t\t\t\t\t<\/div>\n\t\t\t\t<\/div>\n\t\t<div class=\"elementor-element elementor-element-7af9b99 e-flex e-con-boxed e-con e-parent\" data-id=\"7af9b99\" data-element_type=\"container\">\n\t\t\t\t\t<div class=\"e-con-inner\">\n\t\t<div class=\"elementor-element elementor-element-0cbc36c e-con-full e-flex e-con e-child\" data-id=\"0cbc36c\" data-element_type=\"container\">\n\t\t\t\t<div class=\"elementor-element elementor-element-605121e elementor-widget elementor-widget-heading\" data-id=\"605121e\" data-element_type=\"widget\" data-widget_type=\"heading.default\">\n\t\t\t\t<div class=\"elementor-widget-container\">\n\t\t\t\t\t<h3 class=\"elementor-heading-title elementor-size-default\">Redner\n<\/h3>\t\t\t\t<\/div>\n\t\t\t\t<\/div>\n\t\t<div class=\"elementor-element elementor-element-fa7f39c e-grid e-con-full e-con e-child\" data-id=\"fa7f39c\" data-element_type=\"container\">\n\t\t<div class=\"elementor-element elementor-element-40b4e4c e-con-full e-flex e-con e-child\" data-id=\"40b4e4c\" data-element_type=\"container\">\n\t\t<div class=\"elementor-element elementor-element-31ddbbd e-con-full e-flex e-con e-child\" data-id=\"31ddbbd\" data-element_type=\"container\">\n\t\t<div class=\"elementor-element elementor-element-38852a9 e-con-full e-flex e-con e-child\" data-id=\"38852a9\" data-element_type=\"container\">\n\t\t\t\t<div class=\"elementor-element elementor-element-51ab190 dce_masking-none elementor-widget elementor-widget-image\" data-id=\"51ab190\" data-element_type=\"widget\" data-widget_type=\"image.default\">\n\t\t\t\t<div class=\"elementor-widget-container\">\n\t\t\t\t\t\t\t\t\t\t\t\t\t\t\t<img loading=\"lazy\" decoding=\"async\" width=\"150\" height=\"149\" src=\"https:\/\/staging.systech.ssdev.ca\/wp-content\/uploads\/2025\/11\/Tracy-Nasarenko-Headshot.jpg\" class=\"attachment-medium size-medium wp-image-37036\" alt=\"\" srcset=\"https:\/\/staging.systech.ssdev.ca\/wp-content\/uploads\/2025\/11\/Tracy-Nasarenko-Headshot.jpg 150w, https:\/\/staging.systech.ssdev.ca\/wp-content\/uploads\/2025\/11\/Tracy-Nasarenko-Headshot-12x12.jpg 12w\" sizes=\"auto, (max-width: 150px) 100vw, 150px\" \/>\t\t\t\t\t\t\t\t\t\t\t\t\t\t\t<\/div>\n\t\t\t\t<\/div>\n\t\t\t\t<\/div>\n\t\t<div class=\"elementor-element elementor-element-fc3cade e-con-full e-flex e-con e-child\" data-id=\"fc3cade\" data-element_type=\"container\">\n\t\t\t\t<div class=\"elementor-element elementor-element-818bcba elementor-widget elementor-widget-heading\" data-id=\"818bcba\" data-element_type=\"widget\" data-widget_type=\"heading.default\">\n\t\t\t\t<div class=\"elementor-widget-container\">\n\t\t\t\t\t<h6 class=\"elementor-heading-title elementor-size-default\">Tracy Nasarenko\n<\/h6>\t\t\t\t<\/div>\n\t\t\t\t<\/div>\n\t\t\t\t<div class=\"elementor-element elementor-element-c05bde8 elementor-widget elementor-widget-text-editor\" data-id=\"c05bde8\" data-element_type=\"widget\" data-widget_type=\"text-editor.default\">\n\t\t\t\t<div class=\"elementor-widget-container\">\n\t\t\t\t\t\t\t\t\t<div>Vizepr\u00e4sidentin f\u00fcr Community Engagement, Gesundheitswesen bei GS1 US<\/div>\t\t\t\t\t\t\t\t<\/div>\n\t\t\t\t<\/div>\n\t\t\t\t<\/div>\n\t\t\t\t<\/div>\n\t\t<div class=\"elementor-element elementor-element-09dd6c4 e-con-full e-flex e-con e-child\" data-id=\"09dd6c4\" data-element_type=\"container\">\n\t\t\t\t<div class=\"elementor-element elementor-element-3e52eb1 elementor-widget elementor-widget-text-editor\" data-id=\"3e52eb1\" data-element_type=\"widget\" data-widget_type=\"text-editor.default\">\n\t\t\t\t<div class=\"elementor-widget-container\">\n\t\t\t\t\t\t\t\t\t<p><strong>Tracy Nasarenko<\/strong>\u00a0ist eine erfahrene F\u00fchrungskraft mit mehr als 20 Jahren Erfahrung in den Bereichen Lieferkette, Finanzen, Produktmanagement, Marketing und Betrieb im Gesundheitswesen und in der Pharmaindustrie. In ihrer jetzigen Funktion leitet Frau Nasarenko eine Arbeitsgruppe der Pharmaindustrie, die sich mit den Herausforderungen der Lieferkette und der Erf\u00fcllung der Anforderungen des Drug Supply Chain Security Act (DSCSA) befasst. Unter Verwendung der GS1-Standards, der weltweit am h\u00e4ufigsten verwendeten Lieferkettenstandards, leitet sie die Umsetzung dieser Standards, um der Gesundheitsbranche zu helfen, sichere Produkte an die Patienten zu liefern. Bevor sie zu GS1 US kam, hatte Frau Nasarenko mehrere F\u00fchrungspositionen bei SPI Pharma Inc. inne, unter anderem als General Manager eines Standorts und als Verantwortliche f\u00fcr den gesamten Betrieb.<\/p><article id=\"speaker3_bio\" class=\"mktoText speaker-bio\"><\/article>\t\t\t\t\t\t\t\t<\/div>\n\t\t\t\t<\/div>\n\t\t\t\t<\/div>\n\t\t\t\t<\/div>\n\t\t\t\t<\/div>\n\t\t\t\t<\/div>\n\t\t<div class=\"elementor-element elementor-element-f766688 e-con-full e-flex e-con e-child\" data-id=\"f766688\" data-element_type=\"container\">\n\t\t<div class=\"elementor-element elementor-element-6f964c3 e-grid e-con-full e-con e-child\" data-id=\"6f964c3\" data-element_type=\"container\">\n\t\t<div class=\"elementor-element elementor-element-174c61f e-con-full e-flex e-con e-child\" data-id=\"174c61f\" data-element_type=\"container\">\n\t\t<div class=\"elementor-element elementor-element-3d83f28 e-con-full e-flex e-con e-child\" data-id=\"3d83f28\" data-element_type=\"container\">\n\t\t<div class=\"elementor-element elementor-element-5dcf36e e-con-full e-flex e-con e-child\" data-id=\"5dcf36e\" data-element_type=\"container\">\n\t\t\t\t<div class=\"elementor-element elementor-element-7e4bd43 dce_masking-none elementor-widget elementor-widget-image\" data-id=\"7e4bd43\" data-element_type=\"widget\" data-widget_type=\"image.default\">\n\t\t\t\t<div class=\"elementor-widget-container\">\n\t\t\t\t\t\t\t\t\t\t\t\t\t\t\t<img loading=\"lazy\" decoding=\"async\" width=\"150\" height=\"150\" src=\"https:\/\/staging.systech.ssdev.ca\/wp-content\/uploads\/2025\/11\/joe-lipari_bw.jpg\" class=\"attachment-medium size-medium wp-image-36950\" alt=\"\" srcset=\"https:\/\/staging.systech.ssdev.ca\/wp-content\/uploads\/2025\/11\/joe-lipari_bw.jpg 150w, https:\/\/staging.systech.ssdev.ca\/wp-content\/uploads\/2025\/11\/joe-lipari_bw-12x12.jpg 12w\" sizes=\"auto, (max-width: 150px) 100vw, 150px\" \/>\t\t\t\t\t\t\t\t\t\t\t\t\t\t\t<\/div>\n\t\t\t\t<\/div>\n\t\t\t\t<\/div>\n\t\t<div class=\"elementor-element elementor-element-53aa1ae e-con-full e-flex e-con e-child\" data-id=\"53aa1ae\" data-element_type=\"container\">\n\t\t\t\t<div class=\"elementor-element elementor-element-5669dcf elementor-widget elementor-widget-heading\" data-id=\"5669dcf\" data-element_type=\"widget\" data-widget_type=\"heading.default\">\n\t\t\t\t<div class=\"elementor-widget-container\">\n\t\t\t\t\t<h6 class=\"elementor-heading-title elementor-size-default\">Joe Lipari\n<\/h6>\t\t\t\t<\/div>\n\t\t\t\t<\/div>\n\t\t\t\t<div class=\"elementor-element elementor-element-4dedea9 elementor-widget elementor-widget-text-editor\" data-id=\"4dedea9\" data-element_type=\"widget\" data-widget_type=\"text-editor.default\">\n\t\t\t\t<div class=\"elementor-widget-container\">\n\t\t\t\t\t\t\t\t\t<p>Direktor, Produktlebenszyklus-Management, Systech<\/p>\t\t\t\t\t\t\t\t<\/div>\n\t\t\t\t<\/div>\n\t\t\t\t<\/div>\n\t\t\t\t<\/div>\n\t\t<div class=\"elementor-element elementor-element-f2dc41d e-con-full e-flex e-con e-child\" data-id=\"f2dc41d\" data-element_type=\"container\">\n\t\t\t\t<div class=\"elementor-element elementor-element-0e8a916 elementor-widget elementor-widget-text-editor\" data-id=\"0e8a916\" data-element_type=\"widget\" data-widget_type=\"text-editor.default\">\n\t\t\t\t<div class=\"elementor-widget-container\">\n\t\t\t\t\t\t\t\t\t<div class=\"body-container-wrapper\"><div class=\"body-container container-fluid\"><div class=\"row-fluid-wrapper row-depth-1 row-number-2\"><div class=\"row-fluid\"><div class=\"span12 widget-span widget-type-cell page-center content-wrapper\" data-widget-type=\"cell\" data-x=\"0\" data-w=\"12\"><div class=\"row-fluid-wrapper row-depth-1 row-number-9\"><div class=\"row-fluid\"><div class=\"span12 widget-span widget-type-cell\" data-widget-type=\"cell\" data-x=\"0\" data-w=\"12\"><div class=\"row-fluid-wrapper row-depth-1 row-number-10\"><div class=\"row-fluid\"><div class=\"span6 widget-span widget-type-custom_widget\" data-widget-type=\"custom_widget\" data-x=\"6\" data-w=\"6\"><div id=\"hs_cos_wrapper_module_1706738051170100\" class=\"hs_cos_wrapper hs_cos_wrapper_widget hs_cos_wrapper_type_module widget-type-rich_text\" data-hs-cos-general-type=\"widget\" data-hs-cos-type=\"module\"><article id=\"speaker3_bio\" class=\"mktoText speaker-bio\"><div><div><p><strong>Joe Lipari<\/strong>\u00a0ist verantwortlich f\u00fcr die Systech Serialisierung, R\u00fcckverfolgbarkeit und Markenschutz Produkt-Suite. Er hat die R\u00fcckverfolgbarkeitsplattform von Systech erfolgreich um End-to-End-Anwendungsf\u00e4lle f\u00fcr die Lieferkette erweitert und eine intelligente Datenschicht zur Erfassung und Visualisierung wichtiger Verpackungsdaten implementiert. Joe verf\u00fcgt \u00fcber Fachwissen im Bereich Verpackung und Serialisierung, das auf der Entwicklung und Bereitstellung von L\u00f6sungen f\u00fcr globale Pharmaunternehmen beruht. Dar\u00fcber hinaus hat er seine Verpackungs- und Lieferkettenerfahrung in technischen und leitenden Funktionen in den Bereichen Biowissenschaften und Konsumg\u00fcter erweitert. Er hat auf vielen Branchenveranstaltungen Vortr\u00e4ge gehalten, und viele Fachpublikationen und -zeitschriften st\u00fctzen sich auf sein Fachwissen. Joe hat einen BS in Informatik\/Informationssysteme von der Stockton University.<\/p><\/div><\/div><\/article><\/div><\/div><\/div><\/div><\/div><\/div><\/div><\/div><\/div><\/div><\/div><\/div><div class=\"footer-container-wrapper\"><div class=\"footer-container container-fluid\"><div class=\"row-fluid-wrapper row-depth-1 row-number-1\"><div class=\"row-fluid\"><div class=\"span12 widget-span widget-type-custom_widget\" data-widget-type=\"custom_widget\" data-x=\"0\" data-w=\"12\"><div id=\"hs_cos_wrapper_module_1692368108183232\" class=\"hs_cos_wrapper hs_cos_wrapper_widget hs_cos_wrapper_type_module\" data-hs-cos-general-type=\"widget\" data-hs-cos-type=\"module\"><footer class=\"main-footer\"><div class=\"page-center\"><div class=\"footer-row\"><div class=\"footer-col logo-col\">\u00a0<\/div><\/div><\/div><\/footer><\/div><\/div><\/div><\/div><\/div><\/div>\t\t\t\t\t\t\t\t<\/div>\n\t\t\t\t<\/div>\n\t\t\t\t<\/div>\n\t\t\t\t<\/div>\n\t\t\t\t<\/div>\n\t\t\t\t<\/div>\n\t\t\t\t\t<\/div>\n\t\t\t\t<\/div>\n\t\t\t\t<\/div>","protected":false},"excerpt":{"rendered":"<p>ON-DEMAND WEBINAR Die Zukunft der R\u00fcckverfolgbarkeit in der Pharmaindustrie: GS1 Standards und dar\u00fcber hinaus Erfahren Sie, wie die Verwendung offener, globaler und bew\u00e4hrter Standards die Effizienz der Pharma-Lieferkette, die Transparenz und die Patientensicherheit verbessern kann. In diesem Webinar erhalten Sie Einblicke in: Die Bedeutung der Verwendung globaler Standards f\u00fcr die R\u00fcckverfolgbarkeit im Pharmasektor Wie offene, [...]<\/p>","protected":false},"author":41,"featured_media":0,"parent":0,"menu_order":0,"comment_status":"closed","ping_status":"closed","template":"","meta":{"_acf_changed":false,"footnotes":""},"class_list":["post-36995","page","type-page","status-publish","hentry"],"acf":[],"yoast_head":"<!-- This site is optimized with the Yoast SEO plugin v25.1 - https:\/\/yoast.com\/wordpress\/plugins\/seo\/ -->\n<title>Webinar | The future of traceability in pharma - Systech<\/title>\n<meta name=\"description\" content=\"ON-DEMAND WEBINAR The future of traceability in pharma: GS1 Standards and beyond Join us to learn how using open, global and proven standards can improve\" \/>\n<meta name=\"robots\" content=\"index, follow, max-snippet:-1, max-image-preview:large, max-video-preview:-1\" \/>\n<link rel=\"canonical\" href=\"https:\/\/staging.systech.ssdev.ca\/de\/the-future-of-traceability-in-pharma\/\" \/>\n<meta property=\"og:locale\" content=\"de_DE\" \/>\n<meta property=\"og:type\" content=\"article\" \/>\n<meta property=\"og:title\" content=\"Webinar | The future of traceability in pharma - Systech\" \/>\n<meta property=\"og:description\" content=\"ON-DEMAND WEBINAR The future of traceability in pharma: GS1 Standards and beyond Join us to learn how using open, global and proven standards can improve\" \/>\n<meta property=\"og:url\" content=\"https:\/\/staging.systech.ssdev.ca\/de\/the-future-of-traceability-in-pharma\/\" \/>\n<meta property=\"og:site_name\" content=\"Systech\" \/>\n<meta property=\"article:publisher\" content=\"https:\/\/www.facebook.com\/systechone\/\" \/>\n<meta property=\"article:modified_time\" content=\"2025-11-18T05:08:44+00:00\" \/>\n<meta property=\"og:image\" content=\"https:\/\/staging.systech.ssdev.ca\/wp-content\/uploads\/2025\/11\/Tracy-Nasarenko-Headshot.jpg\" \/>\n\t<meta property=\"og:image:width\" content=\"150\" \/>\n\t<meta property=\"og:image:height\" content=\"149\" \/>\n\t<meta property=\"og:image:type\" content=\"image\/jpeg\" \/>\n<meta name=\"twitter:card\" content=\"summary_large_image\" \/>\n<meta name=\"twitter:site\" content=\"@systechone\" \/>\n<meta name=\"twitter:label1\" content=\"Gesch\u00e4tzte Lesezeit\" \/>\n\t<meta name=\"twitter:data1\" content=\"3\u00a0Minuten\" \/>\n<script type=\"application\/ld+json\" class=\"yoast-schema-graph\">{\"@context\":\"https:\/\/schema.org\",\"@graph\":[{\"@type\":\"WebPage\",\"@id\":\"https:\/\/staging.systech.ssdev.ca\/the-future-of-traceability-in-pharma\/\",\"url\":\"https:\/\/staging.systech.ssdev.ca\/the-future-of-traceability-in-pharma\/\",\"name\":\"Webinar | The future of traceability in pharma - Systech\",\"isPartOf\":{\"@id\":\"https:\/\/staging.systech.ssdev.ca\/#website\"},\"primaryImageOfPage\":{\"@id\":\"https:\/\/staging.systech.ssdev.ca\/the-future-of-traceability-in-pharma\/#primaryimage\"},\"image\":{\"@id\":\"https:\/\/staging.systech.ssdev.ca\/the-future-of-traceability-in-pharma\/#primaryimage\"},\"thumbnailUrl\":\"https:\/\/staging.systech.ssdev.ca\/wp-content\/uploads\/2025\/11\/Tracy-Nasarenko-Headshot.jpg\",\"datePublished\":\"2025-11-18T04:38:35+00:00\",\"dateModified\":\"2025-11-18T05:08:44+00:00\",\"description\":\"ON-DEMAND WEBINAR The future of traceability in pharma: GS1 Standards and beyond Join us to learn how using open, global and proven standards can improve\",\"breadcrumb\":{\"@id\":\"https:\/\/staging.systech.ssdev.ca\/the-future-of-traceability-in-pharma\/#breadcrumb\"},\"inLanguage\":\"de\",\"potentialAction\":[{\"@type\":\"ReadAction\",\"target\":[\"https:\/\/staging.systech.ssdev.ca\/the-future-of-traceability-in-pharma\/\"]}]},{\"@type\":\"ImageObject\",\"inLanguage\":\"de\",\"@id\":\"https:\/\/staging.systech.ssdev.ca\/the-future-of-traceability-in-pharma\/#primaryimage\",\"url\":\"https:\/\/staging.systech.ssdev.ca\/wp-content\/uploads\/2025\/11\/Tracy-Nasarenko-Headshot.jpg\",\"contentUrl\":\"https:\/\/staging.systech.ssdev.ca\/wp-content\/uploads\/2025\/11\/Tracy-Nasarenko-Headshot.jpg\"},{\"@type\":\"BreadcrumbList\",\"@id\":\"https:\/\/staging.systech.ssdev.ca\/the-future-of-traceability-in-pharma\/#breadcrumb\",\"itemListElement\":[{\"@type\":\"ListItem\",\"position\":1,\"name\":\"Home\",\"item\":\"https:\/\/staging.systech.ssdev.ca\/\"},{\"@type\":\"ListItem\",\"position\":2,\"name\":\"Webinar | The future of traceability in pharma\"}]},{\"@type\":\"WebSite\",\"@id\":\"https:\/\/staging.systech.ssdev.ca\/#website\",\"url\":\"https:\/\/staging.systech.ssdev.ca\/\",\"name\":\"Systech\",\"description\":\"a solutions division of Markem-Imaje\",\"publisher\":{\"@id\":\"https:\/\/staging.systech.ssdev.ca\/#organization\"},\"potentialAction\":[{\"@type\":\"SearchAction\",\"target\":{\"@type\":\"EntryPoint\",\"urlTemplate\":\"https:\/\/staging.systech.ssdev.ca\/?s={search_term_string}\"},\"query-input\":{\"@type\":\"PropertyValueSpecification\",\"valueRequired\":true,\"valueName\":\"search_term_string\"}}],\"inLanguage\":\"de\"},{\"@type\":\"Organization\",\"@id\":\"https:\/\/staging.systech.ssdev.ca\/#organization\",\"name\":\"Systech International\",\"url\":\"https:\/\/staging.systech.ssdev.ca\/\",\"logo\":{\"@type\":\"ImageObject\",\"inLanguage\":\"de\",\"@id\":\"https:\/\/staging.systech.ssdev.ca\/#\/schema\/logo\/image\/\",\"url\":\"https:\/\/staging.systech.ssdev.ca\/wp-content\/uploads\/2018\/04\/systech-logo.png\",\"contentUrl\":\"https:\/\/staging.systech.ssdev.ca\/wp-content\/uploads\/2018\/04\/systech-logo.png\",\"width\":551,\"height\":124,\"caption\":\"Systech International\"},\"image\":{\"@id\":\"https:\/\/staging.systech.ssdev.ca\/#\/schema\/logo\/image\/\"},\"sameAs\":[\"https:\/\/www.facebook.com\/systechone\/\",\"https:\/\/x.com\/systechone\",\"https:\/\/www.linkedin.com\/company\/systech-international\",\"https:\/\/www.youtube.com\/channel\/UC1fz6UKo5eMa1WxgVMGRhpA\/videos\"]}]}<\/script>\n<!-- \/ Yoast SEO plugin. -->","yoast_head_json":{"title":"Webinar | The future of traceability in pharma - Systech","description":"ON-DEMAND WEBINAR The future of traceability in pharma: GS1 Standards and beyond Join us to learn how using open, global and proven standards can improve","robots":{"index":"index","follow":"follow","max-snippet":"max-snippet:-1","max-image-preview":"max-image-preview:large","max-video-preview":"max-video-preview:-1"},"canonical":"https:\/\/staging.systech.ssdev.ca\/de\/the-future-of-traceability-in-pharma\/","og_locale":"de_DE","og_type":"article","og_title":"Webinar | The future of traceability in pharma - Systech","og_description":"ON-DEMAND WEBINAR The future of traceability in pharma: GS1 Standards and beyond Join us to learn how using open, global and proven standards can improve","og_url":"https:\/\/staging.systech.ssdev.ca\/de\/the-future-of-traceability-in-pharma\/","og_site_name":"Systech","article_publisher":"https:\/\/www.facebook.com\/systechone\/","article_modified_time":"2025-11-18T05:08:44+00:00","og_image":[{"width":150,"height":149,"url":"https:\/\/staging.systech.ssdev.ca\/wp-content\/uploads\/2025\/11\/Tracy-Nasarenko-Headshot.jpg","type":"image\/jpeg"}],"twitter_card":"summary_large_image","twitter_site":"@systechone","twitter_misc":{"Gesch\u00e4tzte Lesezeit":"3\u00a0Minuten"},"schema":{"@context":"https:\/\/schema.org","@graph":[{"@type":"WebPage","@id":"https:\/\/staging.systech.ssdev.ca\/the-future-of-traceability-in-pharma\/","url":"https:\/\/staging.systech.ssdev.ca\/the-future-of-traceability-in-pharma\/","name":"Webinar | The future of traceability in pharma - Systech","isPartOf":{"@id":"https:\/\/staging.systech.ssdev.ca\/#website"},"primaryImageOfPage":{"@id":"https:\/\/staging.systech.ssdev.ca\/the-future-of-traceability-in-pharma\/#primaryimage"},"image":{"@id":"https:\/\/staging.systech.ssdev.ca\/the-future-of-traceability-in-pharma\/#primaryimage"},"thumbnailUrl":"https:\/\/staging.systech.ssdev.ca\/wp-content\/uploads\/2025\/11\/Tracy-Nasarenko-Headshot.jpg","datePublished":"2025-11-18T04:38:35+00:00","dateModified":"2025-11-18T05:08:44+00:00","description":"ON-DEMAND WEBINAR The future of traceability in pharma: GS1 Standards and beyond Join us to learn how using open, global and proven standards can improve","breadcrumb":{"@id":"https:\/\/staging.systech.ssdev.ca\/the-future-of-traceability-in-pharma\/#breadcrumb"},"inLanguage":"de","potentialAction":[{"@type":"ReadAction","target":["https:\/\/staging.systech.ssdev.ca\/the-future-of-traceability-in-pharma\/"]}]},{"@type":"ImageObject","inLanguage":"de","@id":"https:\/\/staging.systech.ssdev.ca\/the-future-of-traceability-in-pharma\/#primaryimage","url":"https:\/\/staging.systech.ssdev.ca\/wp-content\/uploads\/2025\/11\/Tracy-Nasarenko-Headshot.jpg","contentUrl":"https:\/\/staging.systech.ssdev.ca\/wp-content\/uploads\/2025\/11\/Tracy-Nasarenko-Headshot.jpg"},{"@type":"BreadcrumbList","@id":"https:\/\/staging.systech.ssdev.ca\/the-future-of-traceability-in-pharma\/#breadcrumb","itemListElement":[{"@type":"ListItem","position":1,"name":"Home","item":"https:\/\/staging.systech.ssdev.ca\/"},{"@type":"ListItem","position":2,"name":"Webinar | The future of traceability in pharma"}]},{"@type":"WebSite","@id":"https:\/\/staging.systech.ssdev.ca\/#website","url":"https:\/\/staging.systech.ssdev.ca\/","name":"Systech","description":"a solutions division of Markem-Imaje","publisher":{"@id":"https:\/\/staging.systech.ssdev.ca\/#organization"},"potentialAction":[{"@type":"SearchAction","target":{"@type":"EntryPoint","urlTemplate":"https:\/\/staging.systech.ssdev.ca\/?s={search_term_string}"},"query-input":{"@type":"PropertyValueSpecification","valueRequired":true,"valueName":"search_term_string"}}],"inLanguage":"de"},{"@type":"Organization","@id":"https:\/\/staging.systech.ssdev.ca\/#organization","name":"Systech International","url":"https:\/\/staging.systech.ssdev.ca\/","logo":{"@type":"ImageObject","inLanguage":"de","@id":"https:\/\/staging.systech.ssdev.ca\/#\/schema\/logo\/image\/","url":"https:\/\/staging.systech.ssdev.ca\/wp-content\/uploads\/2018\/04\/systech-logo.png","contentUrl":"https:\/\/staging.systech.ssdev.ca\/wp-content\/uploads\/2018\/04\/systech-logo.png","width":551,"height":124,"caption":"Systech International"},"image":{"@id":"https:\/\/staging.systech.ssdev.ca\/#\/schema\/logo\/image\/"},"sameAs":["https:\/\/www.facebook.com\/systechone\/","https:\/\/x.com\/systechone","https:\/\/www.linkedin.com\/company\/systech-international","https:\/\/www.youtube.com\/channel\/UC1fz6UKo5eMa1WxgVMGRhpA\/videos"]}]}},"_links":{"self":[{"href":"https:\/\/staging.systech.ssdev.ca\/de\/wp-json\/wp\/v2\/pages\/36995","targetHints":{"allow":["GET"]}}],"collection":[{"href":"https:\/\/staging.systech.ssdev.ca\/de\/wp-json\/wp\/v2\/pages"}],"about":[{"href":"https:\/\/staging.systech.ssdev.ca\/de\/wp-json\/wp\/v2\/types\/page"}],"author":[{"embeddable":true,"href":"https:\/\/staging.systech.ssdev.ca\/de\/wp-json\/wp\/v2\/users\/41"}],"replies":[{"embeddable":true,"href":"https:\/\/staging.systech.ssdev.ca\/de\/wp-json\/wp\/v2\/comments?post=36995"}],"version-history":[{"count":5,"href":"https:\/\/staging.systech.ssdev.ca\/de\/wp-json\/wp\/v2\/pages\/36995\/revisions"}],"predecessor-version":[{"id":37041,"href":"https:\/\/staging.systech.ssdev.ca\/de\/wp-json\/wp\/v2\/pages\/36995\/revisions\/37041"}],"wp:attachment":[{"href":"https:\/\/staging.systech.ssdev.ca\/de\/wp-json\/wp\/v2\/media?parent=36995"}],"curies":[{"name":"wp","href":"https:\/\/api.w.org\/{rel}","templated":true}]}}