{"id":36927,"date":"2025-11-17T14:46:05","date_gmt":"2025-11-17T19:46:05","guid":{"rendered":"https:\/\/staging.systech.ssdev.ca\/?page_id=36927"},"modified":"2025-11-18T05:24:58","modified_gmt":"2025-11-18T10:24:58","slug":"dscsa-compliance-insights-steps-to-streamline-journey","status":"publish","type":"page","link":"https:\/\/staging.systech.ssdev.ca\/de\/dscsa-compliance-insights-steps-to-streamline-journey\/","title":{"rendered":"Webinar | DSCSA-Einhaltung: Wichtige Erkenntnisse und n\u00e4chste Schritte zur Optimierung Ihrer Reise"},"content":{"rendered":"<div data-elementor-type=\"wp-page\" data-elementor-id=\"36927\" class=\"elementor elementor-36927\" data-elementor-post-type=\"page\">\n\t\t\t\t<div data-dce-background-overlay-color=\"#22B8B0\" data-dce-background-image-url=\"https:\/\/staging.systech.ssdev.ca\/wp-content\/uploads\/2025\/11\/Systech-DSCSA-stabilization-webinar2-banner_11-2023.png\" class=\"elementor-element elementor-element-c45c5ee e-flex e-con-boxed e-con e-parent\" data-id=\"c45c5ee\" data-element_type=\"container\" data-settings=\"{&quot;background_background&quot;:&quot;classic&quot;}\">\n\t\t\t\t\t<div class=\"e-con-inner\">\n\t\t<div class=\"elementor-element elementor-element-6c89efd e-con-full e-flex e-con e-child\" data-id=\"6c89efd\" data-element_type=\"container\">\n\t\t\t\t<div class=\"elementor-element elementor-element-1f28def elementor-widget elementor-widget-heading\" data-id=\"1f28def\" data-element_type=\"widget\" data-widget_type=\"heading.default\">\n\t\t\t\t<div class=\"elementor-widget-container\">\n\t\t\t\t\t<h6 class=\"elementor-heading-title elementor-size-default\">ON-DEMAND-WEBINAR\n<\/h6>\t\t\t\t<\/div>\n\t\t\t\t<\/div>\n\t\t\t\t<div class=\"elementor-element elementor-element-253b241 elementor-widget elementor-widget-heading\" data-id=\"253b241\" data-element_type=\"widget\" data-widget_type=\"heading.default\">\n\t\t\t\t<div class=\"elementor-widget-container\">\n\t\t\t\t\t<h1 class=\"elementor-heading-title elementor-size-default\">DSCSA-Einhaltung: Wichtige Erkenntnisse und n\u00e4chste Schritte zur Optimierung Ihrer Reise\n<\/h1>\t\t\t\t<\/div>\n\t\t\t\t<\/div>\n\t\t\t\t<\/div>\n\t\t\t\t\t<\/div>\n\t\t\t\t<\/div>\n\t\t<div class=\"elementor-element elementor-element-b3c4743 e-flex e-con-boxed e-con e-parent\" data-id=\"b3c4743\" data-element_type=\"container\">\n\t\t\t\t\t<div class=\"e-con-inner\">\n\t\t<div class=\"elementor-element elementor-element-bbded74 e-con-full e-flex e-con e-child\" data-id=\"bbded74\" data-element_type=\"container\">\n\t\t\t\t<div class=\"elementor-element elementor-element-0af81b2 elementor-widget elementor-widget-text-editor\" data-id=\"0af81b2\" data-element_type=\"widget\" data-widget_type=\"text-editor.default\">\n\t\t\t\t<div class=\"elementor-widget-container\">\n\t\t\t\t\t\t\t\t\t<p><strong>Sind Sie auf die n\u00e4chsten Schritte zur Einhaltung des DSCSA vorbereitet?<\/strong><\/p><p>In diesem On-Demand-Webinar enth\u00fcllen die Branchenf\u00fchrer Joseph Lipari, Product Director, Systech, und John Lowry, CEO von Praxis Packaging, wichtige Erkenntnisse aus einer k\u00fcrzlich durchgef\u00fchrten Umfrage zur R\u00fcckverfolgbarkeit und Einhaltung von Vorschriften und bieten praktische Strategien zur Bew\u00e4ltigung der sich entwickelnden DSCSA-Landschaft. Ganz gleich, ob Sie mit Ausnahmeregelungen, betrieblichen Ineffizienzen oder Kostendruck zu k\u00e4mpfen haben, dieses Webinar wird Ihnen helfen, proaktive Schritte zu unternehmen, um die Einhaltung der Vorschriften zu optimieren und die Produktivit\u00e4t zu steigern.<\/p><p>Was Sie lernen werden:<\/p><ul><li><strong>Benchmarks der Industrie:<\/strong>\u00a0Die wichtigsten Erkenntnisse aus den Umfragedaten auf Unternehmensebene, um zu ermitteln, wo Sie stehen<\/li><li><strong>N\u00e4chste Phase von DSCSA:<\/strong>\u00a0Wie man \"\u00dcberstunden bei der Einhaltung von Vorschriften\" in einen strategischen Vorteil verwandelt<\/li><li><strong>Bew\u00e4hrte Praktiken:<\/strong>\u00a0Wie L\u00f6sungsanbieter Unternehmen helfen, die betriebliche Effizienz zu steigern und Kosten zu senken<\/li><li><strong>Unterst\u00fctzung der GMO:<\/strong>\u00a0Wie Sie mit Ihren Partnern in der Auftragsfertigung zusammenarbeiten, um Ausnahmen nahtlos zu verwalten<\/li><\/ul><p>\u00a0<\/p><p><strong>Warum ist das wichtig?<\/strong><\/p><p>Angesichts der drohenden DSCSA-Durchsetzung ist es von entscheidender Bedeutung, die Nase vorn zu haben. Diese Sitzung liefert umsetzbare Erkenntnisse, die Ihnen helfen, Herausforderungen zu meistern, Compliance-Anforderungen zu erf\u00fcllen und Produktivit\u00e4tssteigerungen f\u00fcr Ihr Unternehmen zu erzielen.<\/p>\t\t\t\t\t\t\t\t<\/div>\n\t\t\t\t<\/div>\n\t\t\t\t<\/div>\n\t\t<div class=\"elementor-element elementor-element-508bdab e-con-full e-flex e-con e-child\" data-id=\"508bdab\" data-element_type=\"container\">\n\t\t<div data-dce-background-color=\"#F2F2F4\" class=\"elementor-element elementor-element-b652c84 e-con-full e-flex e-con e-child\" data-id=\"b652c84\" data-element_type=\"container\" id=\"content-form\" data-settings=\"{&quot;background_background&quot;:&quot;classic&quot;}\">\n\t\t\t\t<div class=\"elementor-element elementor-element-b23d18f elementor-widget elementor-widget-heading\" data-id=\"b23d18f\" data-element_type=\"widget\" data-widget_type=\"heading.default\">\n\t\t\t\t<div class=\"elementor-widget-container\">\n\t\t\t\t\t<h4 class=\"elementor-heading-title elementor-size-default\">Zugang zum On-Demand-Webinar\n\n<\/h4>\t\t\t\t<\/div>\n\t\t\t\t<\/div>\n\t\t\t\t<div class=\"elementor-element elementor-element-8cd3bd7 elementor-widget elementor-widget-html\" data-id=\"8cd3bd7\" data-element_type=\"widget\" data-widget_type=\"html.default\">\n\t\t\t\t<div class=\"elementor-widget-container\">\n\t\t\t\t\t<script src=\"\/\/info.systechone.com\/js\/forms2\/js\/forms2.min.js\"><\/script> <form id=\"mktoForm_1085\" action=\"\"><input type=\"hidden\" name=\"trp-form-language\" value=\"de\"\/><\/form> <script>MktoForms2.loadForm(\"\/\/info.systechone.com\", \"304-PSB-492\", 1085);<\/script>\t\t\t\t<\/div>\n\t\t\t\t<\/div>\n\t\t\t\t<\/div>\n\t\t\t\t<\/div>\n\t\t\t\t\t<\/div>\n\t\t\t\t<\/div>\n\t\t<div class=\"elementor-element elementor-element-0cbc36c e-flex e-con-boxed e-con e-parent\" data-id=\"0cbc36c\" data-element_type=\"container\">\n\t\t\t\t\t<div class=\"e-con-inner\">\n\t\t\t\t<div class=\"elementor-element elementor-element-605121e elementor-widget elementor-widget-heading\" data-id=\"605121e\" data-element_type=\"widget\" data-widget_type=\"heading.default\">\n\t\t\t\t<div class=\"elementor-widget-container\">\n\t\t\t\t\t<h3 class=\"elementor-heading-title elementor-size-default\">Redner\n<\/h3>\t\t\t\t<\/div>\n\t\t\t\t<\/div>\n\t\t<div class=\"elementor-element elementor-element-fa7f39c e-grid e-con-full e-con e-child\" data-id=\"fa7f39c\" data-element_type=\"container\">\n\t\t<div class=\"elementor-element elementor-element-40b4e4c e-con-full e-flex e-con e-child\" data-id=\"40b4e4c\" data-element_type=\"container\">\n\t\t<div class=\"elementor-element elementor-element-31ddbbd e-con-full e-flex e-con e-child\" data-id=\"31ddbbd\" data-element_type=\"container\">\n\t\t<div class=\"elementor-element elementor-element-38852a9 e-con-full e-flex e-con e-child\" data-id=\"38852a9\" data-element_type=\"container\">\n\t\t\t\t<div class=\"elementor-element elementor-element-51ab190 dce_masking-none elementor-widget elementor-widget-image\" data-id=\"51ab190\" data-element_type=\"widget\" data-widget_type=\"image.default\">\n\t\t\t\t<div class=\"elementor-widget-container\">\n\t\t\t\t\t\t\t\t\t\t\t\t\t\t\t<img loading=\"lazy\" decoding=\"async\" width=\"150\" height=\"150\" src=\"https:\/\/staging.systech.ssdev.ca\/wp-content\/uploads\/2025\/11\/John-Lowry_HS.jpg\" class=\"attachment-medium size-medium wp-image-36981\" alt=\"\" srcset=\"https:\/\/staging.systech.ssdev.ca\/wp-content\/uploads\/2025\/11\/John-Lowry_HS.jpg 150w, https:\/\/staging.systech.ssdev.ca\/wp-content\/uploads\/2025\/11\/John-Lowry_HS-12x12.jpg 12w\" sizes=\"auto, (max-width: 150px) 100vw, 150px\" \/>\t\t\t\t\t\t\t\t\t\t\t\t\t\t\t<\/div>\n\t\t\t\t<\/div>\n\t\t\t\t<\/div>\n\t\t<div class=\"elementor-element elementor-element-fc3cade e-con-full e-flex e-con e-child\" data-id=\"fc3cade\" data-element_type=\"container\">\n\t\t\t\t<div class=\"elementor-element elementor-element-818bcba elementor-widget elementor-widget-heading\" data-id=\"818bcba\" data-element_type=\"widget\" data-widget_type=\"heading.default\">\n\t\t\t\t<div class=\"elementor-widget-container\">\n\t\t\t\t\t<h6 class=\"elementor-heading-title elementor-size-default\">John Lowry\n<\/h6>\t\t\t\t<\/div>\n\t\t\t\t<\/div>\n\t\t\t\t<div class=\"elementor-element elementor-element-c05bde8 elementor-widget elementor-widget-text-editor\" data-id=\"c05bde8\" data-element_type=\"widget\" data-widget_type=\"text-editor.default\">\n\t\t\t\t<div class=\"elementor-widget-container\">\n\t\t\t\t\t\t\t\t\tCEO | Praxis Packaging\n\n\t\t\t\t\t\t\t\t<\/div>\n\t\t\t\t<\/div>\n\t\t\t\t<\/div>\n\t\t\t\t<\/div>\n\t\t<div class=\"elementor-element elementor-element-09dd6c4 e-con-full e-flex e-con e-child\" data-id=\"09dd6c4\" data-element_type=\"container\">\n\t\t\t\t<div class=\"elementor-element elementor-element-3e52eb1 elementor-widget elementor-widget-text-editor\" data-id=\"3e52eb1\" data-element_type=\"widget\" data-widget_type=\"text-editor.default\">\n\t\t\t\t<div class=\"elementor-widget-container\">\n\t\t\t\t\t\t\t\t\t<p>John Lowry kam 2022 zu Praxis Packaging Solutions und bringt fast 30 Jahre F\u00fchrungserfahrung in der Gesundheits- und Pharmabranche mit. Als Chairman und CEO konzentriert er sich auf Strategie, Wachstum und die Pflege neuer Kundenbeziehungen.<\/p><p>Bevor er zu Praxis kam, hatte er mehrere F\u00fchrungspositionen inne, darunter CEO von Catalent Pharma Solutions, Group President von Cardinal Pharmaceutical Technologies and Services und CEO von Amerigen Pharmaceuticals. Au\u00dferdem hatte er F\u00fchrungspositionen in der Gesch\u00e4fts- und Produktentwicklung bei Becton Dickinson und GE Healthcare inne.<\/p><p>Dar\u00fcber hinaus war John in verschiedenen Aufsichtsr\u00e4ten t\u00e4tig, unter anderem als Vorstandsmitglied bei Micell Technologies (2009-2021) und Network Partners (seit 2022) sowie als Kuratoriumsmitglied bei The Jackson Laboratory (seit 2021). John erhielt seinen BS in Maschinenbau von der Villanova University.<\/p>\t\t\t\t\t\t\t\t<\/div>\n\t\t\t\t<\/div>\n\t\t\t\t<\/div>\n\t\t\t\t<\/div>\n\t\t<div class=\"elementor-element elementor-element-f607bc2 e-con-full e-flex e-con e-child\" data-id=\"f607bc2\" data-element_type=\"container\">\n\t\t<div class=\"elementor-element elementor-element-4c6bb12 e-con-full e-flex e-con e-child\" data-id=\"4c6bb12\" data-element_type=\"container\">\n\t\t<div class=\"elementor-element elementor-element-e10c8eb e-con-full e-flex e-con e-child\" data-id=\"e10c8eb\" data-element_type=\"container\">\n\t\t\t\t<div class=\"elementor-element elementor-element-3dd04f2 dce_masking-none elementor-widget elementor-widget-image\" data-id=\"3dd04f2\" data-element_type=\"widget\" data-widget_type=\"image.default\">\n\t\t\t\t<div class=\"elementor-widget-container\">\n\t\t\t\t\t\t\t\t\t\t\t\t\t\t\t<img loading=\"lazy\" decoding=\"async\" width=\"150\" height=\"150\" src=\"https:\/\/staging.systech.ssdev.ca\/wp-content\/uploads\/2025\/11\/joe-lipari_bw.jpg\" class=\"attachment-medium size-medium wp-image-36950\" alt=\"\" srcset=\"https:\/\/staging.systech.ssdev.ca\/wp-content\/uploads\/2025\/11\/joe-lipari_bw.jpg 150w, https:\/\/staging.systech.ssdev.ca\/wp-content\/uploads\/2025\/11\/joe-lipari_bw-12x12.jpg 12w\" sizes=\"auto, (max-width: 150px) 100vw, 150px\" \/>\t\t\t\t\t\t\t\t\t\t\t\t\t\t\t<\/div>\n\t\t\t\t<\/div>\n\t\t\t\t<\/div>\n\t\t<div class=\"elementor-element elementor-element-54faa31 e-con-full e-flex e-con e-child\" data-id=\"54faa31\" data-element_type=\"container\">\n\t\t\t\t<div class=\"elementor-element elementor-element-44b60a5 elementor-widget elementor-widget-heading\" data-id=\"44b60a5\" data-element_type=\"widget\" data-widget_type=\"heading.default\">\n\t\t\t\t<div class=\"elementor-widget-container\">\n\t\t\t\t\t<h6 class=\"elementor-heading-title elementor-size-default\">Joe Lipari\n<\/h6>\t\t\t\t<\/div>\n\t\t\t\t<\/div>\n\t\t\t\t<div class=\"elementor-element elementor-element-8cafe13 elementor-widget elementor-widget-text-editor\" data-id=\"8cafe13\" data-element_type=\"widget\" data-widget_type=\"text-editor.default\">\n\t\t\t\t<div class=\"elementor-widget-container\">\n\t\t\t\t\t\t\t\t\t<article id=\"speaker3_bio\" class=\"mktoText speaker-bio\"><div><article id=\"speaker3_bio\" class=\"mktoText speaker-bio\"><div><article id=\"speaker3_bio\" class=\"mktoText speaker-bio\"><div><p>Direktorin f\u00fcr Produktlebenszyklus-Management | Systech<\/p><\/div><\/article><\/div><\/article><\/div><\/article><article id=\"speaker3_bio\" class=\"mktoText speaker-bio\"><div>\u00a0<\/div><\/article>\t\t\t\t\t\t\t\t<\/div>\n\t\t\t\t<\/div>\n\t\t\t\t<\/div>\n\t\t\t\t<\/div>\n\t\t<div class=\"elementor-element elementor-element-88a0b28 e-con-full e-flex e-con e-child\" data-id=\"88a0b28\" data-element_type=\"container\">\n\t\t\t\t<div class=\"elementor-element elementor-element-80d6dd0 elementor-widget elementor-widget-text-editor\" data-id=\"80d6dd0\" data-element_type=\"widget\" data-widget_type=\"text-editor.default\">\n\t\t\t\t<div class=\"elementor-widget-container\">\n\t\t\t\t\t\t\t\t\t<p>Joe Lipari ist Director of Product bei Systech und verantwortlich f\u00fcr die Produktreihe zur Serialisierung, R\u00fcckverfolgbarkeit und zum Markenschutz. Joe Lipari hat die Produktvision erfolgreich umgesetzt, indem er die Cloud-basierte R\u00fcckverfolgbarkeitsplattform von Systech erweitert hat, um End-to-End-Anwendungsf\u00e4lle in der Lieferkette einzubeziehen, eine intelligente Datenschicht zur Erfassung und Visualisierung kritischer Verpackungsdaten einzusetzen und umfassende, vernetzte Produkt-Roadmaps f\u00fcr die gesamte Systech-Plattform zu erstellen.<br \/><br \/>Seit mehr als 20 Jahren setzt er seine Erfahrungen in den Bereichen Informatik und Informationssysteme in einer Vielzahl von Funktionen bei Systech ein. Er verf\u00fcgt \u00fcber Fachkenntnisse in den Bereichen Verpackung und Serialisierung, die auf der Entwicklung und Bereitstellung von L\u00f6sungen f\u00fcr globale Pharmaunternehmen beruhen, und hat seine Verpackungs- und Lieferkettenerfahrung in den Bereichen Biowissenschaften und Konsumg\u00fcter sowohl in technischen als auch in Managementfunktionen erweitert.<\/p>\t\t\t\t\t\t\t\t<\/div>\n\t\t\t\t<\/div>\n\t\t\t\t<\/div>\n\t\t\t\t<\/div>\n\t\t\t\t<\/div>\n\t\t\t\t\t<\/div>\n\t\t\t\t<\/div>\n\t\t\t\t<\/div>","protected":false},"excerpt":{"rendered":"<p>ON-DEMAND WEBINAR DSCSA-Einhaltung: Wichtige Erkenntnisse und n\u00e4chste Schritte zur Optimierung Ihrer Prozesse Sind Sie auf die n\u00e4chsten Schritte zur Einhaltung von DSCSA vorbereitet? In diesem On-Demand-Webinar enth\u00fcllen die Branchenf\u00fchrer Joseph Lipari, Product Director, Systech, und John Lowry, CEO von Praxis Packaging, wichtige Erkenntnisse aus einer k\u00fcrzlich durchgef\u00fchrten Umfrage zur R\u00fcckverfolgbarkeit und Konformit\u00e4t und bieten praktische Strategien zur [...]<\/p>","protected":false},"author":41,"featured_media":0,"parent":0,"menu_order":0,"comment_status":"closed","ping_status":"closed","template":"","meta":{"_acf_changed":false,"footnotes":""},"class_list":["post-36927","page","type-page","status-publish","hentry"],"acf":[],"yoast_head":"<!-- This site is optimized with the Yoast SEO plugin v25.1 - https:\/\/yoast.com\/wordpress\/plugins\/seo\/ -->\n<title>Webinar | DSCSA compliance: Key insights and next steps to streamline your journey - Systech<\/title>\n<meta name=\"description\" content=\"ON-DEMAND WEBINAR DSCSA compliance: Key insights and next steps to streamline your journey Are you prepared for what\u2019s next in DSCSA compliance?In this\" \/>\n<meta name=\"robots\" content=\"index, follow, max-snippet:-1, max-image-preview:large, max-video-preview:-1\" \/>\n<link rel=\"canonical\" href=\"https:\/\/staging.systech.ssdev.ca\/de\/dscsa-compliance-insights-steps-to-streamline-journey\/\" \/>\n<meta property=\"og:locale\" content=\"de_DE\" \/>\n<meta property=\"og:type\" content=\"article\" \/>\n<meta property=\"og:title\" content=\"Webinar | DSCSA compliance: Key insights and next steps to streamline your journey - Systech\" \/>\n<meta property=\"og:description\" content=\"ON-DEMAND WEBINAR DSCSA compliance: Key insights and next steps to streamline your journey Are you prepared for what\u2019s next in DSCSA compliance?In this\" \/>\n<meta property=\"og:url\" content=\"https:\/\/staging.systech.ssdev.ca\/de\/dscsa-compliance-insights-steps-to-streamline-journey\/\" \/>\n<meta property=\"og:site_name\" content=\"Systech\" \/>\n<meta property=\"article:publisher\" content=\"https:\/\/www.facebook.com\/systechone\/\" \/>\n<meta property=\"article:modified_time\" content=\"2025-11-18T10:24:58+00:00\" \/>\n<meta property=\"og:image\" content=\"https:\/\/staging.systech.ssdev.ca\/wp-content\/uploads\/2025\/11\/John-Lowry_HS.jpg\" \/>\n\t<meta property=\"og:image:width\" content=\"150\" \/>\n\t<meta property=\"og:image:height\" content=\"150\" \/>\n\t<meta property=\"og:image:type\" content=\"image\/jpeg\" \/>\n<meta name=\"twitter:card\" content=\"summary_large_image\" \/>\n<meta name=\"twitter:site\" content=\"@systechone\" \/>\n<meta name=\"twitter:label1\" content=\"Gesch\u00e4tzte Lesezeit\" \/>\n\t<meta name=\"twitter:data1\" content=\"4\u00a0Minuten\" \/>\n<script type=\"application\/ld+json\" class=\"yoast-schema-graph\">{\"@context\":\"https:\/\/schema.org\",\"@graph\":[{\"@type\":\"WebPage\",\"@id\":\"https:\/\/staging.systech.ssdev.ca\/dscsa-compliance-insights-steps-to-streamline-journey\/\",\"url\":\"https:\/\/staging.systech.ssdev.ca\/dscsa-compliance-insights-steps-to-streamline-journey\/\",\"name\":\"Webinar | DSCSA compliance: Key insights and next steps to streamline your journey - Systech\",\"isPartOf\":{\"@id\":\"https:\/\/staging.systech.ssdev.ca\/#website\"},\"primaryImageOfPage\":{\"@id\":\"https:\/\/staging.systech.ssdev.ca\/dscsa-compliance-insights-steps-to-streamline-journey\/#primaryimage\"},\"image\":{\"@id\":\"https:\/\/staging.systech.ssdev.ca\/dscsa-compliance-insights-steps-to-streamline-journey\/#primaryimage\"},\"thumbnailUrl\":\"https:\/\/staging.systech.ssdev.ca\/wp-content\/uploads\/2025\/11\/John-Lowry_HS.jpg\",\"datePublished\":\"2025-11-17T19:46:05+00:00\",\"dateModified\":\"2025-11-18T10:24:58+00:00\",\"description\":\"ON-DEMAND WEBINAR DSCSA compliance: Key insights and next steps to streamline your journey Are you prepared for what\u2019s next in DSCSA compliance?In this\",\"breadcrumb\":{\"@id\":\"https:\/\/staging.systech.ssdev.ca\/dscsa-compliance-insights-steps-to-streamline-journey\/#breadcrumb\"},\"inLanguage\":\"de\",\"potentialAction\":[{\"@type\":\"ReadAction\",\"target\":[\"https:\/\/staging.systech.ssdev.ca\/dscsa-compliance-insights-steps-to-streamline-journey\/\"]}]},{\"@type\":\"ImageObject\",\"inLanguage\":\"de\",\"@id\":\"https:\/\/staging.systech.ssdev.ca\/dscsa-compliance-insights-steps-to-streamline-journey\/#primaryimage\",\"url\":\"https:\/\/staging.systech.ssdev.ca\/wp-content\/uploads\/2025\/11\/John-Lowry_HS.jpg\",\"contentUrl\":\"https:\/\/staging.systech.ssdev.ca\/wp-content\/uploads\/2025\/11\/John-Lowry_HS.jpg\"},{\"@type\":\"BreadcrumbList\",\"@id\":\"https:\/\/staging.systech.ssdev.ca\/dscsa-compliance-insights-steps-to-streamline-journey\/#breadcrumb\",\"itemListElement\":[{\"@type\":\"ListItem\",\"position\":1,\"name\":\"Home\",\"item\":\"https:\/\/staging.systech.ssdev.ca\/\"},{\"@type\":\"ListItem\",\"position\":2,\"name\":\"Webinar | DSCSA compliance: Key insights and next steps to streamline your journey\"}]},{\"@type\":\"WebSite\",\"@id\":\"https:\/\/staging.systech.ssdev.ca\/#website\",\"url\":\"https:\/\/staging.systech.ssdev.ca\/\",\"name\":\"Systech\",\"description\":\"a solutions division of Markem-Imaje\",\"publisher\":{\"@id\":\"https:\/\/staging.systech.ssdev.ca\/#organization\"},\"potentialAction\":[{\"@type\":\"SearchAction\",\"target\":{\"@type\":\"EntryPoint\",\"urlTemplate\":\"https:\/\/staging.systech.ssdev.ca\/?s={search_term_string}\"},\"query-input\":{\"@type\":\"PropertyValueSpecification\",\"valueRequired\":true,\"valueName\":\"search_term_string\"}}],\"inLanguage\":\"de\"},{\"@type\":\"Organization\",\"@id\":\"https:\/\/staging.systech.ssdev.ca\/#organization\",\"name\":\"Systech International\",\"url\":\"https:\/\/staging.systech.ssdev.ca\/\",\"logo\":{\"@type\":\"ImageObject\",\"inLanguage\":\"de\",\"@id\":\"https:\/\/staging.systech.ssdev.ca\/#\/schema\/logo\/image\/\",\"url\":\"https:\/\/staging.systech.ssdev.ca\/wp-content\/uploads\/2018\/04\/systech-logo.png\",\"contentUrl\":\"https:\/\/staging.systech.ssdev.ca\/wp-content\/uploads\/2018\/04\/systech-logo.png\",\"width\":551,\"height\":124,\"caption\":\"Systech International\"},\"image\":{\"@id\":\"https:\/\/staging.systech.ssdev.ca\/#\/schema\/logo\/image\/\"},\"sameAs\":[\"https:\/\/www.facebook.com\/systechone\/\",\"https:\/\/x.com\/systechone\",\"https:\/\/www.linkedin.com\/company\/systech-international\",\"https:\/\/www.youtube.com\/channel\/UC1fz6UKo5eMa1WxgVMGRhpA\/videos\"]}]}<\/script>\n<!-- \/ Yoast SEO plugin. -->","yoast_head_json":{"title":"Webinar | DSCSA compliance: Key insights and next steps to streamline your journey - Systech","description":"ON-DEMAND WEBINAR DSCSA compliance: Key insights and next steps to streamline your journey Are you prepared for what\u2019s next in DSCSA compliance?In this","robots":{"index":"index","follow":"follow","max-snippet":"max-snippet:-1","max-image-preview":"max-image-preview:large","max-video-preview":"max-video-preview:-1"},"canonical":"https:\/\/staging.systech.ssdev.ca\/de\/dscsa-compliance-insights-steps-to-streamline-journey\/","og_locale":"de_DE","og_type":"article","og_title":"Webinar | DSCSA compliance: Key insights and next steps to streamline your journey - Systech","og_description":"ON-DEMAND WEBINAR DSCSA compliance: Key insights and next steps to streamline your journey Are you prepared for what\u2019s next in DSCSA compliance?In this","og_url":"https:\/\/staging.systech.ssdev.ca\/de\/dscsa-compliance-insights-steps-to-streamline-journey\/","og_site_name":"Systech","article_publisher":"https:\/\/www.facebook.com\/systechone\/","article_modified_time":"2025-11-18T10:24:58+00:00","og_image":[{"width":150,"height":150,"url":"https:\/\/staging.systech.ssdev.ca\/wp-content\/uploads\/2025\/11\/John-Lowry_HS.jpg","type":"image\/jpeg"}],"twitter_card":"summary_large_image","twitter_site":"@systechone","twitter_misc":{"Gesch\u00e4tzte Lesezeit":"4\u00a0Minuten"},"schema":{"@context":"https:\/\/schema.org","@graph":[{"@type":"WebPage","@id":"https:\/\/staging.systech.ssdev.ca\/dscsa-compliance-insights-steps-to-streamline-journey\/","url":"https:\/\/staging.systech.ssdev.ca\/dscsa-compliance-insights-steps-to-streamline-journey\/","name":"Webinar | DSCSA compliance: Key insights and next steps to streamline your journey - Systech","isPartOf":{"@id":"https:\/\/staging.systech.ssdev.ca\/#website"},"primaryImageOfPage":{"@id":"https:\/\/staging.systech.ssdev.ca\/dscsa-compliance-insights-steps-to-streamline-journey\/#primaryimage"},"image":{"@id":"https:\/\/staging.systech.ssdev.ca\/dscsa-compliance-insights-steps-to-streamline-journey\/#primaryimage"},"thumbnailUrl":"https:\/\/staging.systech.ssdev.ca\/wp-content\/uploads\/2025\/11\/John-Lowry_HS.jpg","datePublished":"2025-11-17T19:46:05+00:00","dateModified":"2025-11-18T10:24:58+00:00","description":"ON-DEMAND WEBINAR DSCSA compliance: Key insights and next steps to streamline your journey Are you prepared for what\u2019s next in DSCSA compliance?In this","breadcrumb":{"@id":"https:\/\/staging.systech.ssdev.ca\/dscsa-compliance-insights-steps-to-streamline-journey\/#breadcrumb"},"inLanguage":"de","potentialAction":[{"@type":"ReadAction","target":["https:\/\/staging.systech.ssdev.ca\/dscsa-compliance-insights-steps-to-streamline-journey\/"]}]},{"@type":"ImageObject","inLanguage":"de","@id":"https:\/\/staging.systech.ssdev.ca\/dscsa-compliance-insights-steps-to-streamline-journey\/#primaryimage","url":"https:\/\/staging.systech.ssdev.ca\/wp-content\/uploads\/2025\/11\/John-Lowry_HS.jpg","contentUrl":"https:\/\/staging.systech.ssdev.ca\/wp-content\/uploads\/2025\/11\/John-Lowry_HS.jpg"},{"@type":"BreadcrumbList","@id":"https:\/\/staging.systech.ssdev.ca\/dscsa-compliance-insights-steps-to-streamline-journey\/#breadcrumb","itemListElement":[{"@type":"ListItem","position":1,"name":"Home","item":"https:\/\/staging.systech.ssdev.ca\/"},{"@type":"ListItem","position":2,"name":"Webinar | DSCSA compliance: Key insights and next steps to streamline your journey"}]},{"@type":"WebSite","@id":"https:\/\/staging.systech.ssdev.ca\/#website","url":"https:\/\/staging.systech.ssdev.ca\/","name":"Systech","description":"a solutions division of Markem-Imaje","publisher":{"@id":"https:\/\/staging.systech.ssdev.ca\/#organization"},"potentialAction":[{"@type":"SearchAction","target":{"@type":"EntryPoint","urlTemplate":"https:\/\/staging.systech.ssdev.ca\/?s={search_term_string}"},"query-input":{"@type":"PropertyValueSpecification","valueRequired":true,"valueName":"search_term_string"}}],"inLanguage":"de"},{"@type":"Organization","@id":"https:\/\/staging.systech.ssdev.ca\/#organization","name":"Systech International","url":"https:\/\/staging.systech.ssdev.ca\/","logo":{"@type":"ImageObject","inLanguage":"de","@id":"https:\/\/staging.systech.ssdev.ca\/#\/schema\/logo\/image\/","url":"https:\/\/staging.systech.ssdev.ca\/wp-content\/uploads\/2018\/04\/systech-logo.png","contentUrl":"https:\/\/staging.systech.ssdev.ca\/wp-content\/uploads\/2018\/04\/systech-logo.png","width":551,"height":124,"caption":"Systech International"},"image":{"@id":"https:\/\/staging.systech.ssdev.ca\/#\/schema\/logo\/image\/"},"sameAs":["https:\/\/www.facebook.com\/systechone\/","https:\/\/x.com\/systechone","https:\/\/www.linkedin.com\/company\/systech-international","https:\/\/www.youtube.com\/channel\/UC1fz6UKo5eMa1WxgVMGRhpA\/videos"]}]}},"_links":{"self":[{"href":"https:\/\/staging.systech.ssdev.ca\/de\/wp-json\/wp\/v2\/pages\/36927","targetHints":{"allow":["GET"]}}],"collection":[{"href":"https:\/\/staging.systech.ssdev.ca\/de\/wp-json\/wp\/v2\/pages"}],"about":[{"href":"https:\/\/staging.systech.ssdev.ca\/de\/wp-json\/wp\/v2\/types\/page"}],"author":[{"embeddable":true,"href":"https:\/\/staging.systech.ssdev.ca\/de\/wp-json\/wp\/v2\/users\/41"}],"replies":[{"embeddable":true,"href":"https:\/\/staging.systech.ssdev.ca\/de\/wp-json\/wp\/v2\/comments?post=36927"}],"version-history":[{"count":12,"href":"https:\/\/staging.systech.ssdev.ca\/de\/wp-json\/wp\/v2\/pages\/36927\/revisions"}],"predecessor-version":[{"id":37398,"href":"https:\/\/staging.systech.ssdev.ca\/de\/wp-json\/wp\/v2\/pages\/36927\/revisions\/37398"}],"wp:attachment":[{"href":"https:\/\/staging.systech.ssdev.ca\/de\/wp-json\/wp\/v2\/media?parent=36927"}],"curies":[{"name":"wp","href":"https:\/\/api.w.org\/{rel}","templated":true}]}}