{"id":15398,"date":"2023-03-30T11:06:53","date_gmt":"2023-03-30T15:06:53","guid":{"rendered":"https:\/\/www.systechone.com\/glossary\/what-is-product-diversion\/"},"modified":"2025-06-17T10:10:32","modified_gmt":"2025-06-17T14:10:32","slug":"what-is-aggregation","status":"publish","type":"page","link":"https:\/\/staging.systech.ssdev.ca\/de\/glossary\/what-is-aggregation\/","title":{"rendered":"Was ist Aggregation?"},"content":{"rendered":"<div data-elementor-type=\"wp-page\" data-elementor-id=\"15398\" class=\"elementor elementor-15398\" data-elementor-post-type=\"page\">\n\t\t\t\t\t\t<section class=\"elementor-section elementor-top-section elementor-element elementor-element-26237834 elementor-section-boxed elementor-section-height-default elementor-section-height-default\" data-id=\"26237834\" data-element_type=\"section\">\n\t\t\t\t\t\t<div class=\"elementor-container elementor-column-gap-default\">\n\t\t\t\t\t<div class=\"elementor-column elementor-col-100 elementor-top-column elementor-element elementor-element-7e6fc166\" data-id=\"7e6fc166\" data-element_type=\"column\">\n\t\t\t<div class=\"elementor-widget-wrap elementor-element-populated\">\n\t\t\t\t\t\t<div class=\"elementor-element elementor-element-79c82be elementor-widget elementor-widget-heading\" data-id=\"79c82be\" data-element_type=\"widget\" data-widget_type=\"heading.default\">\n\t\t\t\t<div class=\"elementor-widget-container\">\n\t\t\t\t\t<h1 class=\"elementor-heading-title elementor-size-default\">Was ist Aggregation?<\/h1>\t\t\t\t<\/div>\n\t\t\t\t<\/div>\n\t\t\t\t<div class=\"elementor-element elementor-element-763dd55 elementor-widget elementor-widget-text-editor\" data-id=\"763dd55\" data-element_type=\"widget\" data-widget_type=\"text-editor.default\">\n\t\t\t\t<div class=\"elementor-widget-container\">\n\t\t\t\t\t\t\t\t\t<p>Bei der Aggregation handelt es sich um eine Technik, die in Verbindung mit der Serialisierung eingesetzt wird und die Beziehung zwischen einem serialisierten Objekt und seinem Container, der ebenfalls serialisiert ist, herstellt und aufzeichnet. Die Aggregation wird am h\u00e4ufigsten in der Lieferkette verwendet, um kleinere Verpackungseinheiten in gr\u00f6\u00dferen Einheiten zu platzieren, z. B. Kartons in Kisten und Kisten auf Paletten. Die Aggregationsbeziehung spiegelt direkt die physische Verpackung der Objekte in ihrem Beh\u00e4lter wider.<\/p><p>Die Aggregation ist keine Voraussetzung f\u00fcr die Serialisierung, weder vom verfahrenstechnischen noch vom rechtlichen Standpunkt aus. Eine Reihe von Vorschriften der pharmazeutischen Industrie in der ganzen Welt, die eine Serialisierung vorschreiben, verlangen beispielsweise nicht auch eine Aggregation. Obwohl die Aggregationsf\u00e4higkeit einige Investitionen und Anstrengungen zur Implementierung erfordert, kann sie dem Implementierer und seinen Handelspartnern Vorteile bringen, die \u00fcber die blo\u00dfe Einhaltung von Vorschriften hinausgehen.<\/p>\t\t\t\t\t\t\t\t<\/div>\n\t\t\t\t<\/div>\n\t\t\t\t<div class=\"elementor-element elementor-element-2540102 dce_masking-none elementor-widget elementor-widget-video\" data-id=\"2540102\" data-element_type=\"widget\" data-settings=\"{&quot;youtube_url&quot;:&quot;https:\\\/\\\/www.youtube.com\\\/watch?v=iolzTsG0TrM&quot;,&quot;video_type&quot;:&quot;youtube&quot;,&quot;controls&quot;:&quot;yes&quot;}\" data-widget_type=\"video.default\">\n\t\t\t\t<div class=\"elementor-widget-container\">\n\t\t\t\t\t\t\t<div class=\"elementor-wrapper elementor-open-inline\">\n\t\t\t<div class=\"elementor-video\"><\/div>\t\t<\/div>\n\t\t\t\t\t\t<\/div>\n\t\t\t\t<\/div>\n\t\t\t\t<div class=\"elementor-element elementor-element-469cd23 elementor-widget elementor-widget-text-editor\" data-id=\"469cd23\" data-element_type=\"widget\" data-widget_type=\"text-editor.default\">\n\t\t\t\t<div class=\"elementor-widget-container\">\n\t\t\t\t\t\t\t\t\t<h2>Terminologie<\/h2><p>Da die Aggregation in der Regel einen Container und seinen Inhalt kennzeichnet (eine Eins-zu-Viel-Beziehung) und die Container h\u00e4ufig als den darin enthaltenen Elementen \u00fcbergeordnet angesehen werden, werden h\u00e4ufig famili\u00e4re Begriffe zur Beschreibung der verschiedenen Ebenen verwendet. Ein Artikel, der in einen Container gepackt wird, wird als Kind bezeichnet, w\u00e4hrend der Container, in den er gepackt wird, sein Elternteil ist. In einem mehrstufigen Szenario, z. B. Einheit\/Koffer\/Palette, k\u00f6nnte der Beh\u00e4lter des Beh\u00e4lters (die Palette) als Gro\u00dfelternteil bezeichnet werden. Ein Element, das nicht verpackt wurde und daher kein Elternteil hat, wird als Waise bezeichnet.<\/p><h2>Vorteile<\/h2><p>F\u00fcr den Hersteller eines Produkts ist es eine vern\u00fcnftige Regel, dass nur ein Produkt, das vollst\u00e4ndig f\u00fcr den Versand verpackt ist, als g\u00fcltig angesehen werden sollte. Da Automatisierungssysteme durch die Aggregation den Verpackungszustand von Objekten kennen, k\u00f6nnen diese Systeme so programmiert werden, dass sie Seriennummern, die mit verwaisten Produkten verbunden sind, automatisch au\u00dfer Betrieb setzen (ung\u00fcltig machen). Selbst wenn das physische Produkt versehentlich versandt wird, kann durch eine \u00dcberpr\u00fcfung der Seriennummer festgestellt werden, dass sie ung\u00fcltig ist, und es k\u00f6nnen Korrekturma\u00dfnahmen ergriffen werden, was einen wichtigen Schutz in der Lieferkette darstellt.<\/p><p>F\u00fcr Handelspartner besteht eine der gr\u00f6\u00dften Herausforderungen im Zusammenhang mit serialisierten Produkten darin, die mit einer Sendung verbundenen Seriennummern zu \u00fcberpr\u00fcfen. Wenn der Datentr\u00e4ger f\u00fcr die Seriennummern ein Barcode oder ein 2D-Symbol ist, besteht die einzige M\u00f6glichkeit, die Nummern f\u00fcr verpackte Objekte physisch zu \u00fcberpr\u00fcfen, darin, sie aus ihren Beh\u00e4ltern zu entfernen. Dies w\u00fcrde eine erhebliche St\u00f6rung in den Prozessen der nachgelagerten Partner eines Herstellers bedeuten. Wenn die Sendungsdaten jedoch vollst\u00e4ndige Aggregationsinformationen enthalten und ein ausreichendes Vertrauen in die Verpackungsprozesse des Herstellers besteht, kann der Partner auf das Vorhandensein untergeordneter Seriennummern schlie\u00dfen, indem er die Seriennummern der Eltern verifiziert.<\/p><p>Die Aggregation kann eine zus\u00e4tzliche Kontrolle von Eingriffen in die Lieferkette wie F\u00e4lschungen oder Graumarketing erm\u00f6glichen. Die Aggregationsbeziehungen zwischen Eltern und Kindern k\u00f6nnen mit den Daten verglichen werden, die bei der urspr\u00fcnglichen Verpackung des Produkts aufgezeichnet wurden. Weichen diese Beziehungen voneinander ab, ist dies ein Warnsignal, dass die Sendung manipuliert wurde, und es m\u00fcssen Abhilfema\u00dfnahmen eingeleitet werden.<\/p>\t\t\t\t\t\t\t\t<\/div>\n\t\t\t\t<\/div>\n\t\t\t\t\t<\/div>\n\t\t<\/div>\n\t\t\t\t\t<\/div>\n\t\t<\/section>\n\t\t\t\t<\/div>","protected":false},"excerpt":{"rendered":"<p>Bei der Aggregation handelt es sich um eine Technik, die in Verbindung mit der Serialisierung eingesetzt wird und die Beziehung zwischen einem serialisierten Objekt und seinem Container, der ebenfalls serialisiert ist, herstellt und aufzeichnet. Die Aggregation wird am h\u00e4ufigsten in der Lieferkette verwendet, um kleinere Verpackungseinheiten in gr\u00f6\u00dferen Einheiten zu platzieren, z. B. Kartons in Kisten und Kisten auf Paletten. Die [...]<\/p>","protected":false},"author":28,"featured_media":0,"parent":14537,"menu_order":0,"comment_status":"closed","ping_status":"closed","template":"elementor_header_footer","meta":{"_acf_changed":false,"footnotes":""},"class_list":["post-15398","page","type-page","status-publish","hentry"],"acf":[],"yoast_head":"<!-- This site is optimized with the Yoast SEO plugin v25.1 - https:\/\/yoast.com\/wordpress\/plugins\/seo\/ -->\n<title>What is aggregation? - Systech<\/title>\n<meta name=\"description\" content=\"Aggregation is a technique used in conjunction with serialization that establishes and records the relationship between a serialized object and its\" \/>\n<meta name=\"robots\" content=\"index, follow, max-snippet:-1, max-image-preview:large, max-video-preview:-1\" \/>\n<link rel=\"canonical\" href=\"https:\/\/staging.systech.ssdev.ca\/de\/glossary\/what-is-aggregation\/\" \/>\n<meta property=\"og:locale\" content=\"de_DE\" \/>\n<meta property=\"og:type\" content=\"article\" \/>\n<meta property=\"og:title\" content=\"What is aggregation? - Systech\" \/>\n<meta property=\"og:description\" content=\"Aggregation is a technique used in conjunction with serialization that establishes and records the relationship between a serialized object and its\" \/>\n<meta property=\"og:url\" content=\"https:\/\/staging.systech.ssdev.ca\/de\/glossary\/what-is-aggregation\/\" \/>\n<meta property=\"og:site_name\" content=\"Systech\" \/>\n<meta property=\"article:publisher\" content=\"https:\/\/www.facebook.com\/systechone\/\" \/>\n<meta property=\"article:modified_time\" content=\"2025-06-17T14:10:32+00:00\" \/>\n<meta name=\"twitter:card\" content=\"summary_large_image\" \/>\n<meta name=\"twitter:site\" content=\"@systechone\" \/>\n<script type=\"application\/ld+json\" class=\"yoast-schema-graph\">{\"@context\":\"https:\/\/schema.org\",\"@graph\":[{\"@type\":\"WebPage\",\"@id\":\"https:\/\/staging.systech.ssdev.ca\/glossary\/what-is-aggregation\/\",\"url\":\"https:\/\/staging.systech.ssdev.ca\/glossary\/what-is-aggregation\/\",\"name\":\"What is aggregation? - Systech\",\"isPartOf\":{\"@id\":\"https:\/\/staging.systech.ssdev.ca\/#website\"},\"datePublished\":\"2023-03-30T15:06:53+00:00\",\"dateModified\":\"2025-06-17T14:10:32+00:00\",\"description\":\"Aggregation is a technique used in conjunction with serialization that establishes and records the relationship between a serialized object and its\",\"breadcrumb\":{\"@id\":\"https:\/\/staging.systech.ssdev.ca\/glossary\/what-is-aggregation\/#breadcrumb\"},\"inLanguage\":\"de\",\"potentialAction\":[{\"@type\":\"ReadAction\",\"target\":[\"https:\/\/staging.systech.ssdev.ca\/glossary\/what-is-aggregation\/\"]}]},{\"@type\":\"BreadcrumbList\",\"@id\":\"https:\/\/staging.systech.ssdev.ca\/glossary\/what-is-aggregation\/#breadcrumb\",\"itemListElement\":[{\"@type\":\"ListItem\",\"position\":1,\"name\":\"Home\",\"item\":\"https:\/\/staging.systech.ssdev.ca\/\"},{\"@type\":\"ListItem\",\"position\":2,\"name\":\"Glossary\",\"item\":\"https:\/\/staging.systech.ssdev.ca\/?page_id=14537\"},{\"@type\":\"ListItem\",\"position\":3,\"name\":\"What is aggregation?\"}]},{\"@type\":\"WebSite\",\"@id\":\"https:\/\/staging.systech.ssdev.ca\/#website\",\"url\":\"https:\/\/staging.systech.ssdev.ca\/\",\"name\":\"Systech\",\"description\":\"a solutions division of Markem-Imaje\",\"publisher\":{\"@id\":\"https:\/\/staging.systech.ssdev.ca\/#organization\"},\"potentialAction\":[{\"@type\":\"SearchAction\",\"target\":{\"@type\":\"EntryPoint\",\"urlTemplate\":\"https:\/\/staging.systech.ssdev.ca\/?s={search_term_string}\"},\"query-input\":{\"@type\":\"PropertyValueSpecification\",\"valueRequired\":true,\"valueName\":\"search_term_string\"}}],\"inLanguage\":\"de\"},{\"@type\":\"Organization\",\"@id\":\"https:\/\/staging.systech.ssdev.ca\/#organization\",\"name\":\"Systech International\",\"url\":\"https:\/\/staging.systech.ssdev.ca\/\",\"logo\":{\"@type\":\"ImageObject\",\"inLanguage\":\"de\",\"@id\":\"https:\/\/staging.systech.ssdev.ca\/#\/schema\/logo\/image\/\",\"url\":\"https:\/\/staging.systech.ssdev.ca\/wp-content\/uploads\/2018\/04\/systech-logo.png\",\"contentUrl\":\"https:\/\/staging.systech.ssdev.ca\/wp-content\/uploads\/2018\/04\/systech-logo.png\",\"width\":551,\"height\":124,\"caption\":\"Systech International\"},\"image\":{\"@id\":\"https:\/\/staging.systech.ssdev.ca\/#\/schema\/logo\/image\/\"},\"sameAs\":[\"https:\/\/www.facebook.com\/systechone\/\",\"https:\/\/x.com\/systechone\",\"https:\/\/www.linkedin.com\/company\/systech-international\",\"https:\/\/www.youtube.com\/channel\/UC1fz6UKo5eMa1WxgVMGRhpA\/videos\"]}]}<\/script>\n<!-- \/ Yoast SEO plugin. -->","yoast_head_json":{"title":"What is aggregation? - Systech","description":"Aggregation is a technique used in conjunction with serialization that establishes and records the relationship between a serialized object and its","robots":{"index":"index","follow":"follow","max-snippet":"max-snippet:-1","max-image-preview":"max-image-preview:large","max-video-preview":"max-video-preview:-1"},"canonical":"https:\/\/staging.systech.ssdev.ca\/de\/glossary\/what-is-aggregation\/","og_locale":"de_DE","og_type":"article","og_title":"What is aggregation? - Systech","og_description":"Aggregation is a technique used in conjunction with serialization that establishes and records the relationship between a serialized object and its","og_url":"https:\/\/staging.systech.ssdev.ca\/de\/glossary\/what-is-aggregation\/","og_site_name":"Systech","article_publisher":"https:\/\/www.facebook.com\/systechone\/","article_modified_time":"2025-06-17T14:10:32+00:00","twitter_card":"summary_large_image","twitter_site":"@systechone","schema":{"@context":"https:\/\/schema.org","@graph":[{"@type":"WebPage","@id":"https:\/\/staging.systech.ssdev.ca\/glossary\/what-is-aggregation\/","url":"https:\/\/staging.systech.ssdev.ca\/glossary\/what-is-aggregation\/","name":"What is aggregation? - Systech","isPartOf":{"@id":"https:\/\/staging.systech.ssdev.ca\/#website"},"datePublished":"2023-03-30T15:06:53+00:00","dateModified":"2025-06-17T14:10:32+00:00","description":"Aggregation is a technique used in conjunction with serialization that establishes and records the relationship between a serialized object and its","breadcrumb":{"@id":"https:\/\/staging.systech.ssdev.ca\/glossary\/what-is-aggregation\/#breadcrumb"},"inLanguage":"de","potentialAction":[{"@type":"ReadAction","target":["https:\/\/staging.systech.ssdev.ca\/glossary\/what-is-aggregation\/"]}]},{"@type":"BreadcrumbList","@id":"https:\/\/staging.systech.ssdev.ca\/glossary\/what-is-aggregation\/#breadcrumb","itemListElement":[{"@type":"ListItem","position":1,"name":"Home","item":"https:\/\/staging.systech.ssdev.ca\/"},{"@type":"ListItem","position":2,"name":"Glossary","item":"https:\/\/staging.systech.ssdev.ca\/?page_id=14537"},{"@type":"ListItem","position":3,"name":"What is aggregation?"}]},{"@type":"WebSite","@id":"https:\/\/staging.systech.ssdev.ca\/#website","url":"https:\/\/staging.systech.ssdev.ca\/","name":"Systech","description":"a solutions division of Markem-Imaje","publisher":{"@id":"https:\/\/staging.systech.ssdev.ca\/#organization"},"potentialAction":[{"@type":"SearchAction","target":{"@type":"EntryPoint","urlTemplate":"https:\/\/staging.systech.ssdev.ca\/?s={search_term_string}"},"query-input":{"@type":"PropertyValueSpecification","valueRequired":true,"valueName":"search_term_string"}}],"inLanguage":"de"},{"@type":"Organization","@id":"https:\/\/staging.systech.ssdev.ca\/#organization","name":"Systech International","url":"https:\/\/staging.systech.ssdev.ca\/","logo":{"@type":"ImageObject","inLanguage":"de","@id":"https:\/\/staging.systech.ssdev.ca\/#\/schema\/logo\/image\/","url":"https:\/\/staging.systech.ssdev.ca\/wp-content\/uploads\/2018\/04\/systech-logo.png","contentUrl":"https:\/\/staging.systech.ssdev.ca\/wp-content\/uploads\/2018\/04\/systech-logo.png","width":551,"height":124,"caption":"Systech International"},"image":{"@id":"https:\/\/staging.systech.ssdev.ca\/#\/schema\/logo\/image\/"},"sameAs":["https:\/\/www.facebook.com\/systechone\/","https:\/\/x.com\/systechone","https:\/\/www.linkedin.com\/company\/systech-international","https:\/\/www.youtube.com\/channel\/UC1fz6UKo5eMa1WxgVMGRhpA\/videos"]}]}},"_links":{"self":[{"href":"https:\/\/staging.systech.ssdev.ca\/de\/wp-json\/wp\/v2\/pages\/15398","targetHints":{"allow":["GET"]}}],"collection":[{"href":"https:\/\/staging.systech.ssdev.ca\/de\/wp-json\/wp\/v2\/pages"}],"about":[{"href":"https:\/\/staging.systech.ssdev.ca\/de\/wp-json\/wp\/v2\/types\/page"}],"author":[{"embeddable":true,"href":"https:\/\/staging.systech.ssdev.ca\/de\/wp-json\/wp\/v2\/users\/28"}],"replies":[{"embeddable":true,"href":"https:\/\/staging.systech.ssdev.ca\/de\/wp-json\/wp\/v2\/comments?post=15398"}],"version-history":[{"count":3,"href":"https:\/\/staging.systech.ssdev.ca\/de\/wp-json\/wp\/v2\/pages\/15398\/revisions"}],"predecessor-version":[{"id":34002,"href":"https:\/\/staging.systech.ssdev.ca\/de\/wp-json\/wp\/v2\/pages\/15398\/revisions\/34002"}],"up":[{"embeddable":true,"href":"https:\/\/staging.systech.ssdev.ca\/de\/wp-json\/wp\/v2\/pages\/14537"}],"wp:attachment":[{"href":"https:\/\/staging.systech.ssdev.ca\/de\/wp-json\/wp\/v2\/media?parent=15398"}],"curies":[{"name":"wp","href":"https:\/\/api.w.org\/{rel}","templated":true}]}}